{"id":3208,"date":"2025-01-30T10:56:42","date_gmt":"2025-01-30T09:56:42","guid":{"rendered":"https:\/\/gartenrestposten.de\/?post_type=product&#038;p=3208"},"modified":"2026-04-10T16:32:06","modified_gmt":"2026-04-10T16:32:06","slug":"m18-bpfp-wst-switch-tank-15-l-wassertank","status":"publish","type":"product","link":"https:\/\/benimarkt.at\/?product=m18-bpfp-wst-switch-tank-15-l-wassertank","title":{"rendered":"Milwaukee M18\u2122 BPFP-WST SWITCH TANK\u2122 15 L Wassertank"},"content":{"rendered":"<p>\u2022 100 % kompatibel mit dem SWITCH TANK\u2122-System<br \/>\n\u2022 Effiziente Wasserversorgung bei nassen Schneid-und Bohranwendungen in Beton sowie zum Reinigen von Ausr\u00fcstungen oder verdreckten Arbeitsbereichen<br \/>\n\u2022 Halbtransparenter Tank mit Messskala zur einfachen F\u00fcllstandskontrolle<br \/>\n\u2022 Deckel-Tragegriff mit gro\u00dfer \u00d6ffnung f\u00fcr einfachen Transport und bequemes Einf\u00fcllen von Wasser in den Beh\u00e4lter<br \/>\n\u2022 Austauschbarer Schlauch mit Standard-Gartenschnellkupplung und Spritzd\u00fcse, schnell tauschbar gegen Ausr\u00fcstung f\u00fcr Nass-Schneid- und Bohranwendungen<br \/>\n\u2022 Integriertes Sieb sch\u00fctzt den Tank vor Schmutzeintritt<br \/>\n\u2022 5-stufige Auswahl des Betriebsdrucks per Einstellknopf<br \/>\n\u2022 UV-resistent<br \/>\n\u2022 In Kombination mit einem 4,0-Ah-Akkupack wird eine Laufzeit von bis zu 12 Tanks erreicht<\/p>\n","protected":false},"excerpt":{"rendered":"<p>Technische Daten<\/p>\n<p>\u2022 Durchflussmenge: 0,6 &#8211; 4,6 Liter pro Minute<br \/>\n\u2022 Max. Druck: 4,14 bar<br \/>\n\u2022 Max. Fassungsverm\u00f6gen: 15 Liter<br \/>\n\u2022 Gewicht: 3,6 kg<br \/>\n\u2022 Schlauchl\u00e4nge: 3,0 m<br \/>\n\u2022 Spannung: 18,0V<br \/>\n\u2022 Spr\u00fchreichweite: 7,6 m<\/p>\n","protected":false},"featured_media":11485,"comment_status":"open","ping_status":"closed","template":"","meta":[],"product_brand":[306],"product_cat":[180,134,149],"product_tag":[566,316,317],"class_list":{"0":"post-3208","1":"product","2":"type-product","3":"status-publish","4":"has-post-thumbnail","6":"product_brand-milwaukee","7":"product_cat-akku-wassertank","8":"product_cat-gartenbau","9":"product_cat-wasserpumpe","10":"product_tag-566","11":"product_tag-milwaukee","12":"product_tag-wassertank","14":"first","15":"outofstock","16":"taxable","17":"shipping-taxable","18":"purchasable","19":"product-type-simple"},"_links":{"self":[{"href":"https:\/\/benimarkt.at\/index.php?rest_route=\/wp\/v2\/product\/3208","targetHints":{"allow":["GET"]}}],"collection":[{"href":"https:\/\/benimarkt.at\/index.php?rest_route=\/wp\/v2\/product"}],"about":[{"href":"https:\/\/benimarkt.at\/index.php?rest_route=\/wp\/v2\/types\/product"}],"replies":[{"embeddable":true,"href":"https:\/\/benimarkt.at\/index.php?rest_route=%2Fwp%2Fv2%2Fcomments&post=3208"}],"version-history":[{"count":2,"href":"https:\/\/benimarkt.at\/index.php?rest_route=\/wp\/v2\/product\/3208\/revisions"}],"predecessor-version":[{"id":11488,"href":"https:\/\/benimarkt.at\/index.php?rest_route=\/wp\/v2\/product\/3208\/revisions\/11488"}],"wp:featuredmedia":[{"embeddable":true,"href":"https:\/\/benimarkt.at\/index.php?rest_route=\/wp\/v2\/media\/11485"}],"wp:attachment":[{"href":"https:\/\/benimarkt.at\/index.php?rest_route=%2Fwp%2Fv2%2Fmedia&parent=3208"}],"wp:term":[{"taxonomy":"product_brand","embeddable":true,"href":"https:\/\/benimarkt.at\/index.php?rest_route=%2Fwp%2Fv2%2Fproduct_brand&post=3208"},{"taxonomy":"product_cat","embeddable":true,"href":"https:\/\/benimarkt.at\/index.php?rest_route=%2Fwp%2Fv2%2Fproduct_cat&post=3208"},{"taxonomy":"product_tag","embeddable":true,"href":"https:\/\/benimarkt.at\/index.php?rest_route=%2Fwp%2Fv2%2Fproduct_tag&post=3208"}],"curies":[{"name":"wp","href":"https:\/\/api.w.org\/{rel}","templated":true}]}}