{"id":3168,"date":"2025-01-29T14:13:03","date_gmt":"2025-01-29T13:13:03","guid":{"rendered":"https:\/\/gartenrestposten.de\/?post_type=product&#038;p=3168"},"modified":"2025-12-09T07:26:10","modified_gmt":"2025-12-09T07:26:10","slug":"stiga-park-500-w-frontmaeher-ohne-maehdeck","status":"publish","type":"product","link":"https:\/\/benimarkt.at\/?product=stiga-park-500-w-frontmaeher-ohne-maehdeck","title":{"rendered":"STIGA Park 500 W Frontm\u00e4her"},"content":{"rendered":"<p>TECHNISCHE INFORMATIONEN:<br \/>\nSeries: Serie 5<br \/>\nLevel: Experience<br \/>\nLineup:\u00a0Park<\/p>\n<p>LEISTUNG<br \/>\nBatteriekapazit\u00e4t: 30 Ah<br \/>\nPower: 8.1 kW<br \/>\nLeistungsquelle:\u00a0Benzin<br \/>\nMotor Marke:\u00a0STIGA<br \/>\nMotormodell:\u00a0ST 450 Powered by STIGA<br \/>\nHubraum: 432 cm\u00b3<br \/>\nMotordrehzahl: 3200 rpm<br \/>\nBatteriespannung: 12 V<br \/>\nChoke: Manuell<br \/>\nK\u00fchlsystem:\u00a0Luftgek\u00fchlt<br \/>\nTankinhalt:\u00a012 l<br \/>\nEinfaches Betanken:\u00a0Ja<br \/>\nF\u00fcllmenge Motor\u00f6l:\u00a01.2 l<br \/>\nMaximale Arbeitsfl\u00e4che: 4500 \u33a1<\/p>\n<p>M\u00c4HSYSTEM<br \/>\nSchnittsystem: Combi &#8211; Umschalten zwischen Multiclip Mulchen und Heckauswurf<br \/>\nSchnittbreite: 95 &#8211; 105 cm<br \/>\nGer\u00e4teaushebung:\u00a0Manuell<br \/>\nSchnitth\u00f6heneinstellung: Elektrisch<br \/>\nWartungsposition: Ja<\/p>\n<p>ANTRIEBSSYSTEM<br \/>\nTraktion: Heckantrieb<br \/>\nMax. Vorw\u00e4rtsgeschwindigkeit: 10 km\/h<\/p>\n<p>GETRIEBE<br \/>\nGetriebetyp: Pedal-betrieben<br \/>\nGeschwindigkeit vorw\u00e4rts: Hydrostatisch<\/p>\n<p>AUSSTATTUNG<br \/>\nLenkrad: Einstellbar, mit Lenkknauf<br \/>\nLenkungstyp: Mittige Knicklenkung (50\/50)<br \/>\nLenkunterst\u00fctzung: Hydraulische Lenkunterst\u00fctzung<br \/>\nSitzmodell: Comfort<br \/>\nSitzeinstellung: Per Einzelhebel<br \/>\nArmaturenbrett: Ja, kompakt<br \/>\nRaddurchmesser vorne: 16&#8220; x 7.50-8<br \/>\nRaddurchmesser hinten: 16&#8220; x 7.50-8<br \/>\nPTO Ger\u00e4teantrieb: Elektromagnetisch<br \/>\nAblagefach: Sitzs\u00e4ulenfach<\/p>\n<p>WERKZEUG-KIT<br \/>\nAnh\u00e4ngevorrichtung: Inklusive<\/p>\n<p>VIBRATIONS- UND GER\u00c4USCHPEGEL<br \/>\nMaximale Vibration am Sitz: 0.6<br \/>\nMaximale Vibration am Lenkrad: 3.4<br \/>\nGemessener Schallleistungspegel (LwA): 99<br \/>\nGemessener Schalldruckpegel am Ohr des Bedieners (LpA): 85<br \/>\nGarantierter Schallleistungspegel (LwA): 100<\/p>\n<p>ABMESSUNGEN<br \/>\nGewicht inkl. Verpackung: 240.5 kg<br \/>\nGewicht: 197 kg<br \/>\nL\u00e4nge: 1960 mm<br \/>\nBreite: 864 mm<br \/>\nH\u00f6he: 1236 mm<\/p>\n","protected":false},"excerpt":{"rendered":"<p>Der Frontm\u00e4her Park 500 W vereint Zuverl\u00e4ssigkeit und Man\u00f6vrierf\u00e4higkeit in einer einzigen Maschine.<\/p>\n<p>Er wird von einem zuverl\u00e4ssigen 432-cm\u00b3-Einzylindermotor von STIGA angetrieben, und dank der speziellen 50:50-Knicklenkung und der Servolenkung kannst du dich problemlos im Garten bewegen und um Hindernisse herumfahren.<\/p>\n<p>Das frontmontierte M\u00e4hwerk bietet dir zudem eine freie Sicht auf deinen Arbeitsbereich, ein leichteres Erreichen von Ecken und Winkeln und wunderbare Ergebnisse entlang der Kanten.<br \/>\nZuverl\u00e4ssiger 432-cm\u00b3-Einzylindermotor ST\u00a0450 von STIGA<br \/>\nKompaktes, seitliches Armaturenbrett mit benutzerfreundlichen Steuerungen<br \/>\nFrontmontiertes M\u00e4hwerk mit Schnittbreiten zwischen 95\u00a0cm und 100\u00a0cm<br \/>\nHinterradantrieb und 50:50-Knickservolenkung<br \/>\nBequemer Sitz mit viel Beinfreiheit<br \/>\nM\u00e4hdeck nicht enthalten &#8211; Empfohlen Combi 95 Q Plus oder Combi 100 Q Plus<\/p>\n","protected":false},"featured_media":11517,"comment_status":"open","ping_status":"closed","template":"","meta":[],"product_brand":[300],"product_cat":[134,124],"product_tag":[321,312],"class_list":{"0":"post-3168","1":"product","2":"type-product","3":"status-publish","4":"has-post-thumbnail","6":"product_brand-stiga","7":"product_cat-gartenbau","8":"product_cat-rasentraktor","9":"product_tag-frontmaeher","10":"product_tag-stiga","12":"first","13":"instock","14":"taxable","15":"shipping-taxable","16":"purchasable","17":"product-type-simple"},"_links":{"self":[{"href":"https:\/\/benimarkt.at\/index.php?rest_route=\/wp\/v2\/product\/3168","targetHints":{"allow":["GET"]}}],"collection":[{"href":"https:\/\/benimarkt.at\/index.php?rest_route=\/wp\/v2\/product"}],"about":[{"href":"https:\/\/benimarkt.at\/index.php?rest_route=\/wp\/v2\/types\/product"}],"replies":[{"embeddable":true,"href":"https:\/\/benimarkt.at\/index.php?rest_route=%2Fwp%2Fv2%2Fcomments&post=3168"}],"version-history":[{"count":1,"href":"https:\/\/benimarkt.at\/index.php?rest_route=\/wp\/v2\/product\/3168\/revisions"}],"predecessor-version":[{"id":11518,"href":"https:\/\/benimarkt.at\/index.php?rest_route=\/wp\/v2\/product\/3168\/revisions\/11518"}],"wp:featuredmedia":[{"embeddable":true,"href":"https:\/\/benimarkt.at\/index.php?rest_route=\/wp\/v2\/media\/11517"}],"wp:attachment":[{"href":"https:\/\/benimarkt.at\/index.php?rest_route=%2Fwp%2Fv2%2Fmedia&parent=3168"}],"wp:term":[{"taxonomy":"product_brand","embeddable":true,"href":"https:\/\/benimarkt.at\/index.php?rest_route=%2Fwp%2Fv2%2Fproduct_brand&post=3168"},{"taxonomy":"product_cat","embeddable":true,"href":"https:\/\/benimarkt.at\/index.php?rest_route=%2Fwp%2Fv2%2Fproduct_cat&post=3168"},{"taxonomy":"product_tag","embeddable":true,"href":"https:\/\/benimarkt.at\/index.php?rest_route=%2Fwp%2Fv2%2Fproduct_tag&post=3168"}],"curies":[{"name":"wp","href":"https:\/\/api.w.org\/{rel}","templated":true}]}}