{"id":3126,"date":"2025-01-28T12:08:16","date_gmt":"2025-01-28T11:08:16","guid":{"rendered":"https:\/\/gartenrestposten.de\/?post_type=product&#038;p=3126"},"modified":"2026-01-09T12:54:26","modified_gmt":"2026-01-09T12:54:26","slug":"stiga-maehdeck-combi-100-q-plus","status":"publish","type":"product","link":"https:\/\/benimarkt.at\/?product=stiga-maehdeck-combi-100-q-plus","title":{"rendered":"STIGA COMBI 100 Q Plus M\u00e4hdeck"},"content":{"rendered":"<p>M\u00e4hsystem<\/p>\n<p>Combi &#8211; Umschalten zwischen Multiclip Mulchen und Heckauswurf<br \/>\nSchnittbreite: 100 cm<br \/>\nM\u00e4hdeckreinigungsfunktion: QuickFlip<br \/>\nSchnitth\u00f6heneinstellung: Elektrisch<br \/>\nSchnitth\u00f6he: 25-90 mm<br \/>\nAnzahl Messer: 3<br \/>\nAntriebsart: Riemen<\/p>\n<p>Ausstattung<\/p>\n<p>Tastr\u00e4der: 2 &#8211; Schwenken<\/p>\n<p>Abmessungen<\/p>\n<p>Gewicht inkl. Verpackung: 68.2 kg<br \/>\nGewicht: 63 kg<br \/>\nL\u00e4nge: 1043 mm<br \/>\nBreite: 1074 mm<br \/>\nH\u00f6he: 350 mm<\/p>\n","protected":false},"excerpt":{"rendered":"<p>Combi-M\u00e4hdeck mit 100 cm Schnittbreite. Geeignet f\u00fcr STIGA Park Frontm\u00e4her.<\/p>\n<p>&nbsp;<\/p>\n<p>Geeignet f\u00fcr alle Park-Frontm\u00e4her von Park 320 PW bis Park 740 PWX<br \/>\nKann sowohl mulchen als auch mit Heckauswurf verwendet werden<br \/>\nDie QuickFlip-Funktion, um das Deck zur Reinigung und Wartung einfach anzuheben<br \/>\nElektrisch h\u00f6henverstellbar<br \/>\nSchnitth\u00f6he zwischen 25 und 85 mm<br \/>\nAusgestattet mit Anti-Scalp-Schwenkr\u00e4dern<\/p>\n<p>&nbsp;<\/p>\n","protected":false},"featured_media":11527,"comment_status":"open","ping_status":"closed","template":"","meta":[],"product_brand":[300],"product_cat":[134,124,177],"product_tag":[577,320,312],"class_list":{"0":"post-3126","1":"product","2":"type-product","3":"status-publish","4":"has-post-thumbnail","6":"product_brand-stiga","7":"product_cat-gartenbau","8":"product_cat-rasentraktor","9":"product_cat-zubehoer","10":"product_tag-577","11":"product_tag-maehdeck","12":"product_tag-stiga","14":"first","15":"instock","16":"taxable","17":"shipping-taxable","18":"purchasable","19":"product-type-simple"},"_links":{"self":[{"href":"https:\/\/benimarkt.at\/index.php?rest_route=\/wp\/v2\/product\/3126","targetHints":{"allow":["GET"]}}],"collection":[{"href":"https:\/\/benimarkt.at\/index.php?rest_route=\/wp\/v2\/product"}],"about":[{"href":"https:\/\/benimarkt.at\/index.php?rest_route=\/wp\/v2\/types\/product"}],"replies":[{"embeddable":true,"href":"https:\/\/benimarkt.at\/index.php?rest_route=%2Fwp%2Fv2%2Fcomments&post=3126"}],"version-history":[{"count":3,"href":"https:\/\/benimarkt.at\/index.php?rest_route=\/wp\/v2\/product\/3126\/revisions"}],"predecessor-version":[{"id":14021,"href":"https:\/\/benimarkt.at\/index.php?rest_route=\/wp\/v2\/product\/3126\/revisions\/14021"}],"wp:featuredmedia":[{"embeddable":true,"href":"https:\/\/benimarkt.at\/index.php?rest_route=\/wp\/v2\/media\/11527"}],"wp:attachment":[{"href":"https:\/\/benimarkt.at\/index.php?rest_route=%2Fwp%2Fv2%2Fmedia&parent=3126"}],"wp:term":[{"taxonomy":"product_brand","embeddable":true,"href":"https:\/\/benimarkt.at\/index.php?rest_route=%2Fwp%2Fv2%2Fproduct_brand&post=3126"},{"taxonomy":"product_cat","embeddable":true,"href":"https:\/\/benimarkt.at\/index.php?rest_route=%2Fwp%2Fv2%2Fproduct_cat&post=3126"},{"taxonomy":"product_tag","embeddable":true,"href":"https:\/\/benimarkt.at\/index.php?rest_route=%2Fwp%2Fv2%2Fproduct_tag&post=3126"}],"curies":[{"name":"wp","href":"https:\/\/api.w.org\/{rel}","templated":true}]}}