{"id":3102,"date":"2025-01-24T13:19:46","date_gmt":"2025-01-24T12:19:46","guid":{"rendered":"https:\/\/gartenrestposten.de\/?post_type=product&#038;p=3102"},"modified":"2026-03-06T11:08:48","modified_gmt":"2026-03-06T11:08:48","slug":"solo-by-al-ko-maehroboter-robolinho-2323-w","status":"publish","type":"product","link":"https:\/\/benimarkt.at\/?product=solo-by-al-ko-maehroboter-robolinho-2323-w","title":{"rendered":"solo\u00ae by AL-KO M\u00e4hroboter | Robolinho\u00ae 2323 W"},"content":{"rendered":"<h3>Technische Details des Robolinho\u00ae 2323 W M\u00e4hroboters<\/h3>\n<p>Intelligente Gartenpflege und Smart Gardening geh\u00f6ren mit dem Robolinho\u00ae 2323 W zur Gegenwart: Dank bereits installierter Hardware des M\u00e4hroboters ist eine einfache Anbindung \u00fcber die AL-KO inTOUCH App problemlos m\u00f6glich. Das ganze l\u00e4uft bequem \u00fcber ihr WiFi. Ein leiser und emissionsfreier Betrieb sorgt f\u00fcr einen angenehmen Betrieb, welcher seine Energie von einem 5 Ah \/ 25,2 V starken und langlebigen Lithium-Ionen-Akku erh\u00e4lt. Dadurch kann der M\u00e4hroboter von AL-KO auch problemlos an Feiertagen oder nachts betrieben werden. Die eigens entwickelte Bewegungstechnologie gepaart mit 23 cm Schnittbreite sorgen f\u00fcr eine effiziente Rasenpflege bei Fl\u00e4chen mit bis zu 2300 m\u00b2. Hierbei werden Hindernisse wie B\u00e4ume oder Steigungen von bis zu 45% problemlos gemeistert. Doppelm\u00e4hwerk mit Wendeklingen, f\u00fcr 4-fach l\u00e4ngere Standzeit.\u00a0<strong>Bitte beachten: Beim Kauf unserer solo\u00ae by AL-KO M\u00e4hroboter sind sowohl Bodenn\u00e4gel als auch Begrenzungskabel\u00a0 nicht im Lieferumfang enthalten.<\/strong><br \/>\nStufenlos kann die Schnitth\u00f6he von 25 mm bis 55 mm eingestellt werden, wodurch Sie die L\u00e4nge Ihres Rasens an Ihre pers\u00f6nlichen Vorlieben anpassen k\u00f6nnen. Das von AL-KO entwickelte DCS (Double-Cut-System) sorgt f\u00fcr ein perfektes Schnittbild und der anfallende Grasschnitt wird noch im M\u00e4hgeh\u00e4use geh\u00e4ckselt und als biologischer D\u00fcnger in den Rasen zur\u00fcckgef\u00fchrt. Deshalb m\u00fcssen Sie beim Robolinho\u00ae 2323 W keinen Grasschnitt entsorgen. Maximale Sicherheit f\u00fcr Menschen und Tiere bietet die zuverl\u00e4ssige Sicherheitstechnologie des M\u00e4hroboters.<\/p>\n<h3>Den Robolinho\u00ae 2323 W kaufen und Alternativen<\/h3>\n<p>Kaufen Sie den M\u00e4hroboter Robolinho\u00ae 2323 W einfach in unserem Online-Shop oder finden Sie einen H\u00e4ndler in Ihrer N\u00e4he. Eine Komplettinstallation durch unseren Fachh\u00e4ndler ist m\u00f6glich. Der Robolinho\u00ae 2000 W ist die umweltschonende Unterst\u00fctzung zum Pflegen Ihrer Rasenfl\u00e4che. Sie haben eine Rasenfl\u00e4che von bis zu 1400 qm ? Dann empfehlen wir Ihnen den solo\u00ae by AL-KO Robolinho\u00ae 1423 W.<\/p>\n<p>&nbsp;<\/p>\n<h3>Technische Daten<\/h3>\n<h4 class=\"mt-4 cursor-pointer\" data-toggle=\"collapse\" data-target=\"#attributeGroupDefault\" aria-expanded=\"false\" aria-controls=\"attributeGroupDefault\">Allgemeines<\/h4>\n<table id=\"attributeGroupDefault\" class=\"collapse table table-striped show\">\n<tbody>\n<tr>\n<th>Artikelnummer<\/th>\n<td>127698<\/td>\n<\/tr>\n<tr>\n<th>EAN<\/th>\n<td>4003718064292<\/td>\n<\/tr>\n<tr>\n<th>Gewicht netto in kg<\/th>\n<td>8.9 KG<\/td>\n<\/tr>\n<tr>\n<th>Abm. H\u00f6he cm<\/th>\n<td>27 CM<\/td>\n<\/tr>\n<tr>\n<th>Abm. Breite cm<\/th>\n<td>43 CM<\/td>\n<\/tr>\n<tr>\n<th>Abm. L\u00e4nge cm<\/th>\n<td>63 CM<\/td>\n<\/tr>\n<tr>\n<th>Schalll.p garant LwA[db(A)]<\/th>\n<td>60<\/td>\n<\/tr>\n<tr>\n<th>Marke<\/th>\n<td>solo\u00ae by AL-KO<\/td>\n<\/tr>\n<tr>\n<th>Produktlinie<\/th>\n<td>PREMIUM<\/td>\n<\/tr>\n<\/tbody>\n<\/table>\n<h4 class=\"mt-4 pt-4 border-top cursor-pointer\" data-toggle=\"collapse\" data-target=\"#attributeGroupPower_supply\" aria-expanded=\"true\" aria-controls=\"attributeGroupPower_supply\">Energieversorgung<\/h4>\n<table id=\"attributeGroupPower_supply\" class=\"collapse table table-striped show\">\n<tbody>\n<tr>\n<th>Antriebsart<\/th>\n<td>Akku<\/td>\n<\/tr>\n<tr>\n<th>Akkukapazit\u00e4t (intern) Ah<\/th>\n<td>5<\/td>\n<\/tr>\n<tr>\n<th>Ladezeit intern Akku Min<\/th>\n<td>170 MIN<\/td>\n<\/tr>\n<tr>\n<th>Laufzeit Akku (intern) Min<\/th>\n<td>240 MIN<\/td>\n<\/tr>\n<tr>\n<th>Spannung Akku (intern) V<\/th>\n<td>25.2 V<\/td>\n<\/tr>\n<\/tbody>\n<\/table>\n<h4 class=\"mt-4 pt-4 border-top cursor-pointer\" data-toggle=\"collapse\" data-target=\"#attributeGroupWorking_area\" aria-expanded=\"true\" aria-controls=\"attributeGroupWorking_area\">Arbeitsfl\u00e4che<\/h4>\n<table id=\"attributeGroupWorking_area\" class=\"collapse table table-striped show\">\n<tbody>\n<tr>\n<th>Max. Steigf\u00e4higkeit in %<\/th>\n<td>45 %<\/td>\n<\/tr>\n<tr>\n<th>geeignet f\u00fcr Fl\u00e4che bis qm<\/th>\n<td>2300 QM<\/td>\n<\/tr>\n<\/tbody>\n<\/table>\n<h4 class=\"mt-4 pt-4 border-top cursor-pointer\" data-toggle=\"collapse\" data-target=\"#attributeGroupWork_planning\" aria-expanded=\"true\" aria-controls=\"attributeGroupWork_planning\">Arbeitsplanungsfunktionen<\/h4>\n<table id=\"attributeGroupWork_planning\" class=\"collapse table table-striped show\">\n<tbody>\n<tr>\n<th>Einstiegspunkt Anzahl<\/th>\n<td>9<\/td>\n<\/tr>\n<tr>\n<th>Regensensor<\/th>\n<td>Ja<\/td>\n<\/tr>\n<\/tbody>\n<\/table>\n<h4 class=\"mt-4 pt-4 border-top cursor-pointer\" data-toggle=\"collapse\" data-target=\"#attributeGroupMowing_system\" aria-expanded=\"true\" aria-controls=\"attributeGroupMowing_system\">M\u00e4hsystem<\/h4>\n<table id=\"attributeGroupMowing_system\" class=\"collapse table table-striped show\">\n<tbody>\n<tr>\n<th>Schnittbreite in cm<\/th>\n<td>23 CM<\/td>\n<\/tr>\n<tr>\n<th>Schnitth\u00f6he min\/max in mm<\/th>\n<td>25 &#8211; 55 MM<\/td>\n<\/tr>\n<tr>\n<th>Schnitth\u00f6henverstellung<\/th>\n<td>Manuell &#8211; Stufenlos<\/td>\n<\/tr>\n<tr>\n<th>Ger\u00e4t besitzt Eco-Mode<\/th>\n<td>Ja<\/td>\n<\/tr>\n<\/tbody>\n<\/table>\n<h4 class=\"mt-4 pt-4 border-top cursor-pointer\" data-toggle=\"collapse\" data-target=\"#attributeGroupSmart_features\" aria-expanded=\"true\" aria-controls=\"attributeGroupSmart_features\">Smarte Funktionen<\/h4>\n<table id=\"attributeGroupSmart_features\" class=\"collapse table table-striped show\">\n<tbody>\n<tr>\n<th>Konnektivit\u00e4t<\/th>\n<td>AL-KO Connect WLAN<\/td>\n<\/tr>\n<\/tbody>\n<\/table>\n<h4 class=\"mt-4 pt-4 border-top cursor-pointer\" data-toggle=\"collapse\" data-target=\"#attributeGroupTraction_system\" aria-expanded=\"true\" aria-controls=\"attributeGroupTraction_system\">Antriebssystem<\/h4>\n<table id=\"attributeGroupTraction_system\" class=\"collapse table table-striped show\">\n<tbody>\n<tr>\n<th>Geschw. vorw\u00e4rts max kmh<\/th>\n<td>0.97 KMH<\/td>\n<\/tr>\n<\/tbody>\n<\/table>\n","protected":false},"excerpt":{"rendered":"<ul class=\"p-0 list-unstyled details-usp-list\" title=\"\" data-original-title=\"\">\n<li title=\"\" data-original-title=\"\">M\u00e4ht vollautomatisch Fl\u00e4chen von bis zu 2300 m\u00b2. Fl\u00fcsterleise mit 60 dB(A)<\/li>\n<li title=\"\" data-original-title=\"\">Sicherheitssensorik sch\u00fctzt vor Verletzung und Diebstahl<\/li>\n<li title=\"\" data-original-title=\"\">Einfache Installation und Bedienung<\/li>\n<li title=\"\" data-original-title=\"\">Bedienung einfach durch die AL-KO inTouch App \u00fcber WLAN.<\/li>\n<li title=\"\" data-original-title=\"\">Hohe Wendigkeit und geringes Gewicht. Meistert enge Passagen ab 60 cm<\/li>\n<li title=\"\" data-original-title=\"\">Effizientes Doppelmesserm\u00e4hwerk. Meistert Steigungen bis 45% dank traktionsstarker Profilr\u00e4der<\/li>\n<\/ul>\n<h2>Das M\u00e4hwunder mit Smart Garden Anbindung &#8211; der M\u00e4hroboter Robolinho\u00ae 2323W<\/h2>\n<p>Entwickelt wurde der Robolinho\u00ae 2323 W von unseren Ingenieuren in Deutschland, gefertigt wird er von unseren Fachkr\u00e4ften in \u00d6sterreich \u2013 dadurch stellen wir von AL-KO Gardentech sicher, nur beste Qualit\u00e4t f\u00fcr unsere Kunden zu garantieren. Langlebige Komponenten und eine ausgereifte Technik machen den Robolinho\u00ae zu einem zuverl\u00e4ssigen Begleiter und Helfer bei der t\u00e4glichen Rasenpflege in Ihrem Garten. Installiert wird der M\u00e4hroboter denkbar einfach, sowohl Basisstation als auch Smart Gardening Anbindung sind schnell bereit. Unsere ausgereifte Software und die intuitive Bedienung erleichtern Ihnen die Rasenpflege und das alles wann und wo Sie es m\u00f6chten.<\/p>\n","protected":false},"featured_media":11537,"comment_status":"open","ping_status":"closed","template":"","meta":[],"product_brand":[123],"product_cat":[134,129,132],"product_tag":[540,185,176],"class_list":{"0":"post-3102","1":"product","2":"type-product","3":"status-publish","4":"has-post-thumbnail","6":"product_brand-al-ko","7":"product_cat-gartenbau","8":"product_cat-maehroboter","9":"product_cat-rasenmaeher","10":"product_tag-540","11":"product_tag-al-ko","12":"product_tag-maehroboter","14":"first","15":"outofstock","16":"taxable","17":"shipping-taxable","18":"product-type-simple"},"_links":{"self":[{"href":"https:\/\/benimarkt.at\/index.php?rest_route=\/wp\/v2\/product\/3102","targetHints":{"allow":["GET"]}}],"collection":[{"href":"https:\/\/benimarkt.at\/index.php?rest_route=\/wp\/v2\/product"}],"about":[{"href":"https:\/\/benimarkt.at\/index.php?rest_route=\/wp\/v2\/types\/product"}],"replies":[{"embeddable":true,"href":"https:\/\/benimarkt.at\/index.php?rest_route=%2Fwp%2Fv2%2Fcomments&post=3102"}],"version-history":[{"count":2,"href":"https:\/\/benimarkt.at\/index.php?rest_route=\/wp\/v2\/product\/3102\/revisions"}],"predecessor-version":[{"id":11541,"href":"https:\/\/benimarkt.at\/index.php?rest_route=\/wp\/v2\/product\/3102\/revisions\/11541"}],"wp:featuredmedia":[{"embeddable":true,"href":"https:\/\/benimarkt.at\/index.php?rest_route=\/wp\/v2\/media\/11537"}],"wp:attachment":[{"href":"https:\/\/benimarkt.at\/index.php?rest_route=%2Fwp%2Fv2%2Fmedia&parent=3102"}],"wp:term":[{"taxonomy":"product_brand","embeddable":true,"href":"https:\/\/benimarkt.at\/index.php?rest_route=%2Fwp%2Fv2%2Fproduct_brand&post=3102"},{"taxonomy":"product_cat","embeddable":true,"href":"https:\/\/benimarkt.at\/index.php?rest_route=%2Fwp%2Fv2%2Fproduct_cat&post=3102"},{"taxonomy":"product_tag","embeddable":true,"href":"https:\/\/benimarkt.at\/index.php?rest_route=%2Fwp%2Fv2%2Fproduct_tag&post=3102"}],"curies":[{"name":"wp","href":"https:\/\/api.w.org\/{rel}","templated":true}]}}