{"id":2761,"date":"2026-03-06T12:53:55","date_gmt":"2026-03-06T12:53:55","guid":{"rendered":"https:\/\/gartenrestposten.de\/?post_type=product&#038;p=2761"},"modified":"2026-03-06T12:53:56","modified_gmt":"2026-03-06T12:53:56","slug":"honda-wt-20x-schmutzwasserpumpe","status":"publish","type":"product","link":"https:\/\/benimarkt.at\/?product=honda-wt-20x-schmutzwasserpumpe","title":{"rendered":"HONDA WT 20X Schmutzwasserpumpe"},"content":{"rendered":"<p><strong>Leichtgewichte und Hochdruckpumpen<\/strong><\/p>\n<p>Unsere Schmutzwasserpumpen sind ideal f\u00fcr schmutzige Arbeiten und dreckiges Wasser. Sie wurden konstruiert, um gro\u00dfe Wassermengen mit Feststoffen zu transportieren.<\/p>\n<h3>Eigenschaften:<\/h3>\n<p><strong>Absorption von gr\u00f6\u00dferen Partikeln:<\/strong>\u00a0Die Honda WT Schmutzwasserpumpen wurden konstruiert, um feste Partikel in Korngr\u00f6sse, wie z.B. Kies und anderen losen Schutt, durch die 31 mm breite Maschen im Ansaugkorb zu bef\u00f6rdern, ohne sie zu verstopfen oder zu besch\u00e4digen. Das macht sie zur idealen Wasserpumpe f\u00fcr den Hoch-\/Tiefbau und f\u00fcr die Abfallbeseitigung.<\/p>\n<p><strong>Extreme F\u00f6rderkapazit\u00e4t:<\/strong>\u00a0Unsere Schmutzwasserpumpen sind mit dem kraftvollen Honda GX Motor ausgestattet, robust, effizient und f\u00fcr die h\u00e4rtesten Jobs geeignet. Sie verf\u00fcgen au\u00dferdem \u00fcber ein einzigartiges, konisches Fl\u00fcgelrad, welches ein maximale Ausgangskapazit\u00e4t von bis zu 1.600 l\/min beim WT 40 Modell erm\u00f6glicht.<\/p>\n<p><strong>Ausgezeichnete Haltbarkeit:<\/strong>\u00a0Um mit h\u00f6chst scheuerndem Sand und Gestein fertig zu werden, verf\u00fcgt diese Pumpe au\u00dferdem \u00fcber eine sehr haltbare Dichtung aus Siliciumcarbid sowie einer Spirale und einem Fl\u00fcgelrad aus Gusseisen. Unsere einzigartigen Anti-VibrationsMotoraufh\u00e4ngungen, im Winkel von 45 Grad, verbessern Haltbarkeit, reduzieren Vibrationen und verringern nat\u00fcrlich den L\u00e4rmpegel.<\/p>\n<div class=\"productDescription_contentPropertyHeading productDescription_contentPropertyHeading-tabbed\" data-tab-title=\"Spezifikationen\"><strong>Spezifikationen<\/strong><\/div>\n<div id=\"product-description-content-lg-2\" class=\"productDescription_contentProperties productDescription_contentProperties_list\" role=\"region\" data-item-content=\"\" aria-labelledby=\"product-description-heading-lg-2\">\n<div class=\"productDescription_contentWrapper\">\n<p><strong>Pumpe<\/strong><\/p>\n<table>\n<tbody>\n<tr>\n<td>Kapazit\u00e4t ((l\/min) \/ (m\u00b3\/h))<\/td>\n<td>710 \/ 43,2<\/td>\n<\/tr>\n<tr>\n<td>Anschl\u00fcsse Durchmesser (Zoll)<\/td>\n<td>2<\/td>\n<\/tr>\n<tr>\n<td>Gesamtf\u00f6rderh\u00f6he (m)<\/td>\n<td>30<\/td>\n<\/tr>\n<tr>\n<td>Ansaugh\u00f6he (m)<\/td>\n<td>8<\/td>\n<\/tr>\n<tr>\n<td>F\u00f6rderdruck (bar)<\/td>\n<td>3<\/td>\n<\/tr>\n<tr>\n<td>max. Korngr\u00f6\u00dfe (mm)<\/td>\n<td>24<\/td>\n<\/tr>\n<\/tbody>\n<\/table>\n<p><strong>Motor<\/strong><\/p>\n<table>\n<tbody>\n<tr>\n<td>Motor<\/td>\n<td>OHV GX 160<\/td>\n<\/tr>\n<tr>\n<td>Motortyp<\/td>\n<td>4-Takt, OHV, 1 Zylinder<\/td>\n<\/tr>\n<tr>\n<td>Hubraum (cm\u00b3)<\/td>\n<td>163<\/td>\n<\/tr>\n<tr>\n<td>Nennleistung (kW)<\/td>\n<td>3.6<\/td>\n<\/tr>\n<tr>\n<td>Nenndrehzahl<\/td>\n<td>3600\/min<\/td>\n<\/tr>\n<tr>\n<td>Motor\u00f6lvolumen (L)<\/td>\n<td>0.6<\/td>\n<\/tr>\n<tr>\n<td>Tankvolumen (L)<\/td>\n<td>3.1<\/td>\n<\/tr>\n<tr>\n<td>Betriebsdauer pro Tankf\u00fcllung<\/td>\n<td>2 h 50 min<\/td>\n<\/tr>\n<tr>\n<td>Startsystem<\/td>\n<td>Seilzug<\/td>\n<\/tr>\n<tr>\n<td>Schalldruck (dB(A))<\/td>\n<td>92<\/td>\n<\/tr>\n<tr>\n<td>Schallleistungspegel (dB(A))<\/td>\n<td>106<\/td>\n<\/tr>\n<\/tbody>\n<\/table>\n<p><strong>Abmessungen<\/strong><\/p>\n<table>\n<tbody>\n<tr>\n<td>L\u00e4nge (mm)<\/td>\n<td>620<\/td>\n<\/tr>\n<tr>\n<td>Breite (mm)<\/td>\n<td>460<\/td>\n<\/tr>\n<tr>\n<td>H\u00f6he (mm)<\/td>\n<td>465<\/td>\n<\/tr>\n<tr>\n<td>Trockengewicht (kg)<\/td>\n<td>47<\/td>\n<\/tr>\n<\/tbody>\n<\/table>\n<\/div>\n<\/div>\n","protected":false},"excerpt":{"rendered":"<p>Ideal f\u00fcr industrielle oder gewerbliche Einsatzorte, ist dieses Modell mit vielen Funktionen ausgestattet und die perfekte Wahl f\u00fcr Anwender, die eine leistungsstarke und zuverl\u00e4ssige Schmutzwasserpumpe ben\u00f6tigen.<\/p>\n<ul class=\"productTags_list\" data-product-tags-list=\"\">\n<li class=\"productTags_listItem\">\n<div class=\"productTags_pillIcon\">Kapazit\u00e4t (l\/min): 710<\/div>\n<\/li>\n<li class=\"productTags_listItem\">\n<div class=\"productTags_pillIcon\">max. Korngr\u00f6\u00dfe: 24 mm<\/div>\n<\/li>\n<li class=\"productTags_listItem\">\n<div class=\"productTags_pillIcon\">Motortyp 4-Takt-OHV<\/div>\n<\/li>\n<\/ul>\n","protected":false},"featured_media":12023,"comment_status":"open","ping_status":"closed","template":"","meta":[],"product_brand":[296],"product_cat":[149],"product_tag":[189,327],"class_list":{"0":"post-2761","1":"product","2":"type-product","3":"status-publish","4":"has-post-thumbnail","6":"product_brand-honda","7":"product_cat-wasserpumpe","8":"product_tag-honda","9":"product_tag-wasserpumpe","11":"first","12":"outofstock","13":"taxable","14":"shipping-taxable","15":"product-type-simple"},"_links":{"self":[{"href":"https:\/\/benimarkt.at\/index.php?rest_route=\/wp\/v2\/product\/2761","targetHints":{"allow":["GET"]}}],"collection":[{"href":"https:\/\/benimarkt.at\/index.php?rest_route=\/wp\/v2\/product"}],"about":[{"href":"https:\/\/benimarkt.at\/index.php?rest_route=\/wp\/v2\/types\/product"}],"replies":[{"embeddable":true,"href":"https:\/\/benimarkt.at\/index.php?rest_route=%2Fwp%2Fv2%2Fcomments&post=2761"}],"version-history":[{"count":2,"href":"https:\/\/benimarkt.at\/index.php?rest_route=\/wp\/v2\/product\/2761\/revisions"}],"predecessor-version":[{"id":12027,"href":"https:\/\/benimarkt.at\/index.php?rest_route=\/wp\/v2\/product\/2761\/revisions\/12027"}],"wp:featuredmedia":[{"embeddable":true,"href":"https:\/\/benimarkt.at\/index.php?rest_route=\/wp\/v2\/media\/12023"}],"wp:attachment":[{"href":"https:\/\/benimarkt.at\/index.php?rest_route=%2Fwp%2Fv2%2Fmedia&parent=2761"}],"wp:term":[{"taxonomy":"product_brand","embeddable":true,"href":"https:\/\/benimarkt.at\/index.php?rest_route=%2Fwp%2Fv2%2Fproduct_brand&post=2761"},{"taxonomy":"product_cat","embeddable":true,"href":"https:\/\/benimarkt.at\/index.php?rest_route=%2Fwp%2Fv2%2Fproduct_cat&post=2761"},{"taxonomy":"product_tag","embeddable":true,"href":"https:\/\/benimarkt.at\/index.php?rest_route=%2Fwp%2Fv2%2Fproduct_tag&post=2761"}],"curies":[{"name":"wp","href":"https:\/\/api.w.org\/{rel}","templated":true}]}}