{"id":2757,"date":"2026-03-06T12:54:15","date_gmt":"2026-03-06T12:54:15","guid":{"rendered":"https:\/\/gartenrestposten.de\/?post_type=product&#038;p=2757"},"modified":"2026-03-06T12:54:15","modified_gmt":"2026-03-06T12:54:15","slug":"honda-hhh-25d-75e-heckenschere","status":"publish","type":"product","link":"https:\/\/benimarkt.at\/?product=honda-hhh-25d-75e-heckenschere","title":{"rendered":"HONDA HHH 25D 75E Heckenschere"},"content":{"rendered":"<p><strong>Technische Daten<\/strong><\/p>\n<p><strong>Motor<\/strong><\/p>\n<div class=\"panel expanded\">\n<div class=\"wrapper module\">\n<div class=\"wrapperInner\">\n<div class=\"specItemList\">\n<p>&nbsp;<\/p>\n<div class=\"content\">\n<table>\n<tbody>\n<tr>\n<td class=\"title\">Motor<\/td>\n<td class=\"result\">4-Takt OHC<\/td>\n<\/tr>\n<tr>\n<td class=\"title\">Hubraum (cm\u00b3)<\/td>\n<td class=\"result\">25<\/td>\n<\/tr>\n<tr>\n<td class=\"title\">Motortyp<\/td>\n<td class=\"result\">GX25<\/td>\n<\/tr>\n<tr>\n<td class=\"title\">Nennleistung\/-drehzahl (kW\/rpm)<\/td>\n<td class=\"result\">0,72\/7.000<\/td>\n<\/tr>\n<tr>\n<td class=\"title\">Tankvolumen (Liter)<\/td>\n<td class=\"result\">0,58<\/td>\n<\/tr>\n<tr>\n<td class=\"title\">Motor\u00f6lvolumen (Liter)<\/td>\n<td class=\"result\">0,08<\/td>\n<\/tr>\n<tr>\n<td class=\"title\">Kraft\u00fcbertragung<\/td>\n<td class=\"result\">Fliehkraftkupplung<\/td>\n<\/tr>\n<\/tbody>\n<\/table>\n<p><strong>Funktion<\/strong><\/p>\n<\/div>\n<p>&nbsp;<\/p>\n<div class=\"content\">\n<table>\n<tbody>\n<tr>\n<td class=\"title\">Zus\u00e4tzliche Funktionen<\/td>\n<td class=\"result\">180\u00b0 drehbarer Griff<\/td>\n<\/tr>\n<\/tbody>\n<\/table>\n<p><strong>Abmessungen<\/strong><\/p>\n<\/div>\n<p>&nbsp;<\/p>\n<div class=\"content\">\n<table>\n<tbody>\n<tr>\n<td class=\"title\">Schallpegel LWA (dB(A))<\/td>\n<td class=\"result\">104<\/td>\n<\/tr>\n<tr>\n<td class=\"title\">Abmessungen L x B x H (mm)<\/td>\n<td class=\"result\">1.220 x 312 x 259<\/td>\n<\/tr>\n<tr>\n<td class=\"title\">Leergewicht (kg)<\/td>\n<td class=\"result\">6,6<\/td>\n<\/tr>\n<\/tbody>\n<\/table>\n<p><strong>Schnitt<\/strong><\/p>\n<\/div>\n<p>&nbsp;<\/p>\n<div class=\"content\">\n<table>\n<tbody>\n<tr>\n<td class=\"title\">Klingentyp<\/td>\n<td class=\"result\">Doppelklinge<\/td>\n<\/tr>\n<tr>\n<td class=\"title\">Schnittl\u00e4nge (mm)<\/td>\n<td class=\"result\">720<\/td>\n<\/tr>\n<tr>\n<td class=\"title\">Schnittbreite (mm)<\/td>\n<td class=\"result\">36<\/td>\n<\/tr>\n<\/tbody>\n<\/table>\n<\/div>\n<\/div>\n<\/div>\n<\/div>\n<\/div>\n","protected":false},"excerpt":{"rendered":"<p>Eine gr\u00f6\u00dfere Ausf\u00fchrung der leistungsstarken Heckenschere mit verstellbarem Griff.<\/p>\n","protected":false},"featured_media":12028,"comment_status":"open","ping_status":"closed","template":"","meta":[],"product_brand":[296],"product_cat":[134,174],"product_tag":[340,189],"class_list":{"0":"post-2757","1":"product","2":"type-product","3":"status-publish","4":"has-post-thumbnail","6":"product_brand-honda","7":"product_cat-gartenbau","8":"product_cat-heckenscheren","9":"product_tag-hechenscheren","10":"product_tag-honda","12":"first","13":"outofstock","14":"taxable","15":"shipping-taxable","16":"product-type-simple"},"_links":{"self":[{"href":"https:\/\/benimarkt.at\/index.php?rest_route=\/wp\/v2\/product\/2757","targetHints":{"allow":["GET"]}}],"collection":[{"href":"https:\/\/benimarkt.at\/index.php?rest_route=\/wp\/v2\/product"}],"about":[{"href":"https:\/\/benimarkt.at\/index.php?rest_route=\/wp\/v2\/types\/product"}],"replies":[{"embeddable":true,"href":"https:\/\/benimarkt.at\/index.php?rest_route=%2Fwp%2Fv2%2Fcomments&post=2757"}],"version-history":[{"count":2,"href":"https:\/\/benimarkt.at\/index.php?rest_route=\/wp\/v2\/product\/2757\/revisions"}],"predecessor-version":[{"id":12031,"href":"https:\/\/benimarkt.at\/index.php?rest_route=\/wp\/v2\/product\/2757\/revisions\/12031"}],"wp:featuredmedia":[{"embeddable":true,"href":"https:\/\/benimarkt.at\/index.php?rest_route=\/wp\/v2\/media\/12028"}],"wp:attachment":[{"href":"https:\/\/benimarkt.at\/index.php?rest_route=%2Fwp%2Fv2%2Fmedia&parent=2757"}],"wp:term":[{"taxonomy":"product_brand","embeddable":true,"href":"https:\/\/benimarkt.at\/index.php?rest_route=%2Fwp%2Fv2%2Fproduct_brand&post=2757"},{"taxonomy":"product_cat","embeddable":true,"href":"https:\/\/benimarkt.at\/index.php?rest_route=%2Fwp%2Fv2%2Fproduct_cat&post=2757"},{"taxonomy":"product_tag","embeddable":true,"href":"https:\/\/benimarkt.at\/index.php?rest_route=%2Fwp%2Fv2%2Fproduct_tag&post=2757"}],"curies":[{"name":"wp","href":"https:\/\/api.w.org\/{rel}","templated":true}]}}