{"id":2750,"date":"2026-03-06T12:54:32","date_gmt":"2026-03-06T12:54:32","guid":{"rendered":"https:\/\/gartenrestposten.de\/?post_type=product&#038;p=2750"},"modified":"2026-03-06T12:54:32","modified_gmt":"2026-03-06T12:54:32","slug":"honda-wh-20-efx-hochdruckpumpe","status":"publish","type":"product","link":"https:\/\/benimarkt.at\/?product=honda-wh-20-efx-hochdruckpumpe","title":{"rendered":"HONDA WH 20 EFX Hochdruckpumpe"},"content":{"rendered":"<p><strong>Technische Daten<\/strong><\/p>\n<div class=\"panel expanded\">\n<div class=\"wrapper module\">\n<div class=\"wrapperInner\">\n<div class=\"specItemList\">\n<div class=\"content\">\n<div class=\"panel expanded\">\n<div class=\"wrapper module\">\n<div class=\"wrapperInner\">\n<div class=\"specItemList\">\n<div class=\"content\">\n<table>\n<tbody>\n<tr>\n<td class=\"title\">Kapazit\u00e4t ((l\/min) \/ (m\u00b3\/h))<\/td>\n<td class=\"result\">450 \/ 27<\/td>\n<\/tr>\n<tr>\n<td class=\"title\">Anschl\u00fcsse Durchmesser (Zoll)<\/td>\n<td class=\"result\">2<\/td>\n<\/tr>\n<tr>\n<td class=\"title\">Gesamtf\u00f6rderh\u00f6he (m)<\/td>\n<td class=\"result\">50<\/td>\n<\/tr>\n<tr>\n<td class=\"title\">Ansaugh\u00f6he (m)<\/td>\n<td class=\"result\">8<\/td>\n<\/tr>\n<tr>\n<td class=\"title\">F\u00f6rderdruck (bar)<\/td>\n<td class=\"result\">5<\/td>\n<\/tr>\n<tr>\n<td class=\"title\">max. Korngr\u00f6\u00dfe (mm)<\/td>\n<td class=\"result\">3<\/td>\n<\/tr>\n<\/tbody>\n<\/table>\n<p><strong>Motor<\/strong><\/p>\n<\/div>\n<div class=\"content\">\n<table>\n<tbody>\n<tr>\n<td class=\"title\">Motor<\/td>\n<td class=\"result\">OHV GX 160<\/td>\n<\/tr>\n<tr>\n<td class=\"title\">Motortyp<\/td>\n<td class=\"result\">4-takt, OHV, 1 Zylinder<\/td>\n<\/tr>\n<tr>\n<td class=\"title\">Hubraum (cm\u00b3)<\/td>\n<td class=\"result\">163<\/td>\n<\/tr>\n<tr>\n<td class=\"title\">Nennleistung (kW)<\/td>\n<td class=\"result\">3,6<\/td>\n<\/tr>\n<tr>\n<td class=\"title\">Nenndrehzahl<\/td>\n<td class=\"result\">3.600\/min<\/td>\n<\/tr>\n<tr>\n<td class=\"title\">Motor\u00f6lvolumen (l)<\/td>\n<td class=\"result\">0,58<\/td>\n<\/tr>\n<tr>\n<td class=\"title\">Tankvolumen (l)<\/td>\n<td class=\"result\">3,1<\/td>\n<\/tr>\n<tr>\n<td class=\"title\">Betriebsdauer pro Tankf\u00fcllung<\/td>\n<td class=\"result\">1 h 30 min<\/td>\n<\/tr>\n<tr>\n<td class=\"title\">Startsystem<\/td>\n<td class=\"result\">Seilzug<\/td>\n<\/tr>\n<tr>\n<td class=\"title\">Schalldruck (dB(A))<\/td>\n<td class=\"result\">91<\/td>\n<\/tr>\n<tr>\n<td class=\"title\">Schallleistungspegel LWA (dB(A))<\/td>\n<td class=\"result\">106<\/td>\n<\/tr>\n<\/tbody>\n<\/table>\n<p><strong>Abmessungen<\/strong><\/p>\n<\/div>\n<p>&nbsp;<\/p>\n<div class=\"content\">\n<table>\n<tbody>\n<tr>\n<td class=\"title\">L\u00e4nge (mm)<\/td>\n<td class=\"result\">520<\/td>\n<\/tr>\n<tr>\n<td class=\"title\">Breite (mm)<\/td>\n<td class=\"result\">400<\/td>\n<\/tr>\n<tr>\n<td class=\"title\">H\u00f6he (mm)<\/td>\n<td class=\"result\">450<\/td>\n<\/tr>\n<tr>\n<td class=\"title\">Trockengewicht (kg)<\/td>\n<td class=\"result\">27<\/td>\n<\/tr>\n<\/tbody>\n<\/table>\n<\/div>\n<\/div>\n<\/div>\n<\/div>\n<\/div>\n<\/div>\n<\/div>\n<\/div>\n<\/div>\n<\/div>\n","protected":false},"excerpt":{"rendered":"<p>Pumpe aus Gussstahl f\u00fcr eine F\u00f6rdermenge von 500 Litern pro Minute, f\u00fcr Fremdk\u00f6rper bis zu einer Korngr\u00f6\u00dfe von 3 mm und einer Gesamtf\u00f6rderh\u00f6he von 50 m.<\/p>\n","protected":false},"featured_media":12033,"comment_status":"open","ping_status":"closed","template":"","meta":[],"product_brand":[296],"product_cat":[134,149],"product_tag":[189,327],"class_list":{"0":"post-2750","1":"product","2":"type-product","3":"status-publish","4":"has-post-thumbnail","6":"product_brand-honda","7":"product_cat-gartenbau","8":"product_cat-wasserpumpe","9":"product_tag-honda","10":"product_tag-wasserpumpe","12":"first","13":"outofstock","14":"taxable","15":"shipping-taxable","16":"product-type-simple"},"_links":{"self":[{"href":"https:\/\/benimarkt.at\/index.php?rest_route=\/wp\/v2\/product\/2750","targetHints":{"allow":["GET"]}}],"collection":[{"href":"https:\/\/benimarkt.at\/index.php?rest_route=\/wp\/v2\/product"}],"about":[{"href":"https:\/\/benimarkt.at\/index.php?rest_route=\/wp\/v2\/types\/product"}],"replies":[{"embeddable":true,"href":"https:\/\/benimarkt.at\/index.php?rest_route=%2Fwp%2Fv2%2Fcomments&post=2750"}],"version-history":[{"count":1,"href":"https:\/\/benimarkt.at\/index.php?rest_route=\/wp\/v2\/product\/2750\/revisions"}],"predecessor-version":[{"id":12035,"href":"https:\/\/benimarkt.at\/index.php?rest_route=\/wp\/v2\/product\/2750\/revisions\/12035"}],"wp:featuredmedia":[{"embeddable":true,"href":"https:\/\/benimarkt.at\/index.php?rest_route=\/wp\/v2\/media\/12033"}],"wp:attachment":[{"href":"https:\/\/benimarkt.at\/index.php?rest_route=%2Fwp%2Fv2%2Fmedia&parent=2750"}],"wp:term":[{"taxonomy":"product_brand","embeddable":true,"href":"https:\/\/benimarkt.at\/index.php?rest_route=%2Fwp%2Fv2%2Fproduct_brand&post=2750"},{"taxonomy":"product_cat","embeddable":true,"href":"https:\/\/benimarkt.at\/index.php?rest_route=%2Fwp%2Fv2%2Fproduct_cat&post=2750"},{"taxonomy":"product_tag","embeddable":true,"href":"https:\/\/benimarkt.at\/index.php?rest_route=%2Fwp%2Fv2%2Fproduct_tag&post=2750"}],"curies":[{"name":"wp","href":"https:\/\/api.w.org\/{rel}","templated":true}]}}