{"id":2657,"date":"2024-11-21T11:57:58","date_gmt":"2024-11-21T10:57:58","guid":{"rendered":"https:\/\/gartenrestposten.de\/?post_type=product&#038;p=2657"},"modified":"2026-04-16T09:57:23","modified_gmt":"2026-04-16T09:57:23","slug":"kaercher-br-30-4-c-ep-mf","status":"publish","type":"product","link":"https:\/\/benimarkt.at\/?product=kaercher-br-30-4-c-ep-mf","title":{"rendered":"K\u00e4rcher Scheuersaugmaschine BR 30\/4 C Ep + MF"},"content":{"rendered":"<p><strong>Beschreibung:<\/strong><\/p>\n<p>Mit ihrer Form ist die Maschine so einfach zu man\u00f6vrieren wie ein B\u00fcrstsauger. Gegen\u00fcber dem herk\u00f6mmlichen Wischen hat die Maschine den Vorteil eines 10-fachen Anpressdrucks und somit einer deutlich h\u00f6heren Reinigungsleistung. Und dies bei einer Walzengeschwindigkeit von rund 1500 Umdrehungen. Sie kann vorw\u00e4rts und r\u00fcckw\u00e4rts absaugen. Bei hartn\u00e4ckigen Verschmutzungen k\u00f6nnen die Saugbalken auch angehoben werden. Dies sorgt f\u00fcr eine l\u00e4ngere Einwirkzeit der Reinigungsflotte.<\/p>\n<p><strong>Merkmale und Vorteile<\/strong><\/p>\n<p><strong>Schnelldrehende Walzenb\u00fcrste<\/strong><\/p>\n<ul>\n<li>F\u00fcr einen 10-fach h\u00f6heren Anpressdruck als bei der manuellen Reinigung.<\/li>\n<li>Die Walzenb\u00fcrste reinigt auch strukturierte Oberfl\u00e4chen oder Fugen.<\/li>\n<li>Die Walze sorgt f\u00fcr automatischen Vorschub, so dass das Ger\u00e4t nicht geschoben werden muss.<\/li>\n<\/ul>\n<p><strong>Sofort trocken<\/strong><\/p>\n<ul>\n<li>Die weichen Sauglippen saugen den Boden trocken \u2013 vorw\u00e4rts und r\u00fcckw\u00e4rts.<\/li>\n<li>Der Boden kann sofort wieder begangen werden.<\/li>\n<li>Zur Intensivreinigung kann die Absaugung per Fu\u00dfpedal auch abgeschaltet werden.<\/li>\n<\/ul>\n<p><strong>Absaugung abschaltbar<\/strong><\/p>\n<ul>\n<li>Die Absaugung kann per Fu\u00dfpedal abgeschaltet werden.<\/li>\n<li>F\u00fcr eine gr\u00fcndliche Reinigung kann im ersten Schritt die Reinigungsflotte ausgebracht und im zweiten Schritt abgesaugt werden.<\/li>\n<\/ul>\n<p><strong>Tanks entnehmbar<\/strong><\/p>\n<ul>\n<li>Der handliche Frischwassertank ist separat entnehmbar und kann auch in kleinen Waschbecken bef\u00fcllt werden.<\/li>\n<li>Der Schmutzwassertank ist separat entnehmbar und kann zum Beispiel im Waschbecken entleert werden<\/li>\n<li>Die Tanks sind separat oder gemeinsam entnehmbar. Inklusive Henkel zum einfachen Transport.<\/li>\n<\/ul>\n<h5 class=\"section-headline\">Spezifikationen<\/h5>\n<div class=\"row\">\n<div class=\"col-sm-6\">\n<h3><strong>Technische Daten<\/strong><\/h3>\n<table class=\"table\">\n<tbody>\n<tr>\n<td>Antriebsart<\/td>\n<td>Netzbetrieb<\/td>\n<\/tr>\n<tr>\n<td>Fahrantrieb<\/td>\n<td>Vortrieb durch B\u00fcrstenrotation<\/td>\n<\/tr>\n<tr>\n<td>Arbeitsbreite B\u00fcrsten (mm)<\/td>\n<td>300<\/td>\n<\/tr>\n<tr>\n<td>Arbeitsbreite Saugen (mm)<\/td>\n<td>300<\/td>\n<\/tr>\n<tr>\n<td>Tank Frisch-\/Schmutzwasser (l)<\/td>\n<td>4 \/ 4<\/td>\n<\/tr>\n<tr>\n<td>Fl\u00e4chenleistung theoretisch (m\u00b2\/h)<\/td>\n<td>200<\/td>\n<\/tr>\n<tr>\n<td>Fl\u00e4chenleistung praktisch (m\u00b2\/h)<\/td>\n<td>130<\/td>\n<\/tr>\n<tr>\n<td>B\u00fcrstendrehzahl (U\/min)<\/td>\n<td>1450<\/td>\n<\/tr>\n<tr>\n<td>B\u00fcrstenanpressdruck (g\/cm\u00b2)<\/td>\n<td>100<\/td>\n<\/tr>\n<tr>\n<td>Wasserverbrauch (l\/min)<\/td>\n<td>0,3<\/td>\n<\/tr>\n<tr>\n<td>Schalldruckpegel (dB(A))<\/td>\n<td>max. 72<\/td>\n<\/tr>\n<tr>\n<td>Stromart (V\/<span class=\"fix-spelling\">Hz<\/span>)<\/td>\n<td>220 &#8211; 240 \/ 50 &#8211; 60<\/td>\n<\/tr>\n<tr>\n<td>Abmessungen (L \u00d7 B \u00d7 H) (mm)<\/td>\n<td>495 x 340 x 1145<\/td>\n<\/tr>\n<tr>\n<td>Farbe<\/td>\n<td>anthrazit<\/td>\n<\/tr>\n<\/tbody>\n<\/table>\n<p><span style=\"font-size: 12pt;\"><strong>Lieferumfang<\/strong><\/span><\/p>\n<ul>\n<li>Walzenb\u00fcrste<\/li>\n<li>Transportr\u00e4der<\/li>\n<li>2 Saugbalken, gerade<\/li>\n<\/ul>\n<h3 class=\"mt-4\"><strong><span style=\"font-size: 14pt;\">Ausstattung<\/span><\/strong><\/h3>\n<ul>\n<li>2-Tank-System<\/li>\n<li>Netzbetrieb<\/li>\n<\/ul>\n<\/div>\n<\/div>\n","protected":false},"excerpt":{"rendered":"<h2 class=\"tw-data-text tw-text-large tw-ta\" dir=\"ltr\" data-placeholder=\"Ford\u00edt\u00e1s\" data-ved=\"2ahUKEwjYr__Q8-qJAxX6zAIHHRWGCFAQ3ewLegQIDhAU\" aria-label=\"Leford\u00edtott sz\u00f6veg: Wendig, leicht, leise: Der leistungsstarke Lithium-Ionen-Akku des Scheuersaugers BR 35\/12 C l\u00e4sst sich schnell aufladen. Drehbarer B\u00fcrstenkopf, KART- und Zylindertechnologie. Der Akku und das Ladeger\u00e4t geh\u00f6ren zum Standardzubeh\u00f6r.\"><strong><span style=\"color: #ff0000;\">Unsere Verkaufspreise verstehen sich inklusive Inbetriebnahme von unserer fachwerkstatt.<\/span><\/strong><\/h2>\n<p>Die sehr kompakte und mit nur 11,5 kg sehr leichte Scheuersaugmaschine BR 30\/4 C ist die innovative und kraftvolle Alternative zur manuellen Reinigung von Hartfl\u00e4chen von 20 bis 200 m\u00b2. Der Boden ist nach der Reinigung sofort trocken und damit rutschhemmend und wieder begehbar. Ideal zum Reinigen von kleineren Ladengesch\u00e4ften, Restaurants, Tankstellen, Superm\u00e4rkten, Sanit\u00e4rbereiche, Hotels im Imbiss-Bereich oder auch als Erg\u00e4nzung zu bestehenden Scheuersaugmaschinen.<\/p>\n","protected":false},"featured_media":11588,"comment_status":"open","ping_status":"closed","template":"","meta":[],"product_brand":[303],"product_cat":[249,169],"product_tag":[424,168,171],"class_list":{"0":"post-2657","1":"product","2":"type-product","3":"status-publish","4":"has-post-thumbnail","6":"product_brand-kaercher","7":"product_cat-reinigungsgeraete","8":"product_cat-scheuersaugmaschine","9":"product_tag-424","10":"product_tag-kaercher","11":"product_tag-scheuersaugmaschine","13":"first","14":"outofstock","15":"taxable","16":"shipping-taxable","17":"purchasable","18":"product-type-simple"},"_links":{"self":[{"href":"https:\/\/benimarkt.at\/index.php?rest_route=\/wp\/v2\/product\/2657","targetHints":{"allow":["GET"]}}],"collection":[{"href":"https:\/\/benimarkt.at\/index.php?rest_route=\/wp\/v2\/product"}],"about":[{"href":"https:\/\/benimarkt.at\/index.php?rest_route=\/wp\/v2\/types\/product"}],"replies":[{"embeddable":true,"href":"https:\/\/benimarkt.at\/index.php?rest_route=%2Fwp%2Fv2%2Fcomments&post=2657"}],"version-history":[{"count":1,"href":"https:\/\/benimarkt.at\/index.php?rest_route=\/wp\/v2\/product\/2657\/revisions"}],"predecessor-version":[{"id":11589,"href":"https:\/\/benimarkt.at\/index.php?rest_route=\/wp\/v2\/product\/2657\/revisions\/11589"}],"wp:featuredmedia":[{"embeddable":true,"href":"https:\/\/benimarkt.at\/index.php?rest_route=\/wp\/v2\/media\/11588"}],"wp:attachment":[{"href":"https:\/\/benimarkt.at\/index.php?rest_route=%2Fwp%2Fv2%2Fmedia&parent=2657"}],"wp:term":[{"taxonomy":"product_brand","embeddable":true,"href":"https:\/\/benimarkt.at\/index.php?rest_route=%2Fwp%2Fv2%2Fproduct_brand&post=2657"},{"taxonomy":"product_cat","embeddable":true,"href":"https:\/\/benimarkt.at\/index.php?rest_route=%2Fwp%2Fv2%2Fproduct_cat&post=2657"},{"taxonomy":"product_tag","embeddable":true,"href":"https:\/\/benimarkt.at\/index.php?rest_route=%2Fwp%2Fv2%2Fproduct_tag&post=2657"}],"curies":[{"name":"wp","href":"https:\/\/api.w.org\/{rel}","templated":true}]}}