{"id":2631,"date":"2024-11-21T12:11:56","date_gmt":"2024-11-21T11:11:56","guid":{"rendered":"https:\/\/gartenrestposten.de\/?post_type=product&#038;p=2631"},"modified":"2026-04-16T09:55:51","modified_gmt":"2026-04-16T09:55:51","slug":"kaercher-br-35-12-c-bp-pack-li","status":"publish","type":"product","link":"https:\/\/benimarkt.at\/?product=kaercher-br-35-12-c-bp-pack-li","title":{"rendered":"K\u00e4rcher Scheuersaugmaschine BR 35\/12 C Bp Pack Li"},"content":{"rendered":"<h3><strong><span style=\"font-size: 12pt; font-family: georgia, palatino, serif;\">Beschreibung:<\/span><\/strong><\/h3>\n<p><span style=\"font-size: 12pt; font-family: georgia, palatino, serif;\">Reinigt sowohl vorw\u00e4rts als auch r\u00fcckw\u00e4rts, meistert dank ihres geringen Gewichts auch Treppen und ist dar\u00fcber hinaus besonders einfach zu transportieren: Unsere batteriebetriebene Scheuersaugmaschine BR 35\/12 C ist die ideale und effiziente Reinigungsl\u00f6sung f\u00fcr kleine und \u00fcberstellte Fl\u00e4chen. Ihr drehbarer Walzenb\u00fcrstenkopf mit KART-Technologie (K\u00e4rcher Advanced Response Technology) erm\u00f6glicht m\u00fchelos auch enge Kurvenfahrten und sorgt so f\u00fcr maximale Wendigkeit und Agilit\u00e4t. Die leistungsstarke, ausdauernde Lithium-Ionen-Batterie erm\u00f6glicht lange Arbeitseins\u00e4tze, ist gleichzeitig besonders schnell wiederaufladbar, absolut wartungsfrei und h\u00e4lt im Vergleich zu \u00fcblichen Bleibatterien bis zu 3-mal l\u00e4nger. Erg\u00e4nzt wird die sehr gute Ausstattung der BR 35\/12 C durch die zuschaltbare\u00a0<span class=\"fix-spelling\">eco!efficiency<\/span>-Stufe, die auf Knopfdruck den Energieverbrauch deutlich senkt, die Laufzeit der Batterie weiter verl\u00e4ngert und auch das Arbeitsger\u00e4usch um rund 40 Prozent reduziert und so selbst Arbeitseins\u00e4tze in l\u00e4rmsensiblen Bereichen erlaubt.<\/span><\/p>\n<h1><strong><span style=\"font-size: 12pt; font-family: georgia, palatino, serif;\">Merkmale und Vorteile:<\/span><\/strong><\/h1>\n<h3><strong><span style=\"font-size: 12pt; font-family: georgia, palatino, serif;\">Um +\/- 200\u00b0 drehbarer B\u00fcrstenkopf mit KART-Technologie. So l\u00e4sst die Maschine sich lenken. F\u00fcr komfortable Kurvenfahrten<\/span><\/strong><\/h3>\n<ul>\n<li id=\"tw-target-text\" class=\"tw-data-text tw-text-large tw-ta\" dir=\"ltr\" data-placeholder=\"Ford\u00edt\u00e1s\" data-ved=\"2ahUKEwjYr__Q8-qJAxX6zAIHHRWGCFAQ3ewLegQIDhAU\" aria-label=\"Leford\u00edtott sz\u00f6veg: \u00c4u\u00dferst wendig und effizient \u2013 \u200b\u200bideal f\u00fcr stark beanspruchte Standorte. Die B\u00fcrste steht immer parallel zur Fahrtrichtung. Der Saugbalken nimmt auf Schritt und Tritt zuverl\u00e4ssig Wasser auf. Bei Bedarf reinigt das Ger\u00e4t auch im R\u00fcckw\u00e4rtsgang.\"><span class=\"Y2IQFc\" lang=\"de\"><span style=\"font-size: 12pt; font-family: georgia, palatino, serif;\">\u00c4u\u00dferst wendig und effizient \u2013 \u200b\u200bideal f\u00fcr stark beanspruchte Standorte. <\/span><\/span><\/li>\n<li><span class=\"Y2IQFc\" lang=\"de\"><span style=\"font-size: 12pt; font-family: georgia, palatino, serif;\">Die B\u00fcrste steht immer parallel zur Fahrtrichtung. <\/span><\/span><\/li>\n<li><span class=\"Y2IQFc\" lang=\"de\"><span style=\"font-size: 12pt; font-family: georgia, palatino, serif;\">Der Saugbalken nimmt auf Schritt und Tritt zuverl\u00e4ssig Wasser auf.<\/span><\/span><\/li>\n<li><span class=\"Y2IQFc\" lang=\"de\"><span style=\"font-size: 12pt; font-family: georgia, palatino, serif;\"> Bei Bedarf reinigt das Ger\u00e4t auch im R\u00fcckw\u00e4rtsgang<\/span><\/span><\/li>\n<\/ul>\n<h3><span class=\"Y2IQFc\" lang=\"de\"><br \/>\n<strong><span style=\"font-family: georgia, palatino, serif; font-size: 12pt;\">Inklusive leistungsstarker Lithium-Ionen-Batterie<\/span><\/strong><\/span><\/h3>\n<ul>\n<li class=\"tw-data-text tw-text-large tw-ta\" dir=\"ltr\" data-placeholder=\"Ford\u00edt\u00e1s\" data-ved=\"2ahUKEwjYr__Q8-qJAxX6zAIHHRWGCFAQ3ewLegQIDhAU\" aria-label=\"Leford\u00edtott sz\u00f6veg: Trotz der dreifachen Lebensdauer herk\u00f6mmlicher Batterien ist keinerlei Wartung erforderlich. Problemlose Zwischen- oder Teilladung je nach Bedarf Schnellladung (volle 3 Stunden, halbe 1 Stunde)\"><span class=\"Y2IQFc\" lang=\"de\" style=\"font-size: 12pt; font-family: georgia, palatino, serif;\">Trotz der dreifachen Lebensdauer herk\u00f6mmlicher Batterien ist keinerlei Wartung erforderlich. <\/span><\/li>\n<li><span class=\"Y2IQFc\" lang=\"de\" style=\"font-size: 12pt; font-family: georgia, palatino, serif;\">Problemlose Zwischen- oder Teilladung je nach Bedarf Schnellladung (volle 3 Stunden, halbe 1 Stunde)<br \/>\n<\/span><\/li>\n<\/ul>\n<h3><span class=\"Y2IQFc\" lang=\"de\" style=\"font-size: 12pt; font-family: georgia, palatino, serif;\"><br \/>\n<strong>Kompaktes Ger\u00e4t<\/strong><\/span><\/h3>\n<ul>\n<li id=\"tw-target-text\" class=\"tw-data-text tw-text-large tw-ta\" dir=\"ltr\" data-placeholder=\"Ford\u00edt\u00e1s\" data-ved=\"2ahUKEwjYr__Q8-qJAxX6zAIHHRWGCFAQ3ewLegQIDhAU\" aria-label=\"Leford\u00edtott sz\u00f6veg: Die Reinigung ist auch entlang von W\u00e4nden im 90\u00b0-Winkel m\u00f6glich. Keine hervorstehenden Teile, einfache Handhabung\"><span class=\"Y2IQFc\" lang=\"de\" style=\"font-family: georgia, palatino, serif; font-size: 12pt;\">Die Reinigung ist auch entlang von W\u00e4nden im 90\u00b0-Winkel m\u00f6glich. Keine hervorstehenden Teile, einfache Handhabung<\/span><\/li>\n<\/ul>\n<h3><strong><span style=\"font-size: 12pt; font-family: georgia, palatino, serif;\">Sehr geringes Ger\u00e4tegewicht<\/span><\/strong><\/h3>\n<ul>\n<li class=\"tw-data-text tw-text-large tw-ta\" dir=\"ltr\" data-placeholder=\"Ford\u00edt\u00e1s\" data-ved=\"2ahUKEwjYr__Q8-qJAxX6zAIHHRWGCFAQ3ewLegQIDhAU\" aria-label=\"Leford\u00edtott sz\u00f6veg: 35 % weniger als vergleichbare Maschinen\"><span class=\"Y2IQFc\" lang=\"de\" style=\"font-size: 12pt; font-family: georgia, palatino, serif;\">35 % weniger als vergleichbare Maschinen<\/span><\/li>\n<li class=\"tw-data-text tw-text-large tw-ta\" dir=\"ltr\" data-placeholder=\"Ford\u00edt\u00e1s\" data-ved=\"2ahUKEwjYr__Q8-qJAxX6zAIHHRWGCFAQ3ewLegQIDhAU\" aria-label=\"Leford\u00edtott sz\u00f6veg: Es l\u00e4sst sich problemlos \u00fcber Treppen oder B\u00e4nke bewegen\"><span class=\"Y2IQFc\" lang=\"de\" style=\"font-size: 12pt; font-family: georgia, palatino, serif;\">Es l\u00e4sst sich problemlos \u00fcber Treppen oder B\u00e4nke bewegen<br \/>\n<\/span><\/li>\n<li><span class=\"Y2IQFc\" lang=\"de\" style=\"font-size: 12pt; font-family: georgia, palatino, serif;\">Leicht zu transportieren<br \/>\n<\/span><\/li>\n<\/ul>\n<h3><span class=\"Y2IQFc\" lang=\"de\" style=\"font-size: 12pt; font-family: georgia, palatino, serif;\"><br \/>\n<strong>Lenkstange einklappbar<\/strong><\/span><\/h3>\n<ul>\n<li class=\"tw-data-text tw-text-large tw-ta\" dir=\"ltr\" data-placeholder=\"Ford\u00edt\u00e1s\" data-ved=\"2ahUKEwjYr__Q8-qJAxX6zAIHHRWGCFAQ3ewLegQIDhAU\" aria-label=\"Leford\u00edtott sz\u00f6veg: Kompakte Aufbewahrung\"><span class=\"Y2IQFc\" lang=\"de\" style=\"font-size: 12pt; font-family: georgia, palatino, serif;\">Kompakte Aufbewahrung<\/span><\/li>\n<li class=\"tw-data-text tw-text-large tw-ta\" dir=\"ltr\" data-placeholder=\"Ford\u00edt\u00e1s\" data-ved=\"2ahUKEwjYr__Q8-qJAxX6zAIHHRWGCFAQ3ewLegQIDhAU\" aria-label=\"Leford\u00edtott sz\u00f6veg: Es kann auch in kleineren Fahrzeugen transportiert werden\"><span class=\"Y2IQFc\" lang=\"de\" style=\"font-size: 12pt; font-family: georgia, palatino, serif;\"><span class=\"Y2IQFc\" lang=\"de\" style=\"font-size: 12pt; font-family: georgia, palatino, serif;\">Es kann auch in kleineren Fahrzeugen transportiert werden<\/span><\/span><\/li>\n<\/ul>\n<h3><span class=\"Y2IQFc\" lang=\"de\" style=\"font-size: 12pt; font-family: georgia, palatino, serif;\"><strong>Lenkstange h\u00f6henverstellbar<\/strong><\/span><\/h3>\n<ul>\n<li><span class=\"Y2IQFc\" lang=\"de\" style=\"font-family: georgia, palatino, serif;\"><span style=\"font-size: 12pt;\">Er l\u00e4sst sich ergonomisch an die K\u00f6rpergr\u00f6\u00dfe des Bedieners anpassen<\/span><\/span><\/li>\n<\/ul>\n<h3><span class=\"Y2IQFc\" lang=\"de\" style=\"font-family: georgia, palatino, serif;\"><br \/>\n<span style=\"font-size: 12pt;\"><strong>Inklusive leistungsstarkem Einbauladeger\u00e4t<\/strong><\/span><\/span><\/h3>\n<ul>\n<li class=\"tw-data-text tw-text-large tw-ta\" dir=\"ltr\" data-placeholder=\"Ford\u00edt\u00e1s\" data-ved=\"2ahUKEwjYr__Q8-qJAxX6zAIHHRWGCFAQ3ewLegQIDhAU\" aria-label=\"Leford\u00edtott sz\u00f6veg: Das Ladeger\u00e4t ist immer an der Maschine, es l\u00e4sst sich \u00fcberall aufladen, es ist flexibel einsetzbar und sie passen zu der langen Lebensdauer der Akkus.\"><span class=\"Y2IQFc\" lang=\"de\" style=\"font-size: 12pt; font-family: georgia, palatino, serif;\">Das Ladeger\u00e4t ist immer an der Maschine, es l\u00e4sst sich \u00fcberall aufladen, es ist flexibel einsetzbar und sie passen zu der langen Lebensdauer der Akkus.<\/span><\/li>\n<li class=\"tw-data-text tw-text-large tw-ta\" dir=\"ltr\" data-placeholder=\"Ford\u00edt\u00e1s\" data-ved=\"2ahUKEwjYr__Q8-qJAxX6zAIHHRWGCFAQ3ewLegQIDhAU\" aria-label=\"Leford\u00edtott sz\u00f6veg: Das vollst\u00e4ndige Aufladen des Akkus dauert 3 Stunden, f\u00fcr einen halbgeladenen Akku 1 Stunde\"><span class=\"Y2IQFc\" lang=\"de\" style=\"font-size: 12pt; font-family: georgia, palatino, serif;\">Das vollst\u00e4ndige Aufladen des Akkus dauert 3 Stunden, f\u00fcr einen halbgeladenen Akku 1 Stunde<\/span><\/li>\n<li id=\"tw-target-text\" class=\"tw-data-text tw-text-large tw-ta\" dir=\"ltr\" data-placeholder=\"Ford\u00edt\u00e1s\" data-ved=\"2ahUKEwjYr__Q8-qJAxX6zAIHHRWGCFAQ3ewLegQIDhAU\" aria-label=\"Leford\u00edtott sz\u00f6veg: Das Ladeger\u00e4t schaltet sich ab. Im Stand-by-Modus f\u00e4llt kein Energieverbrauch an\"><span class=\"Y2IQFc\" lang=\"de\" style=\"font-size: 12pt; font-family: georgia, palatino, serif;\">Das Ladeger\u00e4t schaltet sich ab. Im Stand-by-Modus f\u00e4llt kein Energieverbrauch an<\/span><\/li>\n<\/ul>\n<p>&nbsp;<\/p>\n<h3><span style=\"font-size: 12pt; font-family: georgia, palatino, serif;\"><strong>Walzentechnologie<\/strong><\/span><\/h3>\n<ul>\n<li class=\"tw-data-text tw-text-large tw-ta\" dir=\"ltr\" data-placeholder=\"Ford\u00edt\u00e1s\" data-ved=\"2ahUKEwjYr__Q8-qJAxX6zAIHHRWGCFAQ3ewLegQIDhAU\" aria-label=\"Leford\u00edtott sz\u00f6veg: Gr\u00f6\u00dferer Fl\u00e4chendruck zur Entfernung hartn\u00e4ckiger Verschmutzungen\"><span class=\"Y2IQFc\" lang=\"de\" style=\"font-size: 12pt; font-family: georgia, palatino, serif;\">Gr\u00f6\u00dferer Fl\u00e4chendruck zur Entfernung hartn\u00e4ckiger Verschmutzungen<\/span><\/li>\n<li class=\"tw-data-text tw-text-large tw-ta\" dir=\"ltr\" data-placeholder=\"Ford\u00edt\u00e1s\" data-ved=\"2ahUKEwjYr__Q8-qJAxX6zAIHHRWGCFAQ3ewLegQIDhAU\" aria-label=\"Leford\u00edtott sz\u00f6veg: Es eignet sich auch hervorragend zur Reinigung stark strukturierter Oberfl\u00e4chen und Fugen\"><span class=\"Y2IQFc\" lang=\"de\" style=\"font-size: 12pt; font-family: georgia, palatino, serif;\">Es eignet sich auch hervorragend zur Reinigung stark strukturierter Oberfl\u00e4chen und Fugen<\/span><\/li>\n<li class=\"tw-data-text tw-text-large tw-ta\" dir=\"ltr\" data-placeholder=\"Ford\u00edt\u00e1s\" data-ved=\"2ahUKEwjYr__Q8-qJAxX6zAIHHRWGCFAQ3ewLegQIDhAU\" aria-label=\"Leford\u00edtott sz\u00f6veg: Gleichm\u00e4\u00dfige Reinigungsergebnisse\"><span class=\"Y2IQFc\" lang=\"de\" style=\"font-size: 12pt; font-family: georgia, palatino, serif;\"><span class=\"Y2IQFc\" lang=\"de\" style=\"font-size: 12pt; font-family: georgia, palatino, serif;\">Gleichm\u00e4\u00dfige Reinigungsergebnisse<\/span><\/span><strong>Inkl. Kehrfunktion<\/strong><\/li>\n<li class=\"tw-data-text tw-text-large tw-ta\" dir=\"ltr\" data-placeholder=\"Ford\u00edt\u00e1s\" data-ved=\"2ahUKEwjYr__Q8-qJAxX6zAIHHRWGCFAQ3ewLegQIDhAU\" aria-label=\"Leford\u00edtott sz\u00f6veg: Effektives Kehren, Schrubben und Staubsaugen in einem Arbeitsgang\"><span class=\"Y2IQFc\" lang=\"de\" style=\"font-size: 12pt; font-family: georgia, palatino, serif;\">Effektives Kehren, Schrubben und Staubsaugen in einem Arbeitsgang<\/span><\/li>\n<li class=\"tw-data-text tw-text-large tw-ta\" dir=\"ltr\" data-placeholder=\"Ford\u00edt\u00e1s\" data-ved=\"2ahUKEwjYr__Q8-qJAxX6zAIHHRWGCFAQ3ewLegQIDhAU\" aria-label=\"Leford\u00edtott sz\u00f6veg: Auch kleinere Steine \u200b\u200bund Holzreste nimmt er zuverl\u00e4ssig auf\"><span class=\"Y2IQFc\" lang=\"de\" style=\"font-size: 12pt; font-family: georgia, palatino, serif;\">Auch kleinere Steine \u200b\u200bund Holzreste nimmt er zuverl\u00e4ssig auf<\/span><\/li>\n<li id=\"tw-target-text\" class=\"tw-data-text tw-text-large tw-ta\" dir=\"ltr\" data-placeholder=\"Ford\u00edt\u00e1s\" data-ved=\"2ahUKEwjYr__Q8-qJAxX6zAIHHRWGCFAQ3ewLegQIDhAU\" aria-label=\"Leford\u00edtott sz\u00f6veg: Gew\u00e4hrleistet eine optimale Funktion des Saugbalkens\"><span class=\"Y2IQFc\" lang=\"de\" style=\"font-size: 12pt; font-family: georgia, palatino, serif;\">Gew\u00e4hrleistet eine optimale Funktion des Saugbalkens<\/span><\/li>\n<\/ul>\n<h5 class=\"section-headline\"><\/h5>\n<div class=\"row\">\n<div class=\"col-sm-6\">\n<p><span style=\"font-family: georgia, palatino, serif; font-size: 12pt;\"><strong>Technische Daten<\/strong><\/span><\/p>\n<table class=\"table\">\n<tbody>\n<tr>\n<td>Antriebsart<\/td>\n<td>Batterie<\/td>\n<\/tr>\n<tr>\n<td>Fahrantrieb<\/td>\n<td>Vortrieb durch B\u00fcrstenrotation<\/td>\n<\/tr>\n<tr>\n<td>Arbeitsbreite B\u00fcrsten (mm)<\/td>\n<td>350<\/td>\n<\/tr>\n<tr>\n<td>Arbeitsbreite Saugen (mm)<\/td>\n<td>450<\/td>\n<\/tr>\n<tr>\n<td>Tank Frisch-\/Schmutzwasser (l)<\/td>\n<td>12 \/ 12<\/td>\n<\/tr>\n<tr>\n<td>Fl\u00e4chenleistung theoretisch (m\u00b2\/h)<\/td>\n<td>1400<\/td>\n<\/tr>\n<tr>\n<td>Fl\u00e4chenleistung praktisch (m\u00b2\/h)<\/td>\n<td>1050<\/td>\n<\/tr>\n<tr>\n<td>Batterietyp<\/td>\n<td><span class=\"fix-spelling\">Li-Ion<\/span><\/td>\n<\/tr>\n<tr>\n<td>Batterie (V\/Ah)<\/td>\n<td>25,2 \/ 21<\/td>\n<\/tr>\n<tr>\n<td>Batterielaufzeit (h)<\/td>\n<td>max. 1,5<\/td>\n<\/tr>\n<tr>\n<td>Batterieladezeit (h)<\/td>\n<td>ca. 2,7<\/td>\n<\/tr>\n<tr>\n<td>Netzanschluss Ladeger\u00e4t (V\/<span class=\"fix-spelling\">Hz<\/span>)<\/td>\n<td>220 &#8211; 240 \/ 50 &#8211; 60<\/td>\n<\/tr>\n<tr>\n<td>B\u00fcrstendrehzahl (U\/min)<\/td>\n<td>700 &#8211; 1500<\/td>\n<\/tr>\n<tr>\n<td>B\u00fcrstenanpressdruck (g\/cm\u00b2\/kg)<\/td>\n<td>80 &#8211; 150 \/ 6 &#8211; 12<\/td>\n<\/tr>\n<tr>\n<td>Gangwendebreite (mm)<\/td>\n<td>1050<\/td>\n<\/tr>\n<tr>\n<td>Wasserverbrauch (l\/min)<\/td>\n<td>1<\/td>\n<\/tr>\n<tr>\n<td>Schalldruckpegel (dB(A))<\/td>\n<td>max. 65<\/td>\n<\/tr>\n<tr>\n<td>Zul\u00e4ssiges Gesamtgewicht (kg)<\/td>\n<td>48<\/td>\n<\/tr>\n<tr>\n<td>Gewicht ohne Zubeh\u00f6r (kg)<\/td>\n<td>36<\/td>\n<\/tr>\n<tr>\n<td>Abmessungen (L \u00d7 B \u00d7 H) (mm)<\/td>\n<td>930 x 420 x 1100<\/td>\n<\/tr>\n<tr>\n<td>Farbe<\/td>\n<td>anthrazit<\/td>\n<\/tr>\n<\/tbody>\n<\/table>\n<\/div>\n<\/div>\n<h3><span style=\"font-family: georgia, palatino, serif; font-size: 12pt;\"><strong>Lieferumfang<\/strong><\/span><\/h3>\n<ul>\n<li><span style=\"font-family: georgia, palatino, serif; font-size: 12pt;\">Walzenb\u00fcrste<\/span><\/li>\n<li><span style=\"font-family: georgia, palatino, serif; font-size: 12pt;\">Batterie und Einbauladeger\u00e4t inkl.<\/span><\/li>\n<li><span style=\"font-family: georgia, palatino, serif; font-size: 12pt;\">Transportr\u00e4der<\/span><\/li>\n<li><span style=\"font-family: georgia, palatino, serif; font-size: 12pt;\">Saugbalken, gerade<\/span><\/li>\n<\/ul>\n<h3 class=\"mt-4\"><strong><span style=\"font-family: georgia, palatino, serif; font-size: 12pt;\">Ausstattung<\/span><\/strong><\/h3>\n<ul>\n<li><span style=\"font-family: georgia, palatino, serif; font-size: 12pt;\">2-Tank-System<\/span><\/li>\n<li><span style=\"font-family: georgia, palatino, serif; font-size: 12pt;\">Variabler Anpressdruck<\/span><\/li>\n<\/ul>\n<pre id=\"tw-target-text\" class=\"tw-data-text tw-text-large tw-ta\" dir=\"ltr\" data-placeholder=\"Ford\u00edt\u00e1s\" data-ved=\"2ahUKEwjYr__Q8-qJAxX6zAIHHRWGCFAQ3ewLegQIDhAU\" aria-label=\"Leford\u00edtott sz\u00f6veg: Es eignet sich auch hervorragend zur Reinigung stark strukturierter Oberfl\u00e4chen und Fugen\"><\/pre>\n<h3>Europa EAN-Code: 4054278610146<\/h3>\n","protected":false},"excerpt":{"rendered":"<h2 class=\"tw-data-text tw-text-large tw-ta\" dir=\"ltr\" data-placeholder=\"Ford\u00edt\u00e1s\" data-ved=\"2ahUKEwjYr__Q8-qJAxX6zAIHHRWGCFAQ3ewLegQIDhAU\" aria-label=\"Leford\u00edtott sz\u00f6veg: Wendig, leicht, leise: Der leistungsstarke Lithium-Ionen-Akku des Scheuersaugers BR 35\/12 C l\u00e4sst sich schnell aufladen. Drehbarer B\u00fcrstenkopf, KART- und Zylindertechnologie. Der Akku und das Ladeger\u00e4t geh\u00f6ren zum Standardzubeh\u00f6r.\"><strong><span style=\"color: #ff0000;\">Unsere Verkaufspreise verstehen sich inklusive Inbetriebnahme von unserer fachwerkstatt.<\/span><\/strong><\/h2>\n<p class=\"tw-data-text tw-text-large tw-ta\" dir=\"ltr\" data-placeholder=\"Ford\u00edt\u00e1s\" data-ved=\"2ahUKEwjYr__Q8-qJAxX6zAIHHRWGCFAQ3ewLegQIDhAU\" aria-label=\"Leford\u00edtott sz\u00f6veg: Wendig, leicht, leise: Der leistungsstarke Lithium-Ionen-Akku des Scheuersaugers BR 35\/12 C l\u00e4sst sich schnell aufladen. Drehbarer B\u00fcrstenkopf, KART- und Zylindertechnologie. Der Akku und das Ladeger\u00e4t geh\u00f6ren zum Standardzubeh\u00f6r.\"><span style=\"font-family: georgia, palatino, serif; font-size: 12pt;\"><span class=\"Y2IQFc\" lang=\"de\">Wendig, leicht, leise: Der leistungsstarke Lithium-Ionen-Akku des Scheuersaugers BR 35\/12 C l\u00e4sst sich schnell aufladen. Drehbarer B\u00fcrstenkopf, KART- und Zylindertechnologie. <\/span>Batterie und Einbauladeger\u00e4t inkl.<\/span><\/p>\n","protected":false},"featured_media":11549,"comment_status":"open","ping_status":"closed","template":"","meta":[],"product_brand":[303],"product_cat":[249,169],"product_tag":[421,168,171],"class_list":{"0":"post-2631","1":"product","2":"type-product","3":"status-publish","4":"has-post-thumbnail","6":"product_brand-kaercher","7":"product_cat-reinigungsgeraete","8":"product_cat-scheuersaugmaschine","9":"product_tag-421","10":"product_tag-kaercher","11":"product_tag-scheuersaugmaschine","13":"first","14":"outofstock","15":"taxable","16":"shipping-taxable","17":"purchasable","18":"product-type-simple"},"_links":{"self":[{"href":"https:\/\/benimarkt.at\/index.php?rest_route=\/wp\/v2\/product\/2631","targetHints":{"allow":["GET"]}}],"collection":[{"href":"https:\/\/benimarkt.at\/index.php?rest_route=\/wp\/v2\/product"}],"about":[{"href":"https:\/\/benimarkt.at\/index.php?rest_route=\/wp\/v2\/types\/product"}],"replies":[{"embeddable":true,"href":"https:\/\/benimarkt.at\/index.php?rest_route=%2Fwp%2Fv2%2Fcomments&post=2631"}],"version-history":[{"count":6,"href":"https:\/\/benimarkt.at\/index.php?rest_route=\/wp\/v2\/product\/2631\/revisions"}],"predecessor-version":[{"id":13036,"href":"https:\/\/benimarkt.at\/index.php?rest_route=\/wp\/v2\/product\/2631\/revisions\/13036"}],"wp:featuredmedia":[{"embeddable":true,"href":"https:\/\/benimarkt.at\/index.php?rest_route=\/wp\/v2\/media\/11549"}],"wp:attachment":[{"href":"https:\/\/benimarkt.at\/index.php?rest_route=%2Fwp%2Fv2%2Fmedia&parent=2631"}],"wp:term":[{"taxonomy":"product_brand","embeddable":true,"href":"https:\/\/benimarkt.at\/index.php?rest_route=%2Fwp%2Fv2%2Fproduct_brand&post=2631"},{"taxonomy":"product_cat","embeddable":true,"href":"https:\/\/benimarkt.at\/index.php?rest_route=%2Fwp%2Fv2%2Fproduct_cat&post=2631"},{"taxonomy":"product_tag","embeddable":true,"href":"https:\/\/benimarkt.at\/index.php?rest_route=%2Fwp%2Fv2%2Fproduct_tag&post=2631"}],"curies":[{"name":"wp","href":"https:\/\/api.w.org\/{rel}","templated":true}]}}