{"id":2623,"date":"2024-11-21T12:10:15","date_gmt":"2024-11-21T11:10:15","guid":{"rendered":"https:\/\/gartenrestposten.de\/?post_type=product&#038;p=2623"},"modified":"2026-04-16T10:41:24","modified_gmt":"2026-04-16T10:41:24","slug":"kaercher-bd-38-12-c-bp-pack-li","status":"publish","type":"product","link":"https:\/\/benimarkt.at\/?product=kaercher-bd-38-12-c-bp-pack-li","title":{"rendered":"K\u00e4rcher Scheuersaugmaschine BD 38\/12 C Bp Pack Li"},"content":{"rendered":"<p><strong>Beschreibung:<\/strong><\/p>\n<p>Mit der enorm wendigen, bedienungs- und wartungsfreundlichen Scheuersaugmaschine BD 38\/12 C werden kleine und \u00fcberstellte Fl\u00e4chen professionell und effizient gereinigt. Die Maschine ist mit einer Scheibenb\u00fcrste mit 38 cm Durchmesser ausgestattet. Die neue Lithium-Ionen-Batterie mit extra langer Laufzeit hat eine dreimal h\u00f6here Lebensdauer als herk\u00f6mmliche Bleibatterien. Sie ist absolut wartungsfrei und schnell aufladbar. Die\u00a0<span class=\"fix-spelling\">eco!efficiency<\/span>-Stufe reduziert den Energiebedarf, verl\u00e4ngert die Laufzeit und senkt die Lautst\u00e4rke um ca. 40%. Das in dieser Ger\u00e4teklasse um 35% geringere Gewicht der BD 38\/12 C erleichtert die Bew\u00e4ltigung von Stufen sowie den Transport.<\/p>\n<p><strong>Merkmale und Vorteile:<\/strong><\/p>\n<h6 class=\"headlinebottom\"><strong>Zuverl\u00e4ssige Scheibentechnologie<\/strong><\/h6>\n<ul>\n<li>Sehr gute Reinigungswirkung auf glatten Bodenbel\u00e4gen. Geeignet f\u00fcr B\u00fcrsten- und Padbetrieb. B\u00fcrste im Lieferumfang enthalten.<\/li>\n<\/ul>\n<h6 class=\"headlinebottom\"><strong>Leistungsstarke Lithium-Ionen-Batterie<\/strong><\/h6>\n<ul>\n<li>V\u00f6llig wartungsfrei trotz 3-facher Lebensdauer im Vergleich zu herk\u00f6mmlichen Batterien.<\/li>\n<li>Schnelles Aufladen (voll in 3 Stunden, halb voll in 1 Stunde). Problemloses Zwischen- oder Teilladen nach Bedarf.<\/li>\n<\/ul>\n<h6 class=\"headlinebottom\"><strong>Inklusive leistungsstarkem Einbauladeger\u00e4t<\/strong><\/h6>\n<ul>\n<li>Das Ladeger\u00e4t ist immer dabei; Laden ist jederzeit m\u00f6glich. Eine volle Aufladung dauert 3 Stunden, eine halbe 1 Stunde. (Zwischenladungen jederzeit m\u00f6glich.)<\/li>\n<li>Ladeger\u00e4t schaltet selbstt\u00e4tig ab.<\/li>\n<li>Kein Energieverbrauch im Stand-by-Betrieb.<\/li>\n<\/ul>\n<div class=\"col-sm-5\">\n<h6><strong>Sehr geringes Ger\u00e4tegewicht<\/strong><\/h6>\n<\/div>\n<div class=\"col-sm-7 col-no-padding\">\n<ul>\n<li>35 % leichter als vergleichbare Ger\u00e4te.<\/li>\n<li>Leichteres \u00dcberfahren von Stufen, Schwellen oder Treppen.<\/li>\n<li>Einfach zu man\u00f6vrieren und vereinfachter Transport in Fahrzeugen.<\/li>\n<\/ul>\n<p><strong>Energiesparende <span class=\"fix-spelling\">eco!efficiency<\/span>-Stufe<\/strong><\/p>\n<div class=\"col-sm-7 col-no-padding\">\n<ul>\n<li>40 % geringere Lautst\u00e4rke.<\/li>\n<li>Spart Ressourcen und verl\u00e4ngert die Laufzeit um bis zu 50 %.<\/li>\n<li>Reduzierte CO\u2082-Emissionen.<\/li>\n<\/ul>\n<div class=\"col-sm-5\">\n<h6><strong>Saugbalken direkt hinter der B\u00fcrste<\/strong><\/h6>\n<\/div>\n<div class=\"col-sm-7 col-no-padding\">\n<ul>\n<li>Optimale Absaugung \u2013 auch in Kurven.<\/li>\n<li>Einfaches Anheben per Fu\u00dfpedal.<\/li>\n<\/ul>\n<div class=\"col-sm-5\">\n<h6><strong>Kompakte Abmessungen<\/strong><\/h6>\n<\/div>\n<div class=\"col-sm-7 col-no-padding\">\n<ul>\n<li>Verlassen der Wand im 90\u00b0-Winkel.<\/li>\n<li>Keine Ger\u00e4te\u00fcberst\u00e4nde.<\/li>\n<li>Einfaches Handling.<\/li>\n<\/ul>\n<div class=\"col-sm-5\">\n<h6><strong>Lenkstange einklappbar<\/strong><\/h6>\n<\/div>\n<div class=\"col-sm-7 col-no-padding\">\n<ul>\n<li>Kompakte Lagerung.<\/li>\n<li>Auch in kleinen Fahrzeugen transportierbar.<\/li>\n<\/ul>\n<div class=\"col-sm-5\">\n<h6><strong>Lenkstange h\u00f6henverstellbar<\/strong><\/h6>\n<\/div>\n<div class=\"col-sm-7 col-no-padding\">\n<ul>\n<li>Ergonomisch auf verschiedene Bedienergr\u00f6\u00dfen einstellbar.<\/li>\n<\/ul>\n<p><strong>Lieferumfang<\/strong><\/p>\n<ul>\n<li>Scheibenb\u00fcrste<\/li>\n<li>Batterie und Einbauladeger\u00e4t inkl.<\/li>\n<li>Transportr\u00e4der<\/li>\n<li>Saugbalken, gebogen<\/li>\n<\/ul>\n<h3 class=\"mt-4\"><span style=\"font-size: 12pt;\"><strong>Ausstattung<\/strong><\/span><\/h3>\n<ul>\n<li>2-Tank-System<\/li>\n<\/ul>\n<h3><\/h3>\n<p>&nbsp;<\/p>\n<\/div>\n<\/div>\n<\/div>\n<\/div>\n<\/div>\n<\/div>\n","protected":false},"excerpt":{"rendered":"<h2 class=\"tw-data-text tw-text-large tw-ta\" dir=\"ltr\" data-placeholder=\"Ford\u00edt\u00e1s\" data-ved=\"2ahUKEwjYr__Q8-qJAxX6zAIHHRWGCFAQ3ewLegQIDhAU\" aria-label=\"Leford\u00edtott sz\u00f6veg: Wendig, leicht, leise: Der leistungsstarke Lithium-Ionen-Akku des Scheuersaugers BR 35\/12 C l\u00e4sst sich schnell aufladen. Drehbarer B\u00fcrstenkopf, KART- und Zylindertechnologie. Der Akku und das Ladeger\u00e4t geh\u00f6ren zum Standardzubeh\u00f6r.\"><strong><span style=\"color: #ff0000;\">Unsere Verkaufspreise verstehen sich inklusive Inbetriebnahme von unserer fachwerkstatt.<\/span><\/strong><\/h2>\n<p>Leicht, leise und agil: Die Scheuersaugmaschine BD 38\/12 C mit Scheibenkopf ist mit einer schnell aufladbaren Hochleistungs-Lithium-Ionen-Batterie und\u00a0<span class=\"fix-spelling\">eco!efficiency<\/span>-Stufe ausgestattet.<\/p>\n","protected":false},"featured_media":11571,"comment_status":"open","ping_status":"closed","template":"","meta":[],"product_brand":[303],"product_cat":[249,169],"product_tag":[422,168,171],"class_list":{"0":"post-2623","1":"product","2":"type-product","3":"status-publish","4":"has-post-thumbnail","6":"product_brand-kaercher","7":"product_cat-reinigungsgeraete","8":"product_cat-scheuersaugmaschine","9":"product_tag-422","10":"product_tag-kaercher","11":"product_tag-scheuersaugmaschine","13":"first","14":"instock","15":"taxable","16":"shipping-taxable","17":"purchasable","18":"product-type-simple"},"_links":{"self":[{"href":"https:\/\/benimarkt.at\/index.php?rest_route=\/wp\/v2\/product\/2623","targetHints":{"allow":["GET"]}}],"collection":[{"href":"https:\/\/benimarkt.at\/index.php?rest_route=\/wp\/v2\/product"}],"about":[{"href":"https:\/\/benimarkt.at\/index.php?rest_route=\/wp\/v2\/types\/product"}],"replies":[{"embeddable":true,"href":"https:\/\/benimarkt.at\/index.php?rest_route=%2Fwp%2Fv2%2Fcomments&post=2623"}],"version-history":[{"count":1,"href":"https:\/\/benimarkt.at\/index.php?rest_route=\/wp\/v2\/product\/2623\/revisions"}],"predecessor-version":[{"id":11575,"href":"https:\/\/benimarkt.at\/index.php?rest_route=\/wp\/v2\/product\/2623\/revisions\/11575"}],"wp:featuredmedia":[{"embeddable":true,"href":"https:\/\/benimarkt.at\/index.php?rest_route=\/wp\/v2\/media\/11571"}],"wp:attachment":[{"href":"https:\/\/benimarkt.at\/index.php?rest_route=%2Fwp%2Fv2%2Fmedia&parent=2623"}],"wp:term":[{"taxonomy":"product_brand","embeddable":true,"href":"https:\/\/benimarkt.at\/index.php?rest_route=%2Fwp%2Fv2%2Fproduct_brand&post=2623"},{"taxonomy":"product_cat","embeddable":true,"href":"https:\/\/benimarkt.at\/index.php?rest_route=%2Fwp%2Fv2%2Fproduct_cat&post=2623"},{"taxonomy":"product_tag","embeddable":true,"href":"https:\/\/benimarkt.at\/index.php?rest_route=%2Fwp%2Fv2%2Fproduct_tag&post=2623"}],"curies":[{"name":"wp","href":"https:\/\/api.w.org\/{rel}","templated":true}]}}