{"id":2589,"date":"2024-11-20T09:51:14","date_gmt":"2024-11-20T08:51:14","guid":{"rendered":"https:\/\/gartenrestposten.de\/?post_type=product&#038;p=2589"},"modified":"2026-03-06T11:42:36","modified_gmt":"2026-03-06T11:42:36","slug":"honda-hss-970a-td-schneefraese-angebot","status":"publish","type":"product","link":"https:\/\/benimarkt.at\/?product=honda-hss-970a-td-schneefraese-angebot","title":{"rendered":"HONDA HSS 970A TD Schneefr\u00e4se &#8211; Angebot!"},"content":{"rendered":"<ul>\n<li class=\"opened\"><a><span class=\"title\">Motor<\/span><\/a>\n<div class=\"content\">\n<table>\n<tbody>\n<tr>\n<td class=\"title\">Geschwindigkeit (km\/h)<\/td>\n<td class=\"result\">0-3,96<\/td>\n<\/tr>\n<tr>\n<td class=\"title\">Motor<\/td>\n<td class=\"result\">GX 270<\/td>\n<\/tr>\n<tr>\n<td class=\"title\">Nennleistung (kW\/rpm)<\/td>\n<td class=\"result\">6,3\/3.600<\/td>\n<\/tr>\n<tr>\n<td class=\"title\">Tankvolumen (l)<\/td>\n<td class=\"result\">5,0<\/td>\n<\/tr>\n<tr>\n<td class=\"title\">Betriebsdauer (Std.)<\/td>\n<td class=\"result\">2,2<\/td>\n<\/tr>\n<tr>\n<td class=\"title\">Schallpegel (dB(A))<\/td>\n<td class=\"result\">102<\/td>\n<\/tr>\n<tr>\n<td class=\"title\">Startsystem<\/td>\n<td class=\"result\">Super-Leichtstart \/ Elektrostart<\/td>\n<\/tr>\n<tr>\n<td class=\"title\">Arbeitsstufen<\/td>\n<td class=\"result\">Zwei<\/td>\n<\/tr>\n<\/tbody>\n<\/table>\n<p>&nbsp;<\/p>\n<\/div>\n<\/li>\n<li class=\"opened\"><a><span class=\"title\">Funktion<\/span><\/a>\n<div class=\"content\">\n<table>\n<tbody>\n<tr>\n<td class=\"title\">R\u00e4umbreite (cm)<\/td>\n<td class=\"result\">71<\/td>\n<\/tr>\n<tr>\n<td class=\"title\">R\u00e4umh\u00f6he (cm)<\/td>\n<td class=\"result\">55<\/td>\n<\/tr>\n<tr>\n<td class=\"title\">R\u00e4umleistung (t\/Std.)<\/td>\n<td class=\"result\">52<\/td>\n<\/tr>\n<tr>\n<td class=\"title\">Auswurfweite (m)<\/td>\n<td class=\"result\">16<\/td>\n<\/tr>\n<tr>\n<td class=\"title\">Auswurfkamineinstellung<\/td>\n<td class=\"result\">2-stufig elektrisch<\/td>\n<\/tr>\n<tr>\n<td class=\"title\">Antrieb<\/td>\n<td class=\"result\">Stufenlos (Hydrostat)<\/td>\n<\/tr>\n<tr>\n<td class=\"title\">Fahrwerk<\/td>\n<td class=\"result\">Raupenlaufwerk<\/td>\n<\/tr>\n<tr>\n<td class=\"title\">Tankanzeige<\/td>\n<td class=\"result\">ja<\/td>\n<\/tr>\n<tr>\n<td class=\"title\">Besonderheiten<\/td>\n<td class=\"result\">Scheinwerfer, 2 doppelseitig nutzbare Gleitkufen, \u00dcberlastschutzkupplung, Betriebsstundenz\u00e4hler<\/td>\n<\/tr>\n<\/tbody>\n<\/table>\n<p>&nbsp;<\/p>\n<\/div>\n<\/li>\n<li class=\"opened\"><a><span class=\"title\">Abmessungen<\/span><\/a>\n<div class=\"content\">\n<table>\n<tbody>\n<tr>\n<td class=\"title\">Ma\u00dfe (L) (cm)<\/td>\n<td class=\"result\">148,5<\/td>\n<\/tr>\n<tr>\n<td class=\"title\">Ma\u00dfe (B) (cm)<\/td>\n<td class=\"result\">73,5<\/td>\n<\/tr>\n<tr>\n<td class=\"title\">Ma\u00dfe (H) (cm)<\/td>\n<td class=\"result\">123<\/td>\n<\/tr>\n<tr>\n<td class=\"title\">Gewicht (kg)<\/td>\n<td class=\"result\">125<\/td>\n<\/tr>\n<\/tbody>\n<\/table>\n<\/div>\n<\/li>\n<\/ul>\n","protected":false},"excerpt":{"rendered":"<ul>\n<li>Raupenmodell mit Lenkkupplung<\/li>\n<li>elektrischer Kaminverstellung<\/li>\n<li>LED-Licht<\/li>\n<li>\u00dcberlastschutz<\/li>\n<li>Elektrostart und Hydrostat-Antrieb<\/li>\n<li>Leistung bis zu 52 t\/Std.<\/li>\n<\/ul>\n<div class=\"titleArea\">\n<h3>\u00dcberlastschutzkupplung<\/h3>\n<\/div>\n<div class=\"description\">\n<p>Die \u00dcberlastschutzkupplung ist eine einzigartige Funktion bei Honda Schneefr\u00e4sen. Trifft die Fr\u00e4se auf ein Hindernis wird der Motor wird gestoppt und das Fr\u00e4swerk ausgekuppelt. Die Fr\u00e4sschnecke wird somit nicht besch\u00e4digt und die Scherbolzen m\u00fcssen nicht so oft ausgetauscht werden. Nur bei Modellen mit Elektrostart verf\u00fcgbar.<\/p>\n<div class=\"titleArea\">\n<h3>Scheinwerfer als Standard<\/h3>\n<\/div>\n<div class=\"description\">\n<p>Ein leistungsstarker und einstellbarer Arbeitsscheinwerfer erleichtert die Bedienung der Schneefr\u00e4se, insbesondere bei Dunkelheit.<\/p>\n<div class=\"titleArea\">\n<h3>Modell mit Raupenlaufwerk<\/h3>\n<\/div>\n<div class=\"description\">\n<p>Die Raupenlaufwerke bieten bessere Traktion bei den meisten Schneebedingungen sowie auf unebenem Untergrund und Kieswegen. Auch an steilen H\u00e4ngen halten sie die Spur, so dass Sie die Maschine voll unter Kontrolle haben.<\/p>\n<div class=\"titleArea\">\n<h3>Elektrostart<\/h3>\n<\/div>\n<div class=\"description\">\n<p>Der integrierte Elektrostart gew\u00e4hrleistet ein m\u00fcheloses Starten der Schneefr\u00e4se.<\/p>\n<div class=\"titleArea\">\n<h3>Betriebsstundenz\u00e4hler<\/h3>\n<\/div>\n<div class=\"description\">\n<p>Der praktische Betriebsstundenz\u00e4hler gibt einen \u00dcberblick \u00fcber die geleisteten Betriebsstunden, um sicherzustellen, dass die Wartung zum richtigen Zeitpunkt ausgef\u00fchrt wird.<\/p>\n<div class=\"titleArea\">\n<h3>Elektrische Auswurfkamineinstellung<\/h3>\n<\/div>\n<div class=\"description\">\n<p>Werfen Sie den Schnee dorthin, wo Sie ihn haben wollen. Die Richtung und Auswurfwinkel einfach per Joystick bestimmen. Bei anderen Modellen erfolgt die Einstellung manuell.<\/p>\n<div class=\"titleArea\">\n<h3>Fr\u00e4sh\u00f6heneinstellung<\/h3>\n<\/div>\n<div class=\"description\">\n<p>Die nur bei Honda erh\u00e4ltliche Fr\u00e4sh\u00f6heneinstellung erm\u00f6glicht die stufenlose Verstellung des Fr\u00e4sgeh\u00e4uses zur Anpassung an unterschiedliche Schneebedingungen. Nur f\u00fcr Maschinen mit Raupenlaufwerk.<\/p>\n<div class=\"titleArea\">\n<h3>Hydrostat-Antrieb<\/h3>\n<\/div>\n<div class=\"description\">\n<p>Der stufenlose Hydrostat erm\u00f6glicht die Einstellung unterschiedlicher Geschwindigkeiten, ohne dass sich dabei die Drehzahl der Fr\u00e4sschnecke \u00e4ndert.<\/p>\n<\/div>\n<\/div>\n<\/div>\n<\/div>\n<\/div>\n<\/div>\n<\/div>\n<\/div>\n","protected":false},"featured_media":13722,"comment_status":"open","ping_status":"closed","template":"","meta":[],"product_brand":[296],"product_cat":[138],"product_tag":[436,189,325],"class_list":{"0":"post-2589","1":"product","2":"type-product","3":"status-publish","4":"has-post-thumbnail","6":"product_brand-honda","7":"product_cat-schneefraesen","8":"product_tag-436","9":"product_tag-honda","10":"product_tag-schneefraesen","12":"first","13":"outofstock","14":"taxable","15":"shipping-taxable","16":"product-type-simple"},"_links":{"self":[{"href":"https:\/\/benimarkt.at\/index.php?rest_route=\/wp\/v2\/product\/2589","targetHints":{"allow":["GET"]}}],"collection":[{"href":"https:\/\/benimarkt.at\/index.php?rest_route=\/wp\/v2\/product"}],"about":[{"href":"https:\/\/benimarkt.at\/index.php?rest_route=\/wp\/v2\/types\/product"}],"replies":[{"embeddable":true,"href":"https:\/\/benimarkt.at\/index.php?rest_route=%2Fwp%2Fv2%2Fcomments&post=2589"}],"version-history":[{"count":3,"href":"https:\/\/benimarkt.at\/index.php?rest_route=\/wp\/v2\/product\/2589\/revisions"}],"predecessor-version":[{"id":13075,"href":"https:\/\/benimarkt.at\/index.php?rest_route=\/wp\/v2\/product\/2589\/revisions\/13075"}],"wp:featuredmedia":[{"embeddable":true,"href":"https:\/\/benimarkt.at\/index.php?rest_route=\/wp\/v2\/media\/13722"}],"wp:attachment":[{"href":"https:\/\/benimarkt.at\/index.php?rest_route=%2Fwp%2Fv2%2Fmedia&parent=2589"}],"wp:term":[{"taxonomy":"product_brand","embeddable":true,"href":"https:\/\/benimarkt.at\/index.php?rest_route=%2Fwp%2Fv2%2Fproduct_brand&post=2589"},{"taxonomy":"product_cat","embeddable":true,"href":"https:\/\/benimarkt.at\/index.php?rest_route=%2Fwp%2Fv2%2Fproduct_cat&post=2589"},{"taxonomy":"product_tag","embeddable":true,"href":"https:\/\/benimarkt.at\/index.php?rest_route=%2Fwp%2Fv2%2Fproduct_tag&post=2589"}],"curies":[{"name":"wp","href":"https:\/\/api.w.org\/{rel}","templated":true}]}}