{"id":2585,"date":"2024-11-20T09:42:41","date_gmt":"2024-11-20T08:42:41","guid":{"rendered":"https:\/\/gartenrestposten.de\/?post_type=product&#038;p=2585"},"modified":"2026-03-06T11:41:56","modified_gmt":"2026-03-06T11:41:56","slug":"honda-hss-760a-wd-schneefraese-angebot","status":"publish","type":"product","link":"https:\/\/benimarkt.at\/?product=honda-hss-760a-wd-schneefraese-angebot","title":{"rendered":"HONDA HSS 760A WD Schneefr\u00e4se &#8211; Angebot!"},"content":{"rendered":"<ul>\n<li class=\"opened\"><a><span class=\"title\">Motor<\/span><\/a>\n<div class=\"content\">\n<table>\n<tbody>\n<tr>\n<td class=\"title\">Geschwindigkeit (km\/h)<\/td>\n<td class=\"result\">0-5,04<\/td>\n<\/tr>\n<tr>\n<td class=\"title\">Motor<\/td>\n<td class=\"result\">GX 200<\/td>\n<\/tr>\n<tr>\n<td class=\"title\">Nennleistung (kW\/rpm)<\/td>\n<td class=\"result\">4,1\/3.600<\/td>\n<\/tr>\n<tr>\n<td class=\"title\">Tankvolumen (l)<\/td>\n<td class=\"result\">3,1<\/td>\n<\/tr>\n<tr>\n<td class=\"title\">Betriebsdauer (Std.)<\/td>\n<td class=\"result\">1,8<\/td>\n<\/tr>\n<tr>\n<td class=\"title\">Schallpegel (dB(A))<\/td>\n<td class=\"result\">102<\/td>\n<\/tr>\n<tr>\n<td class=\"title\">Startsystem<\/td>\n<td class=\"result\">Super-Leichtstart \/ Elektrostart<\/td>\n<\/tr>\n<tr>\n<td class=\"title\">Arbeitsstufen<\/td>\n<td class=\"result\">Zwei<\/td>\n<\/tr>\n<\/tbody>\n<\/table>\n<p>&nbsp;<\/p>\n<\/div>\n<\/li>\n<li class=\"opened\"><a><span class=\"title\">Funktion<\/span><\/a>\n<div class=\"content\">\n<table>\n<tbody>\n<tr>\n<td class=\"title\">R\u00e4umbreite (cm)<\/td>\n<td class=\"result\">60.5<\/td>\n<\/tr>\n<tr>\n<td class=\"title\">R\u00e4umh\u00f6he (cm)<\/td>\n<td class=\"result\">55<\/td>\n<\/tr>\n<tr>\n<td class=\"title\">R\u00e4umleistung (t\/Std.)<\/td>\n<td class=\"result\">42<\/td>\n<\/tr>\n<tr>\n<td class=\"title\">Auswurfweite (m)<\/td>\n<td class=\"result\">15<\/td>\n<\/tr>\n<tr>\n<td class=\"title\">Auswurfkamineinstellung<\/td>\n<td class=\"result\">Elektrisch<\/td>\n<\/tr>\n<tr>\n<td class=\"title\">Antrieb<\/td>\n<td class=\"result\">Stufenlos (Hydrostat)<\/td>\n<\/tr>\n<tr>\n<td class=\"title\">Fahrwerk<\/td>\n<td class=\"result\">Rad 14 x 4.6-6<\/td>\n<\/tr>\n<tr>\n<td class=\"title\">Tankanzeige<\/td>\n<td class=\"result\">ja<\/td>\n<\/tr>\n<tr>\n<td class=\"title\">Besonderheiten<\/td>\n<td class=\"result\">Scheinwerfer, 2 + 2 Gleitkufen<\/td>\n<\/tr>\n<\/tbody>\n<\/table>\n<p>&nbsp;<\/p>\n<\/div>\n<\/li>\n<li class=\"opened\"><a><span class=\"title\">Abmessungen<\/span><\/a>\n<div class=\"content\">\n<table>\n<tbody>\n<tr>\n<td class=\"title\">Ma\u00dfe (L) (cm)<\/td>\n<td class=\"result\">148,5<\/td>\n<\/tr>\n<tr>\n<td class=\"title\">Ma\u00dfe (B) (cm)<\/td>\n<td class=\"result\">67<\/td>\n<\/tr>\n<tr>\n<td class=\"title\">Ma\u00dfe (H) (cm)<\/td>\n<td class=\"result\">110,5<\/td>\n<\/tr>\n<tr>\n<td class=\"title\">Gewicht (kg)<\/td>\n<td class=\"result\">100<\/td>\n<\/tr>\n<\/tbody>\n<\/table>\n<\/div>\n<\/li>\n<\/ul>\n","protected":false},"excerpt":{"rendered":"<ul>\n<li>Radmodell mit Lenkkupplung<\/li>\n<li>elektrischer Kaminverstellung<\/li>\n<li>LED-Licht<\/li>\n<li>Elektrostart und Hydrostat-Antrieb<\/li>\n<li>Leistung bis zu 42 t\/Std.<\/li>\n<\/ul>\n<div class=\"titleArea\">\n<h3>Scheinwerfer als Standard<\/h3>\n<\/div>\n<div class=\"description\">\n<p>Ein leistungsstarker und einstellbarer Arbeitsscheinwerfer erleichtert die Bedienung der Schneefr\u00e4se, insbesondere bei Dunkelheit.<\/p>\n<div class=\"titleArea\">\n<h3>Elektrostart<\/h3>\n<\/div>\n<div class=\"description\">\n<p>Der integrierte Elektrostart gew\u00e4hrleistet ein m\u00fcheloses Starten der Schneefr\u00e4se.<\/p>\n<div class=\"titleArea\">\n<h3>Modell mit Radantrieb<\/h3>\n<\/div>\n<div class=\"description\">\n<p>Die Niederdruckr\u00e4der aus einem speziell entwickeltem Gummi bieten erstklassige Traktion und ausgezeichnete Man\u00f6vrierbarkeit auf ebenem Untergrund mit Hindernissen und Ecken.<\/p>\n<div class=\"titleArea\">\n<h3>Hydrostat-Antrieb<\/h3>\n<\/div>\n<div class=\"description\">\n<p>Der stufenlose Hydrostat erm\u00f6glicht die Einstellung unterschiedlicher Geschwindigkeiten, ohne dass sich dabei die Drehzahl der Fr\u00e4sschnecke \u00e4ndert.<\/p>\n<\/div>\n<\/div>\n<\/div>\n<\/div>\n","protected":false},"featured_media":13723,"comment_status":"open","ping_status":"closed","template":"","meta":[],"product_brand":[296],"product_cat":[138],"product_tag":[439,189,325],"class_list":{"0":"post-2585","1":"product","2":"type-product","3":"status-publish","4":"has-post-thumbnail","6":"product_brand-honda","7":"product_cat-schneefraesen","8":"product_tag-439","9":"product_tag-honda","10":"product_tag-schneefraesen","12":"first","13":"instock","14":"taxable","15":"shipping-taxable","16":"purchasable","17":"product-type-simple"},"_links":{"self":[{"href":"https:\/\/benimarkt.at\/index.php?rest_route=\/wp\/v2\/product\/2585","targetHints":{"allow":["GET"]}}],"collection":[{"href":"https:\/\/benimarkt.at\/index.php?rest_route=\/wp\/v2\/product"}],"about":[{"href":"https:\/\/benimarkt.at\/index.php?rest_route=\/wp\/v2\/types\/product"}],"replies":[{"embeddable":true,"href":"https:\/\/benimarkt.at\/index.php?rest_route=%2Fwp%2Fv2%2Fcomments&post=2585"}],"version-history":[{"count":2,"href":"https:\/\/benimarkt.at\/index.php?rest_route=\/wp\/v2\/product\/2585\/revisions"}],"predecessor-version":[{"id":13803,"href":"https:\/\/benimarkt.at\/index.php?rest_route=\/wp\/v2\/product\/2585\/revisions\/13803"}],"wp:featuredmedia":[{"embeddable":true,"href":"https:\/\/benimarkt.at\/index.php?rest_route=\/wp\/v2\/media\/13723"}],"wp:attachment":[{"href":"https:\/\/benimarkt.at\/index.php?rest_route=%2Fwp%2Fv2%2Fmedia&parent=2585"}],"wp:term":[{"taxonomy":"product_brand","embeddable":true,"href":"https:\/\/benimarkt.at\/index.php?rest_route=%2Fwp%2Fv2%2Fproduct_brand&post=2585"},{"taxonomy":"product_cat","embeddable":true,"href":"https:\/\/benimarkt.at\/index.php?rest_route=%2Fwp%2Fv2%2Fproduct_cat&post=2585"},{"taxonomy":"product_tag","embeddable":true,"href":"https:\/\/benimarkt.at\/index.php?rest_route=%2Fwp%2Fv2%2Fproduct_tag&post=2585"}],"curies":[{"name":"wp","href":"https:\/\/api.w.org\/{rel}","templated":true}]}}