{"id":2580,"date":"2024-11-20T09:25:21","date_gmt":"2024-11-20T08:25:21","guid":{"rendered":"https:\/\/gartenrestposten.de\/?post_type=product&#038;p=2580"},"modified":"2026-01-09T12:01:53","modified_gmt":"2026-01-09T12:01:53","slug":"honda-hss-760a-w-schneefraese-angebot","status":"publish","type":"product","link":"https:\/\/benimarkt.at\/?product=honda-hss-760a-w-schneefraese-angebot","title":{"rendered":"HONDA HSS 760A W Schneefr\u00e4se &#8211; Angebot!"},"content":{"rendered":"<ul>\n<li class=\"opened\"><a><span class=\"title\">Motor<\/span><\/a>\n<div class=\"content\">\n<table>\n<tbody>\n<tr>\n<td class=\"title\">Geschwindigkeit (km\/h)<\/td>\n<td class=\"result\">0-5,04<\/td>\n<\/tr>\n<tr>\n<td class=\"title\">Motor<\/td>\n<td class=\"result\">GX 200<\/td>\n<\/tr>\n<tr>\n<td class=\"title\">Nennleistung (kW\/rpm)<\/td>\n<td class=\"result\">4,1\/3.600<\/td>\n<\/tr>\n<tr>\n<td class=\"title\">Tankvolumen (l)<\/td>\n<td class=\"result\">3,1<\/td>\n<\/tr>\n<tr>\n<td class=\"title\">Betriebsdauer (Std.)<\/td>\n<td class=\"result\">1,8<\/td>\n<\/tr>\n<tr>\n<td class=\"title\">Schallpegel (dB(A))<\/td>\n<td class=\"result\">102<\/td>\n<\/tr>\n<tr>\n<td class=\"title\">Startsystem<\/td>\n<td class=\"result\">Super-Leichtstart<\/td>\n<\/tr>\n<tr>\n<td class=\"title\">Arbeitsstufen<\/td>\n<td class=\"result\">Zwei<\/td>\n<\/tr>\n<\/tbody>\n<\/table>\n<p>&nbsp;<\/p>\n<\/div>\n<\/li>\n<li class=\"opened\"><a><span class=\"title\">Funktion<\/span><\/a>\n<div class=\"content\">\n<table>\n<tbody>\n<tr>\n<td class=\"title\">R\u00e4umbreite (cm)<\/td>\n<td class=\"result\">60.5<\/td>\n<\/tr>\n<tr>\n<td class=\"title\">R\u00e4umh\u00f6he (cm)<\/td>\n<td class=\"result\">55<\/td>\n<\/tr>\n<tr>\n<td class=\"title\">R\u00e4umleistung (t\/Std.)<\/td>\n<td class=\"result\">42<\/td>\n<\/tr>\n<tr>\n<td class=\"title\">Auswurfweite (m)<\/td>\n<td class=\"result\">15<\/td>\n<\/tr>\n<tr>\n<td class=\"title\">Auswurfkamineinstellung<\/td>\n<td class=\"result\">Elektrisch<\/td>\n<\/tr>\n<tr>\n<td class=\"title\">Antrieb<\/td>\n<td class=\"result\">Stufenlos (Hydrostat)<\/td>\n<\/tr>\n<tr>\n<td class=\"title\">Fahrwerk<\/td>\n<td class=\"result\">Rad 14 x 4.6-6<\/td>\n<\/tr>\n<tr>\n<td class=\"title\">Tankanzeige<\/td>\n<td class=\"result\">&#8211;<\/td>\n<\/tr>\n<tr>\n<td class=\"title\">Besonderheiten<\/td>\n<td class=\"result\">Scheinwerfer, 2 + 2 Gleitkufen<\/td>\n<\/tr>\n<\/tbody>\n<\/table>\n<p>&nbsp;<\/p>\n<\/div>\n<\/li>\n<li class=\"opened\"><a><span class=\"title\">Abmessungen<\/span><\/a>\n<div class=\"content\">\n<table>\n<tbody>\n<tr>\n<td class=\"title\">Ma\u00dfe (L) (cm)<\/td>\n<td class=\"result\">148,5<\/td>\n<\/tr>\n<tr>\n<td class=\"title\">Ma\u00dfe (B) (cm)<\/td>\n<td class=\"result\">67<\/td>\n<\/tr>\n<tr>\n<td class=\"title\">Ma\u00dfe (H) (cm)<\/td>\n<td class=\"result\">110,5<\/td>\n<\/tr>\n<tr>\n<td class=\"title\">Gewicht (kg)<\/td>\n<td class=\"result\">95<\/td>\n<\/tr>\n<\/tbody>\n<\/table>\n<\/div>\n<\/li>\n<\/ul>\n","protected":false},"excerpt":{"rendered":"<ul>\n<li>Radantrieb und 60,5 cm R\u00e4umbreite<\/li>\n<li>r\u00e4umt bis zu 42 t\/Std.<\/li>\n<\/ul>\n<div class=\"titleArea\">\n<h3>Modell mit Radantrieb<\/h3>\n<\/div>\n<div class=\"description\">\n<p>Die Niederdruckr\u00e4der aus einem speziell entwickeltem Gummi bieten erstklassige Traktion und ausgezeichnete Man\u00f6vrierbarkeit auf ebenem Untergrund mit Hindernissen und Ecken.<\/p>\n<div class=\"titleArea\">\n<h3>Hydrostat-Antrieb<\/h3>\n<\/div>\n<div class=\"description\">\n<p>Der stufenlose Hydrostat erm\u00f6glicht die Einstellung unterschiedlicher Geschwindigkeiten, ohne dass sich dabei die Drehzahl der Fr\u00e4sschnecke \u00e4ndert.<\/p>\n<\/div>\n<\/div>\n","protected":false},"featured_media":13724,"comment_status":"open","ping_status":"closed","template":"","meta":[],"product_brand":[296],"product_cat":[138],"product_tag":[472,189,325],"class_list":{"0":"post-2580","1":"product","2":"type-product","3":"status-publish","4":"has-post-thumbnail","6":"product_brand-honda","7":"product_cat-schneefraesen","8":"product_tag-472","9":"product_tag-honda","10":"product_tag-schneefraesen","12":"first","13":"instock","14":"taxable","15":"shipping-taxable","16":"purchasable","17":"product-type-simple"},"_links":{"self":[{"href":"https:\/\/benimarkt.at\/index.php?rest_route=\/wp\/v2\/product\/2580","targetHints":{"allow":["GET"]}}],"collection":[{"href":"https:\/\/benimarkt.at\/index.php?rest_route=\/wp\/v2\/product"}],"about":[{"href":"https:\/\/benimarkt.at\/index.php?rest_route=\/wp\/v2\/types\/product"}],"replies":[{"embeddable":true,"href":"https:\/\/benimarkt.at\/index.php?rest_route=%2Fwp%2Fv2%2Fcomments&post=2580"}],"version-history":[{"count":2,"href":"https:\/\/benimarkt.at\/index.php?rest_route=\/wp\/v2\/product\/2580\/revisions"}],"predecessor-version":[{"id":11646,"href":"https:\/\/benimarkt.at\/index.php?rest_route=\/wp\/v2\/product\/2580\/revisions\/11646"}],"wp:featuredmedia":[{"embeddable":true,"href":"https:\/\/benimarkt.at\/index.php?rest_route=\/wp\/v2\/media\/13724"}],"wp:attachment":[{"href":"https:\/\/benimarkt.at\/index.php?rest_route=%2Fwp%2Fv2%2Fmedia&parent=2580"}],"wp:term":[{"taxonomy":"product_brand","embeddable":true,"href":"https:\/\/benimarkt.at\/index.php?rest_route=%2Fwp%2Fv2%2Fproduct_brand&post=2580"},{"taxonomy":"product_cat","embeddable":true,"href":"https:\/\/benimarkt.at\/index.php?rest_route=%2Fwp%2Fv2%2Fproduct_cat&post=2580"},{"taxonomy":"product_tag","embeddable":true,"href":"https:\/\/benimarkt.at\/index.php?rest_route=%2Fwp%2Fv2%2Fproduct_tag&post=2580"}],"curies":[{"name":"wp","href":"https:\/\/api.w.org\/{rel}","templated":true}]}}