{"id":2552,"date":"2024-11-21T11:46:51","date_gmt":"2024-11-21T10:46:51","guid":{"rendered":"https:\/\/gartenrestposten.de\/?post_type=product&#038;p=2552"},"modified":"2026-04-16T10:19:25","modified_gmt":"2026-04-16T10:19:25","slug":"kaercher-bd-43-35-c-ep","status":"publish","type":"product","link":"https:\/\/benimarkt.at\/?product=kaercher-bd-43-35-c-ep","title":{"rendered":"K\u00e4rcher Scheuersaugmaschine BD 43\/35 C Ep"},"content":{"rendered":"<p><strong>Beschreibung:<\/strong><\/p>\n<p>Bei der netzbetriebenen (230 V\/50\u00a0<span class=\"fix-spelling\">Hz<\/span>) Scheuersaugmaschine BD 43\/35 C Ep mit Scheibentechnik entf\u00e4llt die M\u00f6glichkeit des Batteriebetriebs, was das Ger\u00e4t sehr preiswert macht. Technisch ist die Maschine gewohnt hochwertig ausgestattet: Sie \u00fcberzeugt mit 43 Zentimeter Arbeitsbreite, 35 Liter Tankvolumen, einem 900 Millimeter langen, V-f\u00f6rmigen Saugbalken und ist dank EASY-Operation-System mit den markanten, gelben Kn\u00f6pfen spielend einfach zu bedienen. Zudem ist sie sehr leise und kinderleicht zu reinigen. Die wendige BD 43\/35 C Ep eignet sich ideal f\u00fcr kleinere und stark \u00fcberstellte Fl\u00e4chen bis zu 900 m\u00b2. Ihre kompakten Abmessungen erm\u00f6glichen dar\u00fcber hinaus die bestm\u00f6gliche \u00dcbersicht \u00fcber die zu reinigende Fl\u00e4che.<\/p>\n<p>Merkmale und Vorteile<\/p>\n<ul>\n<li class=\"headlinebottom\"><strong>Robuste Bedienelemente<\/strong><\/li>\n<\/ul>\n<p>F\u00fcr den t\u00e4glichen Arbeitseinsatz entwickelt. Robustes, langlebiges und zuverl\u00e4ssiges Ger\u00e4t.<\/p>\n<ul>\n<li class=\"headlinebottom\"><strong>Einfache Bedienung dank EASY-Operation-Panel<\/strong><\/li>\n<\/ul>\n<p>Selbsterkl\u00e4rende Symbole und \u00fcbersichtliches Bedienfeld. Kurze Einarbeitungsphasen. Einfacher Umgang mit der Maschine durch wenige, gelb codierte Bedienelemente.<\/p>\n<ul>\n<li class=\"headlinebottom\"><strong>Kleines, kompaktes Ger\u00e4t<\/strong><\/li>\n<\/ul>\n<p>Besonders wendiges Ger\u00e4t. Gute Sicht auf die zu reinigenden Fl\u00e4chen.<\/p>\n<div class=\"col-sm-5\">\n<h6><strong>Gro\u00dfes Tankvolumen f\u00fcr lange Arbeitsintervalle<\/strong><\/h6>\n<\/div>\n<div class=\"col-sm-7 col-no-padding\">\n<ul>\n<li>Das gro\u00dfe Tankvolumen gew\u00e4hrleistet lange Arbeitsintervalle ohne Unterbrechungen.<\/li>\n<li>F\u00fcr ein sehr effizientes und wirtschaftliches Reinigen.<\/li>\n<\/ul>\n<div class=\"col-sm-5\">\n<h6><strong>Home-Base-System<\/strong><\/h6>\n<\/div>\n<div class=\"col-sm-7 col-no-padding\">\n<ul>\n<li>M\u00f6glichkeiten zum Anbringen von Haken, Beh\u00e4ltern, Mopp etc.<\/li>\n<li>Zus\u00e4tzliche Reinigungsutensilien k\u00f6nnen mitgef\u00fchrt werden.<\/li>\n<\/ul>\n<div class=\"col-sm-5\">\n<h6><strong>Preiswertes Einstiegsmodell in die 25- bis 35-Liter-Klasse<\/strong><\/h6>\n<\/div>\n<div class=\"col-sm-7 col-no-padding\">\n<ul>\n<li>Sehr gutes Preis-Leistungs-Verh\u00e4ltnis.<\/li>\n<li>Reduziert auf das Wichtigste.<\/li>\n<\/ul>\n<div class=\"col-sm-5\">\n<h6><strong>Gelbe, sehr gut sichtbare Bedienelemente<\/strong><\/h6>\n<\/div>\n<div class=\"col-sm-7 col-no-padding\">\n<ul>\n<li>Gelbe Bedienelemente vereinfachen die Bedienung und verk\u00fcrzen die Einlernzeit.<\/li>\n<\/ul>\n<div class=\"col-sm-5\">\n<h6><strong>Netzbetriebenes Ger\u00e4t<\/strong><\/h6>\n<\/div>\n<div class=\"col-sm-7 col-no-padding\">\n<ul>\n<li>Geringes Gewicht und geringe Anschaffungskosten.<\/li>\n<li>Sowohl f\u00fcr den gelegentlichen Bedarf als auch f\u00fcr den Dauereinsatz geeignet.<\/li>\n<\/ul>\n<h5 class=\"section-headline\">Spezifikationen<\/h5>\n<div class=\"row\">\n<div class=\"col-sm-6\">\n<h3>Technische Daten<\/h3>\n<table class=\"table\">\n<tbody>\n<tr>\n<td>Antriebsart<\/td>\n<td>Netzbetrieb<\/td>\n<\/tr>\n<tr>\n<td>Fahrantrieb<\/td>\n<td>Vortrieb durch B\u00fcrstenrotation<\/td>\n<\/tr>\n<tr>\n<td>Arbeitsbreite B\u00fcrsten (mm)<\/td>\n<td>430<\/td>\n<\/tr>\n<tr>\n<td>Arbeitsbreite Saugen (mm)<\/td>\n<td>900<\/td>\n<\/tr>\n<tr>\n<td>Tank Frisch-\/Schmutzwasser (l)<\/td>\n<td>35 \/ 35<\/td>\n<\/tr>\n<tr>\n<td>Fl\u00e4chenleistung theoretisch (ft\u00b2\/hr)<\/td>\n<td>1720<\/td>\n<\/tr>\n<tr>\n<td>Fl\u00e4chenleistung praktisch (m\u00b2\/h)<\/td>\n<td>1250<\/td>\n<\/tr>\n<tr>\n<td>B\u00fcrstendrehzahl (U\/min)<\/td>\n<td>180<\/td>\n<\/tr>\n<tr>\n<td>B\u00fcrstenanpressdruck (g\/cm\u00b2\/kg)<\/td>\n<td>30 &#8211; 40 \/ 26,5 &#8211; 28,5<\/td>\n<\/tr>\n<tr>\n<td>Wasserverbrauch (l\/min)<\/td>\n<td>max. 2,7<\/td>\n<\/tr>\n<tr>\n<td>Schalldruckpegel (dB(A))<\/td>\n<td>70<\/td>\n<\/tr>\n<tr>\n<td>Stromart (V\/<span class=\"fix-spelling\">Hz<\/span>)<\/td>\n<td>230 \/ 50<\/td>\n<\/tr>\n<tr>\n<td>Gewicht ohne Zubeh\u00f6r (kg)<\/td>\n<td>48<\/td>\n<\/tr>\n<tr>\n<td>Abmessungen (L \u00d7 B \u00d7 H) (mm)<\/td>\n<td>1135 x 520 x 1025<\/td>\n<\/tr>\n<tr>\n<td>Farbe<\/td>\n<td>anthrazit<\/td>\n<\/tr>\n<\/tbody>\n<\/table>\n<\/div>\n<h3><\/h3>\n<\/div>\n<\/div>\n<\/div>\n<\/div>\n<\/div>\n<\/div>\n","protected":false},"excerpt":{"rendered":"<h2 class=\"tw-data-text tw-text-large tw-ta\" dir=\"ltr\" data-placeholder=\"Ford\u00edt\u00e1s\" data-ved=\"2ahUKEwjYr__Q8-qJAxX6zAIHHRWGCFAQ3ewLegQIDhAU\" aria-label=\"Leford\u00edtott sz\u00f6veg: Wendig, leicht, leise: Der leistungsstarke Lithium-Ionen-Akku des Scheuersaugers BR 35\/12 C l\u00e4sst sich schnell aufladen. Drehbarer B\u00fcrstenkopf, KART- und Zylindertechnologie. Der Akku und das Ladeger\u00e4t geh\u00f6ren zum Standardzubeh\u00f6r.\"><strong><span style=\"color: #ff0000;\">Unsere Verkaufspreise verstehen sich inklusive Inbetriebnahme von unserer fachwerkstatt.<\/span><\/strong><\/h2>\n<p>Netzbetrieben (230 V\/50\u00a0<span class=\"fix-spelling\">Hz<\/span>) und g\u00fcnstig: Die Scheuersaugmaschine mit Scheibentechnik reinigt bis zu 1700 m\u00b2\/h. Zur wirtschaftlichen Grund- und Unterhaltsreinigung von Fl\u00e4chen bis zu 900 m\u00b2.<\/p>\n","protected":false},"featured_media":11598,"comment_status":"open","ping_status":"closed","template":"","meta":[],"product_brand":[303],"product_cat":[249,169],"product_tag":[432,168,170,171],"class_list":{"0":"post-2552","1":"product","2":"type-product","3":"status-publish","4":"has-post-thumbnail","6":"product_brand-kaercher","7":"product_cat-reinigungsgeraete","8":"product_cat-scheuersaugmaschine","9":"product_tag-432","10":"product_tag-kaercher","11":"product_tag-nachlaeufer-scheuersaugmaschine","12":"product_tag-scheuersaugmaschine","14":"first","15":"outofstock","16":"taxable","17":"shipping-taxable","18":"purchasable","19":"product-type-simple"},"_links":{"self":[{"href":"https:\/\/benimarkt.at\/index.php?rest_route=\/wp\/v2\/product\/2552","targetHints":{"allow":["GET"]}}],"collection":[{"href":"https:\/\/benimarkt.at\/index.php?rest_route=\/wp\/v2\/product"}],"about":[{"href":"https:\/\/benimarkt.at\/index.php?rest_route=\/wp\/v2\/types\/product"}],"replies":[{"embeddable":true,"href":"https:\/\/benimarkt.at\/index.php?rest_route=%2Fwp%2Fv2%2Fcomments&post=2552"}],"version-history":[{"count":2,"href":"https:\/\/benimarkt.at\/index.php?rest_route=\/wp\/v2\/product\/2552\/revisions"}],"predecessor-version":[{"id":11602,"href":"https:\/\/benimarkt.at\/index.php?rest_route=\/wp\/v2\/product\/2552\/revisions\/11602"}],"wp:featuredmedia":[{"embeddable":true,"href":"https:\/\/benimarkt.at\/index.php?rest_route=\/wp\/v2\/media\/11598"}],"wp:attachment":[{"href":"https:\/\/benimarkt.at\/index.php?rest_route=%2Fwp%2Fv2%2Fmedia&parent=2552"}],"wp:term":[{"taxonomy":"product_brand","embeddable":true,"href":"https:\/\/benimarkt.at\/index.php?rest_route=%2Fwp%2Fv2%2Fproduct_brand&post=2552"},{"taxonomy":"product_cat","embeddable":true,"href":"https:\/\/benimarkt.at\/index.php?rest_route=%2Fwp%2Fv2%2Fproduct_cat&post=2552"},{"taxonomy":"product_tag","embeddable":true,"href":"https:\/\/benimarkt.at\/index.php?rest_route=%2Fwp%2Fv2%2Fproduct_tag&post=2552"}],"curies":[{"name":"wp","href":"https:\/\/api.w.org\/{rel}","templated":true}]}}