{"id":2549,"date":"2024-11-21T11:44:31","date_gmt":"2024-11-21T10:44:31","guid":{"rendered":"https:\/\/gartenrestposten.de\/?post_type=product&#038;p=2549"},"modified":"2025-08-18T11:11:22","modified_gmt":"2025-08-18T11:11:22","slug":"kaercher-hds-8-18-4-cx","status":"publish","type":"product","link":"https:\/\/benimarkt.at\/?product=kaercher-hds-8-18-4-cx","title":{"rendered":"K\u00e4rcher Hochdruckreiniger HDS 8\/18-4 CX *EU-I"},"content":{"rendered":"<p><strong>Beschreibung:<\/strong><\/p>\n<p>Der HDS 8\/18-4 CX ist der leistungsst\u00e4rkste Hei\u00dfwasser-Hochdruckreiniger aus unserer HDS-Kompaktklasse. Das 3-phasige Ger\u00e4t mit 4-poligem, wassergek\u00fchltem Elektromotor bietet alles, was heute in Sachen Bedienkomfort, Ergonomie und effizienter Ressourcennutzung erwartet werden darf. Beispielsweise verf\u00fcgt es \u00fcber eine eingebaute Schlauchtrommel inklusive 15-Meter-Hochdruckschlauch. Die einfache Ein-Knopf-Bedienung \u00fcberzeugt Nutzer genauso wie die \u00fcberraschend hohe Mobilit\u00e4t, die durch gro\u00dfe R\u00e4der und eine Lenkrolle gew\u00e4hrleistet wird. W\u00e4hrend die\u00a0<span class=\"fix-spelling\">EASY!Force<\/span>-Hochdruckpistole die R\u00fccksto\u00dfkraft des Hochdruckstrahls ausnutzt, um die Haltekraft auf null zu reduzieren, erm\u00f6glichen die\u00a0<span class=\"fix-spelling\">EASY!Lock<\/span>-Schnellverschl\u00fcsse ein im Vergleich zu herk\u00f6mmlichen Schraubverbindungen 5-mal schnelleres Handling ohne Einbu\u00dfen bei Robustheit und Langlebigkeit. Sicherheit bietet das widerstandsf\u00e4hige Chassis, in dem die Tanks f\u00fcr Reinigungsmittel und Brennstoff gesch\u00fctzt integriert sind. N\u00fctzliche Ablagen f\u00fcr Zubeh\u00f6re und Werkzeuge erg\u00e4nzen die breite Ausstattungspalette des HDS 8\/18-4 CX.<\/p>\n<p><strong>Merkmale und Vorteile:<\/strong><\/p>\n<ul>\n<li class=\"headlinebottom\"><strong>Wirtschaftlichkeit<\/strong><\/li>\n<\/ul>\n<p><span class=\"fix-spelling\">eco!efficiency<\/span>-Stufe \u2013 wirtschaftlich und umweltschonend auch bei l\u00e4ngeren Eins\u00e4tzen. Reduziert Brennstoffverbrauch und CO\u2082-Emissionen um 20 Prozent. Pr\u00e4zise Reinigungsmitteldosierung mit Klarsp\u00fclfunktion.<\/p>\n<ul>\n<li class=\"headlinebottom\"><strong>Bedienerfreundlichkeit<\/strong><\/li>\n<\/ul>\n<p>Intuitive Bedienung durch gro\u00dfen Ein-Knopf-Wahlschalter. Gro\u00dfe Tank\u00f6ffnung mit Einf\u00fcllsch\u00fctte. Handliche Systempflege-Flasche, von au\u00dfen wechselbar.<\/p>\n<ul>\n<li class=\"headlinebottom\"><strong>Aufbewahrung<\/strong><\/li>\n<\/ul>\n<p>Verschlie\u00dfbares Zubeh\u00f6rfach f\u00fcr D\u00fcsen, Werkzeuge usw. Integrierte Schlauchtrommel mit 15 m Hochdruckschlauch. F\u00fcr einen gro\u00dfen Aktionsradius und einfaches Verstauen im Handumdrehen (CX-Varianten). Integrierte Lanzenhalterung f\u00fcr Transport.<\/p>\n<div class=\"row fc-featurebenefits-row\">\n<div class=\"col-sm-5\">\n<h6><strong>Zuverl\u00e4ssigkeit<\/strong><\/h6>\n<\/div>\n<div class=\"col-sm-7 col-no-padding\">\n<ul>\n<li>Das Softd\u00e4mpfungssystem (SDS) kompensiert Schwingungen und Druckspitzen im Hochdrucksystem.<\/li>\n<li>Gro\u00dfer Wasserfilter sch\u00fctzt Pumpe vor Besch\u00e4digungen.<\/li>\n<li>Wasserenth\u00e4rtungssystem zum Schutz der Heizschlange vor Sch\u00e4den durch Verkalkung.<\/li>\n<\/ul>\n<\/div>\n<\/div>\n<div class=\"row fc-featurebenefits-row\">\n<div class=\"col-sm-5\">\n<h6><strong>Mobilit\u00e4t<\/strong><\/h6>\n<\/div>\n<div class=\"col-sm-7 col-no-padding\">\n<ul>\n<li>Joggerprinzip mit gro\u00dfen R\u00e4dern und Lenkrolle.<\/li>\n<li>Gro\u00dfz\u00fcgige, integrierte Grifftaschen im Chassis.<\/li>\n<li>Integrierte Kippmulde f\u00fcr einfaches Kippen beim \u00dcberwinden von Abs\u00e4tzen.<\/li>\n<\/ul>\n<\/div>\n<\/div>\n<div class=\"row fc-featurebenefits-row\">\n<div class=\"col-sm-5\">\n<h6><strong>Sparen Kraft und Zeit:\u00a0<span class=\"fix-spelling\">EASY!Force<\/span>-Hochdruckpistole und\u00a0<span class=\"fix-spelling\">EASY!Lock<\/span>-Schnellverschl\u00fcsse<\/strong><\/h6>\n<\/div>\n<div class=\"col-sm-7 col-no-padding\">\n<ul>\n<li>Endlich erm\u00fcdungsfrei arbeiten: die\u00a0<span class=\"fix-spelling\">EASY!Force<\/span>-Hochdruckpistole.<\/li>\n<li><span class=\"fix-spelling\">EASY!Lock<\/span>-Schnellverschl\u00fcsse: langlebig und robust. Und 5-mal schneller als geschraubt.<\/li>\n<\/ul>\n<h5 class=\"section-headline\">Spezifikationen<\/h5>\n<div class=\"row\">\n<div class=\"col-sm-6\">\n<h3>Technische Daten<\/h3>\n<table class=\"table\">\n<tbody>\n<tr>\n<td>Stromart (Ph\/V\/<span class=\"fix-spelling\">Hz<\/span>)<\/td>\n<td>3 \/ 400 \/ 50<\/td>\n<\/tr>\n<tr>\n<td>F\u00f6rdermenge (l\/h)<\/td>\n<td>300 &#8211; 800<\/td>\n<\/tr>\n<tr>\n<td>Arbeitsdruck (bar\/MPa)<\/td>\n<td>30 &#8211; 180 \/ 3 &#8211; 18<\/td>\n<\/tr>\n<tr>\n<td>Temperatur (bei Zulauf 12 \u00b0C) (\u00b0C)<\/td>\n<td>min. 80 &#8211; max. 155<\/td>\n<\/tr>\n<tr>\n<td>Anschlussleistung (kW)<\/td>\n<td>6<\/td>\n<\/tr>\n<tr>\n<td>Verbrauch Heiz\u00f6l bzw. Gas Volllast (kg\/h)<\/td>\n<td>5<\/td>\n<\/tr>\n<tr>\n<td>Verbrauch Heiz\u00f6l\u00a0<span class=\"fix-spelling\">eco!efficiency<\/span>\u00a0(kg\/h)<\/td>\n<td>4<\/td>\n<\/tr>\n<tr>\n<td>Anschlusskabel (m)<\/td>\n<td>5<\/td>\n<\/tr>\n<tr>\n<td>Brennstofftank (l)<\/td>\n<td>15<\/td>\n<\/tr>\n<tr>\n<td>Gewicht (mit Zubeh\u00f6r) (kg)<\/td>\n<td>122,8<\/td>\n<\/tr>\n<tr>\n<td>Gewicht inkl. Verpackung (kg)<\/td>\n<td>131,6<\/td>\n<\/tr>\n<tr>\n<td>Abmessungen (L \u00d7 B \u00d7 H) (mm)<\/td>\n<td>1250 x 650 x 920<\/td>\n<\/tr>\n<\/tbody>\n<\/table>\n<p><strong>Lieferumfang<\/strong><\/p>\n<ul>\n<li>Handspritzpistole:\u00a0<span class=\"fix-spelling\">EASY!Force<\/span>\u00a0Advanced<\/li>\n<li>HD-Schlauch: 15 m, DN 6, 250 bar<\/li>\n<li>Strahlrohr: 1050 mm<\/li>\n<li>Powerd\u00fcse<\/li>\n<\/ul>\n<h3 class=\"mt-4\">Ausstattung<\/h3>\n<ul>\n<li>Softd\u00e4mpfungssystem (SDS)<\/li>\n<li>Integrierte HD-Schlauchtrommel<\/li>\n<li>Druckabschaltung<\/li>\n<li>integrierter Brennstoff- und Reinigungsmitteltank<\/li>\n<\/ul>\n<h5 class=\"section-headline\">Anwendungsgebiete<\/h5>\n<ul>\n<li>Fahrzeugreinigung<\/li>\n<li>Ger\u00e4te- und Maschinenreinigung<\/li>\n<li>Werkstattreinigung<\/li>\n<li>Reinigung von Au\u00dfenbereichen<\/li>\n<li>Tankstellenreinigung<\/li>\n<li>Fassadenreinigung<\/li>\n<li>Schwimmbadreinigung<\/li>\n<li>Reinigung von Sportst\u00e4tten<\/li>\n<li>Reinigung im Produktionsprozess<\/li>\n<li>Reinigung von Produktionsanlagen<\/li>\n<\/ul>\n<h3><\/h3>\n<\/div>\n<\/div>\n<\/div>\n<\/div>\n","protected":false},"excerpt":{"rendered":"<h2 class=\"tw-data-text tw-text-large tw-ta\" dir=\"ltr\" data-placeholder=\"Ford\u00edt\u00e1s\" data-ved=\"2ahUKEwjYr__Q8-qJAxX6zAIHHRWGCFAQ3ewLegQIDhAU\" aria-label=\"Leford\u00edtott sz\u00f6veg: Wendig, leicht, leise: Der leistungsstarke Lithium-Ionen-Akku des Scheuersaugers BR 35\/12 C l\u00e4sst sich schnell aufladen. Drehbarer B\u00fcrstenkopf, KART- und Zylindertechnologie. Der Akku und das Ladeger\u00e4t geh\u00f6ren zum Standardzubeh\u00f6r.\"><strong><span style=\"color: #ff0000;\">Unsere Verkaufspreise verstehen sich inklusive Inbetriebnahme von unserer fachwerkstatt.<\/span><\/strong><\/h2>\n<p>Der 3-phasige HDS 8\/18-4 CX ist der leistungsst\u00e4rkste Hei\u00dfwasser-Hochdruckreiniger der Kompaktklasse und mit einer eingebauten Schlauchtrommel mit 15-Meter-Hochdruckschlauch ausgestattet.<\/p>\n","protected":false},"featured_media":11603,"comment_status":"open","ping_status":"closed","template":"","meta":[],"product_brand":[],"product_cat":[128,165],"product_tag":[166,167,168],"class_list":{"0":"post-2549","1":"product","2":"type-product","3":"status-publish","4":"has-post-thumbnail","6":"product_cat-hochdruckreiniger","7":"product_cat-warmwasser-hochdruckreiniger","8":"product_tag-heisswasser-hochdruckreiniger","9":"product_tag-hochdruckreiniger","10":"product_tag-kaercher","12":"first","13":"outofstock","14":"taxable","15":"shipping-taxable","16":"purchasable","17":"product-type-simple"},"_links":{"self":[{"href":"https:\/\/benimarkt.at\/index.php?rest_route=\/wp\/v2\/product\/2549","targetHints":{"allow":["GET"]}}],"collection":[{"href":"https:\/\/benimarkt.at\/index.php?rest_route=\/wp\/v2\/product"}],"about":[{"href":"https:\/\/benimarkt.at\/index.php?rest_route=\/wp\/v2\/types\/product"}],"replies":[{"embeddable":true,"href":"https:\/\/benimarkt.at\/index.php?rest_route=%2Fwp%2Fv2%2Fcomments&post=2549"}],"version-history":[{"count":2,"href":"https:\/\/benimarkt.at\/index.php?rest_route=\/wp\/v2\/product\/2549\/revisions"}],"predecessor-version":[{"id":11608,"href":"https:\/\/benimarkt.at\/index.php?rest_route=\/wp\/v2\/product\/2549\/revisions\/11608"}],"wp:featuredmedia":[{"embeddable":true,"href":"https:\/\/benimarkt.at\/index.php?rest_route=\/wp\/v2\/media\/11603"}],"wp:attachment":[{"href":"https:\/\/benimarkt.at\/index.php?rest_route=%2Fwp%2Fv2%2Fmedia&parent=2549"}],"wp:term":[{"taxonomy":"product_brand","embeddable":true,"href":"https:\/\/benimarkt.at\/index.php?rest_route=%2Fwp%2Fv2%2Fproduct_brand&post=2549"},{"taxonomy":"product_cat","embeddable":true,"href":"https:\/\/benimarkt.at\/index.php?rest_route=%2Fwp%2Fv2%2Fproduct_cat&post=2549"},{"taxonomy":"product_tag","embeddable":true,"href":"https:\/\/benimarkt.at\/index.php?rest_route=%2Fwp%2Fv2%2Fproduct_tag&post=2549"}],"curies":[{"name":"wp","href":"https:\/\/api.w.org\/{rel}","templated":true}]}}