{"id":2517,"date":"2024-11-19T14:09:28","date_gmt":"2024-11-19T13:09:28","guid":{"rendered":"https:\/\/gartenrestposten.de\/?post_type=product&#038;p=2517"},"modified":"2025-12-09T08:07:17","modified_gmt":"2025-12-09T08:07:17","slug":"honda-hss-655-et-schneefraesen","status":"publish","type":"product","link":"https:\/\/benimarkt.at\/?product=honda-hss-655-et-schneefraesen","title":{"rendered":"HONDA HSS 655 ET Schneefr\u00e4sen &#8211; Angebot!"},"content":{"rendered":"<div class=\"titleArea\">\n<h3>Elektrostart<\/h3>\n<\/div>\n<div class=\"description\">\n<p>Der integrierte Elektrostart gew\u00e4hrleistet ein m\u00fcheloses Starten der Schneefr\u00e4se.<\/p>\n<div class=\"titleArea\">\n<h3>Getriebe<\/h3>\n<\/div>\n<div class=\"description\">\n<p>Mehr G\u00e4nge bedeuten eine bessere Kontrolle der Leistung. Das Getriebe \u00fcbertr\u00e4gt die ideale Kombination von Leistung und Drehmoment und l\u00e4sst Sie die f\u00fcr Sie am besten geeignete Geschwindigkeit w\u00e4hlen.<\/p>\n<div class=\"titleArea\">\n<h3>Scheinwerfer als Standard<\/h3>\n<\/div>\n<div class=\"description\">\n<p>Ein leistungsstarker und einstellbarer Arbeitsscheinwerfer erleichtert die Bedienung der Schneefr\u00e4se, insbesondere bei Dunkelheit.<\/p>\n<div class=\"titleArea\">\n<h3>Modell mit Raupenlaufwerk<\/h3>\n<\/div>\n<div class=\"description\">\n<p>Die Raupenlaufwerke bieten bessere Traktion bei den meisten Schneebedingungen sowie auf unebenem Untergrund und Kieswegen. Auch an steilen H\u00e4ngen halten sie die Spur, so dass Sie die Maschine voll unter Kontrolle haben.<\/p>\n<\/div>\n<\/div>\n<\/div>\n<\/div>\n<p>&nbsp;<\/p>\n<p><a><span class=\"title\">Motor<\/span><\/a><\/p>\n<div class=\"content\">\n<table>\n<tbody>\n<tr>\n<td class=\"title\">Geschwindigkeit (km\/h)<\/td>\n<td class=\"result\">1,22-3,06<\/td>\n<\/tr>\n<tr>\n<td class=\"title\">Motor<\/td>\n<td class=\"result\">GX 160<\/td>\n<\/tr>\n<tr>\n<td class=\"title\">Nennleistung (kW\/rpm)<\/td>\n<td class=\"result\">3,6\/3.600<\/td>\n<\/tr>\n<tr>\n<td class=\"title\">Tankvolumen (l)<\/td>\n<td class=\"result\">3,1<\/td>\n<\/tr>\n<tr>\n<td class=\"title\">Betriebsdauer (Std.)<\/td>\n<td class=\"result\">2,7<\/td>\n<\/tr>\n<tr>\n<td class=\"title\">Schallpegel (dB(A))<\/td>\n<td class=\"result\">100<\/td>\n<\/tr>\n<tr>\n<td class=\"title\">Startsystem<\/td>\n<td class=\"result\">Super-Leichtstart \/ Elektrostart<\/td>\n<\/tr>\n<tr>\n<td class=\"title\">Arbeitsstufen<\/td>\n<td class=\"result\">Zwei<\/td>\n<\/tr>\n<\/tbody>\n<\/table>\n<p>&nbsp;<\/p>\n<\/div>\n<p><a><span class=\"title\">Funktion<\/span><\/a><\/p>\n<div class=\"content\">\n<table>\n<tbody>\n<tr>\n<td class=\"title\">R\u00e4umbreite (cm)<\/td>\n<td class=\"result\">55<\/td>\n<\/tr>\n<tr>\n<td class=\"title\">R\u00e4umh\u00f6he (cm)<\/td>\n<td class=\"result\">50<\/td>\n<\/tr>\n<tr>\n<td class=\"title\">R\u00e4umleistung (t\/Std.)<\/td>\n<td class=\"result\">37<\/td>\n<\/tr>\n<tr>\n<td class=\"title\">Auswurfweite (m)<\/td>\n<td class=\"result\">14<\/td>\n<\/tr>\n<tr>\n<td class=\"title\">Auswurfkamineinstellung<\/td>\n<td class=\"result\">Manuell<\/td>\n<\/tr>\n<tr>\n<td class=\"title\">Antrieb<\/td>\n<td class=\"result\">3 G\u00e4nge, inkl. R\u00fcckw\u00e4rtsgang<\/td>\n<\/tr>\n<tr>\n<td class=\"title\">Fahrwerk<\/td>\n<td class=\"result\">Raupenlaufwerk<\/td>\n<\/tr>\n<tr>\n<td class=\"title\">Tankanzeige<\/td>\n<td class=\"result\">ja<\/td>\n<\/tr>\n<tr>\n<td class=\"title\">Besonderheiten<\/td>\n<td class=\"result\">Scheinwerfer, 2 Gleitkufen<\/td>\n<\/tr>\n<\/tbody>\n<\/table>\n<p>&nbsp;<\/p>\n<\/div>\n<p><a><span class=\"title\">Abmessungen<\/span><\/a><\/p>\n<div class=\"content\">\n<table>\n<tbody>\n<tr>\n<td class=\"title\">Ma\u00dfe (L) (cm)<\/td>\n<td class=\"result\">150<\/td>\n<\/tr>\n<tr>\n<td class=\"title\">Ma\u00dfe (B) (cm)<\/td>\n<td class=\"result\">55<\/td>\n<\/tr>\n<tr>\n<td class=\"title\">Ma\u00dfe (H) (cm)<\/td>\n<td class=\"result\">112,5<\/td>\n<\/tr>\n<tr>\n<td class=\"title\">Gewicht (kg)<\/td>\n<td class=\"result\">77<\/p>\n<p>&nbsp;<\/p>\n<p>&nbsp;<\/td>\n<\/tr>\n<\/tbody>\n<\/table>\n<\/div>\n","protected":false},"excerpt":{"rendered":"<table style=\"border-collapse: collapse; width: 100%; height: 262px;\">\n<tbody>\n<tr style=\"height: 131px;\">\n<td style=\"width: 25%; height: 131px; text-align: left;\">\n<div class=\"titleArea\">\n<h4>Elektrostart<\/h4>\n<\/div>\n<div class=\"description\">\n<p><span style=\"font-size: 10pt;\">Der integrierte Elektrostart gew\u00e4hrleistet ein m\u00fcheloses Starten der Schneefr\u00e4se.<\/span><\/p>\n<\/div>\n<\/td>\n<td style=\"width: 50%; height: 131px; text-align: left;\">\n<div class=\"titleArea\">\n<h4>Getriebe<\/h4>\n<\/div>\n<div class=\"description\">\n<p><span style=\"font-size: 10pt;\">Mehr G\u00e4nge bedeuten eine bessere Kontrolle der Leistung. Das Getriebe \u00fcbertr\u00e4gt die ideale Kombination von Leistung und Drehmoment und l\u00e4sst Sie die f\u00fcr Sie am besten geeignete Geschwindigkeit w\u00e4hlen.<\/span><\/p>\n<\/div>\n<\/td>\n<\/tr>\n<tr style=\"height: 131px;\">\n<td style=\"width: 25%; height: 131px; text-align: left;\">\n<div class=\"titleArea\">\n<h4>Scheinwerfer als Standard<\/h4>\n<\/div>\n<div class=\"description\">\n<p><span style=\"font-size: 10pt;\">Ein leistungsstarker und einstellbarer Arbeitsscheinwerfer erleichtert die Bedienung der Schneefr\u00e4se, insbesondere bei Dunkelheit.<\/span><\/p>\n<\/div>\n<\/td>\n<td style=\"width: 50%; height: 131px; text-align: left;\">\n<div class=\"titleArea\">\n<h4>Modell mit Raupenlaufwerk<\/h4>\n<\/div>\n<div class=\"description\">\n<p><span style=\"font-size: 10pt;\">Die Raupenlaufwerke bieten bessere Traktion bei den meisten Schneebedingungen sowie auf unebenem Untergrund und Kieswegen. Auch an steilen H\u00e4ngen halten sie die Spur, so dass Sie die Maschine voll unter Kontrolle haben.<\/span><\/p>\n<\/div>\n<\/td>\n<\/tr>\n<\/tbody>\n<\/table>\n<ul>\n<li>Raupenmodell<\/li>\n<li>55 cm R\u00e4umbreite und Elektrostart<\/li>\n<li>Leistung bis zu 37 t\/Std.<\/li>\n<li>HONDA HSS 655 K1 ETD<\/li>\n<\/ul>\n","protected":false},"featured_media":13458,"comment_status":"open","ping_status":"closed","template":"","meta":[],"product_brand":[296],"product_cat":[138],"product_tag":[189,325],"class_list":{"0":"post-2517","1":"product","2":"type-product","3":"status-publish","4":"has-post-thumbnail","6":"product_brand-honda","7":"product_cat-schneefraesen","8":"product_tag-honda","9":"product_tag-schneefraesen","11":"first","12":"outofstock","13":"taxable","14":"shipping-taxable","15":"purchasable","16":"product-type-simple"},"_links":{"self":[{"href":"https:\/\/benimarkt.at\/index.php?rest_route=\/wp\/v2\/product\/2517","targetHints":{"allow":["GET"]}}],"collection":[{"href":"https:\/\/benimarkt.at\/index.php?rest_route=\/wp\/v2\/product"}],"about":[{"href":"https:\/\/benimarkt.at\/index.php?rest_route=\/wp\/v2\/types\/product"}],"replies":[{"embeddable":true,"href":"https:\/\/benimarkt.at\/index.php?rest_route=%2Fwp%2Fv2%2Fcomments&post=2517"}],"version-history":[{"count":1,"href":"https:\/\/benimarkt.at\/index.php?rest_route=\/wp\/v2\/product\/2517\/revisions"}],"predecessor-version":[{"id":11654,"href":"https:\/\/benimarkt.at\/index.php?rest_route=\/wp\/v2\/product\/2517\/revisions\/11654"}],"wp:featuredmedia":[{"embeddable":true,"href":"https:\/\/benimarkt.at\/index.php?rest_route=\/wp\/v2\/media\/13458"}],"wp:attachment":[{"href":"https:\/\/benimarkt.at\/index.php?rest_route=%2Fwp%2Fv2%2Fmedia&parent=2517"}],"wp:term":[{"taxonomy":"product_brand","embeddable":true,"href":"https:\/\/benimarkt.at\/index.php?rest_route=%2Fwp%2Fv2%2Fproduct_brand&post=2517"},{"taxonomy":"product_cat","embeddable":true,"href":"https:\/\/benimarkt.at\/index.php?rest_route=%2Fwp%2Fv2%2Fproduct_cat&post=2517"},{"taxonomy":"product_tag","embeddable":true,"href":"https:\/\/benimarkt.at\/index.php?rest_route=%2Fwp%2Fv2%2Fproduct_tag&post=2517"}],"curies":[{"name":"wp","href":"https:\/\/api.w.org\/{rel}","templated":true}]}}