{"id":2491,"date":"2024-11-21T11:22:17","date_gmt":"2024-11-21T10:22:17","guid":{"rendered":"https:\/\/gartenrestposten.de\/?post_type=product&#038;p=2491"},"modified":"2026-03-30T08:50:52","modified_gmt":"2026-03-30T08:50:52","slug":"kaercher-hds-10-21-4-m-benzin-hochdruckreiniger","status":"publish","type":"product","link":"https:\/\/benimarkt.at\/?product=kaercher-hds-10-21-4-m-benzin-hochdruckreiniger","title":{"rendered":"K\u00e4rcher HDS 10\/21-4 M Warmwasser-Hochdruckreiniger"},"content":{"rendered":"<p><strong>Beschreibung:<\/strong><\/p>\n<p>Der HDS 10\/21-4 M geh\u00f6rt zu den leistungsst\u00e4rksten Hei\u00dfwasser-Hochdruckreinigern der Mittelklasse und begeistert zudem mit durchdachter Ergonomie und hoher Benutzerfreundlichkeit. Sein langsam laufender, 4-poliger und wassergek\u00fchlter Elektromotor, die robuste 3-Kolben-Axialpumpe mit Keramikkolben sowie die sparsame\u00a0<span class=\"fix-spelling\">eco!efficiency<\/span>-Stufe sorgen gleichzeitig f\u00fcr h\u00f6chste Leistung und einen zuverl\u00e4ssigen, wirtschaftlichen Betrieb. Serienm\u00e4\u00dfig f\u00fcr erm\u00fcdungsfreies und zeitsparendes Arbeiten mit dabei sind auch die kraftsparende\u00a0<span class=\"fix-spelling\">EASY!Force<\/span>\u00a0Advanced-HD-Pistole mit Servo Control und 1050 Millimeter langem Strahlrohr mit patentierter D\u00fcsentechnologie sowie die\u00a0<span class=\"fix-spelling\">EASY!Lock<\/span>-Schnellverschl\u00fcsse. \u00dcberzeugend auch viele weitere Ausstattungs- und Leistungsdetails, wie die optimierte Brennertechnik, die 2 Reinigungsmitteltanks, das komfortable Mobilit\u00e4tskonzept, die umfangreiche Sicherheitstechnik, die einfache Bedienung mit nur einem Schalter oder die cleveren M\u00f6glichkeiten zur Zubeh\u00f6raufbewahrung.<\/p>\n<div id=\"featurebenefits\" data-anchor=\"Merkmale und Vorteile\">\n<h5 class=\"section-headline\">Merkmale und Vorteile<\/h5>\n<div class=\"row\">\n<div class=\"col-sm-12\">\n<div class=\"row fc-featurebenefits-row\">\n<div class=\"col-sm-5\">\n<h6><strong>Hohe Wirtschaftlichkeit<\/strong><\/h6>\n<\/div>\n<div class=\"col-sm-7 col-no-padding\">\n<ul>\n<li>In der\u00a0<span class=\"fix-spelling\">eco!efficiency<\/span>-Stufe arbeitet das Ger\u00e4t im wirtschaftlichsten Temperaturbereich (60 \u00b0C) \u2013 und das bei vollem Wasserdurchfluss.<\/li>\n<li>Durch eine optimale Anpassung der Brennerzyklen wird der Brennstoffverbrauch im Vergleich zum Volllastbetrieb um 20 % reduziert.<\/li>\n<\/ul>\n<\/div>\n<\/div>\n<div class=\"row fc-featurebenefits-row\">\n<div class=\"col-sm-5\">\n<h6><strong>Umfangreiches Zubeh\u00f6r mit\u00a0<span class=\"fix-spelling\">EASY!Lock<\/span><\/strong><\/h6>\n<\/div>\n<div class=\"col-sm-7 col-no-padding\">\n<ul>\n<li><span class=\"fix-spelling\">EASY!Force<\/span>\u00a0Advanced f\u00fcr erm\u00fcdungsfreies Arbeiten ohne Haltekr\u00e4fte.<\/li>\n<li>Druck und Wassermenge sind am\u00a0Servo-Control-Regler zwischen Lanze und Pistole einstellbar.<\/li>\n<li>Rotierbare 1050-mm-Edelstahllanze.<\/li>\n<\/ul>\n<\/div>\n<\/div>\n<div class=\"row fc-featurebenefits-row\">\n<div class=\"col-sm-5\">\n<h6><strong>H\u00f6chste Effizienz<\/strong><\/h6>\n<\/div>\n<div class=\"col-sm-7 col-no-padding\">\n<ul>\n<li>Bew\u00e4hrte und hoch effiziente Brennertechnologie \u201emade in Germany\u201c.<\/li>\n<li>4-poliger Elektromotor mit 3-Kolben-Axialpumpe.<\/li>\n<li>Wassergek\u00fchlter Motor f\u00fcr hohe Leistungsf\u00e4higkeit und Langlebigkeit.<\/li>\n<\/ul>\n<\/div>\n<\/div>\n<div class=\"row fc-featurebenefits-row\">\n<div class=\"col-sm-5\">\n<h6><strong>Betriebssicherheit<\/strong><\/h6>\n<\/div>\n<div class=\"col-sm-7 col-no-padding\">\n<ul>\n<li>Leicht zug\u00e4nglicher Wasserfilter sch\u00fctzt die Pumpe vor Partikeln im Wasser.<\/li>\n<li>Sicherheitsventile, Wassermangel- und Brennstoffsicherung gew\u00e4hrleisten die Verf\u00fcgbarkeit des Ger\u00e4ts.<\/li>\n<li>Das Softd\u00e4mpfungssystem (SDS) kompensiert Schwingungen und Druckspitzen im Hochdrucksystem.<\/li>\n<\/ul>\n<\/div>\n<\/div>\n<div class=\"row fc-featurebenefits-row\">\n<div class=\"col-sm-5\">\n<h6><strong>Umfangreiche Aufbewahrungsm\u00f6glichkeiten f\u00fcr Zubeh\u00f6r direkt am Ger\u00e4t<\/strong><\/h6>\n<\/div>\n<div class=\"col-sm-7 col-no-padding\">\n<ul>\n<li>Das komplette Zubeh\u00f6r kann direkt am Ger\u00e4t untergebracht werden. F\u00fcr Saugschlauch und Netzkabel gibt es 2 Haltehaken.<\/li>\n<li>Ger\u00e4umiges Aufbewahrungsfach, z. B. f\u00fcr Reinigungsmittel, Handschuhe oder Werkzeug.<\/li>\n<\/ul>\n<\/div>\n<\/div>\n<div class=\"row fc-featurebenefits-row\">\n<div class=\"col-sm-5\">\n<h6><strong>Reinigungsmitteldosierung<\/strong><\/h6>\n<\/div>\n<div class=\"col-sm-7 col-no-padding\">\n<ul>\n<li>Einfaches Umschalten zwischen Reinigungsmitteltank 1 und 2.<\/li>\n<li>Pr\u00e4zise Reinigungsmitteldosierung mit Klarsp\u00fclfunktion.<\/li>\n<\/ul>\n<\/div>\n<\/div>\n<div class=\"row fc-featurebenefits-row\">\n<div class=\"col-sm-5\">\n<h6><strong>Mobilit\u00e4tskonzept<\/strong><\/h6>\n<\/div>\n<div class=\"col-sm-7 col-no-padding\">\n<ul>\n<li>Joggerprinzip mit gro\u00dfen, gummibereiften R\u00e4dern und Lenkrolle.<\/li>\n<li>Integrierte Kippmulde f\u00fcr kr\u00e4fteschonenden Transport \u00fcber Abs\u00e4tze.<\/li>\n<li>Schubgriffe f\u00fcr einfachen Transport und Man\u00f6vrierbarkeit.<\/li>\n<\/ul>\n<\/div>\n<\/div>\n<div class=\"row fc-featurebenefits-row\">\n<div class=\"col-sm-5\">\n<h6><strong>Einfache Bedienelemente<\/strong><\/h6>\n<\/div>\n<div class=\"col-sm-7 col-no-padding\">\n<ul>\n<li>Ein Schalter f\u00fcr alle Ger\u00e4tefunktionen.<\/li>\n<\/ul>\n<\/div>\n<\/div>\n<\/div>\n<\/div>\n<\/div>\n<div id=\"specifications\" class=\"row\" data-anchor=\"Spezifikationen\">\n<div class=\"col-sm-12\">\n<h5 class=\"section-headline\">Spezifikationen<\/h5>\n<div class=\"row\">\n<div class=\"col-sm-6\">\n<h3>Technische Daten<\/h3>\n<table class=\"table\">\n<tbody>\n<tr>\n<td>Stromart (Ph\/V\/<span class=\"fix-spelling\">Hz<\/span>)<\/td>\n<td>3 \/ 400 \/ 50<\/td>\n<\/tr>\n<tr>\n<td>F\u00f6rdermenge (l\/h)<\/td>\n<td>500 &#8211; 1000<\/td>\n<\/tr>\n<tr>\n<td>Arbeitsdruck (bar\/MPa)<\/td>\n<td>30 &#8211; 210 \/ 3 &#8211; 21<\/td>\n<\/tr>\n<tr>\n<td>Temperatur (bei Zulauf 12 \u00b0C) (\u00b0C)<\/td>\n<td>min. 80 &#8211; max. 155<\/td>\n<\/tr>\n<tr>\n<td>Anschlussleistung (kW)<\/td>\n<td>8<\/td>\n<\/tr>\n<tr>\n<td>Verbrauch Heiz\u00f6l bzw. Gas Volllast (kg\/h)<\/td>\n<td>7,3<\/td>\n<\/tr>\n<tr>\n<td>Verbrauch Heiz\u00f6l\u00a0<span class=\"fix-spelling\">eco!efficiency<\/span>\u00a0(kg\/h)<\/td>\n<td>5,8<\/td>\n<\/tr>\n<tr>\n<td>Anschlusskabel (m)<\/td>\n<td>5<\/td>\n<\/tr>\n<tr>\n<td>Brennstofftank (l)<\/td>\n<td>25<\/td>\n<\/tr>\n<tr>\n<td>Gewicht (mit Zubeh\u00f6r) (kg)<\/td>\n<td>160,2<\/td>\n<\/tr>\n<tr>\n<td>Gewicht inkl. Verpackung (kg)<\/td>\n<td>170,1<\/td>\n<\/tr>\n<tr>\n<td>Abmessungen (L \u00d7 B \u00d7 H) (mm)<\/td>\n<td>1330 x 750 x 1060<\/td>\n<\/tr>\n<\/tbody>\n<\/table>\n<\/div>\n<div class=\"col-sm-6\">\n<p>Lieferumfang<\/p>\n<ul>\n<li>Handspritzpistole:\u00a0<span class=\"fix-spelling\">EASY!Force<\/span>\u00a0Advanced<\/li>\n<li>Hochdruckschlauch: 10 m, Longlife, DN\u00a08, 400\u00a0bar<\/li>\n<li>Strahlrohr: 1050 mm<\/li>\n<li>Powerd\u00fcse<\/li>\n<\/ul>\n<h3 class=\"mt-4\">Ausstattung<\/h3>\n<ul>\n<li>Reinigungsmittelfunktion: 20- + 10-l-Tank<\/li>\n<li>ANTI!Twist<\/li>\n<li>von au\u00dfen bef\u00fcllbare Tanks f\u00fcr Reinigungsmittel, Verkalkungsschutz und Brennstoff<\/li>\n<li>Bedienleiste mit Leuchtanzeige<\/li>\n<li>Druckabschaltung<\/li>\n<li>Pol-Wendestecker (3~)<\/li>\n<li>2 Reinigungsmitteltanks<\/li>\n<li>Trockenlaufschutz<\/li>\n<\/ul>\n<h5 class=\"section-headline\">Anwendungsgebiete<\/h5>\n<ul>\n<li>Fahrzeugreinigung<\/li>\n<li>Ger\u00e4te- und Maschinenreinigung<\/li>\n<li>Werkstattreinigung<\/li>\n<li>Reinigung von Au\u00dfenbereichen<\/li>\n<li>Tankstellenreinigung<\/li>\n<li>Fassadenreinigung<\/li>\n<li>Schwimmbadreinigung<\/li>\n<li>Reinigung von Sportst\u00e4tten<\/li>\n<li>Reinigung im Produktionsprozess<\/li>\n<li>Reinigung von Produktionsanlagen<\/li>\n<\/ul>\n<\/div>\n<\/div>\n<\/div>\n<\/div>\n","protected":false},"excerpt":{"rendered":"<h2 class=\"tw-data-text tw-text-large tw-ta\" dir=\"ltr\" data-placeholder=\"Ford\u00edt\u00e1s\" data-ved=\"2ahUKEwjYr__Q8-qJAxX6zAIHHRWGCFAQ3ewLegQIDhAU\" aria-label=\"Leford\u00edtott sz\u00f6veg: Wendig, leicht, leise: Der leistungsstarke Lithium-Ionen-Akku des Scheuersaugers BR 35\/12 C l\u00e4sst sich schnell aufladen. Drehbarer B\u00fcrstenkopf, KART- und Zylindertechnologie. Der Akku und das Ladeger\u00e4t geh\u00f6ren zum Standardzubeh\u00f6r.\"><strong><span style=\"color: #ff0000;\">Unsere Verkaufspreise verstehen sich inklusive Inbetriebnahme von unserer fachwerkstatt.<\/span><\/strong><\/h2>\n<p>Benutzerfreundlicher, leistungsstarker Hei\u00dfwasser-Hochdruckreiniger mit 4-poligem, wassergek\u00fchltem Elektromotor, wirtschaftlicher\u00a0<span class=\"fix-spelling\">eco!efficiency<\/span>-Stufe und 2 Reinigungsmitteltanks.<\/p>\n","protected":false},"featured_media":11621,"comment_status":"open","ping_status":"closed","template":"","meta":[],"product_brand":[303],"product_cat":[128,249,165],"product_tag":[430,166,167],"class_list":{"0":"post-2491","1":"product","2":"type-product","3":"status-publish","4":"has-post-thumbnail","6":"product_brand-kaercher","7":"product_cat-hochdruckreiniger","8":"product_cat-reinigungsgeraete","9":"product_cat-warmwasser-hochdruckreiniger","10":"product_tag-430","11":"product_tag-heisswasser-hochdruckreiniger","12":"product_tag-hochdruckreiniger","14":"first","15":"outofstock","16":"taxable","17":"shipping-taxable","18":"purchasable","19":"product-type-simple"},"_links":{"self":[{"href":"https:\/\/benimarkt.at\/index.php?rest_route=\/wp\/v2\/product\/2491","targetHints":{"allow":["GET"]}}],"collection":[{"href":"https:\/\/benimarkt.at\/index.php?rest_route=\/wp\/v2\/product"}],"about":[{"href":"https:\/\/benimarkt.at\/index.php?rest_route=\/wp\/v2\/types\/product"}],"replies":[{"embeddable":true,"href":"https:\/\/benimarkt.at\/index.php?rest_route=%2Fwp%2Fv2%2Fcomments&post=2491"}],"version-history":[{"count":2,"href":"https:\/\/benimarkt.at\/index.php?rest_route=\/wp\/v2\/product\/2491\/revisions"}],"predecessor-version":[{"id":11628,"href":"https:\/\/benimarkt.at\/index.php?rest_route=\/wp\/v2\/product\/2491\/revisions\/11628"}],"wp:featuredmedia":[{"embeddable":true,"href":"https:\/\/benimarkt.at\/index.php?rest_route=\/wp\/v2\/media\/11621"}],"wp:attachment":[{"href":"https:\/\/benimarkt.at\/index.php?rest_route=%2Fwp%2Fv2%2Fmedia&parent=2491"}],"wp:term":[{"taxonomy":"product_brand","embeddable":true,"href":"https:\/\/benimarkt.at\/index.php?rest_route=%2Fwp%2Fv2%2Fproduct_brand&post=2491"},{"taxonomy":"product_cat","embeddable":true,"href":"https:\/\/benimarkt.at\/index.php?rest_route=%2Fwp%2Fv2%2Fproduct_cat&post=2491"},{"taxonomy":"product_tag","embeddable":true,"href":"https:\/\/benimarkt.at\/index.php?rest_route=%2Fwp%2Fv2%2Fproduct_tag&post=2491"}],"curies":[{"name":"wp","href":"https:\/\/api.w.org\/{rel}","templated":true}]}}