{"id":2481,"date":"2024-11-21T11:15:44","date_gmt":"2024-11-21T10:15:44","guid":{"rendered":"https:\/\/gartenrestposten.de\/?post_type=product&#038;p=2481"},"modified":"2026-01-22T07:14:00","modified_gmt":"2026-01-22T07:14:00","slug":"kaercher-hds-5-11-ux-plus","status":"publish","type":"product","link":"https:\/\/benimarkt.at\/?product=kaercher-hds-5-11-ux-plus","title":{"rendered":"K\u00e4rcher HDS 5\/11 UX Plus Hochdruckreiniger"},"content":{"rendered":"<div id=\"description\" class=\"row\" data-anchor=\"Beschreibung\">\n<div class=\"col-sm-12\">\n<p>HDS 5\/11 UX: Das Einstiegsger\u00e4t in die Klasse der Hei\u00dfwasser-Hochdruckreiniger \u00fcberzeugt mit seinem durchdachten und innovativen Uprightdesign. Diese Art einer horizontalen Ger\u00e4tekonzeption f\u00fchrt zu einem geringen Gewicht und sehr kompakten Ma\u00dfen. Damit ist das Ger\u00e4t sowohl sehr einfach in Pkw-Kombis zu transportieren als auch \u2013 dank der gro\u00dfen R\u00e4der und des Schubb\u00fcgels \u2013 auf unebenem Untergrund sehr mobil. Eine hocheffiziente Reinigungsleistung garantiert das Zusammenspiel von patentierter D\u00fcsentechnologie, Turbogebl\u00e4se und erh\u00f6htem Pumpenwirkungsgrad. Komfortables Arbeiten erm\u00f6glichen die\u00a0<span class=\"fix-spelling\">EASY!Force<\/span>-Hochdruckpistole, die die R\u00fccksto\u00dfkraft des Hochdruckstrahls nutzt, um damit die Haltekraft f\u00fcr den Anwender auf null zu reduzieren, sowie die\u00a0<span class=\"fix-spelling\">EASY!Lock<\/span>-Schnellverschl\u00fcsse, mit denen das Auf- und Abr\u00fcsten im Vergleich zu herk\u00f6mmlichen Schraubverbindungen 5-mal schneller von der Hand geht. Eine einfache Bedienung, Ablagem\u00f6glichkeiten f\u00fcr Schlauch und Spr\u00fchlanze sowie eine integrierte Schlauchtrommel mit 15-Meter-Hochdruckschlauch erg\u00e4nzen die umfangreiche Ausstattung des Ger\u00e4ts.<\/p>\n<\/div>\n<\/div>\n<div id=\"featurebenefits\" data-anchor=\"Merkmale und Vorteile\">\n<h5 class=\"section-headline\">Merkmale und Vorteile<\/h5>\n<ul>\n<li class=\"headlinebottom\"><strong>Integrierte Schlauchtrommel<\/strong><\/li>\n<\/ul>\n<p>Bequemes und sicheres Verstauen des Hochdruckschlauchs. Gew\u00e4hrleistet ergonomisches Arbeiten. Reduzierte R\u00fcstzeiten.<\/p>\n<ul>\n<li class=\"headlinebottom\"><strong>Innovatives Uprightdesign<\/strong><\/li>\n<\/ul>\n<p>Kr\u00e4fteschonender Transport \u00fcber Abs\u00e4tze oder Treppenstufen. Gro\u00dfe R\u00e4der f\u00fcr unbefestigte Oberfl\u00e4chen.<\/p>\n<ul>\n<li class=\"headlinebottom\"><strong>Wasserfeinfilter<\/strong><\/li>\n<\/ul>\n<p>Sicherer Schutz der Hochdruckpumpe vor Verunreinigungen. M\u00fchelos von au\u00dfen entnehmbar.<\/p>\n<div id=\"featurebenefits\" data-anchor=\"Merkmale und Vorteile\">\n<div class=\"row\">\n<div class=\"col-sm-12\">\n<div class=\"row fc-featurebenefits-row\">\n<div class=\"col-sm-5\">\n<ul>\n<li><strong>Kompakte Bauweise<\/strong><\/li>\n<\/ul>\n<\/div>\n<div class=\"col-sm-7 col-no-padding\">\n<ul>\n<li>Platzsparendes Lagern und Transportieren.<\/li>\n<li>Auslaufsichere Pumpe und Brennstofftank f\u00fcr liegenden Transport.<\/li>\n<li>Ideal auch f\u00fcr kleinere Servicefahrzeuge.<\/li>\n<\/ul>\n<\/div>\n<\/div>\n<div class=\"row fc-featurebenefits-row\">\n<div class=\"col-sm-5\">\n<h6><strong>Sparen Kraft und Zeit:\u00a0<span class=\"fix-spelling\">EASY!Force<\/span>-Hochdruckpistole und\u00a0<span class=\"fix-spelling\">EASY!Lock<\/span>-Schnellverschl\u00fcsse<\/strong><\/h6>\n<\/div>\n<div class=\"col-sm-7 col-no-padding\">\n<ul>\n<li>Endlich erm\u00fcdungsfrei arbeiten: die\u00a0<span class=\"fix-spelling\">EASY!Force<\/span>-Hochdruckpistole.<\/li>\n<li><span class=\"fix-spelling\">EASY!Lock<\/span>-Schnellverschl\u00fcsse: langlebig und robust. Und 5-mal schneller als geschraubt.<\/li>\n<\/ul>\n<\/div>\n<\/div>\n<\/div>\n<\/div>\n<\/div>\n<div id=\"specifications\" class=\"row\" data-anchor=\"Spezifikationen\">\n<div class=\"col-sm-12\">\n<h5 class=\"section-headline\">Spezifikationen<\/h5>\n<div class=\"row\">\n<div class=\"col-sm-6\">\n<h3>Technische Daten<\/h3>\n<table class=\"table\">\n<tbody>\n<tr>\n<td>Stromart (Ph\/V\/<span class=\"fix-spelling\">Hz<\/span>)<\/td>\n<td>1 \/ 230 \/ 50<\/td>\n<\/tr>\n<tr>\n<td>F\u00f6rdermenge (l\/h)<\/td>\n<td>450<\/td>\n<\/tr>\n<tr>\n<td>Arbeitsdruck (bar\/MPa)<\/td>\n<td>110 \/ 11<\/td>\n<\/tr>\n<tr>\n<td>Temperatur (\u00b0C)<\/td>\n<td>max. 80<\/td>\n<\/tr>\n<tr>\n<td>Anschlussleistung (kW)<\/td>\n<td>2,2<\/td>\n<\/tr>\n<tr>\n<td>Verbrauch Heiz\u00f6l bzw. Gas Volllast (kg\/h)<\/td>\n<td>2,4<\/td>\n<\/tr>\n<tr>\n<td>Brennstofftank (l)<\/td>\n<td>6,5<\/td>\n<\/tr>\n<tr>\n<td>Farbe<\/td>\n<td>anthrazit<\/td>\n<\/tr>\n<tr>\n<td>Gewicht (mit Zubeh\u00f6r) (kg)<\/td>\n<td>80,5<\/td>\n<\/tr>\n<tr>\n<td>Gewicht inkl. Verpackung (kg)<\/td>\n<td>89,7<\/td>\n<\/tr>\n<tr>\n<td>Abmessungen (L \u00d7 B \u00d7 H) (mm)<\/td>\n<td>618 x 1163 x 994<\/td>\n<\/tr>\n<\/tbody>\n<\/table>\n<\/div>\n<h5 class=\"section-headline\">Anwendungsgebiete<\/h5>\n<ul>\n<li>Fahrzeugreinigung<\/li>\n<li>Ger\u00e4te- und Maschinenreinigung<\/li>\n<li>Werkstattreinigung<\/li>\n<li>Reinigung von Au\u00dfenbereichen<\/li>\n<li>Tankstellenreinigung<\/li>\n<li>Fassadenreinigung<\/li>\n<li>Schwimmbadreinigung<\/li>\n<li>Reinigung von Sportst\u00e4tten<\/li>\n<li>Reinigung im Produktionsprozess<\/li>\n<li>Reinigung von Produktionsanlagen<\/li>\n<\/ul>\n<p><strong>Lieferumfang<\/strong><\/p>\n<ul>\n<li>Handspritzpistole:\u00a0<span class=\"fix-spelling\">EASY!Force<\/span>\u00a0Advanced<\/li>\n<li>HD-Schlauch: 15 m<\/li>\n<li>Strahlrohr: 840 mm<\/li>\n<li>Dreckfr\u00e4ser<\/li>\n<\/ul>\n<h3 class=\"mt-4\"><strong><span style=\"font-size: 12pt;\">Ausstattung<\/span><\/strong><\/h3>\n<ul>\n<li style=\"list-style-type: none;\">\n<ul>\n<li>Integrierte HD-Schlauchtrommel<\/li>\n<li>Druckabschaltung<\/li>\n<\/ul>\n<\/li>\n<\/ul>\n<h3><\/h3>\n<\/div>\n<\/div>\n<\/div>\n<\/div>\n","protected":false},"excerpt":{"rendered":"<h2 class=\"tw-data-text tw-text-large tw-ta\" dir=\"ltr\" data-placeholder=\"Ford\u00edt\u00e1s\" data-ved=\"2ahUKEwjYr__Q8-qJAxX6zAIHHRWGCFAQ3ewLegQIDhAU\" aria-label=\"Leford\u00edtott sz\u00f6veg: Wendig, leicht, leise: Der leistungsstarke Lithium-Ionen-Akku des Scheuersaugers BR 35\/12 C l\u00e4sst sich schnell aufladen. Drehbarer B\u00fcrstenkopf, KART- und Zylindertechnologie. Der Akku und das Ladeger\u00e4t geh\u00f6ren zum Standardzubeh\u00f6r.\"><strong><span style=\"color: #ff0000;\">Unsere Verkaufspreise verstehen sich inklusive Inbetriebnahme von unserer fachwerkstatt.<\/span><\/strong><\/h2>\n<p>Hei\u00dfwasser-Hochdruckreiniger HDS 5\/11 UX. Preisattraktives Einstiegsmodell mit Schlauchtrommel und 15-m-Hochdruckschlauch, innovativem Uprightdesign, hochmobil und ergonomisch.<\/p>\n","protected":false},"featured_media":11632,"comment_status":"open","ping_status":"closed","template":"","meta":[],"product_brand":[303],"product_cat":[128,249,165],"product_tag":[431,166,167,168],"class_list":{"0":"post-2481","1":"product","2":"type-product","3":"status-publish","4":"has-post-thumbnail","6":"product_brand-kaercher","7":"product_cat-hochdruckreiniger","8":"product_cat-reinigungsgeraete","9":"product_cat-warmwasser-hochdruckreiniger","10":"product_tag-431","11":"product_tag-heisswasser-hochdruckreiniger","12":"product_tag-hochdruckreiniger","13":"product_tag-kaercher","15":"first","16":"outofstock","17":"taxable","18":"shipping-taxable","19":"purchasable","20":"product-type-simple"},"_links":{"self":[{"href":"https:\/\/benimarkt.at\/index.php?rest_route=\/wp\/v2\/product\/2481","targetHints":{"allow":["GET"]}}],"collection":[{"href":"https:\/\/benimarkt.at\/index.php?rest_route=\/wp\/v2\/product"}],"about":[{"href":"https:\/\/benimarkt.at\/index.php?rest_route=\/wp\/v2\/types\/product"}],"replies":[{"embeddable":true,"href":"https:\/\/benimarkt.at\/index.php?rest_route=%2Fwp%2Fv2%2Fcomments&post=2481"}],"version-history":[{"count":2,"href":"https:\/\/benimarkt.at\/index.php?rest_route=\/wp\/v2\/product\/2481\/revisions"}],"predecessor-version":[{"id":11634,"href":"https:\/\/benimarkt.at\/index.php?rest_route=\/wp\/v2\/product\/2481\/revisions\/11634"}],"wp:featuredmedia":[{"embeddable":true,"href":"https:\/\/benimarkt.at\/index.php?rest_route=\/wp\/v2\/media\/11632"}],"wp:attachment":[{"href":"https:\/\/benimarkt.at\/index.php?rest_route=%2Fwp%2Fv2%2Fmedia&parent=2481"}],"wp:term":[{"taxonomy":"product_brand","embeddable":true,"href":"https:\/\/benimarkt.at\/index.php?rest_route=%2Fwp%2Fv2%2Fproduct_brand&post=2481"},{"taxonomy":"product_cat","embeddable":true,"href":"https:\/\/benimarkt.at\/index.php?rest_route=%2Fwp%2Fv2%2Fproduct_cat&post=2481"},{"taxonomy":"product_tag","embeddable":true,"href":"https:\/\/benimarkt.at\/index.php?rest_route=%2Fwp%2Fv2%2Fproduct_tag&post=2481"}],"curies":[{"name":"wp","href":"https:\/\/api.w.org\/{rel}","templated":true}]}}