{"id":2475,"date":"2024-11-16T19:55:14","date_gmt":"2024-11-16T18:55:14","guid":{"rendered":"https:\/\/gartenrestposten.de\/?post_type=product&#038;p=2475"},"modified":"2026-01-06T09:18:05","modified_gmt":"2026-01-06T09:18:05","slug":"honda-em5500cxs-benzin-stromerzeuger","status":"publish","type":"product","link":"https:\/\/benimarkt.at\/?product=honda-em5500cxs-benzin-stromerzeuger","title":{"rendered":"Honda EM5500CXS Benzin-Stromerzeuger"},"content":{"rendered":"","protected":false},"excerpt":{"rendered":"<p>Honda EM 5500 CXS:<\/p>\n<ul>\n<li>Qualitativ hochwertige, saubere Leistung: Der EM 5500CXS liefert Strom mittels der intelligenten Honda Auto-Voltregulierung (i-AVR). Damit wird eine gleichm\u00e4\u00dfige Spannungsregelung zur Verf\u00fcgung gestellt, die auf Lastschwankungen jeglicher Art reagieren kann.<\/li>\n<li>Komfortabler Betrieb: EM 5500CXS verf\u00fcgt \u00fcber Honda Leerlaufschaltung, ein einzigartiges System zur Erkennung von ansteigenden Verbrauchern, die dabei aber leise und konstant die Drehzahl angleicht, ohne dass Sie einen Leistungsabfall bemerken. Wenn weniger ben\u00f6tigt wird, verringert sich die Drehzahl, was wiederum Kraftstoff und Geld spart. Sie verf\u00fcgen au\u00dferdem serienm\u00e4\u00dfig \u00fcber Elektrostart und Transportr\u00e4der. Der EM 5500CXS kann mit dem Universal\u00fcberbr\u00fcckungsschalter ausgestattet werden, der automatisch die Stromversorgung bei Ihnen zu Hause regelt, indem er je nach Bedarf von Stromversorgung auf Stromerzeuger umschaltet.<\/li>\n<li>Auto-Choke: Das intelligente Auto- Choke-System nimmt eine automatische Einstellung der Startklappe vor, um in allen Situationen ein optimaler Start und Laufverhalten zu gew\u00e4hrleisten.<\/li>\n<li>Elektrostart: Elektrischer Start durch Schl\u00fcsselbet\u00e4tigung, f\u00fcr einen m\u00fchelosen Betrieb. (Alle Modelle verf\u00fcgen auch \u00fcber einen Handstart).<\/li>\n<li>Transportr\u00e4der: Leichtg\u00e4ngige und stabile Transportr\u00e4der erm\u00f6glichen ein einfaches Man\u00f6vrieren durch nur eine Person.<\/li>\n<li>Erweiterte Laufzeit: Modell mit gr\u00f6\u00dferem Kraftstofftank, f\u00fcr einen l\u00e4ngeren Dauerbetrieb<\/li>\n<li>Verbessertes Anti-Vibration-System: Unsere 45\u00b0 angebrachten Gummihalterungen stellen im Vergleich zu geradlinig angebrachten Industrie-Standard- Gummihalterungen eine \u00fcberlegene Vibrationsd\u00e4mpfung bereit.<\/li>\n<li>\u00d6lmangel-Schutz: Verhindert eine Besch\u00e4digung des Motors durch automatisches Abschalten, falls der \u00d6lstand unter einen f\u00fcr den Betrieb sicheren Pegel f\u00e4llt.<\/li>\n<\/ul>\n<p>Technische Daten:<\/p>\n<p>Spannungsregelung i-AVR<br \/>\nTyp Einphasig<br \/>\nMax. Leistung (W) 5500<br \/>\nDauerleistung (W) 5000<br \/>\nNennspannung (V) 230<br \/>\nFrequenz (Hz) 50<br \/>\nStromst\u00e4rke-\u00dcberlast (A) 21,7<\/p>\n<p>Motor<\/p>\n<p>Motor i-GX390<br \/>\nMotortyp 4-takt, OHV, 1 Zylinder<br \/>\nHubraum (cm\u00b3) 389<br \/>\nBohrung und Hub (mm) 88 x 64<br \/>\nGeschwindigkeit (UpM) 3<br \/>\nK\u00fchlung Luft<br \/>\nZ\u00fcndanlage Transistor<br \/>\nMotor\u00f6lvolumen (L) 1,1<br \/>\nTankvolumen (L) 23,5<br \/>\nBetriebsdauer bei Dauerleistung (h) 8<br \/>\nStartsystem Seilzug und E-Start<br \/>\nSchalldruckpegel am Arbeitsplatz (dB(A)) 77<br \/>\nSchallleistungspegel (dB(A)) 96<\/p>\n<p>Abmessungen<\/p>\n<p>L\u00e4nge (mm) 725<br \/>\nL\u00e4nge mit ausgeklapptem Griff (mm) 1047,5<br \/>\nBreite (mm) 706<br \/>\nH\u00f6he (mm) 719<br \/>\nTrockengewicht (kg) 108,8<\/p>\n<p>&nbsp;<\/p>\n<p>&nbsp;<\/p>\n","protected":false},"featured_media":13078,"comment_status":"open","ping_status":"closed","template":"","meta":[],"product_brand":[296],"product_cat":[143,148],"product_tag":[571,189,326],"class_list":{"0":"post-2475","1":"product","2":"type-product","3":"status-publish","4":"has-post-thumbnail","6":"product_brand-honda","7":"product_cat-bautechnik","8":"product_cat-stromerzeuger","9":"product_tag-571","10":"product_tag-honda","11":"product_tag-stromerzeuger","13":"first","14":"instock","15":"taxable","16":"shipping-taxable","17":"purchasable","18":"product-type-simple"},"_links":{"self":[{"href":"https:\/\/benimarkt.at\/index.php?rest_route=\/wp\/v2\/product\/2475","targetHints":{"allow":["GET"]}}],"collection":[{"href":"https:\/\/benimarkt.at\/index.php?rest_route=\/wp\/v2\/product"}],"about":[{"href":"https:\/\/benimarkt.at\/index.php?rest_route=\/wp\/v2\/types\/product"}],"replies":[{"embeddable":true,"href":"https:\/\/benimarkt.at\/index.php?rest_route=%2Fwp%2Fv2%2Fcomments&post=2475"}],"version-history":[{"count":1,"href":"https:\/\/benimarkt.at\/index.php?rest_route=\/wp\/v2\/product\/2475\/revisions"}],"predecessor-version":[{"id":11656,"href":"https:\/\/benimarkt.at\/index.php?rest_route=\/wp\/v2\/product\/2475\/revisions\/11656"}],"wp:featuredmedia":[{"embeddable":true,"href":"https:\/\/benimarkt.at\/index.php?rest_route=\/wp\/v2\/media\/13078"}],"wp:attachment":[{"href":"https:\/\/benimarkt.at\/index.php?rest_route=%2Fwp%2Fv2%2Fmedia&parent=2475"}],"wp:term":[{"taxonomy":"product_brand","embeddable":true,"href":"https:\/\/benimarkt.at\/index.php?rest_route=%2Fwp%2Fv2%2Fproduct_brand&post=2475"},{"taxonomy":"product_cat","embeddable":true,"href":"https:\/\/benimarkt.at\/index.php?rest_route=%2Fwp%2Fv2%2Fproduct_cat&post=2475"},{"taxonomy":"product_tag","embeddable":true,"href":"https:\/\/benimarkt.at\/index.php?rest_route=%2Fwp%2Fv2%2Fproduct_tag&post=2475"}],"curies":[{"name":"wp","href":"https:\/\/api.w.org\/{rel}","templated":true}]}}