{"id":2458,"date":"2024-11-16T17:24:52","date_gmt":"2024-11-16T16:24:52","guid":{"rendered":"https:\/\/gartenrestposten.de\/?post_type=product&#038;p=2458"},"modified":"2025-12-01T10:55:24","modified_gmt":"2025-12-01T10:55:24","slug":"honda-miimo-hrm-70-live-maehrobotereinbausatzdocking-station","status":"publish","type":"product","link":"https:\/\/benimarkt.at\/?product=honda-miimo-hrm-70-live-maehrobotereinbausatzdocking-station","title":{"rendered":"Honda Miimo HRM 70 live M\u00e4hroboter+Einbausatz+Docking-Station"},"content":{"rendered":"<p>Honda M\u00e4hroboter Miimo HRM 70 live<br \/>\nDer intelligente Miimo M\u00e4hroboter ist perfekt f\u00fcr kleine-mittele Rasenfl\u00e4chen geeignet. Neben der problemlosen Einrichtung mit vielen neuen Funktionen \u00fcberzeugt vor allem die Schnittleistung.<\/p>\n<p>Mit vier einfachen Einrichtungsschritten werden M\u00e4hbereiche festgelegt, die Gartengr\u00f6\u00dfe berechnet und ein individueller M\u00e4hzeitplan erstellt. Bei geringem Akkustand steuert der Miimo rechtzeitig die Ladestation an und setzt anschlie\u00dfend seine Arbeit an der Stelle fort, an der sie unterbrochen wurde.<\/p>\n<p>M\u00e4hfl\u00e4chenleistung bis zu 700 m\u00b2<br \/>\nArbeitsleistung 29 m\u00b2\/h<br \/>\nMax. Winkel M\u00e4hfl\u00e4che 15\u00b0 \/ 27%<br \/>\nMax. Winkel quer zum Hang 9\u00b0 \/ 15%<br \/>\nGarantierter Schallpegel 63 db(A)<br \/>\nMessersystem 3 (Schwingmesser)<br \/>\nSchnittbreite 190 mm<br \/>\nSchnitth\u00f6heneinstellung Manuell von 30 bis 50 mm<br \/>\nAkku Li-Ion 18.0 V \/ 2,5 Ah<br \/>\nM\u00e4hzeit pro Ladung 45 min<br \/>\nLadezeit 45 min<br \/>\nSchutzklasse (Wasserfestigkeit) IPX4<br \/>\nSmartphone App Android und iOS<br \/>\nPosition der Ladestation Ecken und Kanten<br \/>\nBegrenzungskabel und Haken 125 m \/ 180 Haken<br \/>\nL\u00e4nge x Breite x H\u00f6he 445 x 364 x 202 mm<br \/>\nGewicht 8,1 kg<\/p>\n","protected":false},"excerpt":{"rendered":"<p>Neben den Motoren f\u00fcr PKWs, Motorr\u00e4der, Rennwagen usw. kann der japanische Traditionskonzern Honda auch auf eine lange Erfolgsgeschichte der Motorisierung f\u00fcr Garten- und Arbeitsger\u00e4te zur\u00fcckblicken: alles begann in den sp\u00e4ten 1940ern mit einem kleinen Motor f\u00fcr Funkger\u00e4te, den der Gr\u00fcnder Soichiro Honda als Hilfsantrieb f\u00fcr Fahrr\u00e4der verbaute.<\/p>\n<p>Nach dem Erfolg seiner Fahrrad-Hilfsmotoren begann Honda die Motorisierung landwirtschaftlicher Arbeitsger\u00e4te. Die erste Motorhacke, die sich im landwirtschaftlich gepr\u00e4gten Japan der 40er\/50er-Jahre sehr erfolgreich verkaufte, war wegweisend f\u00fcr alles, was Honda danach entwickelte. An erster Stelle steht dabei seit jeher der Anspruch, den Menschen das Leben und die Arbeit durch Technologie einfacher zu machen und sie mit ihren Problemen nicht alleine zu lassen.<\/p>\n<p>Heute bietet Honda ein breites Sortiment von motorisierten Gartenger\u00e4ten, die Honda Power Products, an: von der Heckenschere, \u00fcber den Rasenm\u00e4her bis hin zu gr\u00f6\u00dferen Ger\u00e4ten wie den Motorhacken oder Schneefr\u00e4sen. Mit seinen Viertaktmotoren konnte Honda sich \u00fcber die Jahrzehnte hinweg als einer der f\u00fchrenden Motorenhersteller behaupten und durch immer wieder neue Innovationen auch im Sektor der Motorger\u00e4te von der Konkurrenz abheben.<\/p>\n","protected":false},"featured_media":13089,"comment_status":"open","ping_status":"closed","template":"","meta":[],"product_brand":[296],"product_cat":[134,129],"product_tag":[189,176],"class_list":{"0":"post-2458","1":"product","2":"type-product","3":"status-publish","4":"has-post-thumbnail","6":"product_brand-honda","7":"product_cat-gartenbau","8":"product_cat-maehroboter","9":"product_tag-honda","10":"product_tag-maehroboter","12":"first","13":"instock","14":"taxable","15":"shipping-taxable","16":"purchasable","17":"product-type-simple"},"_links":{"self":[{"href":"https:\/\/benimarkt.at\/index.php?rest_route=\/wp\/v2\/product\/2458","targetHints":{"allow":["GET"]}}],"collection":[{"href":"https:\/\/benimarkt.at\/index.php?rest_route=\/wp\/v2\/product"}],"about":[{"href":"https:\/\/benimarkt.at\/index.php?rest_route=\/wp\/v2\/types\/product"}],"replies":[{"embeddable":true,"href":"https:\/\/benimarkt.at\/index.php?rest_route=%2Fwp%2Fv2%2Fcomments&post=2458"}],"version-history":[{"count":1,"href":"https:\/\/benimarkt.at\/index.php?rest_route=\/wp\/v2\/product\/2458\/revisions"}],"predecessor-version":[{"id":12016,"href":"https:\/\/benimarkt.at\/index.php?rest_route=\/wp\/v2\/product\/2458\/revisions\/12016"}],"wp:featuredmedia":[{"embeddable":true,"href":"https:\/\/benimarkt.at\/index.php?rest_route=\/wp\/v2\/media\/13089"}],"wp:attachment":[{"href":"https:\/\/benimarkt.at\/index.php?rest_route=%2Fwp%2Fv2%2Fmedia&parent=2458"}],"wp:term":[{"taxonomy":"product_brand","embeddable":true,"href":"https:\/\/benimarkt.at\/index.php?rest_route=%2Fwp%2Fv2%2Fproduct_brand&post=2458"},{"taxonomy":"product_cat","embeddable":true,"href":"https:\/\/benimarkt.at\/index.php?rest_route=%2Fwp%2Fv2%2Fproduct_cat&post=2458"},{"taxonomy":"product_tag","embeddable":true,"href":"https:\/\/benimarkt.at\/index.php?rest_route=%2Fwp%2Fv2%2Fproduct_tag&post=2458"}],"curies":[{"name":"wp","href":"https:\/\/api.w.org\/{rel}","templated":true}]}}