{"id":2410,"date":"2024-11-12T15:27:34","date_gmt":"2024-11-12T14:27:34","guid":{"rendered":"https:\/\/gartenrestposten.de\/?post_type=product&#038;p=2410"},"modified":"2025-08-28T07:41:48","modified_gmt":"2025-08-28T07:41:48","slug":"huawei-watch-gt-5-41mm-gold","status":"publish","type":"product","link":"https:\/\/benimarkt.at\/?product=huawei-watch-gt-5-41mm-gold","title":{"rendered":"HUAWEI WATCH GT 5 &#8211; 41mm &#8211; Gold"},"content":{"rendered":"<table class=\"datasheet-list expanded\">\n<tbody>\n<tr class=\"datasheet-listItem datasheet-listItem--group \">\n<th>Allgemeines<\/th>\n<\/tr>\n<tr class=\"datasheet-listItem datasheet-listItem--properties \">\n<td class=\"datasheet-listItemKey small-6 larger-4 columns\">Serie<\/td>\n<td class=\"datasheet-listItemValue small-6 larger-8 columns\">Huawei Watch<\/td>\n<\/tr>\n<tr class=\"datasheet-listItem datasheet-listItem--properties \">\n<td class=\"datasheet-listItemKey small-6 larger-4 columns\">Ger\u00e4teart<\/td>\n<td class=\"datasheet-listItemValue small-6 larger-8 columns\">Second Screen<\/td>\n<\/tr>\n<tr class=\"datasheet-listItem datasheet-listItem--properties \">\n<td class=\"datasheet-listItemKey small-6 larger-4 columns\">F\u00fcr wen<\/td>\n<td class=\"datasheet-listItemValue small-6 larger-8 columns\">Herren, Damen<\/td>\n<\/tr>\n<tr class=\"datasheet-listItem datasheet-listItem--properties \">\n<td class=\"datasheet-listItemKey small-6 larger-4 columns\">Ausstattung<\/td>\n<td class=\"datasheet-listItemValue small-6 larger-8 columns\">Touchscreen<\/td>\n<\/tr>\n<tr class=\"datasheet-listItem datasheet-listItem--properties \">\n<td class=\"datasheet-listItemKey small-6 larger-4 columns\">Stil<\/td>\n<td class=\"datasheet-listItemValue small-6 larger-8 columns\">Sportlich<\/td>\n<\/tr>\n<\/tbody>\n<tbody>\n<tr class=\"datasheet-listItem datasheet-listItem--group \">\n<th>Kompatiblit\u00e4ten<\/th>\n<\/tr>\n<tr class=\"datasheet-listItem datasheet-listItem--properties \">\n<td class=\"datasheet-listItemKey small-6 larger-4 columns\">Betriebssystem Kompatibilit\u00e4t<\/td>\n<td class=\"datasheet-listItemValue small-6 larger-8 columns\">iOS 13.0+, Android 9.0+<\/td>\n<\/tr>\n<\/tbody>\n<tbody>\n<tr class=\"datasheet-listItem datasheet-listItem--group \">\n<th>Geh\u00e4use<\/th>\n<\/tr>\n<tr class=\"datasheet-listItem datasheet-listItem--properties \">\n<td class=\"datasheet-listItemKey small-6 larger-4 columns\">Geh\u00e4usematerial<\/td>\n<td class=\"datasheet-listItemValue small-6 larger-8 columns\">Edelstahl<\/td>\n<\/tr>\n<tr class=\"datasheet-listItem datasheet-listItem--properties \">\n<td class=\"datasheet-listItemKey small-6 larger-4 columns\">Geh\u00e4usefarbe<\/td>\n<td class=\"datasheet-listItemValue small-6 larger-8 columns\">ros\u00e9gold<\/td>\n<\/tr>\n<tr class=\"datasheet-listItem datasheet-listItem--properties \">\n<td class=\"datasheet-listItemKey small-6 larger-4 columns\">Geh\u00e4useform<\/td>\n<td class=\"datasheet-listItemValue small-6 larger-8 columns\">rund<\/td>\n<\/tr>\n<tr class=\"datasheet-listItem datasheet-listItem--properties \">\n<td class=\"datasheet-listItemKey small-6 larger-4 columns\">Geh\u00e4usedurchmesser<\/td>\n<td class=\"datasheet-listItemValue small-6 larger-8 columns\">41\u00a0mm<\/td>\n<\/tr>\n<tr class=\"datasheet-listItem datasheet-listItem--properties \">\n<td class=\"datasheet-listItemKey small-6 larger-4 columns\">Geh\u00e4useh\u00f6he<\/td>\n<td class=\"datasheet-listItemValue small-6 larger-8 columns\">9,5\u00a0mm<\/td>\n<\/tr>\n<tr class=\"datasheet-listItem datasheet-listItem--properties datasheet-listItem--collapsible\">\n<td class=\"datasheet-listItemKey small-6 larger-4 columns\">L\u00fcnetten-Farbe<\/td>\n<td class=\"datasheet-listItemValue small-6 larger-8 columns\">ros\u00e9gold<\/td>\n<\/tr>\n<tr class=\"datasheet-listItem datasheet-listItem--properties datasheet-listItem--collapsible\">\n<td class=\"datasheet-listItemKey small-6 larger-4 columns\">L\u00fcnetten-Eigenschaft<\/td>\n<td class=\"datasheet-listItemValue small-6 larger-8 columns\">Edelstahll\u00fcnette<\/td>\n<\/tr>\n<\/tbody>\n<tbody>\n<tr class=\"datasheet-listItem datasheet-listItem--group datasheet-listItem--collapsible\">\n<th>Armband<\/th>\n<\/tr>\n<tr class=\"datasheet-listItem datasheet-listItem--properties datasheet-listItem--collapsible\">\n<td class=\"datasheet-listItemKey small-6 larger-4 columns\">Armbandmaterial<\/td>\n<td class=\"datasheet-listItemValue small-6 larger-8 columns\">Edelstahl<\/td>\n<\/tr>\n<tr class=\"datasheet-listItem datasheet-listItem--properties datasheet-listItem--collapsible\">\n<td class=\"datasheet-listItemKey small-6 larger-4 columns\">Armbandfarbe<\/td>\n<td class=\"datasheet-listItemValue small-6 larger-8 columns\">gold<\/td>\n<\/tr>\n<tr class=\"datasheet-listItem datasheet-listItem--properties datasheet-listItem--collapsible\">\n<td class=\"datasheet-listItemKey small-6 larger-4 columns\">min. Armbandl\u00e4nge<\/td>\n<td class=\"datasheet-listItemValue small-6 larger-8 columns\">130\u00a0mm<\/td>\n<\/tr>\n<tr class=\"datasheet-listItem datasheet-listItem--properties datasheet-listItem--collapsible\">\n<td class=\"datasheet-listItemKey small-6 larger-4 columns\">max. Armbandl\u00e4nge<\/td>\n<td class=\"datasheet-listItemValue small-6 larger-8 columns\">190\u00a0mm<\/td>\n<\/tr>\n<tr class=\"datasheet-listItem datasheet-listItem--properties datasheet-listItem--collapsible\">\n<td class=\"datasheet-listItemKey small-6 larger-4 columns\">Armbanddesign<\/td>\n<td class=\"datasheet-listItemValue small-6 larger-8 columns\">Milanaise<\/td>\n<\/tr>\n<tr class=\"datasheet-listItem datasheet-listItem--properties datasheet-listItem--collapsible\">\n<td class=\"datasheet-listItemKey small-6 larger-4 columns\">Verschluss<\/td>\n<td class=\"datasheet-listItemValue small-6 larger-8 columns\">Faltschlie\u00dfe<\/td>\n<\/tr>\n<\/tbody>\n<tbody>\n<tr class=\"datasheet-listItem datasheet-listItem--group datasheet-listItem--collapsible\">\n<th>Display<\/th>\n<\/tr>\n<tr class=\"datasheet-listItem datasheet-listItem--properties datasheet-listItem--collapsible\">\n<td class=\"datasheet-listItemKey small-6 larger-4 columns\">Displaytyp<\/td>\n<td class=\"datasheet-listItemValue small-6 larger-8 columns\">AMOLED<\/td>\n<\/tr>\n<tr class=\"datasheet-listItem datasheet-listItem--properties datasheet-listItem--collapsible\">\n<td class=\"datasheet-listItemKey small-6 larger-4 columns\">Displaygr\u00f6\u00dfe<\/td>\n<td class=\"datasheet-listItemValue small-6 larger-8 columns\">1,32\u00a0Zoll \/ 3,35\u00a0cm<\/td>\n<\/tr>\n<tr class=\"datasheet-listItem datasheet-listItem--properties datasheet-listItem--collapsible\">\n<td class=\"datasheet-listItemKey small-6 larger-4 columns\">Displayaufl\u00f6sung<\/td>\n<td class=\"datasheet-listItemValue small-6 larger-8 columns\">466 x 466\u00a0Pixel<\/td>\n<\/tr>\n<\/tbody>\n<tbody>\n<tr class=\"datasheet-listItem datasheet-listItem--group datasheet-listItem--collapsible\">\n<th>Akku &amp; Laufzeiten<\/th>\n<\/tr>\n<tr class=\"datasheet-listItem datasheet-listItem--properties datasheet-listItem--collapsible\">\n<td class=\"datasheet-listItemKey small-6 larger-4 columns\">Stromversorgung<\/td>\n<td class=\"datasheet-listItemValue small-6 larger-8 columns\">Akku, festverbaut<\/td>\n<\/tr>\n<tr class=\"datasheet-listItem datasheet-listItem--properties datasheet-listItem--collapsible\">\n<td class=\"datasheet-listItemKey small-6 larger-4 columns\">Akkulaufzeit<\/td>\n<td class=\"datasheet-listItemValue small-6 larger-8 columns\">14 Tage<\/td>\n<\/tr>\n<tr class=\"datasheet-listItem datasheet-listItem--properties datasheet-listItem--collapsible\">\n<td class=\"datasheet-listItemKey small-6 larger-4 columns\">Akkukapazit\u00e4t<\/td>\n<td class=\"datasheet-listItemValue small-6 larger-8 columns\">530\u00a0mAh<\/td>\n<\/tr>\n<tr class=\"datasheet-listItem datasheet-listItem--properties datasheet-listItem--collapsible\">\n<td class=\"datasheet-listItemKey small-6 larger-4 columns\">Ladefunktionen<\/td>\n<td class=\"datasheet-listItemValue small-6 larger-8 columns\">kabellos, magnetisches Ladekabel<\/td>\n<\/tr>\n<\/tbody>\n<tbody>\n<tr class=\"datasheet-listItem datasheet-listItem--group datasheet-listItem--collapsible\">\n<th>Standards<\/th>\n<\/tr>\n<tr class=\"datasheet-listItem datasheet-listItem--properties datasheet-listItem--collapsible\">\n<td class=\"datasheet-listItemKey small-6 larger-4 columns\">Mobilfunkstandard<\/td>\n<td class=\"datasheet-listItemValue small-6 larger-8 columns\">ohne<\/td>\n<\/tr>\n<tr class=\"datasheet-listItem datasheet-listItem--properties datasheet-listItem--collapsible\">\n<td class=\"datasheet-listItemKey small-6 larger-4 columns\">Daten\u00fcbertragungsarten<\/td>\n<td class=\"datasheet-listItemValue small-6 larger-8 columns\">Bluetooth, NFC<\/td>\n<\/tr>\n<tr class=\"datasheet-listItem datasheet-listItem--properties datasheet-listItem--collapsible\">\n<td class=\"datasheet-listItemKey small-6 larger-4 columns\">Bluetooth-Version<\/td>\n<td class=\"datasheet-listItemValue small-6 larger-8 columns\">BR, 5.2 BLE<\/td>\n<\/tr>\n<tr class=\"datasheet-listItem datasheet-listItem--properties datasheet-listItem--collapsible\">\n<td class=\"datasheet-listItemKey small-6 larger-4 columns\">Ortungsdienst<\/td>\n<td class=\"datasheet-listItemValue small-6 larger-8 columns\">GPS<\/td>\n<\/tr>\n<tr class=\"datasheet-listItem datasheet-listItem--properties datasheet-listItem--collapsible\">\n<td class=\"datasheet-listItemKey small-6 larger-4 columns\">Schutzart<\/td>\n<td class=\"datasheet-listItemValue small-6 larger-8 columns\">IP69K<\/td>\n<\/tr>\n<tr class=\"datasheet-listItem datasheet-listItem--properties datasheet-listItem--collapsible\">\n<td class=\"datasheet-listItemKey small-6 larger-4 columns\">Wasserdichtigkeit<\/td>\n<td class=\"datasheet-listItemValue small-6 larger-8 columns\">50\u00a0m \/ 5\u00a0bar \/ 5\u00a0ATM<\/td>\n<\/tr>\n<\/tbody>\n<tbody>\n<tr class=\"datasheet-listItem datasheet-listItem--group datasheet-listItem--collapsible\">\n<th>Technische Details<\/th>\n<\/tr>\n<tr class=\"datasheet-listItem datasheet-listItem--properties datasheet-listItem--collapsible\">\n<td class=\"datasheet-listItemKey small-6 larger-4 columns\">Betriebssystem<\/td>\n<td class=\"datasheet-listItemValue small-6 larger-8 columns\">Harmony OS<\/td>\n<\/tr>\n<tr class=\"datasheet-listItem datasheet-listItem--properties datasheet-listItem--collapsible\">\n<td class=\"datasheet-listItemKey small-6 larger-4 columns\">Sensoren<\/td>\n<td class=\"datasheet-listItemValue small-6 larger-8 columns\">Beschleunigungssensor, Bewegungssensor, Magnetometer, Temperatursensor, Herzfrequenz-Sensor, Blutsauerstoff Sensor, Helligkeitssensor<\/td>\n<\/tr>\n<\/tbody>\n<tbody>\n<tr class=\"datasheet-listItem datasheet-listItem--group datasheet-listItem--collapsible\">\n<th>Funktionen<\/th>\n<\/tr>\n<tr class=\"datasheet-listItem datasheet-listItem--properties datasheet-listItem--collapsible\">\n<td class=\"datasheet-listItemKey small-6 larger-4 columns\">Tracking-Funktionen<\/td>\n<td class=\"datasheet-listItemValue small-6 larger-8 columns\">Pulsmesser, Schrittz\u00e4hler, Aktivit\u00e4tstracker, Fitnesstracker, Schlaftracker, Stresstracker<\/td>\n<\/tr>\n<tr class=\"datasheet-listItem datasheet-listItem--properties datasheet-listItem--collapsible\">\n<td class=\"datasheet-listItemKey small-6 larger-4 columns\">Gesundheitsfunktionen<\/td>\n<td class=\"datasheet-listItemValue small-6 larger-8 columns\">Blutsauerstoffmessung, K\u00f6rpertemperatur\u00fcberwachung, Perioden\u00fcberwacher, EKG<\/td>\n<\/tr>\n<tr class=\"datasheet-listItem datasheet-listItem--properties datasheet-listItem--collapsible\">\n<td class=\"datasheet-listItemKey small-6 larger-4 columns\">Audiofeatures<\/td>\n<td class=\"datasheet-listItemValue small-6 larger-8 columns\">Mikrofon, Lautsprecher<\/td>\n<\/tr>\n<tr class=\"datasheet-listItem datasheet-listItem--properties datasheet-listItem--collapsible\">\n<td class=\"datasheet-listItemKey small-6 larger-4 columns\">Messaging<\/td>\n<td class=\"datasheet-listItemValue small-6 larger-8 columns\">SMS, E-Mail, Social Media, Anrufe, Termine<\/td>\n<\/tr>\n<\/tbody>\n<tbody>\n<tr class=\"datasheet-listItem datasheet-listItem--group datasheet-listItem--collapsible\">\n<th>Ma\u00dfe<\/th>\n<\/tr>\n<tr class=\"datasheet-listItem datasheet-listItem--properties datasheet-listItem--collapsible\">\n<td class=\"datasheet-listItemKey small-6 larger-4 columns\">Gewicht<\/td>\n<td class=\"datasheet-listItemValue small-6 larger-8 columns\">48\u00a0g<\/td>\n<\/tr>\n<\/tbody>\n<\/table>\n","protected":false},"excerpt":{"rendered":"<p>Allgemeines Serie Huawei Watch Ger\u00e4teart Second Screen F\u00fcr wen Herren, Damen Ausstattung Touchscreen Stil Sportlich Kompatiblit\u00e4ten Betriebssystem Kompatibilit\u00e4t iOS 13.0+,<\/p>\n","protected":false},"featured_media":11994,"comment_status":"open","ping_status":"closed","template":"","meta":[],"product_brand":[305],"product_cat":[163,232],"product_tag":[322,323],"class_list":{"0":"post-2410","1":"product","2":"type-product","3":"status-publish","4":"has-post-thumbnail","6":"product_brand-huawei","7":"product_cat-huawei","8":"product_cat-smartwatches","9":"product_tag-huawei","10":"product_tag-smartwatch","12":"first","13":"outofstock","14":"taxable","15":"shipping-taxable","16":"purchasable","17":"product-type-simple"},"_links":{"self":[{"href":"https:\/\/benimarkt.at\/index.php?rest_route=\/wp\/v2\/product\/2410","targetHints":{"allow":["GET"]}}],"collection":[{"href":"https:\/\/benimarkt.at\/index.php?rest_route=\/wp\/v2\/product"}],"about":[{"href":"https:\/\/benimarkt.at\/index.php?rest_route=\/wp\/v2\/types\/product"}],"replies":[{"embeddable":true,"href":"https:\/\/benimarkt.at\/index.php?rest_route=%2Fwp%2Fv2%2Fcomments&post=2410"}],"version-history":[{"count":1,"href":"https:\/\/benimarkt.at\/index.php?rest_route=\/wp\/v2\/product\/2410\/revisions"}],"predecessor-version":[{"id":11995,"href":"https:\/\/benimarkt.at\/index.php?rest_route=\/wp\/v2\/product\/2410\/revisions\/11995"}],"wp:featuredmedia":[{"embeddable":true,"href":"https:\/\/benimarkt.at\/index.php?rest_route=\/wp\/v2\/media\/11994"}],"wp:attachment":[{"href":"https:\/\/benimarkt.at\/index.php?rest_route=%2Fwp%2Fv2%2Fmedia&parent=2410"}],"wp:term":[{"taxonomy":"product_brand","embeddable":true,"href":"https:\/\/benimarkt.at\/index.php?rest_route=%2Fwp%2Fv2%2Fproduct_brand&post=2410"},{"taxonomy":"product_cat","embeddable":true,"href":"https:\/\/benimarkt.at\/index.php?rest_route=%2Fwp%2Fv2%2Fproduct_cat&post=2410"},{"taxonomy":"product_tag","embeddable":true,"href":"https:\/\/benimarkt.at\/index.php?rest_route=%2Fwp%2Fv2%2Fproduct_tag&post=2410"}],"curies":[{"name":"wp","href":"https:\/\/api.w.org\/{rel}","templated":true}]}}