{"id":1757,"date":"2024-09-13T12:10:16","date_gmt":"2024-09-13T10:10:16","guid":{"rendered":"https:\/\/gartenrestposten.de\/?post_type=product&#038;p=1757"},"modified":"2026-01-14T14:55:12","modified_gmt":"2026-01-14T14:55:12","slug":"stiga-combi-753-se-benzin-rasenmaeher","status":"publish","type":"product","link":"https:\/\/benimarkt.at\/?product=stiga-combi-753-se-benzin-rasenmaeher","title":{"rendered":"Stiga Combi-753 SE-Benzin-Rasenm\u00e4her"},"content":{"rendered":"<p>Ein Rasenm\u00e4her mit Selbstantrieb, einem 166 cm\u00b3 Benzinmotor und dem 4 in 1 Schneidsystem: Sammeln, Mulchen, Seiten- und Heckauswurf. 60 Liter Grasfangkorb.<\/p>\n<p><strong>Technische Daten:<\/strong><\/p>\n<ul>\n<li><strong>Motor:<\/strong>\u00a0ST 170 OH Motor<\/li>\n<li><strong>Leistung:<\/strong>\u00a02,6 kW<\/li>\n<li><strong>Hubraum:<\/strong>\u00a0166 cm\u00b3<\/li>\n<li><strong>Drehzahl:<\/strong>\u00a02900 U\/min<\/li>\n<li><strong>F\u00fcr Rasenfl\u00e4chen bis:<\/strong>\u00a01800 m\u00b2<\/li>\n<li><strong>Schnittbreite:<\/strong>\u00a0510 mm<\/li>\n<li><strong>H\u00f6henverstellung:<\/strong>\u00a0zentral, 6-fach<\/li>\n<li><strong>Schnitth\u00f6henverstellung:<\/strong>\u00a022\u201380 mm<\/li>\n<li><strong>Fangkorbvolumen:<\/strong>\u00a060 l<\/li>\n<\/ul>\n<p>&nbsp;<\/p>\n","protected":false},"excerpt":{"rendered":"<div class=\"content--title\">Produktinformationen<\/div>\n<div><\/div>\n<div><\/div>\n<div class=\"product--description\">\n<div><strong>Stiga Benzin Rasenm\u00e4her Combi 753 SE<\/strong><\/div>\n<ul>\n<li>Stahlblechgeh\u00e4use<\/li>\n<li>Radantrieb<\/li>\n<li>Hardtop-Fangsack mit F\u00fcllstandsindikator<\/li>\n<li>4-in-1 Schnittsystem: Heckauswurf, Seitenauswurf, Fangen oder Mulchen<\/li>\n<li>Fulcrum-Holm kann seitlich verstellt werden und erm\u00f6glicht dicht an W\u00e4nden und Hecken zu m\u00e4hen<\/li>\n<li>Drehklappgriff f\u00fcr ein schnelles und platzsparendes Verstauen<\/li>\n<li>Kugelgelagerte R\u00e4der<\/li>\n<li>Seitlicher Deflektor<\/li>\n<\/ul>\n<p>&nbsp;<\/p>\n<\/div>\n","protected":false},"featured_media":13356,"comment_status":"open","ping_status":"closed","template":"","meta":[],"product_brand":[300],"product_cat":[187,134],"product_tag":[449,155,312],"class_list":{"0":"post-1757","1":"product","2":"type-product","3":"status-publish","4":"has-post-thumbnail","6":"product_brand-stiga","7":"product_cat-benzin-rasenmaeher","8":"product_cat-gartenbau","9":"product_tag-449","10":"product_tag-rasenmaeher","11":"product_tag-stiga","13":"first","14":"outofstock","15":"taxable","16":"shipping-taxable","17":"purchasable","18":"product-type-simple"},"_links":{"self":[{"href":"https:\/\/benimarkt.at\/index.php?rest_route=\/wp\/v2\/product\/1757","targetHints":{"allow":["GET"]}}],"collection":[{"href":"https:\/\/benimarkt.at\/index.php?rest_route=\/wp\/v2\/product"}],"about":[{"href":"https:\/\/benimarkt.at\/index.php?rest_route=\/wp\/v2\/types\/product"}],"replies":[{"embeddable":true,"href":"https:\/\/benimarkt.at\/index.php?rest_route=%2Fwp%2Fv2%2Fcomments&post=1757"}],"version-history":[{"count":1,"href":"https:\/\/benimarkt.at\/index.php?rest_route=\/wp\/v2\/product\/1757\/revisions"}],"predecessor-version":[{"id":11692,"href":"https:\/\/benimarkt.at\/index.php?rest_route=\/wp\/v2\/product\/1757\/revisions\/11692"}],"wp:featuredmedia":[{"embeddable":true,"href":"https:\/\/benimarkt.at\/index.php?rest_route=\/wp\/v2\/media\/13356"}],"wp:attachment":[{"href":"https:\/\/benimarkt.at\/index.php?rest_route=%2Fwp%2Fv2%2Fmedia&parent=1757"}],"wp:term":[{"taxonomy":"product_brand","embeddable":true,"href":"https:\/\/benimarkt.at\/index.php?rest_route=%2Fwp%2Fv2%2Fproduct_brand&post=1757"},{"taxonomy":"product_cat","embeddable":true,"href":"https:\/\/benimarkt.at\/index.php?rest_route=%2Fwp%2Fv2%2Fproduct_cat&post=1757"},{"taxonomy":"product_tag","embeddable":true,"href":"https:\/\/benimarkt.at\/index.php?rest_route=%2Fwp%2Fv2%2Fproduct_tag&post=1757"}],"curies":[{"name":"wp","href":"https:\/\/api.w.org\/{rel}","templated":true}]}}