{"id":1732,"date":"2024-09-10T12:46:44","date_gmt":"2024-09-10T10:46:44","guid":{"rendered":"https:\/\/gartenrestposten.de\/?post_type=product&#038;p=1732"},"modified":"2026-01-05T13:22:56","modified_gmt":"2026-01-05T13:22:56","slug":"stiga-combi-955-v-benzin-rasenmaeher","status":"publish","type":"product","link":"https:\/\/benimarkt.at\/?product=stiga-combi-955-v-benzin-rasenmaeher","title":{"rendered":"Stiga Combi-955 V-Benzin-Rasenm\u00e4her"},"content":{"rendered":"<div class=\"product attribute overview\">\n<div class=\"value\">Selbstfahrender Rasenm\u00e4her mit STIGA Engine ST 200, 196 cc. Geeignet f\u00fcr G\u00e4rten bis zu 2000 m\u00b2. Mit 4 Schneidemethoden: Sammeln, Mulchen, Seiten- und Heckauswurf. Ger\u00e4umiger 70 Liter Fangkorb inklusive.<\/div>\n<\/div>\n<div class=\"product attribute selling-points\">\n<ul class=\"list_check\">\n<li>Selbstfahrender Rasenm\u00e4her mit Honda-Motor<\/li>\n<li>4 Schneidmethoden verf\u00fcgbar: Sammeln, Mulchen, Heck- oder Seitenauswurf<\/li>\n<li>Zentral einstellbare Schnitth\u00f6he, bis zu 5 Positionen verf\u00fcgbar<\/li>\n<li>Stufenlose Geschwindigkeitsregulierung mit Geschwindigkeitsregler<\/li>\n<li>Deck aus verzinktem Stahl<\/li>\n<li>Fassungsf\u00e4higer 70 L Grassammler<\/li>\n<\/ul>\n<\/div>\n","protected":false},"excerpt":{"rendered":"<p>Ein Rasenm\u00e4her mit Selbstantrieb, einem 166 cm\u00b3 Benzinmotor und dem 4 in 1 Schneidsystem: Sammeln, Mulchen, Seiten- und Heckauswurf. 60 Liter Grasfangkorb.<\/p>\n<p>&nbsp;<\/p>\n<ul class=\"list_check\">\n<li>166 cm3 STIGA Benzinmotor<\/li>\n<li>51 cm Schnittbreite<\/li>\n<li>60 Liter Grasfangkorb mit F\u00fcllstandsanzeige<\/li>\n<li>Selbstfahrend<\/li>\n<li>4 in 1 Schneidsystem: Sammeln, Mulchen, Seiten- und Heckauswurf<\/li>\n<\/ul>\n","protected":false},"featured_media":13373,"comment_status":"open","ping_status":"closed","template":"","meta":[],"product_brand":[300],"product_cat":[132],"product_tag":[452,155,312],"class_list":{"0":"post-1732","1":"product","2":"type-product","3":"status-publish","4":"has-post-thumbnail","6":"product_brand-stiga","7":"product_cat-rasenmaeher","8":"product_tag-452","9":"product_tag-rasenmaeher","10":"product_tag-stiga","12":"first","13":"instock","14":"taxable","15":"shipping-taxable","16":"purchasable","17":"product-type-simple"},"_links":{"self":[{"href":"https:\/\/benimarkt.at\/index.php?rest_route=\/wp\/v2\/product\/1732","targetHints":{"allow":["GET"]}}],"collection":[{"href":"https:\/\/benimarkt.at\/index.php?rest_route=\/wp\/v2\/product"}],"about":[{"href":"https:\/\/benimarkt.at\/index.php?rest_route=\/wp\/v2\/types\/product"}],"replies":[{"embeddable":true,"href":"https:\/\/benimarkt.at\/index.php?rest_route=%2Fwp%2Fv2%2Fcomments&post=1732"}],"version-history":[{"count":1,"href":"https:\/\/benimarkt.at\/index.php?rest_route=\/wp\/v2\/product\/1732\/revisions"}],"predecessor-version":[{"id":11967,"href":"https:\/\/benimarkt.at\/index.php?rest_route=\/wp\/v2\/product\/1732\/revisions\/11967"}],"wp:featuredmedia":[{"embeddable":true,"href":"https:\/\/benimarkt.at\/index.php?rest_route=\/wp\/v2\/media\/13373"}],"wp:attachment":[{"href":"https:\/\/benimarkt.at\/index.php?rest_route=%2Fwp%2Fv2%2Fmedia&parent=1732"}],"wp:term":[{"taxonomy":"product_brand","embeddable":true,"href":"https:\/\/benimarkt.at\/index.php?rest_route=%2Fwp%2Fv2%2Fproduct_brand&post=1732"},{"taxonomy":"product_cat","embeddable":true,"href":"https:\/\/benimarkt.at\/index.php?rest_route=%2Fwp%2Fv2%2Fproduct_cat&post=1732"},{"taxonomy":"product_tag","embeddable":true,"href":"https:\/\/benimarkt.at\/index.php?rest_route=%2Fwp%2Fv2%2Fproduct_tag&post=1732"}],"curies":[{"name":"wp","href":"https:\/\/api.w.org\/{rel}","templated":true}]}}