{"id":1707,"date":"2024-08-27T14:18:27","date_gmt":"2024-08-27T12:18:27","guid":{"rendered":"https:\/\/gartenrestposten.de\/?post_type=product&#038;p=1707"},"modified":"2026-04-02T13:24:07","modified_gmt":"2026-04-02T13:24:07","slug":"honda-eu-30is-stromerzeuger","status":"publish","type":"product","link":"https:\/\/benimarkt.at\/?product=honda-eu-30is-stromerzeuger","title":{"rendered":"Honda EU 30iS Inverter Benzin-Stromerzeuger"},"content":{"rendered":"","protected":false},"excerpt":{"rendered":"<p>Schallisolierter 3.000-VA-Stromerzeuger mit Invertertechnologie, Elektrostart und extra langer Laufzeit dank \u00d6koschaltung\u2122.<\/p>\n<p>Ein Handy-Stromerzeuger von Honda mag klein erscheinen, aber er steckt voller Funktionen und Innovationen, mit denen Sie sauber und angenehm Strom erzeugen und damit Ihre empfindlichen elektronischen Ger\u00e4te unter freiem Himmel nutzen k\u00f6nnen. Eine Kombination leichter Materialien und Bauweisen und ein ergonomischer Griff sorgen daf\u00fcr, dass dieser Stromerzeuger leicht anzuheben und zu tragen ist.<\/p>\n<p>Honda Stromerzeuger sind leiser, weil sie mit schallisolierten Verkleidung und einem einzigartigen Schalld\u00e4mpfersystem ausgestattet sind. Diese sorgen daf\u00fcr, dass die Motorger\u00e4usche \u00e4u\u00dferst niedrig bleiben. Das macht einen gro\u00dfen Unterschied, wenn Sie die Ruhe in der Natur genie\u00dfen m\u00f6chten.<\/p>\n<p>&nbsp;<\/p>\n<p>\u00d6lmangel-Schutz\u2122<br \/>\nVerhindert eine Besch\u00e4digung des Motors durch automatisches Abschalten, falls der \u00d6lstand unter einen Pegel fu\u0308r sicheren Betrieb f\u00e4llt.<br \/>\nGeringes Gewicht<br \/>\nUnsere Stromerzeuger sind nicht nur leicht zu bedienen, sie sind auch leicht zu transportieren und aufzubewahren. Aufgrund ihres geringen Gewichts, kann man sie \u00fcberall hin mitnehmen, ganz egal, welche Arbeit Sie zu erledigen haben.<br \/>\nLeiser Betrieb<br \/>\nSie sind so leise, dass es kaum zu merken ist. Der l\u00e4rmmindernde Schalld\u00e4mpfer, das Geh\u00e4use und die L\u00e4rmschutzverkleidung senken das Betriebsger\u00e4usch der Maschine erheblich.<br \/>\n\u00d6koschaltung<br \/>\nDies ist ein gutes Beispiel f\u00fcr die intelligente Honda Technik, mit der die Motordrehzahl automatisch und pr\u00e4zise an die entsprechende Last angepasst wird. Dadurch wird Kraftstoff gespart, die Lebensdauer des Motors verl\u00e4ngert und ein leiserer Betrieb erreicht.<br \/>\nParallelbetrieb<br \/>\nMit den Honda Originalkabeln f\u00fcr Parallelbetrieb k\u00f6nnen Sie jeweils zwei Stromerzeuger des Typs EU10i, EU20i, EU30i, EU30is zusammenschalten und so die Ausgangsleistung verdoppeln. Hinweis: Sie k\u00f6nnen nur zwei identische Ger\u00e4te f\u00fcr den Parallelbetrieb zusammenschlie\u00dfen.<br \/>\nOHV-4-Takt-Motor<br \/>\nKraftvoll und effizient mit vertrauter Zuverl\u00e4ssigkeit \u2013 das muss ein Honda Produkt sein. Sie k\u00f6nnen unter allen Bedingungen leicht starten, mit automatischer Dekompression zur Senkung der erforderlichen Kraft zum Ziehen des Starterseils.<br \/>\nKompakt und leicht<br \/>\nIhre Honda Wasserpumpe ist \u00e4u\u00dferst kompakt und leicht. Und mit dem integrierten Tragegriff k\u00f6nnen Sie sie einfach transportieren und aufbewahren.<\/p>\n<p>&nbsp;<\/p>\n<p>Technische Daten<\/p>\n<p>Spannungsregelung Inverter<br \/>\nTyp Einphasig<br \/>\nMax. Leistung (VA) 3000<br \/>\nDauerleistung (VA) 2800<br \/>\nNennspannung (V) 230<br \/>\nFrequenz (Hz) 50<br \/>\nStromst\u00e4rke-\u00dcberlast (A) 12,2<br \/>\nGleichstrom-Ausgang 12V \/ 12 A<\/p>\n<p>Motor<br \/>\nMotor GX200<br \/>\nMotortyp 4-takt, OHV, 1 Zylinder<br \/>\nHubraum (cm\u00b3) 196<br \/>\nNennleistung (kW) 3.28<br \/>\nNenndrehzahl (UpM) 3500<br \/>\nTankvolumen (l) 13<br \/>\nLaufzeit bei Dauerleistung (h) 7,1<br \/>\nStartsystem Seilzug und E-Start<br \/>\nSchalldruck bei 7 m (dB(A)) 58<br \/>\nSchall-Leistungspegel LWA (dB(A)) 91<br \/>\nAbmessungen<br \/>\nL\u00e4nge (mm) 658<br \/>\nBreite (mm) 482<br \/>\nH\u00f6he (mm) 570<br \/>\nTrockengewicht (kg) 61,2<\/p>\n<p>&nbsp;<\/p>\n","protected":false},"featured_media":13079,"comment_status":"open","ping_status":"closed","template":"","meta":[],"product_brand":[296],"product_cat":[143,148],"product_tag":[441,189,326],"class_list":{"0":"post-1707","1":"product","2":"type-product","3":"status-publish","4":"has-post-thumbnail","6":"product_brand-honda","7":"product_cat-bautechnik","8":"product_cat-stromerzeuger","9":"product_tag-441","10":"product_tag-honda","11":"product_tag-stromerzeuger","13":"first","14":"instock","15":"taxable","16":"shipping-taxable","17":"purchasable","18":"product-type-simple"},"_links":{"self":[{"href":"https:\/\/benimarkt.at\/index.php?rest_route=\/wp\/v2\/product\/1707","targetHints":{"allow":["GET"]}}],"collection":[{"href":"https:\/\/benimarkt.at\/index.php?rest_route=\/wp\/v2\/product"}],"about":[{"href":"https:\/\/benimarkt.at\/index.php?rest_route=\/wp\/v2\/types\/product"}],"replies":[{"embeddable":true,"href":"https:\/\/benimarkt.at\/index.php?rest_route=%2Fwp%2Fv2%2Fcomments&post=1707"}],"version-history":[{"count":2,"href":"https:\/\/benimarkt.at\/index.php?rest_route=\/wp\/v2\/product\/1707\/revisions"}],"predecessor-version":[{"id":11703,"href":"https:\/\/benimarkt.at\/index.php?rest_route=\/wp\/v2\/product\/1707\/revisions\/11703"}],"wp:featuredmedia":[{"embeddable":true,"href":"https:\/\/benimarkt.at\/index.php?rest_route=\/wp\/v2\/media\/13079"}],"wp:attachment":[{"href":"https:\/\/benimarkt.at\/index.php?rest_route=%2Fwp%2Fv2%2Fmedia&parent=1707"}],"wp:term":[{"taxonomy":"product_brand","embeddable":true,"href":"https:\/\/benimarkt.at\/index.php?rest_route=%2Fwp%2Fv2%2Fproduct_brand&post=1707"},{"taxonomy":"product_cat","embeddable":true,"href":"https:\/\/benimarkt.at\/index.php?rest_route=%2Fwp%2Fv2%2Fproduct_cat&post=1707"},{"taxonomy":"product_tag","embeddable":true,"href":"https:\/\/benimarkt.at\/index.php?rest_route=%2Fwp%2Fv2%2Fproduct_tag&post=1707"}],"curies":[{"name":"wp","href":"https:\/\/api.w.org\/{rel}","templated":true}]}}