{"id":1611,"date":"2024-08-07T12:21:19","date_gmt":"2024-08-07T10:21:19","guid":{"rendered":"https:\/\/gartenrestposten.de\/?post_type=product&#038;p=1611"},"modified":"2025-12-16T13:30:13","modified_gmt":"2025-12-16T13:30:13","slug":"ego-st1613e-t-rasentrimmer-kit","status":"publish","type":"product","link":"https:\/\/benimarkt.at\/?product=ego-st1613e-t-rasentrimmer-kit","title":{"rendered":"EGO ST1613E-T Rasentrimmer KIT"},"content":{"rendered":"<h2 class=\"single-product-specification__title\">PRODUKTSPEZIFIKATION<\/h2>\n<div id=\"single-product-specification-table-wrapper\" class=\"single-product-specification__table-wrapper\">\n<table class=\"product-accordion__specification-table\">\n<tbody>\n<tr>\n<th class=\"product-accordion__specification-row-heading\">Spannung (V)<\/th>\n<td class=\"product-accordion__specification-row-value\">56<\/td>\n<\/tr>\n<tr>\n<th class=\"product-accordion__specification-row-heading\">Akku-Anschluss<\/th>\n<td class=\"product-accordion__specification-row-value\">Einzelner Anschluss<\/td>\n<\/tr>\n<tr>\n<th class=\"product-accordion__specification-row-heading\">Zeilenvorschub Operationen<\/th>\n<td class=\"product-accordion__specification-row-value\">Line IQ<\/td>\n<\/tr>\n<tr>\n<th class=\"product-accordion__specification-row-heading\">Fadenladung<\/th>\n<td class=\"product-accordion__specification-row-value\">Powerload<\/td>\n<\/tr>\n<tr>\n<th class=\"product-accordion__specification-row-heading\">Fadentyp<\/th>\n<td class=\"product-accordion__specification-row-value\">Twist<\/td>\n<\/tr>\n<tr>\n<th class=\"product-accordion__specification-row-heading\">Schaftmaterial<\/th>\n<td class=\"product-accordion__specification-row-value\">Alluminio<\/td>\n<\/tr>\n<tr>\n<th class=\"product-accordion__specification-row-heading\">IP-Klasse<\/th>\n<td class=\"product-accordion__specification-row-value\">IPX4<\/td>\n<\/tr>\n<tr>\n<th class=\"product-accordion__specification-row-heading\">Teleskopierbar<\/th>\n<td class=\"product-accordion__specification-row-value\">Ja<\/td>\n<\/tr>\n<tr>\n<th class=\"product-accordion__specification-row-heading\">Leerlaufdrehzahl (rpm)<\/th>\n<td class=\"product-accordion__specification-row-value\">3500-5500<\/td>\n<\/tr>\n<\/tbody>\n<\/table>\n<\/div>\n","protected":false},"excerpt":{"rendered":"<p>Die EGO Powerload\u2122 und Line IQ\u2122 Technologien machen das Trimmen so einfach wie nie zuvor! 40 cm Schnittbreite, zwei Geschwindigkeitsbereiche, das ergonomische Design und einzigartige Innovationen machen den neuen ST1610E-T zu einem wirklich \u00fcberragenden Rasentrimmer. EGO hat sein Power+ Sortiment an Rasentrimmer einmal mehr revolutioniert: Das neueste Modell ist mit der weltweit einzigartigen Line IQ\u2122 Technologie ausgestattet, die ein Trimmen ohne Auftippen erm\u00f6glicht. Die neueste Innovation von EGO verf\u00fcgt \u00fcber Autosensoren, die die L\u00e4nge des Trimmerfadens \u00fcberwachen und automatisch nachladen, so ist kein Auftippen mehr erforderlich. In Verbindung mit der patentierten Powerload\u2122 Technologie reduziert sich der Aufwand rund ums Trimmen massiv, sodass Sie sich ganz auf die eigentliche Arbeit konzentrieren k\u00f6nnen.<\/p>\n<h4 class=\"kit-breakdown__title\">DIESES KIT ENTH\u00c4LT<\/h4>\n<ul class=\"kit-breakdown__products\">\n<li class=\"kit-breakdown__product\">40 CM RASENTRIMMER<\/li>\n<li class=\"kit-breakdown__product\">4,0 AH AKKU<\/li>\n<li class=\"kit-breakdown__product\">STANDARDLADEGER\u00c4T<\/li>\n<\/ul>\n","protected":false},"featured_media":13487,"comment_status":"open","ping_status":"closed","template":"","meta":[],"product_brand":[297],"product_cat":[134,534],"product_tag":[497,153,157],"class_list":{"0":"post-1611","1":"product","2":"type-product","3":"status-publish","4":"has-post-thumbnail","6":"product_brand-ego","7":"product_cat-gartenbau","8":"product_cat-rasentrimmer-gartenbau","9":"product_tag-497","10":"product_tag-ego-power-tools","11":"product_tag-rasentrimmer","13":"first","14":"instock","15":"taxable","16":"shipping-taxable","17":"purchasable","18":"product-type-simple"},"_links":{"self":[{"href":"https:\/\/benimarkt.at\/index.php?rest_route=\/wp\/v2\/product\/1611","targetHints":{"allow":["GET"]}}],"collection":[{"href":"https:\/\/benimarkt.at\/index.php?rest_route=\/wp\/v2\/product"}],"about":[{"href":"https:\/\/benimarkt.at\/index.php?rest_route=\/wp\/v2\/types\/product"}],"replies":[{"embeddable":true,"href":"https:\/\/benimarkt.at\/index.php?rest_route=%2Fwp%2Fv2%2Fcomments&post=1611"}],"version-history":[{"count":2,"href":"https:\/\/benimarkt.at\/index.php?rest_route=\/wp\/v2\/product\/1611\/revisions"}],"predecessor-version":[{"id":11718,"href":"https:\/\/benimarkt.at\/index.php?rest_route=\/wp\/v2\/product\/1611\/revisions\/11718"}],"wp:featuredmedia":[{"embeddable":true,"href":"https:\/\/benimarkt.at\/index.php?rest_route=\/wp\/v2\/media\/13487"}],"wp:attachment":[{"href":"https:\/\/benimarkt.at\/index.php?rest_route=%2Fwp%2Fv2%2Fmedia&parent=1611"}],"wp:term":[{"taxonomy":"product_brand","embeddable":true,"href":"https:\/\/benimarkt.at\/index.php?rest_route=%2Fwp%2Fv2%2Fproduct_brand&post=1611"},{"taxonomy":"product_cat","embeddable":true,"href":"https:\/\/benimarkt.at\/index.php?rest_route=%2Fwp%2Fv2%2Fproduct_cat&post=1611"},{"taxonomy":"product_tag","embeddable":true,"href":"https:\/\/benimarkt.at\/index.php?rest_route=%2Fwp%2Fv2%2Fproduct_tag&post=1611"}],"curies":[{"name":"wp","href":"https:\/\/api.w.org\/{rel}","templated":true}]}}