{"id":1602,"date":"2024-08-07T11:07:21","date_gmt":"2024-08-07T09:07:21","guid":{"rendered":"https:\/\/gartenrestposten.de\/?post_type=product&#038;p=1602"},"modified":"2026-03-26T12:53:15","modified_gmt":"2026-03-26T12:53:15","slug":"ego-tr3801e-b-98-cm-rasentraktor-heckfaenger-mit-chv1600-ladegeraet","status":"publish","type":"product","link":"https:\/\/benimarkt.at\/?product=ego-tr3801e-b-98-cm-rasentraktor-heckfaenger-mit-chv1600-ladegeraet","title":{"rendered":"EGO TR3801E-B |98 CM| RASENTRAKTOR HECKF\u00c4NGER KIT (mit 4x10Ah Akku+Ladeger\u00e4t)"},"content":{"rendered":"<h2 class=\"single-product-specification__title\">PRODUKTSPEZIFIKATION<\/h2>\n<div id=\"single-product-specification-table-wrapper\" class=\"single-product-specification__table-wrapper\">\n<table class=\"product-accordion__specification-table\">\n<tbody>\n<tr>\n<th class=\"product-accordion__specification-row-heading\">Spannung (V)<\/th>\n<td class=\"product-accordion__specification-row-value\">56<\/td>\n<\/tr>\n<tr>\n<th class=\"product-accordion__specification-row-heading\">Akku-Anschluss<\/th>\n<td class=\"product-accordion__specification-row-value\">Mehrfachanschluss<\/td>\n<\/tr>\n<tr>\n<th class=\"product-accordion__specification-row-heading\">Steuerung<\/th>\n<td class=\"product-accordion__specification-row-value\">Lenkrad<\/td>\n<\/tr>\n<tr>\n<th class=\"product-accordion__specification-row-heading\">Schneidoptionen<\/th>\n<td class=\"product-accordion__specification-row-value\">Beutelung<\/td>\n<\/tr>\n<tr>\n<th class=\"product-accordion__specification-row-heading\">Anzahl Der Klingen<\/th>\n<td class=\"product-accordion__specification-row-value\">2<\/td>\n<\/tr>\n<tr>\n<th class=\"product-accordion__specification-row-heading\">Geh&amp;#228;usekonstruktion<\/th>\n<td class=\"product-accordion__specification-row-value\">Gestempelt<\/td>\n<\/tr>\n<tr>\n<th class=\"product-accordion__specification-row-heading\">Schnitth&amp;#246;he Anzahl<\/th>\n<td class=\"product-accordion__specification-row-value\">12<\/td>\n<\/tr>\n<tr>\n<th class=\"product-accordion__specification-row-heading\">Sitzaufh&amp;#228;ngung<\/th>\n<td class=\"product-accordion__specification-row-value\">Nein<\/td>\n<\/tr>\n<tr>\n<th class=\"product-accordion__specification-row-heading\">Auswahl Des Fahrmodus<\/th>\n<td class=\"product-accordion__specification-row-value\">Ja<\/td>\n<\/tr>\n<tr>\n<th class=\"product-accordion__specification-row-heading\">Auswahl Der Antriebsgeschwindigkeit<\/th>\n<td class=\"product-accordion__specification-row-value\">Ja<\/td>\n<\/tr>\n<tr>\n<th class=\"product-accordion__specification-row-heading\">Auswahl Der Klingen-Geschwindigkeit<\/th>\n<td class=\"product-accordion__specification-row-value\">Ja<\/td>\n<\/tr>\n<tr>\n<th class=\"product-accordion__specification-row-heading\">IP-Klasse<\/th>\n<td class=\"product-accordion__specification-row-value\">IPX4<\/td>\n<\/tr>\n<tr>\n<th class=\"product-accordion__specification-row-heading\">Schalldruckpegel Lpa (dB(A))<\/th>\n<td class=\"product-accordion__specification-row-value\">83.6<\/td>\n<\/tr>\n<tr>\n<th class=\"product-accordion__specification-row-heading\">Schallleistungspegel Lwa (dB(A))<\/th>\n<td class=\"product-accordion__specification-row-value\">97.7<\/td>\n<\/tr>\n<tr>\n<th class=\"product-accordion__specification-row-heading\">Unsicherheit Schallleistung (K) (dB(A))<\/th>\n<td class=\"product-accordion__specification-row-value\">1.75<\/td>\n<\/tr>\n<tr>\n<th class=\"product-accordion__specification-row-heading\">Unsicherheit Schalldruck (K) (dB(A))<\/th>\n<td class=\"product-accordion__specification-row-value\">3<\/td>\n<\/tr>\n<tr>\n<th class=\"product-accordion__specification-row-heading\">Garantierter Schallleistungspegel Lwa (dB(A))<\/th>\n<td class=\"product-accordion__specification-row-value\">100<\/td>\n<\/tr>\n<tr>\n<th class=\"product-accordion__specification-row-heading\">Schwingung (m\/s2)<\/th>\n<td class=\"product-accordion__specification-row-value\">0.24<\/td>\n<\/tr>\n<tr>\n<th class=\"product-accordion__specification-row-heading\">Messunsicherheit Vibration (K) (m\/s2)<\/th>\n<td class=\"product-accordion__specification-row-value\">1.5<\/td>\n<\/tr>\n<tr>\n<th class=\"product-accordion__specification-row-heading\">LED-Scheinwerfer<\/th>\n<td class=\"product-accordion__specification-row-value\">Ja<\/td>\n<\/tr>\n<tr>\n<th class=\"product-accordion__specification-row-heading\">Armlehne<\/th>\n<td class=\"product-accordion__specification-row-value\">Nein<\/td>\n<\/tr>\n<tr>\n<th class=\"product-accordion__specification-row-heading\">Handschuhfach<\/th>\n<td class=\"product-accordion__specification-row-value\">Ja<\/td>\n<\/tr>\n<tr>\n<th class=\"product-accordion__specification-row-heading\">Gras-Fangkorb<\/th>\n<td class=\"product-accordion__specification-row-value\">Ja<\/td>\n<\/tr>\n<tr>\n<th class=\"product-accordion__specification-row-heading\">Schnittbreite (cm)<\/th>\n<td class=\"product-accordion__specification-row-value\">98<\/td>\n<\/tr>\n<tr>\n<th class=\"product-accordion__specification-row-heading\">Schnitttiefe (cm)<\/th>\n<td class=\"product-accordion__specification-row-value\">2.5-10<\/td>\n<\/tr>\n<tr>\n<th class=\"product-accordion__specification-row-heading\">Werkzeuggewicht (kg)<\/th>\n<td class=\"product-accordion__specification-row-value\">209<\/td>\n<\/tr>\n<tr>\n<th class=\"product-accordion__specification-row-heading\">L&amp;#228;nge Des Werkzeugs (mm)<\/th>\n<td class=\"product-accordion__specification-row-value\">2580<\/td>\n<\/tr>\n<tr>\n<th class=\"product-accordion__specification-row-heading\">Werkzeugbreite (mm)<\/th>\n<td class=\"product-accordion__specification-row-value\">1040<\/td>\n<\/tr>\n<tr>\n<th class=\"product-accordion__specification-row-heading\">Werkzeugh&amp;#246;he (mm)<\/th>\n<td class=\"product-accordion__specification-row-value\">1110<\/td>\n<\/tr>\n<tr>\n<th class=\"product-accordion__specification-row-heading\">Motortyp<\/th>\n<td class=\"product-accordion__specification-row-value\">B&amp;#252;rstenloser Motor<\/td>\n<\/tr>\n<\/tbody>\n<\/table>\n<p>&nbsp;<\/p>\n<\/div>\n","protected":false},"excerpt":{"rendered":"<p><strong>Zubeh\u00f6r:<\/strong><\/p>\n<ul>\n<li>1x EGO Heckf\u00e4nger-Rasentraktor (TR3800E-B)<\/li>\n<li>1x EGO CHV 1600-W-Ladeger\u00e4t <span style=\"font-size: 12pt;\">(CHV1600E)<\/span><\/li>\n<li>4x 10Ah Akku <span style=\"font-size: 12pt;\">(4 x BA 5600T 10Ah)<\/span><\/li>\n<\/ul>\n<p><strong>Optionales Zubeh\u00f6r:<\/strong><\/p>\n<ul>\n<li>1 x Mulchstopfen (AMP3800T)<\/li>\n<\/ul>\n<p>&nbsp;<\/p>\n<p>Der EGO Rasentraktor gl\u00e4nzt mit einer effizienten Grasaufnahme im gro\u00dfen 300-Liter-Sammelbeh\u00e4lter im Heck. Mehr Zeit zum M\u00e4hen. EGO Aufsitzm\u00e4her liefern die gleiche Leistung wie ein 22-PS-Benzinmotor, jedoch mit weniger L\u00e4rm und ohne Abgase.<\/p>\n<p>Die Entwicklung der neuen EGO Rasentraktoren-Reihe basiert auf dem bahnbrechenden Erfolg der EGO Z6 Nullwendekreism\u00e4her. Der weltweit erste Aufsitzm\u00e4her mit plattform\u00fcbergeifendem Wechselakkusystem hat bewiesen, dass die kombinierte Leistung der revolution\u00e4ren ARC-Lithium\u2122 Akkus von EGO mit benzinbetriebenen Ger\u00e4ten mehr als mithalten kann. Mit bis zu sechs EGO ARC-Lithium\u2122 Akkus k\u00f6nnen die neuen Rasentraktoren von EGO an den Erfolg der EGO Z6 Reihe ankn\u00fcpfen. So k\u00f6nnen Sie als Anwender nicht nur die Energiemenge anpassen, die Sie f\u00fcr Ihre M\u00e4harbeiten ben\u00f6tigen, sondern auch dieselben Akkus Ihrer anderen EGO Ger\u00e4te verwenden.<\/p>\n<p>&nbsp;<\/p>\n","protected":false},"featured_media":12997,"comment_status":"open","ping_status":"closed","template":"","meta":[],"product_brand":[297],"product_cat":[134,124],"product_tag":[498,153,156],"class_list":{"0":"post-1602","1":"product","2":"type-product","3":"status-publish","4":"has-post-thumbnail","6":"product_brand-ego","7":"product_cat-gartenbau","8":"product_cat-rasentraktor","9":"product_tag-498","10":"product_tag-ego-power-tools","11":"product_tag-ego-rasentraktor","13":"first","14":"instock","15":"taxable","16":"shipping-taxable","17":"purchasable","18":"product-type-simple"},"_links":{"self":[{"href":"https:\/\/benimarkt.at\/index.php?rest_route=\/wp\/v2\/product\/1602","targetHints":{"allow":["GET"]}}],"collection":[{"href":"https:\/\/benimarkt.at\/index.php?rest_route=\/wp\/v2\/product"}],"about":[{"href":"https:\/\/benimarkt.at\/index.php?rest_route=\/wp\/v2\/types\/product"}],"replies":[{"embeddable":true,"href":"https:\/\/benimarkt.at\/index.php?rest_route=%2Fwp%2Fv2%2Fcomments&post=1602"}],"version-history":[{"count":10,"href":"https:\/\/benimarkt.at\/index.php?rest_route=\/wp\/v2\/product\/1602\/revisions"}],"predecessor-version":[{"id":13047,"href":"https:\/\/benimarkt.at\/index.php?rest_route=\/wp\/v2\/product\/1602\/revisions\/13047"}],"wp:featuredmedia":[{"embeddable":true,"href":"https:\/\/benimarkt.at\/index.php?rest_route=\/wp\/v2\/media\/12997"}],"wp:attachment":[{"href":"https:\/\/benimarkt.at\/index.php?rest_route=%2Fwp%2Fv2%2Fmedia&parent=1602"}],"wp:term":[{"taxonomy":"product_brand","embeddable":true,"href":"https:\/\/benimarkt.at\/index.php?rest_route=%2Fwp%2Fv2%2Fproduct_brand&post=1602"},{"taxonomy":"product_cat","embeddable":true,"href":"https:\/\/benimarkt.at\/index.php?rest_route=%2Fwp%2Fv2%2Fproduct_cat&post=1602"},{"taxonomy":"product_tag","embeddable":true,"href":"https:\/\/benimarkt.at\/index.php?rest_route=%2Fwp%2Fv2%2Fproduct_tag&post=1602"}],"curies":[{"name":"wp","href":"https:\/\/api.w.org\/{rel}","templated":true}]}}