{"id":1595,"date":"2024-08-07T10:24:35","date_gmt":"2024-08-07T08:24:35","guid":{"rendered":"https:\/\/gartenrestposten.de\/?post_type=product&#038;p=1595"},"modified":"2025-12-11T13:32:19","modified_gmt":"2025-12-11T13:32:19","slug":"ego-lmx5300sp-pro-x-akku-rasenmaeher-lmx5300sp-53-cm-rasenmaeher","status":"publish","type":"product","link":"https:\/\/benimarkt.at\/?product=ego-lmx5300sp-pro-x-akku-rasenmaeher-lmx5300sp-53-cm-rasenmaeher","title":{"rendered":"EGO LMX5300SP PRO X Akku-Rasenm\u00e4her LMX5300SP| 53 CM | RASENM\u00c4HER"},"content":{"rendered":"<h2 class=\"single-product-specification__title\">PRODUKTSPEZIFIKATION<\/h2>\n<div id=\"single-product-specification-table-wrapper\" class=\"single-product-specification__table-wrapper\">\n<table class=\"product-accordion__specification-table\">\n<tbody>\n<tr>\n<th class=\"product-accordion__specification-row-heading\">Spannung (V)<\/th>\n<td class=\"product-accordion__specification-row-value\">56<\/td>\n<\/tr>\n<tr>\n<th class=\"product-accordion__specification-row-heading\">Geh&amp;#228;usetyp<\/th>\n<td class=\"product-accordion__specification-row-value\">Fabriziert<\/td>\n<\/tr>\n<tr>\n<th class=\"product-accordion__specification-row-heading\">Schnitth&amp;#246;he Anzahl<\/th>\n<td class=\"product-accordion__specification-row-value\">8<\/td>\n<\/tr>\n<tr>\n<th class=\"product-accordion__specification-row-heading\">Klingentyp<\/th>\n<td class=\"product-accordion__specification-row-value\">Einzelmesser<\/td>\n<\/tr>\n<tr>\n<th class=\"product-accordion__specification-row-heading\">Garantierter Schallleistungspegel Lwa (dB(A))<\/th>\n<td class=\"product-accordion__specification-row-value\">95<\/td>\n<\/tr>\n<tr>\n<th class=\"product-accordion__specification-row-heading\">LED-Scheinwerfer<\/th>\n<td class=\"product-accordion__specification-row-value\">Ja<\/td>\n<\/tr>\n<tr>\n<th class=\"product-accordion__specification-row-heading\">Geh&amp;#228;usegr&amp;#246;&amp;#223;e (mm)<\/th>\n<td class=\"product-accordion__specification-row-value\">551.5<\/td>\n<\/tr>\n<tr>\n<th class=\"product-accordion__specification-row-heading\">Fangkorbkapazit&amp;#228;t (L)<\/th>\n<td class=\"product-accordion__specification-row-value\">85<\/td>\n<\/tr>\n<tr>\n<th class=\"product-accordion__specification-row-heading\">Werkzeuggewicht (kg)<\/th>\n<td class=\"product-accordion__specification-row-value\">46<\/td>\n<\/tr>\n<tr>\n<th class=\"product-accordion__specification-row-heading\">Werkzeugl&amp;#228;nge (Aufgeklappt) (mm)<\/th>\n<td class=\"product-accordion__specification-row-value\">1790\/1715\/1633<\/td>\n<\/tr>\n<tr>\n<th class=\"product-accordion__specification-row-heading\">Werkzeugbreite (Ausgeklappt) (mm)<\/th>\n<td class=\"product-accordion__specification-row-value\">588<\/td>\n<\/tr>\n<tr>\n<th class=\"product-accordion__specification-row-heading\">Werkzeugh&amp;#246;he (Aufgeklappt) (mm)<\/th>\n<td class=\"product-accordion__specification-row-value\">910\/1029\/1134<\/td>\n<\/tr>\n<tr>\n<th class=\"product-accordion__specification-row-heading\">Werkzeugl&amp;#228;nge (Zugeklappt) (mm)<\/th>\n<td class=\"product-accordion__specification-row-value\">1350<\/td>\n<\/tr>\n<tr>\n<th class=\"product-accordion__specification-row-heading\">Werkzeugbreite (Gefaltet) (mm)<\/th>\n<td class=\"product-accordion__specification-row-value\">588<\/td>\n<\/tr>\n<tr>\n<th class=\"product-accordion__specification-row-heading\">Werkzeugh&amp;#246;he (Zugeklappt) (mm)<\/th>\n<td class=\"product-accordion__specification-row-value\">385<\/td>\n<\/tr>\n<tr>\n<th class=\"product-accordion__specification-row-heading\">Akku-Anschluss<\/th>\n<td class=\"product-accordion__specification-row-value\">Doppelter Anschluss<\/td>\n<\/tr>\n<tr>\n<th class=\"product-accordion__specification-row-heading\">Schnittbreite (cm)<\/th>\n<td class=\"product-accordion__specification-row-value\">53<\/td>\n<\/tr>\n<tr>\n<th class=\"product-accordion__specification-row-heading\">Motortyp<\/th>\n<td class=\"product-accordion__specification-row-value\">B&amp;#252;rstenloser Motor<\/td>\n<\/tr>\n<\/tbody>\n<\/table>\n<\/div>\n","protected":false},"excerpt":{"rendered":"<p>Der neue LMX5300SP wurde f\u00fcr professionelle Anwender entwickelt. Das R\u00fcckgrat des M\u00e4hers ist das aus Aluminiumguss gefertigte M\u00e4hwerk, das daf\u00fcr sorgt, dass der M\u00e4her robust und stabil h\u00f6chste Leistung liefert.<br \/>\nDie zwei Akkusch\u00e4chte der Peak Power\u2122 Technologie sorgen stets f\u00fcr gen\u00fcgend Leistung, wenn mehr Energie ben\u00f6tigt wird. Und das hohe Drehmoment des 1600-Watt-Motors wird auch mit schwierigen M\u00e4hbedingungen fertig.<br \/>\nUnser neuer M\u00e4her ist Teil der Pro X Reihe und ideal f\u00fcr Anwender, die robuste und langlebige Ger\u00e4te ben\u00f6tigen. Mit seinem variablen und unabh\u00e4ngigen Radantrieb und dem h\u00f6henverstellbaren Griff ist er f\u00fcr langandauernde Eins\u00e4tze bestens geeignet.<br \/>\nDie gro\u00dfe Schnittbreite passt ideal f\u00fcr das M\u00e4hen von gro\u00dfen und weiten Fl\u00e4chen. Der M\u00e4her kommt inklusive einem extragro\u00dfen 85-Liter-Fangsack.<\/p>\n","protected":false},"featured_media":13496,"comment_status":"open","ping_status":"closed","template":"","meta":[],"product_brand":[297],"product_cat":[134,132],"product_tag":[499,151,153,154],"class_list":{"0":"post-1595","1":"product","2":"type-product","3":"status-publish","4":"has-post-thumbnail","6":"product_brand-ego","7":"product_cat-gartenbau","8":"product_cat-rasenmaeher","9":"product_tag-499","10":"product_tag-53-cm","11":"product_tag-ego-power-tools","12":"product_tag-ego-rasenmaeher","14":"first","15":"instock","16":"taxable","17":"shipping-taxable","18":"purchasable","19":"product-type-simple"},"_links":{"self":[{"href":"https:\/\/benimarkt.at\/index.php?rest_route=\/wp\/v2\/product\/1595","targetHints":{"allow":["GET"]}}],"collection":[{"href":"https:\/\/benimarkt.at\/index.php?rest_route=\/wp\/v2\/product"}],"about":[{"href":"https:\/\/benimarkt.at\/index.php?rest_route=\/wp\/v2\/types\/product"}],"replies":[{"embeddable":true,"href":"https:\/\/benimarkt.at\/index.php?rest_route=%2Fwp%2Fv2%2Fcomments&post=1595"}],"version-history":[{"count":1,"href":"https:\/\/benimarkt.at\/index.php?rest_route=\/wp\/v2\/product\/1595\/revisions"}],"predecessor-version":[{"id":11731,"href":"https:\/\/benimarkt.at\/index.php?rest_route=\/wp\/v2\/product\/1595\/revisions\/11731"}],"wp:featuredmedia":[{"embeddable":true,"href":"https:\/\/benimarkt.at\/index.php?rest_route=\/wp\/v2\/media\/13496"}],"wp:attachment":[{"href":"https:\/\/benimarkt.at\/index.php?rest_route=%2Fwp%2Fv2%2Fmedia&parent=1595"}],"wp:term":[{"taxonomy":"product_brand","embeddable":true,"href":"https:\/\/benimarkt.at\/index.php?rest_route=%2Fwp%2Fv2%2Fproduct_brand&post=1595"},{"taxonomy":"product_cat","embeddable":true,"href":"https:\/\/benimarkt.at\/index.php?rest_route=%2Fwp%2Fv2%2Fproduct_cat&post=1595"},{"taxonomy":"product_tag","embeddable":true,"href":"https:\/\/benimarkt.at\/index.php?rest_route=%2Fwp%2Fv2%2Fproduct_tag&post=1595"}],"curies":[{"name":"wp","href":"https:\/\/api.w.org\/{rel}","templated":true}]}}