{"id":1590,"date":"2024-08-06T12:32:16","date_gmt":"2024-08-06T10:32:16","guid":{"rendered":"https:\/\/gartenrestposten.de\/?post_type=product&#038;p=1590"},"modified":"2025-12-16T13:32:27","modified_gmt":"2025-12-16T13:32:27","slug":"ego-lm2021e-sp-rasenmaeher-kit","status":"publish","type":"product","link":"https:\/\/benimarkt.at\/?product=ego-lm2021e-sp-rasenmaeher-kit","title":{"rendered":"EGO LM2021E-SP Rasenm\u00e4her Kit"},"content":{"rendered":"<div class=\"kit-breakdown__breakdown-products\">\n<div class=\"kit-breakdown__product kit-breakdown__product--base-product\">\n<h4 class=\"single-product-specification__title\">PRODUKTSPEZIFIKATION<\/h4>\n<div id=\"single-product-specification-table-wrapper\" class=\"single-product-specification__table-wrapper\">\n<table class=\"product-accordion__specification-table\">\n<tbody>\n<tr>\n<th class=\"product-accordion__specification-row-heading\">Spannung (V)<\/th>\n<td class=\"product-accordion__specification-row-value\">56<\/td>\n<\/tr>\n<tr>\n<th class=\"product-accordion__specification-row-heading\">Deckmaterial<\/th>\n<td class=\"product-accordion__specification-row-value\">Stahl<\/td>\n<\/tr>\n<tr>\n<th class=\"product-accordion__specification-row-heading\">Schnitth&amp;#246;he Anzahl<\/th>\n<td class=\"product-accordion__specification-row-value\">6<\/td>\n<\/tr>\n<tr>\n<th class=\"product-accordion__specification-row-heading\">Klingentyp<\/th>\n<td class=\"product-accordion__specification-row-value\">Einzelmesser<\/td>\n<\/tr>\n<tr>\n<th class=\"product-accordion__specification-row-heading\">Auffangmaterial\/Fangkorbmaterial<\/th>\n<td class=\"product-accordion__specification-row-value\">Masche<\/td>\n<\/tr>\n<tr>\n<th class=\"product-accordion__specification-row-heading\">IP-Klasse<\/th>\n<td class=\"product-accordion__specification-row-value\">IPX4<\/td>\n<\/tr>\n<tr>\n<th class=\"product-accordion__specification-row-heading\">Schallleistungspegel Lwa (dB(A))<\/th>\n<td class=\"product-accordion__specification-row-value\">93<\/td>\n<\/tr>\n<tr>\n<th class=\"product-accordion__specification-row-heading\">Schwingung (m\/s2)<\/th>\n<td class=\"product-accordion__specification-row-value\">1<\/td>\n<\/tr>\n<tr>\n<th class=\"product-accordion__specification-row-heading\">LED-Scheinwerfer<\/th>\n<td class=\"product-accordion__specification-row-value\">Ja<\/td>\n<\/tr>\n<tr>\n<th class=\"product-accordion__specification-row-heading\">Leerlaufdrehzahl (rpm)<\/th>\n<td class=\"product-accordion__specification-row-value\">2700 &#8211; 3000<\/td>\n<\/tr>\n<tr>\n<th class=\"product-accordion__specification-row-heading\">Geh&amp;#228;usegr&amp;#246;&amp;#223;e (mm)<\/th>\n<td class=\"product-accordion__specification-row-value\">510<\/td>\n<\/tr>\n<tr>\n<th class=\"product-accordion__specification-row-heading\">Schneidmesserl&amp;#228;nge (mm)<\/th>\n<td class=\"product-accordion__specification-row-value\">500<\/td>\n<\/tr>\n<tr>\n<th class=\"product-accordion__specification-row-heading\">Fangkorbkapazit&amp;#228;t (L)<\/th>\n<td class=\"product-accordion__specification-row-value\">60<\/td>\n<\/tr>\n<tr>\n<th class=\"product-accordion__specification-row-heading\">Werkzeuggewicht (kg)<\/th>\n<td class=\"product-accordion__specification-row-value\">27<\/td>\n<\/tr>\n<tr>\n<th class=\"product-accordion__specification-row-heading\">Werkzeugl&amp;#228;nge (Aufgeklappt) (mm)<\/th>\n<td class=\"product-accordion__specification-row-value\">1,670<\/td>\n<\/tr>\n<tr>\n<th class=\"product-accordion__specification-row-heading\">Werkzeugbreite (Ausgeklappt) (mm)<\/th>\n<td class=\"product-accordion__specification-row-value\">528<\/td>\n<\/tr>\n<tr>\n<th class=\"product-accordion__specification-row-heading\">Werkzeugh&amp;#246;he (Aufgeklappt) (mm)<\/th>\n<td class=\"product-accordion__specification-row-value\">942<\/td>\n<\/tr>\n<tr>\n<th class=\"product-accordion__specification-row-heading\">Werkzeugl&amp;#228;nge (Zugeklappt) (mm)<\/th>\n<td class=\"product-accordion__specification-row-value\">933<\/td>\n<\/tr>\n<tr>\n<th class=\"product-accordion__specification-row-heading\">Werkzeugbreite (Gefaltet) (mm)<\/th>\n<td class=\"product-accordion__specification-row-value\">528<\/td>\n<\/tr>\n<tr>\n<th class=\"product-accordion__specification-row-heading\">Werkzeugh&amp;#246;he (Zugeklappt) (mm)<\/th>\n<td class=\"product-accordion__specification-row-value\">395<\/td>\n<\/tr>\n<tr>\n<th class=\"product-accordion__specification-row-heading\">Akku-Anschluss<\/th>\n<td class=\"product-accordion__specification-row-value\">Einzelner Anschluss<\/td>\n<\/tr>\n<\/tbody>\n<\/table>\n<\/div>\n<\/div>\n<\/div>\n","protected":false},"excerpt":{"rendered":"<p>Die gr\u00f6\u00dfere Schnittbreite (50 cm) eignet sich perfekt f\u00fcr das pr\u00e4zise M\u00e4hen von mittelgro\u00dfen und gro\u00dfen G\u00e4rten. Mit variablen Radantrieb und mit automatisch variabler Schnittgeschwindigkeit ist der Rasenm\u00e4her ideal f\u00fcr gro\u00dfe Rasenfl\u00e4chen und H\u00e4nge. Zur Ausr\u00fcstung geh\u00f6rt ein gro\u00dfer Fangkorb (60 l). Dieser Rasenm\u00e4her geh\u00f6rt zu unserer Professional Serie \u2013 das Kit beinhaltet einen 5,0-Ah-Akku und ein Schnellladeger\u00e4t.<\/p>\n<h4 class=\"kit-breakdown__breakdown-title\">DIESES KIT ENTH\u00c4LT<\/h4>\n<div class=\"kit-breakdown__breakdown-products\">\n<div class=\"kit-breakdown__product kit-breakdown__product--base-product\">\n<ul>\n<li class=\"kit-breakdown__meta\"><span class=\"kit-breakdown__title\" style=\"color: #99cc00;\"><span class=\"kit-breakdown__sku\">LM2020E-SP<\/span> RASENM\u00c4HER MIT RADANTRIEB<\/span><\/li>\n<li class=\"kit-breakdown__meta\"><span style=\"color: #99cc00;\">BA2800T 5,0 AH AKKU<\/span><\/li>\n<li class=\"kit-breakdown__meta\"><span style=\"color: #99cc00;\">CH5500E\u00a0SCHNELL-LADEGER\u00c4T<\/span><\/li>\n<\/ul>\n<\/div>\n<\/div>\n","protected":false},"featured_media":13499,"comment_status":"open","ping_status":"closed","template":"","meta":[],"product_brand":[297],"product_cat":[134,132],"product_tag":[500,152,155],"class_list":{"0":"post-1590","1":"product","2":"type-product","3":"status-publish","4":"has-post-thumbnail","6":"product_brand-ego","7":"product_cat-gartenbau","8":"product_cat-rasenmaeher","9":"product_tag-500","10":"product_tag-ego","11":"product_tag-rasenmaeher","13":"first","14":"instock","15":"taxable","16":"shipping-taxable","17":"purchasable","18":"product-type-simple"},"_links":{"self":[{"href":"https:\/\/benimarkt.at\/index.php?rest_route=\/wp\/v2\/product\/1590","targetHints":{"allow":["GET"]}}],"collection":[{"href":"https:\/\/benimarkt.at\/index.php?rest_route=\/wp\/v2\/product"}],"about":[{"href":"https:\/\/benimarkt.at\/index.php?rest_route=\/wp\/v2\/types\/product"}],"replies":[{"embeddable":true,"href":"https:\/\/benimarkt.at\/index.php?rest_route=%2Fwp%2Fv2%2Fcomments&post=1590"}],"version-history":[{"count":1,"href":"https:\/\/benimarkt.at\/index.php?rest_route=\/wp\/v2\/product\/1590\/revisions"}],"predecessor-version":[{"id":11734,"href":"https:\/\/benimarkt.at\/index.php?rest_route=\/wp\/v2\/product\/1590\/revisions\/11734"}],"wp:featuredmedia":[{"embeddable":true,"href":"https:\/\/benimarkt.at\/index.php?rest_route=\/wp\/v2\/media\/13499"}],"wp:attachment":[{"href":"https:\/\/benimarkt.at\/index.php?rest_route=%2Fwp%2Fv2%2Fmedia&parent=1590"}],"wp:term":[{"taxonomy":"product_brand","embeddable":true,"href":"https:\/\/benimarkt.at\/index.php?rest_route=%2Fwp%2Fv2%2Fproduct_brand&post=1590"},{"taxonomy":"product_cat","embeddable":true,"href":"https:\/\/benimarkt.at\/index.php?rest_route=%2Fwp%2Fv2%2Fproduct_cat&post=1590"},{"taxonomy":"product_tag","embeddable":true,"href":"https:\/\/benimarkt.at\/index.php?rest_route=%2Fwp%2Fv2%2Fproduct_tag&post=1590"}],"curies":[{"name":"wp","href":"https:\/\/api.w.org\/{rel}","templated":true}]}}