{"id":1535,"date":"2024-06-14T16:14:26","date_gmt":"2024-06-14T14:14:26","guid":{"rendered":"https:\/\/gartenrestposten.de\/?post_type=product&#038;p=1535"},"modified":"2026-01-15T08:20:11","modified_gmt":"2026-01-15T08:20:11","slug":"stiga-svp-40-g-benzin-vertikutierer","status":"publish","type":"product","link":"https:\/\/benimarkt.at\/?product=stiga-svp-40-g-benzin-vertikutierer","title":{"rendered":"Stiga SVP 40 G &#8211; Benzin-Vertikutierer"},"content":{"rendered":"<div class=\"product attribute overview\">\n<div class=\"value\">Halte deinen Rasen mit dem Benzin-Vertikutierer SVP 40 G in Top-Zustand. Der leistungsstarke Viertakt-Motor mit 182 cm\u00b3 Hubraum und 32 beweglichen Messern b\u00fcndeln ihre Kr\u00e4fte, um Unkraut, Moos und andere tote Stoffe zusammenzurechen. Der 3,0-l-Kraftstofftank und 40 cm Arbeitsbreite sorgen daf\u00fcr, dass du gro\u00dfe Rasenfl\u00e4chen im Handumdrehen vertikutieren kannst. Die zentrale Schnitth\u00f6heneinstellung macht die Einstellung der Klingenh\u00f6he einfach \u2013 und bel\u00fcftet deinen Boden in der Tiefe, die er ben\u00f6tigt, um gesund zu bleiben.<\/div>\n<\/div>\n<div class=\"product attribute selling-points\">\n<ul class=\"list_check\">\n<li>Benzin-Vertikutierer zur Entfernung von Moos und anderem Unkraut aus dem Rasen<\/li>\n<li>Angetrieben von einem 182-cm3-Viertakt-Motor<\/li>\n<li>Einstellbares Arbeitssystem mit 32 beweglichen Messern<\/li>\n<li>40 cm Arbeitsbreite f\u00fcr schnelles, effizientes Vertikutieren und Bel\u00fcften des Bodens<\/li>\n<li>Ger\u00e4umiger 50-l-Fangkorb \u2013 spart Zeit und M\u00fche<\/li>\n<li>Praktische Hebelgriffe und Easy-Start-System<\/li>\n<\/ul>\n<\/div>\n","protected":false},"excerpt":{"rendered":"<div class=\"product attribute overview\">\n<div class=\"value\">Halte deinen Rasen mit dem Benzin-Vertikutierer SVP 40 G in Top-Zustand. Der leistungsstarke Viertakt-Motor mit 182 cm\u00b3 Hubraum und 32 beweglichen Messern b\u00fcndeln ihre Kr\u00e4fte, um Unkraut, Moos und andere tote Stoffe zusammenzurechen. Der 3,0-l-Kraftstofftank und 40 cm Arbeitsbreite sorgen daf\u00fcr, dass du gro\u00dfe Rasenfl\u00e4chen im Handumdrehen vertikutieren kannst. Die zentrale Schnitth\u00f6heneinstellung macht die Einstellung der Klingenh\u00f6he einfach \u2013 und bel\u00fcftet deinen Boden in der Tiefe, die er ben\u00f6tigt, um gesund zu bleiben.<\/div>\n<\/div>\n<div class=\"product attribute selling-points\">\n<ul class=\"list_check\">\n<li>Benzin-Vertikutierer zur Entfernung von Moos und anderem Unkraut aus dem Rasen<\/li>\n<li>Angetrieben von einem 182-cm3-Viertakt-Motor<\/li>\n<li>Einstellbares Arbeitssystem mit 32 beweglichen Messern<\/li>\n<li>40 cm Arbeitsbreite f\u00fcr schnelles, effizientes Vertikutieren und Bel\u00fcften des Bodens<\/li>\n<li>Ger\u00e4umiger 50-l-Fangkorb \u2013 spart Zeit und M\u00fche<\/li>\n<li>Praktische Hebelgriffe und Easy-Start-System<\/li>\n<\/ul>\n<\/div>\n","protected":false},"featured_media":13417,"comment_status":"open","ping_status":"closed","template":"","meta":[],"product_brand":[300],"product_cat":[134,150],"product_tag":[453,312,332],"class_list":{"0":"post-1535","1":"product","2":"type-product","3":"status-publish","4":"has-post-thumbnail","6":"product_brand-stiga","7":"product_cat-gartenbau","8":"product_cat-vertikutierer","9":"product_tag-453","10":"product_tag-stiga","11":"product_tag-vertikutierer","13":"first","14":"instock","15":"taxable","16":"shipping-taxable","17":"purchasable","18":"product-type-simple"},"_links":{"self":[{"href":"https:\/\/benimarkt.at\/index.php?rest_route=\/wp\/v2\/product\/1535","targetHints":{"allow":["GET"]}}],"collection":[{"href":"https:\/\/benimarkt.at\/index.php?rest_route=\/wp\/v2\/product"}],"about":[{"href":"https:\/\/benimarkt.at\/index.php?rest_route=\/wp\/v2\/types\/product"}],"replies":[{"embeddable":true,"href":"https:\/\/benimarkt.at\/index.php?rest_route=%2Fwp%2Fv2%2Fcomments&post=1535"}],"version-history":[{"count":2,"href":"https:\/\/benimarkt.at\/index.php?rest_route=\/wp\/v2\/product\/1535\/revisions"}],"predecessor-version":[{"id":11737,"href":"https:\/\/benimarkt.at\/index.php?rest_route=\/wp\/v2\/product\/1535\/revisions\/11737"}],"wp:featuredmedia":[{"embeddable":true,"href":"https:\/\/benimarkt.at\/index.php?rest_route=\/wp\/v2\/media\/13417"}],"wp:attachment":[{"href":"https:\/\/benimarkt.at\/index.php?rest_route=%2Fwp%2Fv2%2Fmedia&parent=1535"}],"wp:term":[{"taxonomy":"product_brand","embeddable":true,"href":"https:\/\/benimarkt.at\/index.php?rest_route=%2Fwp%2Fv2%2Fproduct_brand&post=1535"},{"taxonomy":"product_cat","embeddable":true,"href":"https:\/\/benimarkt.at\/index.php?rest_route=%2Fwp%2Fv2%2Fproduct_cat&post=1535"},{"taxonomy":"product_tag","embeddable":true,"href":"https:\/\/benimarkt.at\/index.php?rest_route=%2Fwp%2Fv2%2Fproduct_tag&post=1535"}],"curies":[{"name":"wp","href":"https:\/\/api.w.org\/{rel}","templated":true}]}}