{"id":1525,"date":"2024-06-14T16:05:53","date_gmt":"2024-06-14T14:05:53","guid":{"rendered":"https:\/\/gartenrestposten.de\/?post_type=product&#038;p=1525"},"modified":"2025-12-11T13:36:30","modified_gmt":"2025-12-11T13:36:30","slug":"ego-bax1501-rueckentragbarer-akku-fuer-profis","status":"publish","type":"product","link":"https:\/\/benimarkt.at\/?product=ego-bax1501-rueckentragbarer-akku-fuer-profis","title":{"rendered":"EGO BAX1501 R\u00dcCKENTRAGBARER AKKU F\u00dcR PROFIS"},"content":{"rendered":"<h4 class=\"single-product-description__title\">VOLLST\u00c4NDIGE PRODUKTBESCHREIBUNG<\/h4>\n<div class=\"single-product-description__content wysiwyg\">\n<p>Kombinieren Sie Ihre EGO Power+ Werkzeuge mit einem unserer Professional-X Backpack Kits.<br \/>\nDer Lithium-Ionen-Akku BAX1501 von EGO ist ergonomisch geformt, damit Sie den ganzen Tag lang arbeiten k\u00f6nnen, und bietet eine au\u00dfergew\u00f6hnliche Laufzeit bei gleichzeitig hohem Bedienkomfort.<\/p>\n<p>Das Akkupaket kann vom Gurtzeug* abgenommen werden, so dass der Akku von mehreren Anwendern gemeinsam genutzt werden kann, jeder mit seinem eigenen Gurtzeug f\u00fcr bessere Hygiene.<\/p>\n<p>Um eine optimale Leistung, Effizienz und Langlebigkeit zu gew\u00e4hrleisten, verf\u00fcgen diese Akkus mit hoher Energiekapazit\u00e4t \u00fcber eine intelligente Einzelzellen\u00fcberwachung und -balancierung, sowohl bei der Versorgung eines Werkzeugs als auch beim Aufladen.<\/p>\n<p><strong>Entwickelt f\u00fcr Leistung, gebaut f\u00fcr Langlebigkeit<\/strong><br \/>\nMit den EGO Power+ Rucksackbatterien k\u00f6nnen Sie mit einer einzigen Ladung einen ganzen Tag lang arbeiten**, und zwar so lange, wie Sie es w\u00fcnschen. Die hochwertigen Zellen mit hoher Leistung und hoher Energiedichte halten mehr als 1.000 Ladezyklen aus. Und dank der Schnellladefunktion ist der Akku in nur 3,5 Stunden wieder voll.<\/p>\n<p><strong>Flexible Leistung<\/strong><br \/>\nSie sind mit allen EGO Power+ Werkzeugen kompatibel, und da sich der Akku am Kabelbaum und nicht am Werkzeug befindet, sind die Werkzeuge noch leichter und einfacher zu bedienen.<\/p>\n<p>*AFH1500 Rahmen und Kabelbaum und ADB1000 Adapter im Lieferumfang enthalten<\/p>\n<\/div>\n","protected":false},"excerpt":{"rendered":"<p>Der r\u00fcckentragbare EGO Power+ Professional-X Akku bietet die Leistung und Laufzeiten, die Sie f\u00fcr einen anspruchsvollen Einsatz ben\u00f6tigen. Er liefert bessere Leistung als viele der derzeit sich in Betrieb befindlichen benzinbetriebenen Ger\u00e4te \u2013 und das alles ohne L\u00e4rm, Abgase und Vibrationen. F\u00fcr maximale Robustheit und Haltbarkeit unserer Akkus, haben wir sie im Vorfeld umfangreich und unter extremen Bedingungen getestet. Der r\u00fcckentragbare Professional-X Akku kann den st\u00e4rksten Regeng\u00fcssen standhalten und weiterhin das Werkzeug mit Energie versorgen. Au\u00dferdem ist das super robuste Geh\u00e4use so konstruiert, dass es allen erdenklichen St\u00f6\u00dfen trotzt.<\/p>\n","protected":false},"featured_media":13505,"comment_status":"open","ping_status":"closed","template":"","meta":[],"product_brand":[297],"product_cat":[127,142,218,134],"product_tag":[501,318,152],"class_list":{"0":"post-1525","1":"product","2":"type-product","3":"status-publish","4":"has-post-thumbnail","6":"product_brand-ego","7":"product_cat-akkus","8":"product_cat-akkus-gartenbau","9":"product_cat-akkus-2","10":"product_cat-gartenbau","11":"product_tag-501","12":"product_tag-akkus","13":"product_tag-ego","15":"first","16":"instock","17":"taxable","18":"shipping-taxable","19":"purchasable","20":"product-type-simple"},"_links":{"self":[{"href":"https:\/\/benimarkt.at\/index.php?rest_route=\/wp\/v2\/product\/1525","targetHints":{"allow":["GET"]}}],"collection":[{"href":"https:\/\/benimarkt.at\/index.php?rest_route=\/wp\/v2\/product"}],"about":[{"href":"https:\/\/benimarkt.at\/index.php?rest_route=\/wp\/v2\/types\/product"}],"replies":[{"embeddable":true,"href":"https:\/\/benimarkt.at\/index.php?rest_route=%2Fwp%2Fv2%2Fcomments&post=1525"}],"version-history":[{"count":1,"href":"https:\/\/benimarkt.at\/index.php?rest_route=\/wp\/v2\/product\/1525\/revisions"}],"predecessor-version":[{"id":11743,"href":"https:\/\/benimarkt.at\/index.php?rest_route=\/wp\/v2\/product\/1525\/revisions\/11743"}],"wp:featuredmedia":[{"embeddable":true,"href":"https:\/\/benimarkt.at\/index.php?rest_route=\/wp\/v2\/media\/13505"}],"wp:attachment":[{"href":"https:\/\/benimarkt.at\/index.php?rest_route=%2Fwp%2Fv2%2Fmedia&parent=1525"}],"wp:term":[{"taxonomy":"product_brand","embeddable":true,"href":"https:\/\/benimarkt.at\/index.php?rest_route=%2Fwp%2Fv2%2Fproduct_brand&post=1525"},{"taxonomy":"product_cat","embeddable":true,"href":"https:\/\/benimarkt.at\/index.php?rest_route=%2Fwp%2Fv2%2Fproduct_cat&post=1525"},{"taxonomy":"product_tag","embeddable":true,"href":"https:\/\/benimarkt.at\/index.php?rest_route=%2Fwp%2Fv2%2Fproduct_tag&post=1525"}],"curies":[{"name":"wp","href":"https:\/\/api.w.org\/{rel}","templated":true}]}}