{"id":1521,"date":"2024-06-14T16:03:17","date_gmt":"2024-06-14T14:03:17","guid":{"rendered":"https:\/\/gartenrestposten.de\/?post_type=product&#038;p=1521"},"modified":"2025-12-09T11:11:59","modified_gmt":"2025-12-09T11:11:59","slug":"ego-bc3800e-freischneider-rasentrimmer-38-cm-ohne-akku","status":"publish","type":"product","link":"https:\/\/benimarkt.at\/?product=ego-bc3800e-freischneider-rasentrimmer-38-cm-ohne-akku","title":{"rendered":"EGO BC3800E FREISCHNEIDER \/ RASENTRIMMER 38 CM (ohne Akku)"},"content":{"rendered":"<table class=\"product-accordion__specification-table\">\n<tbody>\n<tr>\n<th class=\"product-accordion__specification-row-heading\">Spannung (V)<\/th>\n<td class=\"product-accordion__specification-row-value\">56<\/td>\n<\/tr>\n<tr>\n<th class=\"product-accordion__specification-row-heading\">Klingentyp<\/th>\n<td class=\"product-accordion__specification-row-value\">Tri-teeth<\/td>\n<\/tr>\n<tr>\n<th class=\"product-accordion__specification-row-heading\">Schaftmaterial<\/th>\n<td class=\"product-accordion__specification-row-value\">Alluminio<\/td>\n<\/tr>\n<tr>\n<th class=\"product-accordion__specification-row-heading\">Drehrichtung<\/th>\n<td class=\"product-accordion__specification-row-value\">Im Uhrzeigersinn<\/td>\n<\/tr>\n<tr>\n<th class=\"product-accordion__specification-row-heading\">IP-Klasse<\/th>\n<td class=\"product-accordion__specification-row-value\">IPX4<\/td>\n<\/tr>\n<tr>\n<th class=\"product-accordion__specification-row-heading\">Schallleistungspegel Lwa (dB(A))<\/th>\n<td class=\"product-accordion__specification-row-value\">94<\/td>\n<\/tr>\n<tr>\n<th class=\"product-accordion__specification-row-heading\">Teleskopierbar<\/th>\n<td class=\"product-accordion__specification-row-value\">Nein<\/td>\n<\/tr>\n<tr>\n<th class=\"product-accordion__specification-row-heading\">Geschwindigkeitsauswahl<\/th>\n<td class=\"product-accordion__specification-row-value\">Nein<\/td>\n<\/tr>\n<tr>\n<th class=\"product-accordion__specification-row-heading\">Leerlaufdrehzahl (rpm)<\/th>\n<td class=\"product-accordion__specification-row-value\">4500-6000<\/td>\n<\/tr>\n<tr>\n<th class=\"product-accordion__specification-row-heading\">L\u00e4nge Des Werkzeugs (mm)<\/th>\n<td class=\"product-accordion__specification-row-value\">1860<\/td>\n<\/tr>\n<tr>\n<th class=\"product-accordion__specification-row-heading\">Werkzeugbreite (mm)<\/th>\n<td class=\"product-accordion__specification-row-value\">500<\/td>\n<\/tr>\n<tr>\n<th class=\"product-accordion__specification-row-heading\">Werkzeugh\u00f6he (mm)<\/th>\n<td class=\"product-accordion__specification-row-value\">350<\/td>\n<\/tr>\n<tr>\n<th class=\"product-accordion__specification-row-heading\">Akku-Anschluss<\/th>\n<td class=\"product-accordion__specification-row-value\">Einzelner Anschluss<\/td>\n<\/tr>\n<\/tbody>\n<\/table>\n","protected":false},"excerpt":{"rendered":"<p>Da es als Freischneider oder Rasentrimmer einsetzbar ist, wird das Ger\u00e4t mit beiden Aufs\u00e4tzen (Freischneider 30 cm und Rasentrimmer 38 cm) geliefert. Mit einem einzigen Ger\u00e4t sind Sie also flexibler. Das Ger\u00e4t kann mit variabler Geschwindigkeit betrieben werden und l\u00e4sst sich sicherheitshalber verriegeln. Der doppelte Schultergurt ist inbegriffen und gew\u00e4hrt einen komfortablen und effizienten Einsatz. Die Griffe sind verstellbar. Das kommt dem Komfort und einer kompakten Lagerung zugute.<\/p>\n","protected":false},"featured_media":13508,"comment_status":"open","ping_status":"closed","template":"","meta":[],"product_brand":[297],"product_cat":[134,139],"product_tag":[152,157],"class_list":{"0":"post-1521","1":"product","2":"type-product","3":"status-publish","4":"has-post-thumbnail","6":"product_brand-ego","7":"product_cat-gartenbau","8":"product_cat-rasentrimmer","9":"product_tag-ego","10":"product_tag-rasentrimmer","12":"first","13":"outofstock","14":"taxable","15":"shipping-taxable","16":"purchasable","17":"product-type-simple"},"_links":{"self":[{"href":"https:\/\/benimarkt.at\/index.php?rest_route=\/wp\/v2\/product\/1521","targetHints":{"allow":["GET"]}}],"collection":[{"href":"https:\/\/benimarkt.at\/index.php?rest_route=\/wp\/v2\/product"}],"about":[{"href":"https:\/\/benimarkt.at\/index.php?rest_route=\/wp\/v2\/types\/product"}],"replies":[{"embeddable":true,"href":"https:\/\/benimarkt.at\/index.php?rest_route=%2Fwp%2Fv2%2Fcomments&post=1521"}],"version-history":[{"count":1,"href":"https:\/\/benimarkt.at\/index.php?rest_route=\/wp\/v2\/product\/1521\/revisions"}],"predecessor-version":[{"id":12013,"href":"https:\/\/benimarkt.at\/index.php?rest_route=\/wp\/v2\/product\/1521\/revisions\/12013"}],"wp:featuredmedia":[{"embeddable":true,"href":"https:\/\/benimarkt.at\/index.php?rest_route=\/wp\/v2\/media\/13508"}],"wp:attachment":[{"href":"https:\/\/benimarkt.at\/index.php?rest_route=%2Fwp%2Fv2%2Fmedia&parent=1521"}],"wp:term":[{"taxonomy":"product_brand","embeddable":true,"href":"https:\/\/benimarkt.at\/index.php?rest_route=%2Fwp%2Fv2%2Fproduct_brand&post=1521"},{"taxonomy":"product_cat","embeddable":true,"href":"https:\/\/benimarkt.at\/index.php?rest_route=%2Fwp%2Fv2%2Fproduct_cat&post=1521"},{"taxonomy":"product_tag","embeddable":true,"href":"https:\/\/benimarkt.at\/index.php?rest_route=%2Fwp%2Fv2%2Fproduct_tag&post=1521"}],"curies":[{"name":"wp","href":"https:\/\/api.w.org\/{rel}","templated":true}]}}