{"id":1505,"date":"2024-06-14T15:50:39","date_gmt":"2024-06-14T13:50:39","guid":{"rendered":"https:\/\/gartenrestposten.de\/?post_type=product&#038;p=1505"},"modified":"2025-12-01T11:14:47","modified_gmt":"2025-12-01T11:14:47","slug":"honda-wt-30-wasserpumpe","status":"publish","type":"product","link":"https:\/\/benimarkt.at\/?product=honda-wt-30-wasserpumpe","title":{"rendered":"Honda WT 30 &#8211; Wasserpumpe"},"content":{"rendered":"<p>Pumpe aus Gussstahl f\u00fcr eine F\u00f6rdermenge von 1.210 Litern pro Minute, f\u00fcr Fremdk\u00f6rper bis zu einer Korngr\u00f6\u00dfe von 28 mm und eine Gesamtf\u00f6rderh\u00f6he von 27 m.<\/p>\n<p>&nbsp;<\/p>\n<ul>\n<li class=\"opened\"><a><span class=\"title\">Pumpe<\/span><\/a>\n<div class=\"content\">\n<table>\n<tbody>\n<tr>\n<td class=\"title\">Kapazit\u00e4t ((l\/min) \/ (m\u00b3\/h))<\/td>\n<td class=\"result\">1210 \/ 74,4<\/td>\n<\/tr>\n<tr>\n<td class=\"title\">Anschl\u00fcsse Durchmesser (Zoll)<\/td>\n<td class=\"result\">3<\/td>\n<\/tr>\n<tr>\n<td class=\"title\">Gesamtf\u00f6rderh\u00f6he (m)<\/td>\n<td class=\"result\">27<\/td>\n<\/tr>\n<tr>\n<td class=\"title\">Ansaugh\u00f6he (m)<\/td>\n<td class=\"result\">8<\/td>\n<\/tr>\n<tr>\n<td class=\"title\">F\u00f6rderdruck (bar)<\/td>\n<td class=\"result\">2,7<\/td>\n<\/tr>\n<tr>\n<td class=\"title\">max. Korngr\u00f6\u00dfe (mm)<\/td>\n<td class=\"result\">28<\/td>\n<\/tr>\n<\/tbody>\n<\/table>\n<\/div>\n<\/li>\n<li class=\"opened\"><a><span class=\"title\">Motor<\/span><\/a>\n<div class=\"content\">\n<table>\n<tbody>\n<tr>\n<td class=\"title\">Motor<\/td>\n<td class=\"result\">OHV GX 240<\/td>\n<\/tr>\n<tr>\n<td class=\"title\">Motortyp<\/td>\n<td class=\"result\">4-takt, OHV, 1 Zylinder<\/td>\n<\/tr>\n<tr>\n<td class=\"title\">Hubraum (cm\u00b3)<\/td>\n<td class=\"result\">242<\/td>\n<\/tr>\n<tr>\n<td class=\"title\">Nennleistung (kW)<\/td>\n<td class=\"result\">5,3<\/td>\n<\/tr>\n<tr>\n<td class=\"title\">Nenndrehzahl<\/td>\n<td class=\"result\">3.600\/min<\/td>\n<\/tr>\n<tr>\n<td class=\"title\">Motor\u00f6lvolumen (l)<\/td>\n<td class=\"result\">1,1<\/td>\n<\/tr>\n<tr>\n<td class=\"title\">Tankvolumen (l)<\/td>\n<td class=\"result\">5,3<\/td>\n<\/tr>\n<tr>\n<td class=\"title\">Betriebsdauer pro Tankf\u00fcllung<\/td>\n<td class=\"result\">2 h 10 min<\/td>\n<\/tr>\n<tr>\n<td class=\"title\">Startsystem<\/td>\n<td class=\"result\">Seilzug<\/td>\n<\/tr>\n<tr>\n<td class=\"title\">Schalldruck (dB(A))<\/td>\n<td class=\"result\">93<\/td>\n<\/tr>\n<tr>\n<td class=\"title\">Schallleistungspegel LWA (dB(A))<\/td>\n<td class=\"result\">110<\/td>\n<\/tr>\n<\/tbody>\n<\/table>\n<\/div>\n<\/li>\n<li class=\"opened\"><a><span class=\"title\">Abmessungen<\/span><\/a>\n<div class=\"content\">\n<table>\n<tbody>\n<tr>\n<td class=\"title\">L\u00e4nge (mm)<\/td>\n<td class=\"result\">660<\/td>\n<\/tr>\n<tr>\n<td class=\"title\">Breite (mm)<\/td>\n<td class=\"result\">495<\/td>\n<\/tr>\n<tr>\n<td class=\"title\">H\u00f6he (mm)<\/td>\n<td class=\"result\">515<\/td>\n<\/tr>\n<tr>\n<td class=\"title\">Trockengewicht (kg)<\/td>\n<td class=\"result\">61<\/td>\n<\/tr>\n<\/tbody>\n<\/table>\n<\/div>\n<\/li>\n<\/ul>\n","protected":false},"excerpt":{"rendered":"<p>Pumpe aus Gussstahl f\u00fcr eine F\u00f6rdermenge von 1.210 Litern pro Minute, f\u00fcr Fremdk\u00f6rper bis zu einer Korngr\u00f6\u00dfe von 28 mm und eine Gesamtf\u00f6rderh\u00f6he von 27 m.<\/p>\n","protected":false},"featured_media":13098,"comment_status":"open","ping_status":"closed","template":"","meta":[],"product_brand":[296],"product_cat":[149],"product_tag":[189,327],"class_list":{"0":"post-1505","1":"product","2":"type-product","3":"status-publish","4":"has-post-thumbnail","6":"product_brand-honda","7":"product_cat-wasserpumpe","8":"product_tag-honda","9":"product_tag-wasserpumpe","11":"first","12":"outofstock","13":"taxable","14":"shipping-taxable","15":"purchasable","16":"product-type-simple"},"_links":{"self":[{"href":"https:\/\/benimarkt.at\/index.php?rest_route=\/wp\/v2\/product\/1505","targetHints":{"allow":["GET"]}}],"collection":[{"href":"https:\/\/benimarkt.at\/index.php?rest_route=\/wp\/v2\/product"}],"about":[{"href":"https:\/\/benimarkt.at\/index.php?rest_route=\/wp\/v2\/types\/product"}],"replies":[{"embeddable":true,"href":"https:\/\/benimarkt.at\/index.php?rest_route=%2Fwp%2Fv2%2Fcomments&post=1505"}],"version-history":[{"count":1,"href":"https:\/\/benimarkt.at\/index.php?rest_route=\/wp\/v2\/product\/1505\/revisions"}],"predecessor-version":[{"id":11751,"href":"https:\/\/benimarkt.at\/index.php?rest_route=\/wp\/v2\/product\/1505\/revisions\/11751"}],"wp:featuredmedia":[{"embeddable":true,"href":"https:\/\/benimarkt.at\/index.php?rest_route=\/wp\/v2\/media\/13098"}],"wp:attachment":[{"href":"https:\/\/benimarkt.at\/index.php?rest_route=%2Fwp%2Fv2%2Fmedia&parent=1505"}],"wp:term":[{"taxonomy":"product_brand","embeddable":true,"href":"https:\/\/benimarkt.at\/index.php?rest_route=%2Fwp%2Fv2%2Fproduct_brand&post=1505"},{"taxonomy":"product_cat","embeddable":true,"href":"https:\/\/benimarkt.at\/index.php?rest_route=%2Fwp%2Fv2%2Fproduct_cat&post=1505"},{"taxonomy":"product_tag","embeddable":true,"href":"https:\/\/benimarkt.at\/index.php?rest_route=%2Fwp%2Fv2%2Fproduct_tag&post=1505"}],"curies":[{"name":"wp","href":"https:\/\/api.w.org\/{rel}","templated":true}]}}