{"id":14389,"date":"2026-04-16T08:09:04","date_gmt":"2026-04-16T08:09:04","guid":{"rendered":"https:\/\/benimarkt.at\/?post_type=product&#038;p=14389"},"modified":"2026-04-16T08:09:04","modified_gmt":"2026-04-16T08:09:04","slug":"cube-aruba-blueblossomncreme-2026-easy-entry-49-cm-letztes-stueck","status":"publish","type":"product","link":"https:\/\/benimarkt.at\/?product=cube-aruba-blueblossomncreme-2026-easy-entry-49-cm-letztes-stueck","title":{"rendered":"Cube Aruba blueblossom&#8217;n&#8217;creme 2026 &#8211; Easy Entry &#8211; 49 cm \u2013 letztes St\u00fcck!"},"content":{"rendered":"","protected":false},"excerpt":{"rendered":"<p>Beschreibung<\/p>\n<p>Ein stylishes Bike ist toll, klar \u2013 aber Optik ist nicht alles. Demnach ist der Aruba Rahmen nicht nur wundersch\u00f6n anzuschauen, sondern auch leicht und \u00fcberaus komfortabel zu fahren. Au\u00dferdem hat er \u2013 wie alle unsere Rahmen \u00fcbrigens \u2013 unsere umfassenden Stabilit\u00e4ts- und Sicherheitstest mit Bravour bestanden. Unsere Efficient Comfort Geometry sorgt f\u00fcr dauerhaft hohen Komfort und ein harmonisches Fahrverhalten. Alles, was du brauchst, reist auf dem elegant ins Design integrierten Gep\u00e4cktr\u00e4ger sicher und bequem von A nach B. Dass bei so einem schicken Bike s\u00e4mtliche Details farblich aufeinander abgestimmt sind, versteht sich fast von selbst.<\/p>\n<p>Rahmenmaterial<br \/>\nAluminium Superlite<\/p>\n<p>Seine elegante Retro-Optik und die farblich aufeinander abgestimmten Details machen das Aruba zum absoluten Blickfang. Mit seinem unkomplizierten Handling, das jede Menge Fahrspa\u00df verspricht, und einem Zubeh\u00f6r-Komplettset stellt es aber auch seine Alltagstaublichkeit unter Beweis. Ein Lifestyle-Bike mit richtig viel Gro\u00dfstadt-Charme!<\/p>\n<p>Antrieb &amp; Bremse<br \/>\nBremsanlage<br \/>\nV-Brake<\/p>\n<p>Kurbelgarnitur<br \/>\nShimano Nexus FC-C6000, 38T<\/p>\n<p>Kette<br \/>\nKMC HV500<\/p>\n<p>Nabenritzel<br \/>\nShimano Nexus, 20T<\/p>\n<p>Cockpit<br \/>\nVorbau<br \/>\nCUBE Comfort City Stem, 31.8mm<\/p>\n<p>Lenker<br \/>\nCUBE Comfort Shape Bar<\/p>\n<p>Griffe<br \/>\nCUBE Retro<\/p>\n<p>Laufr\u00e4der<br \/>\nFelgen<br \/>\nCUBE SX24, 36H, V-Brake<\/p>\n<p>Vorderrad Nabe<br \/>\nShimano DH-C3000, Hub Dynamo, Nut<\/p>\n<p>Hinterrad Nabe<br \/>\nShimano Nexus SG-C6001, 8-Speed<\/p>\n<p>Reifen<br \/>\nSchwalbe Little Big Ben, Active, 40-622<\/p>\n<p>Ausstattung<br \/>\nSattel<br \/>\nCUBE Retro<\/p>\n<p>Sattelst\u00fctze<br \/>\nCUBE Performance Post, 27.2mm<\/p>\n<p>Pedale<br \/>\nACID PP Trekking<\/p>\n<p>Scheinwerfer<br \/>\nTrelock LS582 Retro<\/p>\n<p>R\u00fccklicht<br \/>\nHerrmans H-Trace<\/p>\n<p>St\u00e4nder<br \/>\nCUBEstand CMPT<\/p>\n<p>Glocke<br \/>\nCUBE Classic<\/p>\n<p>Gep\u00e4cktr\u00e4ger<br \/>\nCUBE Integrated Carrier 2.0, CUBE Adapter Compatible, SnapIt Compatible<\/p>\n<p>Artikelinformationen<br \/>\nFarbe<br \/>\nblueblossom\u00b4n\u00b4cream<\/p>\n<p>Gewicht<br \/>\n17,0 kg<\/p>\n<p>Artikelnummer<br \/>\n164100<\/p>\n","protected":false},"featured_media":14390,"comment_status":"open","ping_status":"closed","template":"","meta":[],"product_brand":[342],"product_cat":[341],"product_tag":[344,345],"class_list":{"0":"post-14389","1":"product","2":"type-product","3":"status-publish","4":"has-post-thumbnail","6":"product_brand-cube","7":"product_cat-fahrraeder","8":"product_tag-cube","9":"product_tag-fahrraeder","11":"first","12":"instock","13":"taxable","14":"shipping-taxable","15":"purchasable","16":"product-type-simple"},"_links":{"self":[{"href":"https:\/\/benimarkt.at\/index.php?rest_route=\/wp\/v2\/product\/14389","targetHints":{"allow":["GET"]}}],"collection":[{"href":"https:\/\/benimarkt.at\/index.php?rest_route=\/wp\/v2\/product"}],"about":[{"href":"https:\/\/benimarkt.at\/index.php?rest_route=\/wp\/v2\/types\/product"}],"replies":[{"embeddable":true,"href":"https:\/\/benimarkt.at\/index.php?rest_route=%2Fwp%2Fv2%2Fcomments&post=14389"}],"version-history":[{"count":1,"href":"https:\/\/benimarkt.at\/index.php?rest_route=\/wp\/v2\/product\/14389\/revisions"}],"predecessor-version":[{"id":14391,"href":"https:\/\/benimarkt.at\/index.php?rest_route=\/wp\/v2\/product\/14389\/revisions\/14391"}],"wp:featuredmedia":[{"embeddable":true,"href":"https:\/\/benimarkt.at\/index.php?rest_route=\/wp\/v2\/media\/14390"}],"wp:attachment":[{"href":"https:\/\/benimarkt.at\/index.php?rest_route=%2Fwp%2Fv2%2Fmedia&parent=14389"}],"wp:term":[{"taxonomy":"product_brand","embeddable":true,"href":"https:\/\/benimarkt.at\/index.php?rest_route=%2Fwp%2Fv2%2Fproduct_brand&post=14389"},{"taxonomy":"product_cat","embeddable":true,"href":"https:\/\/benimarkt.at\/index.php?rest_route=%2Fwp%2Fv2%2Fproduct_cat&post=14389"},{"taxonomy":"product_tag","embeddable":true,"href":"https:\/\/benimarkt.at\/index.php?rest_route=%2Fwp%2Fv2%2Fproduct_tag&post=14389"}],"curies":[{"name":"wp","href":"https:\/\/api.w.org\/{rel}","templated":true}]}}