{"id":14386,"date":"2026-04-16T07:23:25","date_gmt":"2026-04-16T07:23:25","guid":{"rendered":"https:\/\/benimarkt.at\/?post_type=product&#038;p=14386"},"modified":"2026-04-16T07:30:54","modified_gmt":"2026-04-16T07:30:54","slug":"cube-nature-one-2025-allroad-amaronenlunar-50t-letztes-stueck","status":"publish","type":"product","link":"https:\/\/benimarkt.at\/?product=cube-nature-one-2025-allroad-amaronenlunar-50t-letztes-stueck","title":{"rendered":"CUBE Nature ONE 2025 &#8211; Allroad &#8211; amarone&#8217;n&#8217;lunar &#8211; 50T &#8211; letztes St\u00fcck!"},"content":{"rendered":"","protected":false},"excerpt":{"rendered":"<p>Beschreibung<\/p>\n<p>Die Linienf\u00fchrung des Nature Allroad? Klassisch und elegant. Doch hier handelt es sich nicht um einen gew\u00f6hnlichen Tourer. Ein Rahmen aus doppelt konifizierten Aluminiumrohrs\u00e4tzen erm\u00f6glicht geringes Gewicht ohne Einbu\u00dfen in Sachen Stabilit\u00e4t. Zudem ist er ebenso komfortabel zu fahren wie \u00e4sthetisch ansprechend: Im Smooth Welding Verfahren gestaltete Verbindungspunkte an den Hauptrohren unterstreichen den cleanen, edlen Look. Seine Robustheit und Qualit\u00e4t hat das Chassis bei unseren strengen Sicherheitstests unter Beweis gestellt. Last, but not least wurde viel praktisches Zubeh\u00f6r standardm\u00e4\u00dfig inkludiert: Lichter, Schutzbleche, Gep\u00e4cktr\u00e4ger und Seitenst\u00e4nder. Damit ist dieses Bike bestens ger\u00fcstet f\u00fcr alles, was ihm auf Entdeckertour begegnet!<\/p>\n<div class=\"col-12 col-sm-4 mb-4 mb-sm-0\">\n<div class=\"label\">\n<h3>Rahmenmaterial<\/h3>\n<\/div>\n<div class=\"value\">Aluminium Superlite<\/div>\n<\/div>\n<div class=\"col-12 col-sm-4 mb-4 mb-sm-0\">\n<div class=\"label\">\n<h3>Ausstattung<\/h3>\n<\/div>\n<div class=\"value\">Allroad<\/div>\n<\/div>\n<div><\/div>\n<div>Unsere Devise hier bei CUBE? Die Form folgt der Funktion. Deshalb haben wir uns beim Nature ONE Allroad f\u00fcr eine klassische Linienf\u00fchrung und \u2013 per Smooth Welding Verfahren \u2013 glatte Rohrverbindungen entschieden. Dazu kommen ein zuverl\u00e4ssiges Handling und viele praktische Details, wie Gep\u00e4cktr\u00e4ger, Schutzbleche, Seitenst\u00e4nder und Lichter. Viel Komfort, cooler Style: also alles da, was f\u00fcr die n\u00e4chste Radtour wichtig ist.<\/div>\n<div><\/div>\n<div>\n<p>Rahmen<br \/>\nRahmen<br \/>\nAluminium Superlite, Trekking Cross, Taper, Double Butted<\/p>\n<p>Gr\u00f6\u00dfe<br \/>\nTrapeze: XS \/ 46cm, S \/ 50cm, M \/ 54cm<\/p>\n<p>Fahrwerk<br \/>\nFedergabel<br \/>\nSR Suntour NEX HLO, 63mm, Lockout<\/p>\n<p>Antrieb &amp; Bremse<br \/>\nBremsanlage<br \/>\nShimano BR-MT200, Hydr. Disc Brake (160\/160)<\/p>\n<p>Schaltwerk<br \/>\nShimano Essa RD-U2000-GS, 8-Speed<\/p>\n<p>Schalthebel<br \/>\nShimano SL-M315, Rapidfire-Plus<\/p>\n<p>Innenlager<br \/>\nThun Paso-ML, 68mm, BSA<\/p>\n<p>Kurbelgarnitur<br \/>\nShimano Essa FC-U2000-1, 40T<\/p>\n<p>Kassette<br \/>\nShimano CS-HG400, 11-45T<\/p>\n<p>Kette<br \/>\nKMC Z8<\/p>\n<p>Cockpit<br \/>\nSteuersatz<br \/>\nVP Integrated, Top 1 1\/8&#8243;, Bottom 1 1\/2&#8243;<\/p>\n<p>Vorbau<br \/>\nCUBE Performance Stem Pro, 31.8mm<\/p>\n<p>Lenker<br \/>\nCUBE Comfort Trail Bar, 700mm<\/p>\n<p>Griffe<br \/>\nACID Travel Comfort<\/p>\n<p>Laufr\u00e4der<br \/>\nFelgen<br \/>\nCUBE EX25, 32H, Disc<\/p>\n<p>Vorderrad Nabe<br \/>\nShimano DH-3D37, Hub Dynamo, QR, Centerlock<\/p>\n<p>Hinterrad Nabe<br \/>\nShimano FH-QC300-HM, QR, Centerlock<\/p>\n<p>Reifen<br \/>\nSchwalbe Land Cruiser, Active, 50-622<\/p>\n<p>Ausstattung<br \/>\nSattel<br \/>\nACID Sequence Pro 160<\/p>\n<p>Sattelst\u00fctze<br \/>\nCUBE Performance Post, 27.2mm<\/p>\n<p>Pedale<br \/>\nCUBE PP MTB<\/p>\n<p>Scheinwerfer<br \/>\nCUBE Shiny 50<\/p>\n<p>R\u00fccklicht<br \/>\nACID Mudguard Rear Light PRO-D, 6V, AC<\/p>\n<p>St\u00e4nder<br \/>\nCUBEstand Cmpt<\/p>\n<p>Schutzbleche<br \/>\nACID 65 BB-Mount<\/p>\n<p>Glocke<br \/>\nEasy Bell<\/p>\n<p>Gep\u00e4cktr\u00e4ger<br \/>\nACID Semi-Integrated Carrier, ACID RILink Adapter Compatible<\/p>\n<p>Artikelinformationen<br \/>\nFarbe<br \/>\namarone\u00b4n\u00b4lunar<\/p>\n<p>Gewicht<br \/>\n17,1 kg<\/p>\n<p>Artikelnummer<br \/>\n861111<\/p>\n<\/div>\n","protected":false},"featured_media":14388,"comment_status":"open","ping_status":"closed","template":"","meta":[],"product_brand":[342],"product_cat":[341],"product_tag":[344,345],"class_list":{"0":"post-14386","1":"product","2":"type-product","3":"status-publish","4":"has-post-thumbnail","6":"product_brand-cube","7":"product_cat-fahrraeder","8":"product_tag-cube","9":"product_tag-fahrraeder","11":"first","12":"instock","13":"taxable","14":"shipping-taxable","15":"purchasable","16":"product-type-simple"},"_links":{"self":[{"href":"https:\/\/benimarkt.at\/index.php?rest_route=\/wp\/v2\/product\/14386","targetHints":{"allow":["GET"]}}],"collection":[{"href":"https:\/\/benimarkt.at\/index.php?rest_route=\/wp\/v2\/product"}],"about":[{"href":"https:\/\/benimarkt.at\/index.php?rest_route=\/wp\/v2\/types\/product"}],"replies":[{"embeddable":true,"href":"https:\/\/benimarkt.at\/index.php?rest_route=%2Fwp%2Fv2%2Fcomments&post=14386"}],"version-history":[{"count":1,"href":"https:\/\/benimarkt.at\/index.php?rest_route=\/wp\/v2\/product\/14386\/revisions"}],"predecessor-version":[{"id":14387,"href":"https:\/\/benimarkt.at\/index.php?rest_route=\/wp\/v2\/product\/14386\/revisions\/14387"}],"wp:featuredmedia":[{"embeddable":true,"href":"https:\/\/benimarkt.at\/index.php?rest_route=\/wp\/v2\/media\/14388"}],"wp:attachment":[{"href":"https:\/\/benimarkt.at\/index.php?rest_route=%2Fwp%2Fv2%2Fmedia&parent=14386"}],"wp:term":[{"taxonomy":"product_brand","embeddable":true,"href":"https:\/\/benimarkt.at\/index.php?rest_route=%2Fwp%2Fv2%2Fproduct_brand&post=14386"},{"taxonomy":"product_cat","embeddable":true,"href":"https:\/\/benimarkt.at\/index.php?rest_route=%2Fwp%2Fv2%2Fproduct_cat&post=14386"},{"taxonomy":"product_tag","embeddable":true,"href":"https:\/\/benimarkt.at\/index.php?rest_route=%2Fwp%2Fv2%2Fproduct_tag&post=14386"}],"curies":[{"name":"wp","href":"https:\/\/api.w.org\/{rel}","templated":true}]}}