{"id":14383,"date":"2026-04-16T06:52:14","date_gmt":"2026-04-16T06:52:14","guid":{"rendered":"https:\/\/benimarkt.at\/?post_type=product&#038;p=14383"},"modified":"2026-04-16T06:52:14","modified_gmt":"2026-04-16T06:52:14","slug":"cube-nature-pro-allroad-2025-cottonngrey-54-letztes-stueck","status":"publish","type":"product","link":"https:\/\/benimarkt.at\/?product=cube-nature-pro-allroad-2025-cottonngrey-54-letztes-stueck","title":{"rendered":"CUBE Nature Pro Allroad 2025 &#8211; cotton&#8217;n&#8217;grey &#8211; 54 &#8211; letztes St\u00fcck!"},"content":{"rendered":"<p>Beschreibung<\/p>\n<p class=\"description\">Das Herzst\u00fcck eines guten Fahrrads? Zweifellos sein Rahmen. Das gilt nat\u00fcrlich auch f\u00fcr das Nature Allroad mit seinem Chassis aus doppelt konifizierten Aluminiumrohrs\u00e4tzen f\u00fcr geringes Gewicht ohne Abstriche in Sachen Stabilit\u00e4t. Im Smooth Welding Verfahren gestaltete Verbindungspunkte an den Hauptrohren sorgen zudem f\u00fcr einen glatten, eleganten Look. Das Ergebnis ist eine leichte, agile und komfortable Konstruktion, die unsere strengen Sicherheitstests mit Bravour bestanden hat. On top gibt&#8217;s gen\u00fcgend Platz f\u00fcr breite Reifen sowie ein Zubeh\u00f6rset mit Lichtanlage, Schutzblechen, Gep\u00e4cktr\u00e4ger und Seitenst\u00e4nder. Damit bist du f\u00fcr alle Routen und Touren bestens ger\u00fcstet!<\/p>\n<div class=\"row key-features\">\n<div class=\"col-12 col-sm-4 mb-4 mb-sm-0\">\n<div class=\"label\">\n<h3>Rahmenmaterial<\/h3>\n<\/div>\n<div class=\"value\">Aluminium Superlite<\/div>\n<\/div>\n<div class=\"col-12 col-sm-4 mb-4 mb-sm-0\">\n<div class=\"label\">\n<h3>Ausstattung<\/h3>\n<\/div>\n<div class=\"value\">Allroad<\/div>\n<\/div>\n<\/div>\n<div><\/div>\n<div>Kaum eine Erfindung steht so sehr f\u00fcr die ganz gro\u00dfe Freiheit wie das Fahrrad \u2013 und kaum ein Fahrrad ist vielseitiger als das Nature Pro Allroad. Mit seinem klassisch-eleganten Rahmen, praktischen Zubeh\u00f6r und wetterunabh\u00e4ngig kraftvoll verz\u00f6gernden Scheibenbremsen beweist es sich als echter Allesk\u00f6nner: Arbeitsweg, City-Runde, Wochenendradtour, egal!<\/div>\n<div><\/div>\n<div>\n<p>Rahmen<br \/>\nRahmen<br \/>\nAluminium Superlite, Trekking Cross, Taper, Double Butted<\/p>\n<p>Gr\u00f6\u00dfe<br \/>\nClassic: XS \/ 46cm, S \/ 50cm, M \/ 54cm, L \/ 58cm, XL \/ 62cm<\/p>\n<p>Fahrwerk<br \/>\nFedergabel<br \/>\nSR Suntour NEX HLO, 63mm, Lockout<\/p>\n<p>Antrieb &amp; Bremse<br \/>\nBremsanlage<br \/>\nShimano BR-MT200, Hydr. Disc Brake (160\/180)<\/p>\n<p>Schaltwerk<br \/>\nShimano Cues RD-U6020-SGS, 10-Speed<\/p>\n<p>Schalthebel<br \/>\nShimano Cues SL-U6000, Rapidfire-Plus<\/p>\n<p>Umwerfer<br \/>\nShimano Cues FD-U6010, Top-Swing, 31.8mm<\/p>\n<p>Innenlager<br \/>\nShimano BB-MT501, 68mm BSA<\/p>\n<p>Kurbelgarnitur<br \/>\nShimano Cues FC-U6000, 46x30T, Chainguard<\/p>\n<p>Kassette<br \/>\nShimano Cues CS-LG400, 11-39T<\/p>\n<p>Kette<br \/>\nKMC xGlide<\/p>\n<p>Cockpit<br \/>\nSteuersatz<br \/>\nVP Integrated, Top 1 1\/8&#8243;, Bottom 1 1\/2&#8243;<\/p>\n<p>Vorbau<br \/>\nCUBE Performance Stem Pro, 31.8mm<\/p>\n<p>Lenker<br \/>\nCUBE Comfort Trail Bar, 700mm<\/p>\n<p>Griffe<br \/>\nACID Travel Comfort<\/p>\n<p>Laufr\u00e4der<br \/>\nFelgen<br \/>\nCUBE EX25, 32H, Disc, Tubeless Ready<\/p>\n<p>Vorderrad Nabe<br \/>\nShimano DH-3D37, Hub Dynamo, QR, Centerlock<\/p>\n<p>Hinterrad Nabe<br \/>\nShimano FH-QC300-HM, QR, Centerlock<\/p>\n<p>Reifen<br \/>\nSchwalbe Land Cruiser, Active, 50-622<\/p>\n<p>Ausstattung<br \/>\nSattel<br \/>\nACID Sequence Pro 160<\/p>\n<p>Sattelst\u00fctze<br \/>\nCUBE Performance Post, 27.2mm<\/p>\n<p>Pedale<br \/>\nCUBE PP MTB<\/p>\n<p>Scheinwerfer<br \/>\nACID Pro-D 100<\/p>\n<p>R\u00fccklicht<br \/>\nACID Mudguard Rear Light PRO-D, 6V, AC<\/p>\n<p>St\u00e4nder<br \/>\nCUBEstand Cmpt<\/p>\n<p>Schutzbleche<br \/>\nACID 65 BB-Mount<\/p>\n<p>Glocke<br \/>\nKnog Oi<\/p>\n<p>Gep\u00e4cktr\u00e4ger<br \/>\nACID Semi-Integrated Carrier, ACID RILink Adapter Compatible<\/p>\n<p>Artikelinformationen<br \/>\nFarbe<br \/>\ncotton\u00b4n\u00b4grey<\/p>\n<p>Gewicht<br \/>\n17,6 kg<\/p>\n<p>Artikelnummer<br \/>\n861200<\/p>\n<\/div>\n","protected":false},"excerpt":{"rendered":"<p>Beschreibung Das Herzst\u00fcck eines guten Fahrrads? Zweifellos sein Rahmen. Das gilt nat\u00fcrlich auch f\u00fcr das Nature Allroad mit seinem Chassis<\/p>\n","protected":false},"featured_media":14384,"comment_status":"open","ping_status":"closed","template":"","meta":[],"product_brand":[342],"product_cat":[341],"product_tag":[344,345],"class_list":{"0":"post-14383","1":"product","2":"type-product","3":"status-publish","4":"has-post-thumbnail","6":"product_brand-cube","7":"product_cat-fahrraeder","8":"product_tag-cube","9":"product_tag-fahrraeder","11":"first","12":"instock","13":"taxable","14":"shipping-taxable","15":"purchasable","16":"product-type-simple"},"_links":{"self":[{"href":"https:\/\/benimarkt.at\/index.php?rest_route=\/wp\/v2\/product\/14383","targetHints":{"allow":["GET"]}}],"collection":[{"href":"https:\/\/benimarkt.at\/index.php?rest_route=\/wp\/v2\/product"}],"about":[{"href":"https:\/\/benimarkt.at\/index.php?rest_route=\/wp\/v2\/types\/product"}],"replies":[{"embeddable":true,"href":"https:\/\/benimarkt.at\/index.php?rest_route=%2Fwp%2Fv2%2Fcomments&post=14383"}],"version-history":[{"count":1,"href":"https:\/\/benimarkt.at\/index.php?rest_route=\/wp\/v2\/product\/14383\/revisions"}],"predecessor-version":[{"id":14385,"href":"https:\/\/benimarkt.at\/index.php?rest_route=\/wp\/v2\/product\/14383\/revisions\/14385"}],"wp:featuredmedia":[{"embeddable":true,"href":"https:\/\/benimarkt.at\/index.php?rest_route=\/wp\/v2\/media\/14384"}],"wp:attachment":[{"href":"https:\/\/benimarkt.at\/index.php?rest_route=%2Fwp%2Fv2%2Fmedia&parent=14383"}],"wp:term":[{"taxonomy":"product_brand","embeddable":true,"href":"https:\/\/benimarkt.at\/index.php?rest_route=%2Fwp%2Fv2%2Fproduct_brand&post=14383"},{"taxonomy":"product_cat","embeddable":true,"href":"https:\/\/benimarkt.at\/index.php?rest_route=%2Fwp%2Fv2%2Fproduct_cat&post=14383"},{"taxonomy":"product_tag","embeddable":true,"href":"https:\/\/benimarkt.at\/index.php?rest_route=%2Fwp%2Fv2%2Fproduct_tag&post=14383"}],"curies":[{"name":"wp","href":"https:\/\/api.w.org\/{rel}","templated":true}]}}