{"id":14368,"date":"2026-04-15T14:19:21","date_gmt":"2026-04-15T14:19:21","guid":{"rendered":"https:\/\/benimarkt.at\/?post_type=product&#038;p=14368"},"modified":"2026-04-15T14:19:21","modified_gmt":"2026-04-15T14:19:21","slug":"cube-kathmandu-slt-2026-duskwoodngoblin-62cm-letztes-stueck","status":"publish","type":"product","link":"https:\/\/benimarkt.at\/?product=cube-kathmandu-slt-2026-duskwoodngoblin-62cm-letztes-stueck","title":{"rendered":"CUBE Kathmandu SLT &#8211; 2026 &#8211; duskwood&#8217;n&#8217;goblin &#8211; 62cm &#8211; letztes St\u00fcck!"},"content":{"rendered":"","protected":false},"excerpt":{"rendered":"<p class=\"description\">Wir hier bei CUBE sind unter anderem f\u00fcr unsere extreme Liebe zum Detail bekannt. Deshalb haben wir das Kathmandu auch mit dem integrierten Gep\u00e4cktr\u00e4ger IC 3.0 ausgestattet, der nahtlos und formsch\u00f6n in unsere ACID Schutzbleche \u00fcbergeht. Dazu gibt&#8217;s am Hinterrad Aufnahmen f\u00fcr eine Flat Mount Scheibenbremse und einen Seitenst\u00e4nder. Seine cleane, aufger\u00e4umte Optik verdankt das Chassis den im Smooth Welding Verfahren gestalteten Rohrverbindungen und im Inneren verlaufenden Z\u00fcgen. So viel zum Aussehen. In Sachen Funktion haben wir den Hinterbau mit einer Steckachse versehen und ein konisches Steuerrohr f\u00fcr optimierte Stabilit\u00e4t und Lenkpr\u00e4zision (selbst bei voller Beladung) verbaut. Also alles da, was es auf Tour braucht \u2013 den Rest machst du!<\/p>\n<div class=\"row key-features\">\n<div class=\"col-12 col-sm-4 mb-4 mb-sm-0\">\n<div class=\"label\">\n<h3>Rahmenmaterial<\/h3>\n<\/div>\n<div class=\"value\">Aluminium Superlite<\/div>\n<\/div>\n<div class=\"col-12 col-sm-4 mb-4 mb-sm-0\">\n<div class=\"label\">\n<h3>Ausstattung<\/h3>\n<\/div>\n<div class=\"value\">FE<\/div>\n<\/div>\n<\/div>\n<div><\/div>\n<div>Die ultimative Freiheit auf zwei R\u00e4dern: Bei der Entwicklung des CUBE Kathmandu SLT haben wir mal wieder unglaublich viel Liebe zum Detail walten lassen. So f\u00e4hrt sich dieser Tourer dank geschmeidig d\u00e4mpfender RockShox Paragon Gold Luftfedergabel nicht nur \u00fcberaus komfortabel. Er begeistert auch mit seiner eleganten Erscheinung dank dem stabilen integrierten Gep\u00e4cktr\u00e4ger IC 3.0. Dazu kommen superpraktische Features wie ACID Schutzbleche, Lichter und ein Seitenst\u00e4nder. Die leistungsstarken hydraulischen Shimano Cues Scheibenbremsen bringen die geschmeidig dahinrollenden, griffigen Schwalbe Marathon Mondial Reifen bei jedem Wetter zuverl\u00e4ssig zum Stehen. Als Sahneh\u00e4ubchen geht ein elektronischer Shimano Cues Di2 Q&#8217;Auto 11-fach Antrieb mit Dynamosystem am Hinterrad mit auf Tour, der unterwegs automatisch immer in den passenden Gang schaltet. Einfach losradeln und genie\u00dfen!<\/div>\n<div>\n<p>Rahmen<br \/>\nAluminium Superlite, Trekking Comfort, Integrated Carrier 3.0, Double Butted<\/p>\n<p>Gr\u00f6\u00dfe<br \/>\nClassic: 46cm, 50cm, 54cm, 58cm, 62cm<\/p>\n<p>Gabel<br \/>\nRockShox Paragon Gold Air, 65mm, Lockout<\/p>\n<p>Antrieb &amp; Bremse<br \/>\nBremsanlage<br \/>\nShimano Cues BR-U8000\/BR-U8010 Flat Mount (160\/180)<\/p>\n<p>Schaltwerk<br \/>\nShimano Cues Q`Auto Di2, 11-Speed<\/p>\n<p>Innenlager<br \/>\nShimano BB-MT501, 68mm BSA<\/p>\n<p>Kurbelgarnitur<br \/>\nShimano Cues FC-U8000, 40T<\/p>\n<p>Kette<br \/>\nKMC xGlide<\/p>\n<p>Cockpit<br \/>\nSteuersatz<br \/>\nVP Integrated, Top 1 1\/8&#8243;, Bottom 1 1\/2&#8243;<\/p>\n<p>Vorbau<br \/>\nCUBE Performance Stem SLX, 31.8mm<\/p>\n<p>Lenker<br \/>\nCUBE Comfort Trail Bar, 680mm<\/p>\n<p>Griffe<br \/>\nACID Travel Comfort<\/p>\n<p>Laufr\u00e4der<br \/>\nFelgen<br \/>\nACID EX25, 32H, Disc, Tubeless Ready<\/p>\n<p>Vorderrad Nabe<br \/>\nACID PL-8, 32H, QR, Centerlock<\/p>\n<p>Hinterrad Nabe<br \/>\nShimano Cues Q`Auto Di2, 32H, Centerlock<\/p>\n<p>Reifen<br \/>\nSchwalbe Marathon Mondial, Pro Evolution, 47-622<\/p>\n<p>Ausstattung<br \/>\nSattel<br \/>\nACID Sequence Pro 170<\/p>\n<p>Sattelst\u00fctze<br \/>\nCUBE Performance Post, 27.2mm<\/p>\n<p>Pedale<br \/>\nACID PP Trekking<\/p>\n<p>Scheinwerfer<br \/>\nCUBE IQ-XS-Friendly N Plus<\/p>\n<p>R\u00fccklicht<br \/>\nACID Mudguard Rear Light PRO-D, 6V, AC<\/p>\n<p>St\u00e4nder<br \/>\nACID FM Pure Kickstand<\/p>\n<p>Schutzbleche<br \/>\nACID 56 Integrated Carrier 3.0<\/p>\n<p>Glocke<br \/>\nReich Cycle Bells Ringsound<\/p>\n<p>Gep\u00e4cktr\u00e4ger<br \/>\nACID Integrated Carrier 3.0, CUBE Adapter Compatible<\/p>\n<p>Artikelinformationen<br \/>\nFarbe<br \/>\nduskwood\u00b4n\u00b4goblin<\/p>\n<p>Gewicht<br \/>\n15,5 kg<\/p>\n<p>Artikelnummer<br \/>\n162900<\/p>\n<\/div>\n","protected":false},"featured_media":14369,"comment_status":"open","ping_status":"closed","template":"","meta":[],"product_brand":[342],"product_cat":[341],"product_tag":[344,345],"class_list":{"0":"post-14368","1":"product","2":"type-product","3":"status-publish","4":"has-post-thumbnail","6":"product_brand-cube","7":"product_cat-fahrraeder","8":"product_tag-cube","9":"product_tag-fahrraeder","11":"first","12":"instock","13":"taxable","14":"shipping-taxable","15":"purchasable","16":"product-type-simple"},"_links":{"self":[{"href":"https:\/\/benimarkt.at\/index.php?rest_route=\/wp\/v2\/product\/14368","targetHints":{"allow":["GET"]}}],"collection":[{"href":"https:\/\/benimarkt.at\/index.php?rest_route=\/wp\/v2\/product"}],"about":[{"href":"https:\/\/benimarkt.at\/index.php?rest_route=\/wp\/v2\/types\/product"}],"replies":[{"embeddable":true,"href":"https:\/\/benimarkt.at\/index.php?rest_route=%2Fwp%2Fv2%2Fcomments&post=14368"}],"version-history":[{"count":1,"href":"https:\/\/benimarkt.at\/index.php?rest_route=\/wp\/v2\/product\/14368\/revisions"}],"predecessor-version":[{"id":14370,"href":"https:\/\/benimarkt.at\/index.php?rest_route=\/wp\/v2\/product\/14368\/revisions\/14370"}],"wp:featuredmedia":[{"embeddable":true,"href":"https:\/\/benimarkt.at\/index.php?rest_route=\/wp\/v2\/media\/14369"}],"wp:attachment":[{"href":"https:\/\/benimarkt.at\/index.php?rest_route=%2Fwp%2Fv2%2Fmedia&parent=14368"}],"wp:term":[{"taxonomy":"product_brand","embeddable":true,"href":"https:\/\/benimarkt.at\/index.php?rest_route=%2Fwp%2Fv2%2Fproduct_brand&post=14368"},{"taxonomy":"product_cat","embeddable":true,"href":"https:\/\/benimarkt.at\/index.php?rest_route=%2Fwp%2Fv2%2Fproduct_cat&post=14368"},{"taxonomy":"product_tag","embeddable":true,"href":"https:\/\/benimarkt.at\/index.php?rest_route=%2Fwp%2Fv2%2Fproduct_tag&post=14368"}],"curies":[{"name":"wp","href":"https:\/\/api.w.org\/{rel}","templated":true}]}}