{"id":14315,"date":"2026-03-30T10:37:26","date_gmt":"2026-03-30T10:37:26","guid":{"rendered":"https:\/\/benimarkt.at\/?post_type=product&#038;p=14315"},"modified":"2026-04-16T11:43:51","modified_gmt":"2026-04-16T11:43:51","slug":"cube-kathmandu-one-sagebrushgreenngreen-50t-kostenloser-versand","status":"publish","type":"product","link":"https:\/\/benimarkt.at\/?product=cube-kathmandu-one-sagebrushgreenngreen-50t-kostenloser-versand","title":{"rendered":"CUBE KATHMANDU ONE sagebrushgreen\u00b4n\u00b4green-50T &#8211; KOSTENLOSER VERSAND!"},"content":{"rendered":"","protected":false},"excerpt":{"rendered":"<p><strong>Beschreibung<\/strong><\/p>\n<p>Aufsitzen, antreten und die Tour genie\u00dfen: Mit dem schlichten Kathmandu ONE von CUBE bekommen Entdecker einen robusten und flexibel anpassbaren Allesk\u00f6nner unter den Sattel. Auf dem stabilen, vielseitigen integrierten Gep\u00e4cktr\u00e4ger IC 3.0 findet alles Platz, was unterwegs mit muss. ACID Schutzbleche, Vorder- und R\u00fccklichter und ein Flat Mount Seitenst\u00e4nder sind auch mit dabei. Dazu hat die einfach bedienbare Cues 2&#215;9-fach Schaltung aus dem Hause Shimano in jeder Situation den passenden Gang im Angebot. Ebenso von Shimano kommen die hydraulischen Scheibenbremsen f\u00fcr sicheres Verz\u00f6gern und Anhalten bei jedem Wetter. Angenehmer Fahrkomfort, auch auf holprigen Wegen, ist das Spezialgebiet der Suntour Federgabel. Umweltbonus: Die spezielle Gummimischung der Green Marathon Reifen von Schwalbe besteht zum Gro\u00dfteil aus recycelten Altreifen \u2013 f\u00fcr nachhaltige Mobilit\u00e4t auf allen Wegen. Da kann&#8217;s doch direkt losgehen, oder?<\/p>\n<p>Und, wohin soll die Reise gehen? Ob rund ums Haus, eine gem\u00fctliche Tour \u00fcber Land oder das ganz gro\u00dfe Zweiradabenteuer \u2013 mit dem robusten Kathmandu ONE ist nicht nur jede Menge Fahrkomfort garantiert, sondern auch h\u00f6chste Vielseitigkeit. Lichter, Seitenst\u00e4nder, Schutzbleche und ein Gep\u00e4cktr\u00e4ger machen diesen Allrounder perfekt. Abenteuermodus an und los!<\/p>\n<p><strong>Technische Daten<\/strong><\/p>\n<p><strong>Rahmen<\/strong><\/p>\n<p>Aluminium Superlite, Trekking Comfort, Integrated Carrier 3.0, Double Butted<\/p>\n<p><strong>Gr\u00f6\u00dfe<\/strong><\/p>\n<p>Trapeze: 46cm, 50cm, 54cm<\/p>\n<p><strong>Gabel<\/strong><\/p>\n<p>SR Suntour NEX, 63mm<\/p>\n<p><strong>Bremsanlage<\/strong><\/p>\n<p>Shimano BR-MT200\/UR300, Hydr. Disc Brake, PM\/FM (160\/160)<\/p>\n<p><strong>Schaltwerk<\/strong><\/p>\n<p>Shimano Cues RD-U4020-SGS, 9-Speed<\/p>\n<p><strong>Schalthebel<\/strong><\/p>\n<p>Shimano Cues SL-U4010- Rapidfire-Plus<\/p>\n<p><strong>Umwerfer<\/strong><\/p>\n<p>Shimano Cues FD-U4010, Top-Swing, 31.8mm<\/p>\n<p><strong>Innenlager<\/strong><\/p>\n<p>Shimano BB-MT501, 68mm BSA<\/p>\n<p><strong>Kurbelgarnitur<\/strong><\/p>\n<p>Shimano Cues FC-U4010, 46x30T, Chainguard<\/p>\n<p><strong>Kassette<\/strong><\/p>\n<p>Shimano CS-LG300, 11-36T<\/p>\n<p><strong>Kette<\/strong><\/p>\n<p>KMC xGlide<\/p>\n<p><strong>Steuersatz<\/strong><\/p>\n<p>VP Integrated, Top 1 1\/8&#8243;, Bottom 1 1\/2&#8243;<\/p>\n<p><strong>Vorbau<\/strong><\/p>\n<p>CUBE Performance Stem SLX, 31.8mm<\/p>\n<p><strong>Lenker<\/strong><\/p>\n<p>CUBE Comfort Trail Bar, 680mm<\/p>\n<p><strong>Griffe<\/strong><\/p>\n<p>ACID Travel Comfort<\/p>\n<p><strong>Felgen<\/strong><\/p>\n<p>ACID EX25, 32H, Disc, Tubeless Ready<\/p>\n<p><strong>Vorderrad Nabe<\/strong><\/p>\n<p>Shimano DH-3D37, Hub Dynamo, QR, Centerlock<\/p>\n<p><strong>Hinterrad Nabe<\/strong><\/p>\n<p>Shimano FH-TC500-HM, 12mm Through Axle, Centerlock<\/p>\n<p><strong>Reifen<\/strong><\/p>\n<p>Schwalbe Marathon Green, Perf, 47-622<\/p>\n<p><strong>Sattel<\/strong><\/p>\n<p>ACID Sequence 160<\/p>\n<p><strong>Sattelst\u00fctze<\/strong><\/p>\n<p>CUBE Performance Post, 27.2mm<\/p>\n<p><strong>Pedale<\/strong><\/p>\n<p>ACID PP Trekking<\/p>\n<p><strong>Scheinwerfer<\/strong><\/p>\n<p>CUBE Shiny 50<\/p>\n<p><strong>R\u00fccklicht<\/strong><\/p>\n<p>ACID Mudguard Rear Light PRO-D, 6V, AC<\/p>\n<p><strong>St\u00e4nder<\/strong><\/p>\n<p>ACID FM Pure Kickstand<\/p>\n<p><strong>Schutzbleche<\/strong><\/p>\n<p>ACID 56 Integrated Carrier 3.0<\/p>\n<p><strong>Glocke<\/strong><\/p>\n<p>Reich Cycle Bells Ringsound<\/p>\n<p><strong>Gep\u00e4cktr\u00e4ger<\/strong><\/p>\n<p>ACID Integrated Carrier 3.0, CUBE Adapter Compatible<\/p>\n<p><strong>Farbe<\/strong><\/p>\n<p>sagebrushgreen\u00b4n\u00b4green<\/p>\n<p><strong>Gewicht<\/strong><\/p>\n<p>17,2 kg<\/p>\n<p><strong>Saison<\/strong><\/p>\n<p>2026<\/p>\n","protected":false},"featured_media":14316,"comment_status":"open","ping_status":"closed","template":"","meta":[],"product_brand":[342],"product_cat":[341],"product_tag":[344,345],"class_list":{"0":"post-14315","1":"product","2":"type-product","3":"status-publish","4":"has-post-thumbnail","6":"product_brand-cube","7":"product_cat-fahrraeder","8":"product_tag-cube","9":"product_tag-fahrraeder","11":"first","12":"instock","13":"taxable","14":"shipping-taxable","15":"purchasable","16":"product-type-simple"},"_links":{"self":[{"href":"https:\/\/benimarkt.at\/index.php?rest_route=\/wp\/v2\/product\/14315","targetHints":{"allow":["GET"]}}],"collection":[{"href":"https:\/\/benimarkt.at\/index.php?rest_route=\/wp\/v2\/product"}],"about":[{"href":"https:\/\/benimarkt.at\/index.php?rest_route=\/wp\/v2\/types\/product"}],"replies":[{"embeddable":true,"href":"https:\/\/benimarkt.at\/index.php?rest_route=%2Fwp%2Fv2%2Fcomments&post=14315"}],"version-history":[{"count":2,"href":"https:\/\/benimarkt.at\/index.php?rest_route=\/wp\/v2\/product\/14315\/revisions"}],"predecessor-version":[{"id":14320,"href":"https:\/\/benimarkt.at\/index.php?rest_route=\/wp\/v2\/product\/14315\/revisions\/14320"}],"wp:featuredmedia":[{"embeddable":true,"href":"https:\/\/benimarkt.at\/index.php?rest_route=\/wp\/v2\/media\/14316"}],"wp:attachment":[{"href":"https:\/\/benimarkt.at\/index.php?rest_route=%2Fwp%2Fv2%2Fmedia&parent=14315"}],"wp:term":[{"taxonomy":"product_brand","embeddable":true,"href":"https:\/\/benimarkt.at\/index.php?rest_route=%2Fwp%2Fv2%2Fproduct_brand&post=14315"},{"taxonomy":"product_cat","embeddable":true,"href":"https:\/\/benimarkt.at\/index.php?rest_route=%2Fwp%2Fv2%2Fproduct_cat&post=14315"},{"taxonomy":"product_tag","embeddable":true,"href":"https:\/\/benimarkt.at\/index.php?rest_route=%2Fwp%2Fv2%2Fproduct_tag&post=14315"}],"curies":[{"name":"wp","href":"https:\/\/api.w.org\/{rel}","templated":true}]}}