{"id":14282,"date":"2026-03-24T08:17:06","date_gmt":"2026-03-24T08:17:06","guid":{"rendered":"https:\/\/benimarkt.at\/?post_type=product&#038;p=14282"},"modified":"2026-03-31T11:22:28","modified_gmt":"2026-03-31T11:22:28","slug":"al-ko-maehroboter-robolinho-500-vision-kabelloses-maehen","status":"publish","type":"product","link":"https:\/\/benimarkt.at\/?product=al-ko-maehroboter-robolinho-500-vision-kabelloses-maehen","title":{"rendered":"AL-KO M\u00e4hroboter Robolinho\u00ae 500 VISION &#8211; Kabelloses M\u00e4hen &#8211; AUSVERKAUF!"},"content":{"rendered":"<p><strong><span style=\"color: #1b1919; font-size: 24px;\">Kabelloses M\u00e4hen mit unserem neuen M\u00e4hroboter Robolinho\u00ae 500 VISION<\/span><\/strong><\/p>\n<p>Freuen Sie sich auf eine einfache und unkomplizierte Installation. Der neue M\u00e4hroboter Robolinho\u00ae 500 VISION von AL-KO verrichtet seine Arbeit ohne Begrenzungskabel und ohne Referenzstation. Einfach auf den Rasen setzen und losm\u00e4hen. Die Rasenbegrenzung wird per Kamera erkannt &#8211; geeignet f\u00fcr einfachere, klar abgegrenzte Fl\u00e4chen.<\/p>\n<p>Unser innovativer M\u00e4hroboter verwendet eine 2 Megapixel Weitwinkelkamera, um die Umgebung zu erfassen und das M\u00e4hverhalten entsprechend anzupassen. Automatisches Erkennen der Rasenbegrenzungen per Kamera &#8211; sowohl unbewegliche als auch bewegliche Objekte werden erkannt und umfahren. Das Ger\u00e4t kann in parallelen Bahnen m\u00e4hen und l\u00e4sst ihren Rasen dadurch perfekt aussehen\u00a0(M\u00e4hen in Bahnen empfiehlt sich f\u00fcr Bahnen mit max. L\u00e4nge 20 m und f\u00fcr eher ebene Fl\u00e4chen &#8211; in anderen F\u00e4llen ist auch ein Umstieg auf Zufallsbetrieb m\u00f6glich).<\/p>\n<p>Mit einer Schnittbreite von 20 cm werden Grundst\u00fccke bis zu einer Fl\u00e4che von 500 m\u00b2 effizient gepflegt. Steigungen bis zu 35% werden problemlos gemeistert. Die maximale Fl\u00e4chenabdeckung kann durch die Gestaltung des Gartens sowie die Anzahl und Gr\u00f6\u00dfe der Hindernisse reduziert werden.<\/p>\n<p>Intelligente Gartenpflege und Smart Gardening geh\u00f6ren mit dem Robolinho\u00ae 500 VISION zur Gegenwart:<\/p>\n<p><strong>AL-KO Smart Garden:<\/strong>\u00a0Mit AL-KO inTOUCH\u00ae (<u>Google Play-Store<\/u>\u00a0\/\u00a0<u>Apple App-Store<\/u>) l\u00e4sst sich der M\u00e4hroboter ins Heim-WLAN einbinden und via Smartphone sowie \u00fcber Smart Home Integrationen und steuern, wie zum Beispiel mittels nativer Integration in Amazon Alexa, Google Home und IFTTT sowie mittels Direktzugriffsm\u00f6glichkeit auf unsere API f\u00fcr die Integration in eigene Smart Home L\u00f6sungen oder verbreitete Open Source Smart Home Systeme wie z.B. Home Assistant. Auch bietet Ihnen die AL-KO inTOUCH App tolle Zusatzfunktionen wie z.B. den smarten M\u00e4hzeitplan &#8211; der Robolinho\u00ae passt damit seinen M\u00e4hzeitplan automatisch den Wetterverh\u00e4ltnissen und dem prognostizierten Graswachstum an, so dass Sie nur noch definieren m\u00fcssen, wann er nicht m\u00e4hen soll.<\/p>\n<p>Ein leiser und emissionsfreier Betrieb ist bei diesem M\u00e4hroboter durch die 64\u00a0dB(A) leisen Elektromotoren gegeben, welche ihre Energie von einem 18 V \/ 2,5 Ah starken und langlebigen Lithium-Ionen-Akku erhalten. Der Akku kann einfach von hinten entnommen werden und in kompatiblen Handger\u00e4ten der Serie\u00a0<strong>1 Battery &#8211; 2 Voltages<\/strong>\u00a0verwendet werden.<\/p>\n<p>Die Schnitth\u00f6he kann in Stufen von 30 mm bis 60 mm eingestellt werden, wodurch Sie die L\u00e4nge Ihres Rasens an Ihre pers\u00f6nlichen Vorlieben anpassen k\u00f6nnen. Das bew\u00e4hrte AL-KO Doppelmesser-Schneidsystem sorgt f\u00fcr ein perfektes Schnittbild und der anfallende Grasschnitt wird noch im M\u00e4hgeh\u00e4use geh\u00e4ckselt und als biologischer D\u00fcnger in den Rasen zur\u00fcckgef\u00fchrt. Deshalb m\u00fcssen Sie beim Robolinho\u00ae 500 Vision M\u00e4hroboter keinen Grasschnitt entsorgen. Bei schlechten Sichtverh\u00e4ltnissen, z.B. morgens oder abends kommen LED Lichter zum Einsatz. Unser M\u00e4hroboter meistert Passagen ab 100 cm und ist spritzwassergesch\u00fctzt IPX<\/p>\n<h3>Technische Daten<\/h3>\n<h4 class=\"mt-4 cursor-pointer\" data-toggle=\"collapse\" data-target=\"#attributeGroupDefault\" aria-expanded=\"false\" aria-controls=\"attributeGroupDefault\">Allgemeines<\/h4>\n<table id=\"attributeGroupDefault\" class=\"collapse table table-striped show\">\n<tbody>\n<tr>\n<th>Artikelnummer<\/th>\n<td>114169<\/td>\n<\/tr>\n<tr>\n<th>EAN<\/th>\n<td>4003718067385<\/td>\n<\/tr>\n<tr>\n<th>Gewicht netto in kg<\/th>\n<td>17.4 KG<\/td>\n<\/tr>\n<tr>\n<th>Gewicht brutto in kg<\/th>\n<td>18.1 KG<\/td>\n<\/tr>\n<tr>\n<th>Abm. H\u00f6he cm<\/th>\n<td>28.45 CM<\/td>\n<\/tr>\n<tr>\n<th>Abm. Breite cm<\/th>\n<td>42.21 CM<\/td>\n<\/tr>\n<tr>\n<th>Abm. L\u00e4nge cm<\/th>\n<td>61.47 CM<\/td>\n<\/tr>\n<tr>\n<th>Marke<\/th>\n<td>AL-KO<\/td>\n<\/tr>\n<tr>\n<th><\/th>\n<td><\/td>\n<\/tr>\n<tr>\n<th><\/th>\n<td><\/td>\n<\/tr>\n<tr>\n<th><\/th>\n<td><\/td>\n<\/tr>\n<tr>\n<th>Produktlinie<\/th>\n<td>COMFORT<\/td>\n<\/tr>\n<\/tbody>\n<\/table>\n<h4 class=\"mt-4 pt-4 border-top cursor-pointer\" data-toggle=\"collapse\" data-target=\"#attributeGroupPower_supply\" aria-expanded=\"true\" aria-controls=\"attributeGroupPower_supply\">Energieversorgung<\/h4>\n<table id=\"attributeGroupPower_supply\" class=\"collapse table table-striped show\">\n<tbody>\n<tr>\n<th>Antriebsart<\/th>\n<td>Akku<\/td>\n<\/tr>\n<tr>\n<th>Akkukapazit\u00e4t (intern) Ah<\/th>\n<td>2.5<\/td>\n<\/tr>\n<tr>\n<th>Spannung Akku (intern) V<\/th>\n<td>18 V<\/td>\n<\/tr>\n<\/tbody>\n<\/table>\n<h4 class=\"mt-4 pt-4 border-top cursor-pointer\" data-toggle=\"collapse\" data-target=\"#attributeGroupWorking_area\" aria-expanded=\"true\" aria-controls=\"attributeGroupWorking_area\">Arbeitsfl\u00e4che<\/h4>\n<table id=\"attributeGroupWorking_area\" class=\"collapse table table-striped show\">\n<tbody>\n<tr>\n<th>Max. Steigf\u00e4higkeit in %<\/th>\n<td>35 %<\/td>\n<\/tr>\n<tr>\n<th>geeignet f\u00fcr Fl\u00e4che bis qm<\/th>\n<td>500 QM<\/td>\n<\/tr>\n<\/tbody>\n<\/table>\n<h4 class=\"mt-4 pt-4 border-top cursor-pointer\" data-toggle=\"collapse\" data-target=\"#attributeGroupMowing_system\" aria-expanded=\"true\" aria-controls=\"attributeGroupMowing_system\">M\u00e4hsystem<\/h4>\n<table id=\"attributeGroupMowing_system\" class=\"collapse table table-striped show\">\n<tbody>\n<tr>\n<th>Schnittbreite in cm<\/th>\n<td>20 CM<\/td>\n<\/tr>\n<tr>\n<th>Schnitth\u00f6he min\/max in mm<\/th>\n<td>30 &#8211; 60 MM<\/td>\n<\/tr>\n<tr>\n<th>Schnitth\u00f6henverstellung<\/th>\n<td>Manuell &#8211; Stufenlos<\/td>\n<\/tr>\n<tr>\n<th>Ger\u00e4t besitzt Eco-Mode<\/th>\n<td>Ja<\/td>\n<\/tr>\n<\/tbody>\n<\/table>\n<h4 class=\"mt-4 pt-4 border-top cursor-pointer\" data-toggle=\"collapse\" data-target=\"#attributeGroupSmart_features\" aria-expanded=\"true\" aria-controls=\"attributeGroupSmart_features\">Smarte Funktionen<\/h4>\n<table id=\"attributeGroupSmart_features\" class=\"collapse table table-striped show\">\n<tbody>\n<tr>\n<th>Konnektivit\u00e4t<\/th>\n<td>Bluetooth, AL-KO Connect WLAN<\/td>\n<\/tr>\n<\/tbody>\n<\/table>\n","protected":false},"excerpt":{"rendered":"<ul class=\"p-0 list-unstyled details-usp-list\" title=\"\" data-original-title=\"\">\n<li title=\"\" data-original-title=\"\">Automatisches M\u00e4hen mit 20 cm Schnittbreite f\u00fcr kleinere, einfache, gut eingegrenzte Rasenfl\u00e4chen bis 500 m\u00b2<\/li>\n<li title=\"\" data-original-title=\"\">Automatisches Erkennen von Rasenbegrenzungen per Kamera<\/li>\n<li title=\"\" data-original-title=\"\">Sauberes M\u00e4hen in parallelen Bahnen oder wahlweise auch im Zufallsmodus<\/li>\n<li title=\"\" data-original-title=\"\">Einfache Installation, da kein Begrenzungskabel und keine Referenzstation erforderlich<\/li>\n<li title=\"\" data-original-title=\"\">Hindernisse werden durch die eingebaute Kamera automatisch erkannt und umfahren<\/li>\n<li title=\"\" data-original-title=\"\">Einfach entnehmbarer 18V \/ 2.5 Ah Akku, kann w\u00e4hrend Pausenzeiten des Robolinho\u00ae VISION f\u00fcr den Betrieb kompatibler Ger\u00e4te im AL-KO 18 \/ 36 V &#8222;1 Battery &#8211; 2 Voltages&#8220; System verwendet werden<\/li>\n<li title=\"\" data-original-title=\"\">Automatisch aktivierte LED Lichter bei eingeschr\u00e4nkten Sichtverh\u00e4ltnissen<\/li>\n<li title=\"\" data-original-title=\"\">Zwei mit geradem Pfad verbundene M\u00e4hzonen konfigurierbar mittels mitgelieferter Zonenmarkierungen<\/li>\n<li title=\"\" data-original-title=\"\">Komfortable Konfiguration und Bedienung per AL-KO inTOUCH\u00ae App<\/li>\n<\/ul>\n","protected":false},"featured_media":14289,"comment_status":"open","ping_status":"closed","template":"","meta":[],"product_brand":[123],"product_cat":[134,129],"product_tag":[],"class_list":{"0":"post-14282","1":"product","2":"type-product","3":"status-publish","4":"has-post-thumbnail","6":"product_brand-al-ko","7":"product_cat-gartenbau","8":"product_cat-maehroboter","10":"first","11":"instock","12":"taxable","13":"shipping-taxable","14":"purchasable","15":"product-type-simple"},"_links":{"self":[{"href":"https:\/\/benimarkt.at\/index.php?rest_route=\/wp\/v2\/product\/14282","targetHints":{"allow":["GET"]}}],"collection":[{"href":"https:\/\/benimarkt.at\/index.php?rest_route=\/wp\/v2\/product"}],"about":[{"href":"https:\/\/benimarkt.at\/index.php?rest_route=\/wp\/v2\/types\/product"}],"replies":[{"embeddable":true,"href":"https:\/\/benimarkt.at\/index.php?rest_route=%2Fwp%2Fv2%2Fcomments&post=14282"}],"version-history":[{"count":2,"href":"https:\/\/benimarkt.at\/index.php?rest_route=\/wp\/v2\/product\/14282\/revisions"}],"predecessor-version":[{"id":14325,"href":"https:\/\/benimarkt.at\/index.php?rest_route=\/wp\/v2\/product\/14282\/revisions\/14325"}],"wp:featuredmedia":[{"embeddable":true,"href":"https:\/\/benimarkt.at\/index.php?rest_route=\/wp\/v2\/media\/14289"}],"wp:attachment":[{"href":"https:\/\/benimarkt.at\/index.php?rest_route=%2Fwp%2Fv2%2Fmedia&parent=14282"}],"wp:term":[{"taxonomy":"product_brand","embeddable":true,"href":"https:\/\/benimarkt.at\/index.php?rest_route=%2Fwp%2Fv2%2Fproduct_brand&post=14282"},{"taxonomy":"product_cat","embeddable":true,"href":"https:\/\/benimarkt.at\/index.php?rest_route=%2Fwp%2Fv2%2Fproduct_cat&post=14282"},{"taxonomy":"product_tag","embeddable":true,"href":"https:\/\/benimarkt.at\/index.php?rest_route=%2Fwp%2Fv2%2Fproduct_tag&post=14282"}],"curies":[{"name":"wp","href":"https:\/\/api.w.org\/{rel}","templated":true}]}}