{"id":14103,"date":"2026-02-20T11:56:33","date_gmt":"2026-02-20T11:56:33","guid":{"rendered":"https:\/\/benimarkt.at\/?post_type=product&#038;p=14103"},"modified":"2026-02-20T11:59:51","modified_gmt":"2026-02-20T11:59:51","slug":"nilfisk-sc351-scheuersaugmaschine-inkl-akku-ladegeraet-und-buerste","status":"publish","type":"product","link":"https:\/\/benimarkt.at\/?product=nilfisk-sc351-scheuersaugmaschine-inkl-akku-ladegeraet-und-buerste","title":{"rendered":"Nilfisk SC351 &#8211; Scheuersaugmaschine inkl. Akku, Ladeger\u00e4t und B\u00fcrste"},"content":{"rendered":"<p>Die Scheuersaugmaschine SC351 \u00fcberzeugt in ihrer Klasse und reiht sich in die lange Tradition von zuverl\u00e4ssigen und sicheren Reinigungsmaschinen aus dem Hause Nilfisk ein! Die batteriebetriebene Kompaktmaschine, die durch das bewegliche Schrubbdeck vorw\u00e4rts und r\u00fcckw\u00e4rts scheuert und saugt, reinigt m\u00fchelos schwer zug\u00e4ngliche Bereiche. Der Einsatz zwischen St\u00fchlen, Tischen und um Einrichtungsgegenst\u00e4nde herum wird deutlich erleichtert. Das niedrige Betriebsger\u00e4usch erlaubt den Betrieb selbst an ger\u00e4uschsensiblen Orten, wie Hotels, Schulen, Einzelhandelsgesch\u00e4ften, Kantinen oder Caf\u00e9s.<\/p>\n<p>Lieferumfang<br \/>\nB\u00fcrste Prolene, 370 mm, 14,5&#8243;<br \/>\nSauglippen-Set PU 370 mm, 14,5&#8243;<br \/>\nBATTERY 12V 55AH AGM SPIRACEL<br \/>\nEinbauladeger\u00e4t 12V-15A 230V<\/p>\n<p>Auffangbeh\u00e4lter: 11 l<br \/>\nBreite: 475 mm<br \/>\nH\u00f6he: 450 mm<br \/>\nGewicht: 73 kg<br \/>\nFarbe: grau + schwarz<br \/>\nL\u00e4nge (Tiefe): 730 mm<br \/>\nKategorie: Nachl\u00e4ufer-Scheuersaugmaschine<br \/>\nLeistung (Details): 450 W<br \/>\nStromversorgung: akkubetrieben<br \/>\nBeh\u00e4ltervolumen des Frischwassertanks: 11 l<br \/>\nB\u00fcrstengeschwindigkeit: 140 U\/min<br \/>\nBatteriespannung: 12 V<br \/>\nLeistung B\u00fcrstenmotor: 260 W<br \/>\nLeistung Saugmotor: 200 W<br \/>\nAnpressdruck: 27 kg<br \/>\nLeistungsaufnahme (max.): 450 W<br \/>\nHerstellerfarbe: Grau + Schwarz<\/p>\n","protected":false},"excerpt":{"rendered":"<p>Die Scheuersaugmaschine SC351 \u00fcberzeugt in ihrer Klasse und reiht sich in die lange Tradition von zuverl\u00e4ssigen und sicheren Reinigungsmaschinen aus dem Hause Nilfisk ein! Die batteriebetriebene Kompaktmaschine, die durch das bewegliche Schrubbdeck vorw\u00e4rts und r\u00fcckw\u00e4rts scheuert und saugt, reinigt m\u00fchelos schwer zug\u00e4ngliche Bereiche. Der Einsatz zwischen St\u00fchlen, Tischen und um Einrichtungsgegenst\u00e4nde herum wird deutlich erleichtert. Das niedrige Betriebsger\u00e4usch erlaubt den Betrieb selbst an ger\u00e4uschsensiblen Orten, wie Hotels, Schulen, Einzelhandelsgesch\u00e4ften, Kantinen oder Caf\u00e9s.<\/p>\n","protected":false},"featured_media":14104,"comment_status":"open","ping_status":"closed","template":"","meta":[],"product_brand":[311],"product_cat":[169],"product_tag":[],"class_list":{"0":"post-14103","1":"product","2":"type-product","3":"status-publish","4":"has-post-thumbnail","6":"product_brand-nilfisk","7":"product_cat-scheuersaugmaschine","9":"first","10":"instock","11":"taxable","12":"shipping-taxable","13":"purchasable","14":"product-type-simple"},"_links":{"self":[{"href":"https:\/\/benimarkt.at\/index.php?rest_route=\/wp\/v2\/product\/14103","targetHints":{"allow":["GET"]}}],"collection":[{"href":"https:\/\/benimarkt.at\/index.php?rest_route=\/wp\/v2\/product"}],"about":[{"href":"https:\/\/benimarkt.at\/index.php?rest_route=\/wp\/v2\/types\/product"}],"replies":[{"embeddable":true,"href":"https:\/\/benimarkt.at\/index.php?rest_route=%2Fwp%2Fv2%2Fcomments&post=14103"}],"version-history":[{"count":1,"href":"https:\/\/benimarkt.at\/index.php?rest_route=\/wp\/v2\/product\/14103\/revisions"}],"predecessor-version":[{"id":14105,"href":"https:\/\/benimarkt.at\/index.php?rest_route=\/wp\/v2\/product\/14103\/revisions\/14105"}],"wp:featuredmedia":[{"embeddable":true,"href":"https:\/\/benimarkt.at\/index.php?rest_route=\/wp\/v2\/media\/14104"}],"wp:attachment":[{"href":"https:\/\/benimarkt.at\/index.php?rest_route=%2Fwp%2Fv2%2Fmedia&parent=14103"}],"wp:term":[{"taxonomy":"product_brand","embeddable":true,"href":"https:\/\/benimarkt.at\/index.php?rest_route=%2Fwp%2Fv2%2Fproduct_brand&post=14103"},{"taxonomy":"product_cat","embeddable":true,"href":"https:\/\/benimarkt.at\/index.php?rest_route=%2Fwp%2Fv2%2Fproduct_cat&post=14103"},{"taxonomy":"product_tag","embeddable":true,"href":"https:\/\/benimarkt.at\/index.php?rest_route=%2Fwp%2Fv2%2Fproduct_tag&post=14103"}],"curies":[{"name":"wp","href":"https:\/\/api.w.org\/{rel}","templated":true}]}}