{"id":14096,"date":"2026-02-18T14:49:04","date_gmt":"2026-02-18T14:49:04","guid":{"rendered":"https:\/\/benimarkt.at\/?post_type=product&#038;p=14096"},"modified":"2026-02-26T11:17:04","modified_gmt":"2026-02-26T11:17:04","slug":"nilfisk-sw-750-kehrmaschine-inkl-akku-kehrwalze-und-seitenbesen","status":"publish","type":"product","link":"https:\/\/benimarkt.at\/?product=nilfisk-sw-750-kehrmaschine-inkl-akku-kehrwalze-und-seitenbesen","title":{"rendered":"Nilfisk SW 750 Kehrmaschine inkl. Akku, Kehrwalze und Seitenbesen"},"content":{"rendered":"<div>\n<p><span style=\"color: #1b1919; font-size: 22px;\">Technische Daten<\/span><\/p>\n<\/div>\n<ul>\n<li>Antriebsart: Battery 12V<\/li>\n<li>Motortyp: Amer<\/li>\n<li>Max. Geschwindigkeit (km\/Std.): 4<\/li>\n<li>Ger\u00e4uschpegel (dB(A)): 59<\/li>\n<li>Arbeitsbreite mit rechtem Seitenbesen (mm): 720<\/li>\n<li>Kehrgutbeh\u00e4lter (l): 60<\/li>\n<li>Haupfilterfl\u00e4che (m\u00b2): 1<\/li>\n<li>Seitenbesen, Durchmesser (mm): 315<\/li>\n<li>Seitenbesengeschwindigkeit (U\/min.): 100<\/li>\n<li>Hauptkehrwalzengeschwindigkeit (U\/min.): 335<\/li>\n<li>Hauptkehrwalze (mm): 500&#215;200<\/li>\n<li>Betriebsgewicht (kg): 68<\/li>\n<\/ul>\n<h3>Lieferumfang<\/h3>\n<ul>\n<li>Filter Polyester<\/li>\n<li>Kehrwalze PP 0,7 200&#215;500 mm<\/li>\n<li>Seitenbesen 109&#215;315 mm, PP 0,5<\/li>\n<li>Batterie 12V-49 Ah, AGM Monoblock<\/li>\n<li>Einbauladeger\u00e4t 12V-6A 100-230V<\/li>\n<\/ul>\n","protected":false},"excerpt":{"rendered":"<p>Eigenschaften<\/p>\n<p>Mit der SW750 Kehrmaschine k\u00f6nnen Innen- und Au\u00dfenbereiche staubfrei gekehrt werden. Die Maschine ist einfach zu bedienen und verf\u00fcgt \u00fcber einen kr\u00e4ftigen Batterieantrieb. Auch zur effizienten Reinigung von gro\u00dfen Teppichfl\u00e4chen optimal geeignet.<\/p>\n<p>Die Kehrmaschine SW750 wird komplett mit ist ein eingebautem Ladeger\u00e4t und eine wartungsfreier Batterie geliefert. Durch das extrem niedrige Arbeitsger\u00e4usch ist die Maschine auch tags\u00fcber in ger\u00e4uschempfindlichen Bereichen problemlos einsetzbar. Die SW750 ist selbsterkl\u00e4rend sowie wartungsfreundlich und kann auch von unerfahrenem Personal problemlos eingesetzt werden.<\/p>\n","protected":false},"featured_media":14097,"comment_status":"open","ping_status":"closed","template":"","meta":[],"product_brand":[311],"product_cat":[160],"product_tag":[],"class_list":{"0":"post-14096","1":"product","2":"type-product","3":"status-publish","4":"has-post-thumbnail","6":"product_brand-nilfisk","7":"product_cat-kehrmaschine","9":"first","10":"instock","11":"taxable","12":"shipping-taxable","13":"purchasable","14":"product-type-simple"},"_links":{"self":[{"href":"https:\/\/benimarkt.at\/index.php?rest_route=\/wp\/v2\/product\/14096","targetHints":{"allow":["GET"]}}],"collection":[{"href":"https:\/\/benimarkt.at\/index.php?rest_route=\/wp\/v2\/product"}],"about":[{"href":"https:\/\/benimarkt.at\/index.php?rest_route=\/wp\/v2\/types\/product"}],"replies":[{"embeddable":true,"href":"https:\/\/benimarkt.at\/index.php?rest_route=%2Fwp%2Fv2%2Fcomments&post=14096"}],"version-history":[{"count":1,"href":"https:\/\/benimarkt.at\/index.php?rest_route=\/wp\/v2\/product\/14096\/revisions"}],"predecessor-version":[{"id":14098,"href":"https:\/\/benimarkt.at\/index.php?rest_route=\/wp\/v2\/product\/14096\/revisions\/14098"}],"wp:featuredmedia":[{"embeddable":true,"href":"https:\/\/benimarkt.at\/index.php?rest_route=\/wp\/v2\/media\/14097"}],"wp:attachment":[{"href":"https:\/\/benimarkt.at\/index.php?rest_route=%2Fwp%2Fv2%2Fmedia&parent=14096"}],"wp:term":[{"taxonomy":"product_brand","embeddable":true,"href":"https:\/\/benimarkt.at\/index.php?rest_route=%2Fwp%2Fv2%2Fproduct_brand&post=14096"},{"taxonomy":"product_cat","embeddable":true,"href":"https:\/\/benimarkt.at\/index.php?rest_route=%2Fwp%2Fv2%2Fproduct_cat&post=14096"},{"taxonomy":"product_tag","embeddable":true,"href":"https:\/\/benimarkt.at\/index.php?rest_route=%2Fwp%2Fv2%2Fproduct_tag&post=14096"}],"curies":[{"name":"wp","href":"https:\/\/api.w.org\/{rel}","templated":true}]}}