{"id":13943,"date":"2025-12-18T09:37:18","date_gmt":"2025-12-18T09:37:18","guid":{"rendered":"https:\/\/benimarkt.at\/?post_type=product&#038;p=13943"},"modified":"2025-12-18T09:47:31","modified_gmt":"2025-12-18T09:47:31","slug":"ego-stx4500-42cm-rasentrimmer-freischneider-mit-rundgriff-fuer-profis","status":"publish","type":"product","link":"https:\/\/benimarkt.at\/?product=ego-stx4500-42cm-rasentrimmer-freischneider-mit-rundgriff-fuer-profis","title":{"rendered":"EGO STX4500 42cm Rasentrimmer &#8211; Freischneider mit Rundgriff F\u00dcR PROFIS"},"content":{"rendered":"<div>Technische Daten<\/div>\n<div><\/div>\n<div>45cm Schnittbreite<br \/>\n2,4mm &#8211; 2,7mm &#8211; 3,0mm Fadendurchmesser<br \/>\nSchnell verstellbarer Rundgriff<br \/>\nB\u00fcrstenloser Motor mit 1600 W<\/div>\n<div><\/div>\n<table border=\"1\" cellspacing=\"0\" cellpadding=\"5\">\n<tbody>\n<tr>\n<td><b>Schnittbreite, Rasentrimmer<\/b><\/td>\n<td>45cm<\/td>\n<\/tr>\n<tr>\n<td><b>Drehzahlregelung<\/b><\/td>\n<td>stufenlose Drehzahl<\/td>\n<\/tr>\n<tr>\n<td><b>Fadendurchmesser<\/b><\/td>\n<td>2,4 mm &#8211; 2,7mm &#8211; 3,0mm<\/td>\n<\/tr>\n<tr>\n<td><b>Lehrlaufdrehzahl<\/b><\/td>\n<td>3500 | 4500 | 5200 U\/min<\/td>\n<\/tr>\n<tr>\n<td><b>Fadenzufuhr<\/b><\/td>\n<td>Tip-Automatik<\/td>\n<\/tr>\n<tr>\n<td><b>Gewicht<\/b><\/td>\n<td>4,1 kg<\/td>\n<\/tr>\n<tr>\n<td><b>Sonstiges<\/b><\/td>\n<td>Carbon-Schaft, Doppelgriff, Fadenkopf AH4500, Soft-Start, Gurt inkl.<\/td>\n<\/tr>\n<\/tbody>\n<\/table>\n<div><\/div>\n<h2 class=\"single-product-specification__title\"><span style=\"color: #333333; font-size: 16px;\">(Ohne Akku und Ladeger\u00e4t)<\/span><\/h2>\n","protected":false},"excerpt":{"rendered":"<p>Lassen Sie mit diesem leistungsstarken Profi-Werkzeug den Aufwand und die Abgase von Benzinger\u00e4ten hinter sich. Der schnell verstellbare Rundgriff l\u00e4sst sich mit jedem tragbaren EGO 56V-ARC-Lithium\u2122 Akku kombinieren und sorgt so f\u00fcr ganzt\u00e4gige Leistung und h\u00f6chsten Komfort.<\/p>\n<p>Der Pro X Rasentrimmer eignet sich f\u00fcr Landschaftsg\u00e4rtner, Anlagenbetreiber und kommunale Anwender. Alle EGO Akkus sind mit unseren Ger\u00e4ten kompatibel, sodass ein ganzt\u00e4giger Einsatz problemlos m\u00f6glich ist.<\/p>\n<p>Die Werkzeuggeschwindigkeit wird \u00fcber den Handgriff gesteuert, wodurch sich die Laufzeit bei leichter Last erh\u00f6ht. F\u00fcr h\u00e4rtere Aufgaben kann die Geschwindigkeit \u00fcber Knopfdruck erh\u00f6ht werden. Ausgestattet mit einem Rapid-Reload-Kopf und einem 2,7-mm-Trimmerfaden, lassen sich die Ger\u00e4te bei Bedarf sehr einfach mit einem neuen Faden laden. Dies reduziert die Leerlaufzeiten und den Bedarf an zus\u00e4tzlicher Wartung im Fuhrpark.<\/p>\n<p>Lassen Sie mit diesem leistungsstarken Profi-Werkzeug den Aufwand und die Abgase von Benzinger\u00e4ten hinter sich. Der schnell verstellbare Rundgriff l\u00e4sst sich mit jedem tragbaren EGO 56V-ARC-Lithium\u2122 Akku kombinieren und sorgt so f\u00fcr ganzt\u00e4gige Leistung und h\u00f6chsten Komfort.<\/p>\n<p>(Ohne Akku und Ladeger\u00e4t)<\/p>\n","protected":false},"featured_media":13947,"comment_status":"open","ping_status":"closed","template":"","meta":[],"product_brand":[297],"product_cat":[134,534],"product_tag":[552,153,157],"class_list":{"0":"post-13943","1":"product","2":"type-product","3":"status-publish","4":"has-post-thumbnail","6":"product_brand-ego","7":"product_cat-gartenbau","8":"product_cat-rasentrimmer-gartenbau","9":"product_tag-552","10":"product_tag-ego-power-tools","11":"product_tag-rasentrimmer","13":"first","14":"instock","15":"taxable","16":"shipping-taxable","17":"purchasable","18":"product-type-simple"},"_links":{"self":[{"href":"https:\/\/benimarkt.at\/index.php?rest_route=\/wp\/v2\/product\/13943","targetHints":{"allow":["GET"]}}],"collection":[{"href":"https:\/\/benimarkt.at\/index.php?rest_route=\/wp\/v2\/product"}],"about":[{"href":"https:\/\/benimarkt.at\/index.php?rest_route=\/wp\/v2\/types\/product"}],"replies":[{"embeddable":true,"href":"https:\/\/benimarkt.at\/index.php?rest_route=%2Fwp%2Fv2%2Fcomments&post=13943"}],"version-history":[{"count":1,"href":"https:\/\/benimarkt.at\/index.php?rest_route=\/wp\/v2\/product\/13943\/revisions"}],"predecessor-version":[{"id":13948,"href":"https:\/\/benimarkt.at\/index.php?rest_route=\/wp\/v2\/product\/13943\/revisions\/13948"}],"wp:featuredmedia":[{"embeddable":true,"href":"https:\/\/benimarkt.at\/index.php?rest_route=\/wp\/v2\/media\/13947"}],"wp:attachment":[{"href":"https:\/\/benimarkt.at\/index.php?rest_route=%2Fwp%2Fv2%2Fmedia&parent=13943"}],"wp:term":[{"taxonomy":"product_brand","embeddable":true,"href":"https:\/\/benimarkt.at\/index.php?rest_route=%2Fwp%2Fv2%2Fproduct_brand&post=13943"},{"taxonomy":"product_cat","embeddable":true,"href":"https:\/\/benimarkt.at\/index.php?rest_route=%2Fwp%2Fv2%2Fproduct_cat&post=13943"},{"taxonomy":"product_tag","embeddable":true,"href":"https:\/\/benimarkt.at\/index.php?rest_route=%2Fwp%2Fv2%2Fproduct_tag&post=13943"}],"curies":[{"name":"wp","href":"https:\/\/api.w.org\/{rel}","templated":true}]}}