{"id":13936,"date":"2025-12-18T09:16:08","date_gmt":"2025-12-18T09:16:08","guid":{"rendered":"https:\/\/benimarkt.at\/?post_type=product&#038;p=13936"},"modified":"2025-12-18T09:36:41","modified_gmt":"2025-12-18T09:36:41","slug":"ego-bcx4500-rasentrimmer-freischneider-fuer-profis","status":"publish","type":"product","link":"https:\/\/benimarkt.at\/?product=ego-bcx4500-rasentrimmer-freischneider-fuer-profis","title":{"rendered":"EGO BCX4500 RASENTRIMMER FREISCHNEIDER F\u00dcR PROFIS"},"content":{"rendered":"<h2 class=\"single-product-specification__title\">PRODUKTSPEZIFIKATION<\/h2>\n<h2 class=\"single-product-specification__title\">Spannung (V): 56<br \/>\nKlingentyp: Tri-teeth<br \/>\nSchaftmaterial: Kohlefasern<br \/>\nDrehrichtung: Im Gegenuhrzeigersinn<br \/>\nTeleskopieren: Nein<br \/>\nGeschwindigkeitsauswahl: Ja<br \/>\nLeerlaufdrehzahl (U\/min): 3500-5200<\/h2>\n<h2 class=\"single-product-specification__title\"><span style=\"color: #333333; font-size: 16px;\">(Ohne Akku und Ladeger\u00e4t)<\/span><\/h2>\n","protected":false},"excerpt":{"rendered":"<p>Der BCX4500 Freischneider wurde f\u00fcr professionelle Anwender entwickelt sowie f\u00fcr ganzt\u00e4gige Arbeitseins\u00e4tze in Kombination mit dem PGX Ladesystem. Dieser hart arbeitende Freischneider ist robust und langlebig genug, um dickes Gestr\u00fcpp und widerspenstigen Bewuchs zu bek\u00e4mpfen.<\/p>\n<p>Dieser Pro X Freischneider bietet eine gr\u00f6\u00dfere Vielseitigkeit und Auswahl f\u00fcr ein breites Spektrum professioneller Anwender. Er eignet sich f\u00fcr Landschaftsg\u00e4rtner, Anlagenbetreiber und kommunale Anwender. Ausgestattet mit einem Rapid-Reload-Kopf und einem 2,7-mm-Trimmerfaden, l\u00e4sst er sich bei Bedarf sehr einfach mit einem neuen Faden laden. Dies reduziert die Leerlaufzeiten und den Bedarf an zus\u00e4tzlicher Wartung im Fuhrpark. Die Werkzeuggeschwindigkeit wird \u00fcber den Handgriff gesteuert, wodurch sich die Laufzeit bei leichter Last erh\u00f6ht. F\u00fcr h\u00e4rtere Aufgaben kann die Geschwindigkeit \u00fcber Knopfdruck erh\u00f6ht werden. Die einfach zu bedienenden Bedienelemente sind am ergonomisch geformten M\u00e4hlenker angebracht. In Verbindung mit jedem tragbaren EGO 56V-ARC-Lithium\u2122 Akku erhalten Sie ganzt\u00e4gige Arbeitsleistung sowie h\u00f6chsten Arbeitskomfort. Alle EGO Akkus sind mit unseren Ger\u00e4ten kompatibel, sodass ein ganzt\u00e4giger Einsatz problemlos m\u00f6glich ist.<\/p>\n","protected":false},"featured_media":13941,"comment_status":"open","ping_status":"closed","template":"","meta":[],"product_brand":[297],"product_cat":[134,534],"product_tag":[551,153,157],"class_list":{"0":"post-13936","1":"product","2":"type-product","3":"status-publish","4":"has-post-thumbnail","6":"product_brand-ego","7":"product_cat-gartenbau","8":"product_cat-rasentrimmer-gartenbau","9":"product_tag-551","10":"product_tag-ego-power-tools","11":"product_tag-rasentrimmer","13":"first","14":"instock","15":"taxable","16":"shipping-taxable","17":"purchasable","18":"product-type-simple"},"_links":{"self":[{"href":"https:\/\/benimarkt.at\/index.php?rest_route=\/wp\/v2\/product\/13936","targetHints":{"allow":["GET"]}}],"collection":[{"href":"https:\/\/benimarkt.at\/index.php?rest_route=\/wp\/v2\/product"}],"about":[{"href":"https:\/\/benimarkt.at\/index.php?rest_route=\/wp\/v2\/types\/product"}],"replies":[{"embeddable":true,"href":"https:\/\/benimarkt.at\/index.php?rest_route=%2Fwp%2Fv2%2Fcomments&post=13936"}],"version-history":[{"count":1,"href":"https:\/\/benimarkt.at\/index.php?rest_route=\/wp\/v2\/product\/13936\/revisions"}],"predecessor-version":[{"id":13942,"href":"https:\/\/benimarkt.at\/index.php?rest_route=\/wp\/v2\/product\/13936\/revisions\/13942"}],"wp:featuredmedia":[{"embeddable":true,"href":"https:\/\/benimarkt.at\/index.php?rest_route=\/wp\/v2\/media\/13941"}],"wp:attachment":[{"href":"https:\/\/benimarkt.at\/index.php?rest_route=%2Fwp%2Fv2%2Fmedia&parent=13936"}],"wp:term":[{"taxonomy":"product_brand","embeddable":true,"href":"https:\/\/benimarkt.at\/index.php?rest_route=%2Fwp%2Fv2%2Fproduct_brand&post=13936"},{"taxonomy":"product_cat","embeddable":true,"href":"https:\/\/benimarkt.at\/index.php?rest_route=%2Fwp%2Fv2%2Fproduct_cat&post=13936"},{"taxonomy":"product_tag","embeddable":true,"href":"https:\/\/benimarkt.at\/index.php?rest_route=%2Fwp%2Fv2%2Fproduct_tag&post=13936"}],"curies":[{"name":"wp","href":"https:\/\/api.w.org\/{rel}","templated":true}]}}