{"id":13917,"date":"2025-12-18T07:46:35","date_gmt":"2025-12-18T07:46:35","guid":{"rendered":"https:\/\/benimarkt.at\/?post_type=product&#038;p=13917"},"modified":"2026-04-08T10:31:58","modified_gmt":"2026-04-08T10:31:58","slug":"husqvarna-535rxt-benzin-motorsensen","status":"publish","type":"product","link":"https:\/\/benimarkt.at\/?product=husqvarna-535rxt-benzin-motorsensen","title":{"rendered":"HUSQVARNA 535RXT Benzin-Motorsensen"},"content":{"rendered":"<h3>Technische Daten<\/h3>\n<h4>Motor<\/h4>\n<ul>\n<li>\n<h4>Hubraum &#8211; 34,6 cm\u00b3<\/h4>\n<\/li>\n<li>\n<h4>Ausgangsleistung &#8211; 1,4 kW<\/h4>\n<\/li>\n<li>\n<h4>Tankvolumen &#8211; 0,6 l<\/h4>\n<\/li>\n<li>\n<h4>Kraftstoffverbrauch &#8211; 475 g\/kWh<\/h4>\n<\/li>\n<li>\n<h4>Drehzahl bei max. Leistung &#8211; 8.400 U\/min<\/h4>\n<\/li>\n<li>\n<h4>Leerlaufdrehzahl &#8211; 2.900 U\/min<\/h4>\n<\/li>\n<li>\n<h4>Maximale Drehzahl Ausgangswelle &#8211; 8.220 U\/min<\/h4>\n<\/li>\n<li>\n<h4>Kupplungszuschaltungsgeschwindigkeit &#8211; 3.600 U\/min<\/h4>\n<\/li>\n<li>\n<h4>Drehmmoment, max. &#8211; 1,9 Nm<\/h4>\n<\/li>\n<li>\n<h4>Drehmmoment, max. at rpm &#8211; 6.600 U\/min<\/h4>\n<\/li>\n<li>\n<h4>Z\u00fcndkerze &#8211; Champion RCJ6Y<\/h4>\n<\/li>\n<\/ul>\n<h4>Ausr\u00fcstung<\/h4>\n<ul>\n<li>\n<h4>Grassmesser &#8211; Multi 300-3<\/h4>\n<\/li>\n<li>\n<h4>Gurt &#8211; Balance X\u2122<\/h4>\n<\/li>\n<li>\n<h4>Trimmerkopf &#8211; T35 M12<\/h4>\n<\/li>\n<li>\n<h4>Handgriff &#8211; Zweihandgriff<\/h4>\n<\/li>\n<\/ul>\n<h4>Kapazit\u00e4t<\/h4>\n<ul>\n<li>\n<h4>Arbeitsbreite &#8211; 47 cm<\/h4>\n<\/li>\n<\/ul>\n<h4>Getriebe<\/h4>\n<ul>\n<li>\n<h4>Getriebe\u00fcbersetzung &#8211; 1,4<\/h4>\n<\/li>\n<li>\n<h4>Antriebsradwinkel &#8211; 35 \u00b0<\/h4>\n<\/li>\n<\/ul>\n<p>Schmiermittel<\/p>\n<ul>\n<li>\n<h4>Schmierstoff (Winkelgetriebe) &#8211; Mineralisches Fett<\/h4>\n<\/li>\n<\/ul>\n<h4>Ger\u00e4uschemissionen<\/h4>\n<ul>\n<li>\n<h4>Schallleistungspegel, LWA &#8211; 114 dB(A)<\/h4>\n<\/li>\n<\/ul>\n<h4>Emissionen<\/h4>\n<ul>\n<li>\n<h4>Abgaswerte (HC durchschnittlich) &#8211; 40,51 g\/kWh<\/h4>\n<\/li>\n<li>\n<h4>Abgaswert (HC durchschnittlich) &#8211; 29,31 g\/kWh<\/h4>\n<\/li>\n<li>\n<h4>Durch. (CO durchschnittlich) &#8211; 418,31 g\/kWh<\/h4>\n<\/li>\n<li>\n<h4>Durch. Abgaswerte (CO) &#8211; 243,69 g\/kWh<\/h4>\n<\/li>\n<li>\n<h4>Abgaswert (NOx Durchschnittlich) &#8211; 0,46 g\/kWh<\/h4>\n<\/li>\n<li>\n<h4>Abgaswerte (NOx, Durchschnitt) &#8211; 1,09 g\/kWh<\/h4>\n<\/li>\n<li>\n<h4>Abgasemissionen (CO2 EU V) &#8211; 862 g\/kWh<\/h4>\n<\/li>\n<\/ul>\n<h4>Vibrationen<\/h4>\n<ul>\n<li>\n<h4>\u00c4quivalenter Vibrationswert (ahv, eq) linker \/ rechter Handgriff &#8211; 2,4 m\/s\u00b2<\/h4>\n<\/li>\n<li>\n<h4>\u00c4quivalenter Vibrationswert (ahv, eq) linker \/ rechter Handgriff &#8211; 3,1 m\/s\u00b2<\/h4>\n<\/li>\n<\/ul>\n<p>&nbsp;<\/p>\n","protected":false},"excerpt":{"rendered":"<h3>Beschreibung<\/h3>\n<ul>\n<li>Dieses Ger\u00e4t eignet sich hervorragend f\u00fcr den kommerziellen Einsatz und erm\u00f6glicht dank gro\u00dfer Leistung, durchdachter Ergonomie und herausragender Haltbarkeit erstklassige Ergebnisse. Der Freischneider ist mit einem Komfortpaket, zu dem die Vibrationsd\u00e4mpfung LowVib und Komfortgriffe z\u00e4hlen, ausgestattet.<\/li>\n<li>Die X-TORQ\u00ae Motoren liefern starke Leistung und Drehmoment dank h\u00f6chst effizienter Verbrennung.<\/li>\n<li>Effektive D\u00e4mpfungselemente halten Vibrationen von dem Armen und H\u00e4nden des Anwenders fern.<\/li>\n<li>Der angewinkelte Komfort-Zweihandgriff bietet exzellenten Halt und sorgt f\u00fcr eine gute Arbeitsposition.<\/li>\n<li>Die erh\u00f6hte Anbringung des Griffs schafft zus\u00e4tzliche Bewegungsfreiheit und erleichtert die Arbeit an H\u00e4ngen.<\/li>\n<li>Robustes Zweifaden-Schneidsystem mit Tap-n-Go. Die Fadenzuf\u00fchrung erfolgt schnell und m\u00fchelos, indem der Trimmerkopf einfach in den Boden gedr\u00fcckt wird.<\/li>\n<li>Wenn der Stop-Schalter bet\u00e4tigt wurde, wird er automatisch auf EIN zur\u00fcckgesetzt, um den n\u00e4chsten Start zu erleichtern.<\/li>\n<li>Ergonomischer, verstellbarer Zweihandgriff f\u00fcr hervorragenden Komfort. F\u00fcr einen einfachen Transport kann der Griff in eine Transportstellung gebracht werden.<\/li>\n<li>Winkelgetriebe f\u00fcr optimale Schneidleistung. Es sorgt f\u00fcr ein hohes Drehmoment und den richtigen Winkel, damit die Schneidausr\u00fcstung parallel zum Boden gehalten wird.<\/li>\n<li>Der Kombischutz f\u00fcr die Schneidausr\u00fcstung bietet vielseitige Einsatzm\u00f6glichkeiten mit einem Grasmesser oder einem Trimmerkopf f\u00fcr verschiedene Aufgaben.<\/li>\n<\/ul>\n","protected":false},"featured_media":13918,"comment_status":"open","ping_status":"closed","template":"","meta":[],"product_brand":[299],"product_cat":[134,136],"product_tag":[546,545,476],"class_list":{"0":"post-13917","1":"product","2":"type-product","3":"status-publish","4":"has-post-thumbnail","6":"product_brand-husqvarna","7":"product_cat-gartenbau","8":"product_cat-motorsensen","9":"product_tag-546","10":"product_tag-benzin-motorsensen","11":"product_tag-husqvarna","13":"first","14":"outofstock","15":"taxable","16":"shipping-taxable","17":"purchasable","18":"product-type-simple"},"_links":{"self":[{"href":"https:\/\/benimarkt.at\/index.php?rest_route=\/wp\/v2\/product\/13917","targetHints":{"allow":["GET"]}}],"collection":[{"href":"https:\/\/benimarkt.at\/index.php?rest_route=\/wp\/v2\/product"}],"about":[{"href":"https:\/\/benimarkt.at\/index.php?rest_route=\/wp\/v2\/types\/product"}],"replies":[{"embeddable":true,"href":"https:\/\/benimarkt.at\/index.php?rest_route=%2Fwp%2Fv2%2Fcomments&post=13917"}],"version-history":[{"count":1,"href":"https:\/\/benimarkt.at\/index.php?rest_route=\/wp\/v2\/product\/13917\/revisions"}],"predecessor-version":[{"id":13919,"href":"https:\/\/benimarkt.at\/index.php?rest_route=\/wp\/v2\/product\/13917\/revisions\/13919"}],"wp:featuredmedia":[{"embeddable":true,"href":"https:\/\/benimarkt.at\/index.php?rest_route=\/wp\/v2\/media\/13918"}],"wp:attachment":[{"href":"https:\/\/benimarkt.at\/index.php?rest_route=%2Fwp%2Fv2%2Fmedia&parent=13917"}],"wp:term":[{"taxonomy":"product_brand","embeddable":true,"href":"https:\/\/benimarkt.at\/index.php?rest_route=%2Fwp%2Fv2%2Fproduct_brand&post=13917"},{"taxonomy":"product_cat","embeddable":true,"href":"https:\/\/benimarkt.at\/index.php?rest_route=%2Fwp%2Fv2%2Fproduct_cat&post=13917"},{"taxonomy":"product_tag","embeddable":true,"href":"https:\/\/benimarkt.at\/index.php?rest_route=%2Fwp%2Fv2%2Fproduct_tag&post=13917"}],"curies":[{"name":"wp","href":"https:\/\/api.w.org\/{rel}","templated":true}]}}