{"id":13913,"date":"2025-12-18T07:28:44","date_gmt":"2025-12-18T07:28:44","guid":{"rendered":"https:\/\/benimarkt.at\/?post_type=product&#038;p=13913"},"modified":"2026-03-26T13:02:20","modified_gmt":"2026-03-26T13:02:20","slug":"husqvarna-545-rx-motorsense","status":"publish","type":"product","link":"https:\/\/benimarkt.at\/?product=husqvarna-545-rx-motorsense","title":{"rendered":"HUSQVARNA 545 RX Motorsense"},"content":{"rendered":"<p>TECHNISCHE DATEN:<\/p>\n<table class=\"hbd-table hbd-spec-table\" style=\"height: 2777px;\" width=\"358\">\n<tbody>\n<tr class=\"hbd-spec-table__spec-row hbd-spec-table__column-sticky\">\n<th class=\"hbd-spec-table__spec-name hui-text-body2\" scope=\"row\">\n<h4 class=\"ui-a2 ui-a-\">Hubraum<\/h4>\n<\/th>\n<td class=\"hbd-spec-table__spec-value hui-text-body2 hbd-spec-table__spec-value--active\">45,7 cm\u00b3<\/td>\n<\/tr>\n<tr class=\"hbd-spec-table__spec-row hbd-spec-table__column-sticky\">\n<th class=\"hbd-spec-table__spec-name hui-text-body2\" scope=\"row\">\n<h4 class=\"ui-a2 ui-a-\">Ausgangsleistung<sup style=\"font-family: inherit;\">1<\/sup><span style=\"font-family: inherit; font-size: inherit;\">\u00a0<\/span><\/h4>\n<\/th>\n<td class=\"hbd-spec-table__spec-value hui-text-body2 hbd-spec-table__spec-value--active\">2,1 kW<\/td>\n<\/tr>\n<tr class=\"hbd-spec-table__spec-row hbd-spec-table__column-sticky\">\n<th class=\"hbd-spec-table__spec-name hui-text-body2\" scope=\"row\">\n<h4 class=\"ui-a2 ui-a-\">Tankvolumen<\/h4>\n<\/th>\n<td class=\"hbd-spec-table__spec-value hui-text-body2 hbd-spec-table__spec-value--active\">0,9 l<\/td>\n<\/tr>\n<tr class=\"hbd-spec-table__spec-row hbd-spec-table__column-sticky\">\n<th class=\"hbd-spec-table__spec-name hui-text-body2\" scope=\"row\">\n<h4 class=\"ui-a2 ui-a-\">Kraftstoffverbrauch<\/h4>\n<\/th>\n<td class=\"hbd-spec-table__spec-value hui-text-body2 hbd-spec-table__spec-value--active\">450 g\/kWh<\/td>\n<\/tr>\n<tr class=\"hbd-spec-table__spec-row hbd-spec-table__column-sticky\">\n<th class=\"hbd-spec-table__spec-name hui-text-body2\" scope=\"row\">\n<h4 class=\"ui-a2 ui-a-\">Drehzahl bei max. Leistung<\/h4>\n<\/th>\n<td class=\"hbd-spec-table__spec-value hui-text-body2 hbd-spec-table__spec-value--active\">9.000 U\/min<\/td>\n<\/tr>\n<tr class=\"hbd-spec-table__spec-row hbd-spec-table__column-sticky\">\n<th class=\"hbd-spec-table__spec-name hui-text-body2\" scope=\"row\">\n<h4 class=\"ui-a2 ui-a-\">Leerlaufdrehzahl<\/h4>\n<\/th>\n<td class=\"hbd-spec-table__spec-value hui-text-body2 hbd-spec-table__spec-value--active\">2.700 U\/min<\/td>\n<\/tr>\n<tr class=\"hbd-spec-table__spec-row hbd-spec-table__column-sticky\">\n<th class=\"hbd-spec-table__spec-name hui-text-body2\" scope=\"row\">\n<h4 class=\"ui-a2 ui-a-\">Maximale Drehzahl Ausgangswelle<\/h4>\n<\/th>\n<td class=\"hbd-spec-table__spec-value hui-text-body2 hbd-spec-table__spec-value--active\">8.800 U\/min<\/td>\n<\/tr>\n<tr class=\"hbd-spec-table__spec-row hbd-spec-table__column-sticky\">\n<th class=\"hbd-spec-table__spec-name hui-text-body2\" scope=\"row\">\n<h4 class=\"ui-a2 ui-a-\">Z\u00fcndkerzenabstand<\/h4>\n<\/th>\n<td class=\"hbd-spec-table__spec-value hui-text-body2 hbd-spec-table__spec-value--active\">0,5 mm<\/td>\n<\/tr>\n<tr class=\"hbd-spec-table__spec-row hbd-spec-table__column-sticky\">\n<th class=\"hbd-spec-table__spec-name hui-text-body2\" scope=\"row\">\n<h4 class=\"ui-a2 ui-a-\">Kupplungszuschaltungsgeschwindigkeit<\/h4>\n<\/th>\n<td class=\"hbd-spec-table__spec-value hui-text-body2 hbd-spec-table__spec-value--active\">3.900 U\/min<\/td>\n<\/tr>\n<tr class=\"hbd-spec-table__spec-row hbd-spec-table__column-sticky\">\n<th class=\"hbd-spec-table__spec-name hui-text-body2\" scope=\"row\">\n<h4 class=\"ui-a2 ui-a-\">Drehmmoment, max.<\/h4>\n<\/th>\n<td class=\"hbd-spec-table__spec-value hui-text-body2 hbd-spec-table__spec-value--active\">2,6 Nm<\/td>\n<\/tr>\n<tr class=\"hbd-spec-table__spec-row hbd-spec-table__column-sticky\">\n<th class=\"hbd-spec-table__spec-name hui-text-body2\" scope=\"row\">\n<h4 class=\"ui-a2 ui-a-\">Drehmmoment, max. at rpm<\/h4>\n<\/th>\n<td class=\"hbd-spec-table__spec-value hui-text-body2 hbd-spec-table__spec-value--active\">6.000 U\/min<\/td>\n<\/tr>\n<tr class=\"hbd-spec-table__spec-row hbd-spec-table__column-sticky\">\n<th class=\"hbd-spec-table__spec-name hui-text-body2\" scope=\"row\">\n<h4 class=\"ui-a2 ui-a-\">Z\u00fcndkerze<\/h4>\n<\/th>\n<td class=\"hbd-spec-table__spec-value hui-text-body2 hbd-spec-table__spec-value--active\">NGK CMR6H<\/td>\n<\/tr>\n<tr class=\"hbd-spec-table__group-start hbd-spec-table__column-sticky\">\n<th class=\"hbd-spec-table__group-name hui-text-subtitle1\" scope=\"rowgroup\">Ausr\u00fcstung<\/th>\n<td class=\"hbd-spec-table__article hui-text-body2 hbd-spec-table__article--active\"><\/td>\n<\/tr>\n<tr class=\"hbd-spec-table__spec-row hbd-spec-table__column-sticky\">\n<th class=\"hbd-spec-table__spec-name hui-text-body2\" scope=\"row\">\n<h4 class=\"ui-a2 ui-a-\">Grassmesser<\/h4>\n<\/th>\n<td class=\"hbd-spec-table__spec-value hui-text-body2 hbd-spec-table__spec-value--active\">Multi 300-3<\/td>\n<\/tr>\n<tr class=\"hbd-spec-table__spec-row hbd-spec-table__column-sticky\">\n<th class=\"hbd-spec-table__spec-name hui-text-body2\" scope=\"row\">\n<h4 class=\"ui-a2 ui-a-\">Gurt<\/h4>\n<\/th>\n<td class=\"hbd-spec-table__spec-value hui-text-body2 hbd-spec-table__spec-value--active\">Balance X\u2122<\/td>\n<\/tr>\n<tr class=\"hbd-spec-table__spec-row hbd-spec-table__column-sticky\">\n<th class=\"hbd-spec-table__spec-name hui-text-body2\" scope=\"row\">\n<h4 class=\"ui-a2 ui-a-\">S\u00e4geblatt<\/h4>\n<\/th>\n<td class=\"hbd-spec-table__spec-value hui-text-body2 hbd-spec-table__spec-value--active\">&#8212;<\/td>\n<\/tr>\n<tr class=\"hbd-spec-table__spec-row hbd-spec-table__column-sticky\">\n<th class=\"hbd-spec-table__spec-name hui-text-body2\" scope=\"row\">\n<h4 class=\"ui-a2 ui-a-\">Trimmerkopf<\/h4>\n<\/th>\n<td class=\"hbd-spec-table__spec-value hui-text-body2 hbd-spec-table__spec-value--active\">T45X M12<\/td>\n<\/tr>\n<tr class=\"hbd-spec-table__spec-row hbd-spec-table__column-sticky\">\n<th class=\"hbd-spec-table__spec-name hui-text-body2\" scope=\"row\">\n<h4 class=\"ui-a2 ui-a-\">Handgriff<\/h4>\n<\/th>\n<td class=\"hbd-spec-table__spec-value hui-text-body2 hbd-spec-table__spec-value--active\">Zweihandgriff<\/td>\n<\/tr>\n<tr class=\"hbd-spec-table__group-start hbd-spec-table__column-sticky\">\n<th class=\"hbd-spec-table__group-name hui-text-subtitle1\" scope=\"rowgroup\">Steuerung<\/th>\n<td class=\"hbd-spec-table__article hui-text-body2 hbd-spec-table__article--active\"><\/td>\n<\/tr>\n<tr class=\"hbd-spec-table__spec-row hbd-spec-table__column-sticky\">\n<th class=\"hbd-spec-table__spec-name hui-text-body2\" scope=\"row\">\n<h4 class=\"ui-a2 ui-a-\">Konnektivit\u00e4t<\/h4>\n<\/th>\n<td class=\"hbd-spec-table__spec-value hui-text-body2 hbd-spec-table__spec-value--active\">Nicht anwendbar<\/td>\n<\/tr>\n<tr class=\"hbd-spec-table__group-start hbd-spec-table__column-sticky\">\n<th class=\"hbd-spec-table__group-name hui-text-subtitle1\" scope=\"rowgroup\">Kapazit\u00e4t<\/th>\n<td class=\"hbd-spec-table__article hui-text-body2 hbd-spec-table__article--active\"><\/td>\n<\/tr>\n<tr class=\"hbd-spec-table__spec-row hbd-spec-table__column-sticky\">\n<th class=\"hbd-spec-table__spec-name hui-text-body2\" scope=\"row\">\n<h4 class=\"ui-a2 ui-a-\">Arbeitsbreite<\/h4>\n<\/th>\n<td class=\"hbd-spec-table__spec-value hui-text-body2 hbd-spec-table__spec-value--active\">49 cm<\/td>\n<\/tr>\n<tr class=\"hbd-spec-table__group-start hbd-spec-table__column-sticky\">\n<th class=\"hbd-spec-table__group-name hui-text-subtitle1\" scope=\"rowgroup\">Getriebe<\/th>\n<td class=\"hbd-spec-table__article hui-text-body2 hbd-spec-table__article--active\"><\/td>\n<\/tr>\n<tr class=\"hbd-spec-table__spec-row hbd-spec-table__column-sticky\">\n<th class=\"hbd-spec-table__spec-name hui-text-body2\" scope=\"row\">\n<h4 class=\"ui-a2 ui-a-\">Getriebe\u00fcbersetzung<\/h4>\n<\/th>\n<td class=\"hbd-spec-table__spec-value hui-text-body2 hbd-spec-table__spec-value--active\">1,4<\/td>\n<\/tr>\n<tr class=\"hbd-spec-table__spec-row hbd-spec-table__column-sticky\">\n<th class=\"hbd-spec-table__spec-name hui-text-body2\" scope=\"row\">\n<h4 class=\"ui-a2 ui-a-\">Antriebsradwinkel<\/h4>\n<\/th>\n<td class=\"hbd-spec-table__spec-value hui-text-body2 hbd-spec-table__spec-value--active\">35 \u00b0<\/td>\n<\/tr>\n<tr class=\"hbd-spec-table__group-start hbd-spec-table__column-sticky\">\n<th class=\"hbd-spec-table__group-name hui-text-subtitle1\" scope=\"rowgroup\">Abmessungen<\/th>\n<td class=\"hbd-spec-table__article hui-text-body2 hbd-spec-table__article--active\"><\/td>\n<\/tr>\n<tr class=\"hbd-spec-table__spec-row hbd-spec-table__column-sticky\">\n<th class=\"hbd-spec-table__spec-name hui-text-body2\" scope=\"row\">\n<h4 class=\"ui-a2 ui-a-\">Schaftdurchmesser<\/h4>\n<\/th>\n<td class=\"hbd-spec-table__spec-value hui-text-body2 hbd-spec-table__spec-value--active\">32 mm<\/td>\n<\/tr>\n<tr class=\"hbd-spec-table__spec-row hbd-spec-table__column-sticky\">\n<th class=\"hbd-spec-table__spec-name hui-text-body2\" scope=\"row\">\n<h4 class=\"ui-a2 ui-a-\">Gewicht (exkl. Schneidausr\u00fcstung)<\/h4>\n<\/th>\n<td class=\"hbd-spec-table__spec-value hui-text-body2 hbd-spec-table__spec-value--active\">8,9 kg<\/td>\n<\/tr>\n<tr class=\"hbd-spec-table__spec-row hbd-spec-table__column-sticky\">\n<th class=\"hbd-spec-table__spec-name hui-text-body2\" scope=\"row\">\n<h4 class=\"ui-a2 ui-a-\">Schaftl\u00e4nge<\/h4>\n<\/th>\n<td class=\"hbd-spec-table__spec-value hui-text-body2 hbd-spec-table__spec-value--active\">1.465 mm<\/td>\n<\/tr>\n<tr class=\"hbd-spec-table__group-start hbd-spec-table__column-sticky\">\n<th class=\"hbd-spec-table__group-name hui-text-subtitle1\" scope=\"rowgroup\">Schmiermittel<\/th>\n<td class=\"hbd-spec-table__article hui-text-body2 hbd-spec-table__article--active\"><\/td>\n<\/tr>\n<tr class=\"hbd-spec-table__spec-row hbd-spec-table__column-sticky\">\n<th class=\"hbd-spec-table__spec-name hui-text-body2\" scope=\"row\">\n<h4 class=\"ui-a2 ui-a-\">Schmierstofftyp<\/h4>\n<\/th>\n<td class=\"hbd-spec-table__spec-value hui-text-body2 hbd-spec-table__spec-value--active\">Husqvarna 2-Takt oder ein vergleichbares hochwertiges \u00d6l mit 50:1 Mischungsverh\u00e4ltnis<\/td>\n<\/tr>\n<tr class=\"hbd-spec-table__spec-row hbd-spec-table__column-sticky\">\n<th class=\"hbd-spec-table__spec-name hui-text-body2\" scope=\"row\">\n<h4 class=\"ui-a2 ui-a-\">Schmierstoff (Winkelgetriebe)<\/h4>\n<\/th>\n<td class=\"hbd-spec-table__spec-value hui-text-body2 hbd-spec-table__spec-value--active\">Mineralisches Fett<\/td>\n<\/tr>\n<tr class=\"hbd-spec-table__group-start hbd-spec-table__column-sticky\">\n<th class=\"hbd-spec-table__group-name hui-text-subtitle1\" scope=\"rowgroup\">Ger\u00e4uschemissionen<\/th>\n<td class=\"hbd-spec-table__article hui-text-body2 hbd-spec-table__article--active\"><\/td>\n<\/tr>\n<tr class=\"hbd-spec-table__spec-row hbd-spec-table__column-sticky\">\n<th class=\"hbd-spec-table__spec-name hui-text-body2\" scope=\"row\">\n<h4 class=\"ui-a2 ui-a-\">Schalldruckpegel am Ohr der Bedienperson<\/h4>\n<\/th>\n<td class=\"hbd-spec-table__spec-value hui-text-body2 hbd-spec-table__spec-value--active\">101 dB(A)<\/td>\n<\/tr>\n<tr class=\"hbd-spec-table__spec-row hbd-spec-table__column-sticky\">\n<th class=\"hbd-spec-table__spec-name hui-text-body2\" scope=\"row\">\n<h4 class=\"ui-a2 ui-a-\">Schallleistungspegel, LWA<\/h4>\n<\/th>\n<td class=\"hbd-spec-table__spec-value hui-text-body2 hbd-spec-table__spec-value--active\">117 dB(A)<\/td>\n<\/tr>\n<tr class=\"hbd-spec-table__group-start hbd-spec-table__column-sticky\">\n<th class=\"hbd-spec-table__group-name hui-text-subtitle1\" scope=\"rowgroup\">Emissionen<\/th>\n<td class=\"hbd-spec-table__article hui-text-body2 hbd-spec-table__article--active\"><\/td>\n<\/tr>\n<tr class=\"hbd-spec-table__spec-row hbd-spec-table__column-sticky\">\n<th class=\"hbd-spec-table__spec-name hui-text-body2\" scope=\"row\">\n<h4 class=\"ui-a2 ui-a-\">Abgaswerte (HC durchschnittlich)<\/h4>\n<\/th>\n<td class=\"hbd-spec-table__spec-value hui-text-body2 hbd-spec-table__spec-value--active\">36,45 g\/kWh<\/td>\n<\/tr>\n<tr class=\"hbd-spec-table__spec-row hbd-spec-table__column-sticky\">\n<th class=\"hbd-spec-table__spec-name hui-text-body2\" scope=\"row\">\n<h4 class=\"ui-a2 ui-a-\">Durch. (CO durchschnittlich)<\/h4>\n<\/th>\n<td class=\"hbd-spec-table__spec-value hui-text-body2 hbd-spec-table__spec-value--active\">262,85 g\/kWh<\/td>\n<\/tr>\n<tr class=\"hbd-spec-table__spec-row hbd-spec-table__column-sticky\">\n<th class=\"hbd-spec-table__spec-name hui-text-body2\" scope=\"row\">\n<h4 class=\"ui-a2 ui-a-\">Durch. Abgaswerte (CO)<\/h4>\n<\/th>\n<td class=\"hbd-spec-table__spec-value hui-text-body2 hbd-spec-table__spec-value--active\">269,16 g\/kWh<\/td>\n<\/tr>\n<tr class=\"hbd-spec-table__spec-row hbd-spec-table__column-sticky\">\n<th class=\"hbd-spec-table__spec-name hui-text-body2\" scope=\"row\">\n<h4 class=\"ui-a2 ui-a-\">Abgaswert (NOx Durchschnittlich)<\/h4>\n<\/th>\n<td class=\"hbd-spec-table__spec-value hui-text-body2 hbd-spec-table__spec-value--active\">1,96 g\/kWh<\/td>\n<\/tr>\n<tr class=\"hbd-spec-table__spec-row hbd-spec-table__column-sticky\">\n<th class=\"hbd-spec-table__spec-name hui-text-body2\" scope=\"row\">\n<h4 class=\"ui-a2 ui-a-\">Abgaswerte (NOx, Durchschnitt)<\/h4>\n<\/th>\n<td class=\"hbd-spec-table__spec-value hui-text-body2 hbd-spec-table__spec-value--active\">1,76 g\/kWh<\/td>\n<\/tr>\n<tr class=\"hbd-spec-table__spec-row hbd-spec-table__column-sticky\">\n<th class=\"hbd-spec-table__spec-name hui-text-body2\" scope=\"row\">\n<div>\n<h4 class=\"ui-a2 ui-a-\">Abgasemissionen (CO2 EU V)<\/h4>\n<p><sup>2<\/sup>\u00a0<button class=\"ui-qx\" type=\"button\" aria-label=\"Diese CO2-Messung ergibt sich aus Tests \u00fcber einen festen Testzyklus unter Laborbedingungen eines (Ur)Motors, der f\u00fcr den Motortyp (Motorfamilie) repr\u00e4sentativ ist, und stellt keine Garantie f\u00fcr die Leistung eines bestimmten Motors dar oder gibt diese ausdr\u00fccklich wieder.\"><\/button><\/p>\n<\/div>\n<\/th>\n<td class=\"hbd-spec-table__spec-value hui-text-body2 hbd-spec-table__spec-value--active\">910 g\/kWh<\/td>\n<\/tr>\n<tr class=\"hbd-spec-table__group-start hbd-spec-table__column-sticky\">\n<th class=\"hbd-spec-table__group-name hui-text-subtitle1\" scope=\"rowgroup\">Vibrationen<\/th>\n<td class=\"hbd-spec-table__article hui-text-body2 hbd-spec-table__article--active\"><\/td>\n<\/tr>\n<tr class=\"hbd-spec-table__spec-row hbd-spec-table__column-sticky\">\n<th class=\"hbd-spec-table__spec-name hui-text-body2\" scope=\"row\">\n<h4 class=\"ui-a2 ui-a-\">\u00c4quivalenter Vibrationswert (ahv, eq) linker \/ rechter Handgriff<\/h4>\n<\/th>\n<td class=\"hbd-spec-table__spec-value hui-text-body2 hbd-spec-table__spec-value--active\">3,2 m\/s\u00b2<\/td>\n<\/tr>\n<tr class=\"hbd-spec-table__spec-row hbd-spec-table__column-sticky\">\n<th class=\"hbd-spec-table__spec-name hui-text-body2\" scope=\"row\">\n<h4 class=\"ui-a2 ui-a-\">\u00c4quivalenter Vibrationswert (ahv, eq) linker \/ rechter Handgriff<\/h4>\n<\/th>\n<td class=\"hbd-spec-table__spec-value hui-text-body2 hbd-spec-table__spec-value--active\">2,9 m\/s\u00b2<\/td>\n<\/tr>\n<\/tbody>\n<\/table>\n","protected":false},"excerpt":{"rendered":"<h3>Beschreibung<\/h3>\n<p>Dieser professionelle Freischneider bietet neben hoher Leistung auch eine \u00fcberzeugende Ergonomie und gro\u00dfe Wendigkeit. Der X-Torq\u00ae Motor sorgt bei geringem Verbrauch f\u00fcr eine hohe Leistung. Schaftl\u00e4nge und 35\u00b0 Winkelgetriebe sind f\u00fcr beste Freischneideergebnisse optimiert. Der Komforttragegurt Balance X z\u00e4hlt zum serienm\u00e4\u00dfigen Lieferumfang.<\/p>\n<ul>\n<li>Die X-TORQ\u00ae Motoren liefern starke Leistung und Drehmoment dank h\u00f6chst effizienter Verbrennung.<\/li>\n<li>Ergonomischer, verstellbarer Zweihandgriff f\u00fcr hervorragenden Komfort. F\u00fcr einen einfachen Transport kann der Griff in eine Transportstellung gebracht werden.<\/li>\n<li>Der Ergonomische Gurt mit gro\u00dfer R\u00fcckenplatte, Schulterriemen und H\u00fcftg\u00fcrtel verteilt die Last \u00fcber eine gr\u00f6\u00dfere Fl\u00e4che.<\/li>\n<li>Der gerade Schaft bietet eine gr\u00f6\u00dfere Reichweite und erleichtert so das Grasschneiden.<\/li>\n<li>Robustes Zweifaden-Schneidsystem mit Tap-n-Go. Die Fadenzuf\u00fchrung erfolgt schnell und m\u00fchelos, indem der Trimmerkopf einfach in den Boden gedr\u00fcckt wird.<\/li>\n<li>Die Positionierung des Tanks vor dem Motor sorgt f\u00fcr eine bessere Balance.<\/li>\n<li>Speziell entwickelter Motor und Anlasser f\u00fcr einfaches und schnelles Starten mit minimalem Kraftaufwand. Der Widerstand im Startseil wird um bis zu 40\u00a0% reduziert.<\/li>\n<li>Wenn der Stop-Schalter bet\u00e4tigt wurde, wird er automatisch auf EIN zur\u00fcckgesetzt, um den n\u00e4chsten Start zu erleichtern.<\/li>\n<li>Der angewinkelte Komfort-Zweihandgriff bietet exzellenten Halt und sorgt f\u00fcr eine gute Arbeitsposition.<\/li>\n<li>Der Kombischutz f\u00fcr die Schneidausr\u00fcstung bietet vielseitige Einsatzm\u00f6glichkeiten mit einem Grasmesser oder einem Trimmerkopf f\u00fcr verschiedene Aufgaben.<\/li>\n<li>Ein Magnet fixiert den Sperrstift und erleichtert so den Wechsel des Schneidwerkzeugs.<\/li>\n<li>Die erh\u00f6hte Anbringung des Griffs schafft zus\u00e4tzliche Bewegungsfreiheit und erleichtert die Arbeit an H\u00e4ngen.<\/li>\n<li>Effektive D\u00e4mpfungselemente halten Vibrationen von dem Armen und H\u00e4nden des Anwenders fern.<\/li>\n<li>Der transparente Kraftstofftank erleichtert das Ablesen des Kraftstofff\u00fcllstands.<\/li>\n<li>Winkelgetriebe f\u00fcr optimale Schneidleistung. Es sorgt f\u00fcr ein hohes Drehmoment und den richtigen Winkel, damit die Schneidausr\u00fcstung parallel zum Boden gehalten wird.<\/li>\n<\/ul>\n","protected":false},"featured_media":13998,"comment_status":"open","ping_status":"closed","template":"","meta":[],"product_brand":[299],"product_cat":[134,136],"product_tag":[544,545,476],"class_list":{"0":"post-13913","1":"product","2":"type-product","3":"status-publish","4":"has-post-thumbnail","6":"product_brand-husqvarna","7":"product_cat-gartenbau","8":"product_cat-motorsensen","9":"product_tag-544","10":"product_tag-benzin-motorsensen","11":"product_tag-husqvarna","13":"first","14":"outofstock","15":"taxable","16":"shipping-taxable","17":"product-type-simple"},"_links":{"self":[{"href":"https:\/\/benimarkt.at\/index.php?rest_route=\/wp\/v2\/product\/13913","targetHints":{"allow":["GET"]}}],"collection":[{"href":"https:\/\/benimarkt.at\/index.php?rest_route=\/wp\/v2\/product"}],"about":[{"href":"https:\/\/benimarkt.at\/index.php?rest_route=\/wp\/v2\/types\/product"}],"replies":[{"embeddable":true,"href":"https:\/\/benimarkt.at\/index.php?rest_route=%2Fwp%2Fv2%2Fcomments&post=13913"}],"version-history":[{"count":1,"href":"https:\/\/benimarkt.at\/index.php?rest_route=\/wp\/v2\/product\/13913\/revisions"}],"predecessor-version":[{"id":13916,"href":"https:\/\/benimarkt.at\/index.php?rest_route=\/wp\/v2\/product\/13913\/revisions\/13916"}],"wp:featuredmedia":[{"embeddable":true,"href":"https:\/\/benimarkt.at\/index.php?rest_route=\/wp\/v2\/media\/13998"}],"wp:attachment":[{"href":"https:\/\/benimarkt.at\/index.php?rest_route=%2Fwp%2Fv2%2Fmedia&parent=13913"}],"wp:term":[{"taxonomy":"product_brand","embeddable":true,"href":"https:\/\/benimarkt.at\/index.php?rest_route=%2Fwp%2Fv2%2Fproduct_brand&post=13913"},{"taxonomy":"product_cat","embeddable":true,"href":"https:\/\/benimarkt.at\/index.php?rest_route=%2Fwp%2Fv2%2Fproduct_cat&post=13913"},{"taxonomy":"product_tag","embeddable":true,"href":"https:\/\/benimarkt.at\/index.php?rest_route=%2Fwp%2Fv2%2Fproduct_tag&post=13913"}],"curies":[{"name":"wp","href":"https:\/\/api.w.org\/{rel}","templated":true}]}}