{"id":13908,"date":"2025-12-17T11:30:50","date_gmt":"2025-12-17T11:30:50","guid":{"rendered":"https:\/\/benimarkt.at\/?post_type=product&#038;p=13908"},"modified":"2026-04-17T08:30:08","modified_gmt":"2026-04-17T08:30:08","slug":"husqvarna-135-mark-ii-benzin-kettensaege","status":"publish","type":"product","link":"https:\/\/benimarkt.at\/?product=husqvarna-135-mark-ii-benzin-kettensaege","title":{"rendered":"HUSQVARNA 135 Mark II Benzin-Kettens\u00e4ge"},"content":{"rendered":"<p>TECHNISCHE DATEN:<\/p>\n<table class=\"hbd-table hbd-spec-table\" role=\"table\" aria-label=\"Motor specifications comparison table\">\n<thead>\n<tr class=\"hbd-spec-table__group-start hbd-spec-table__column-sticky\">\n<th class=\"hbd-spec-table__group-name hui-text-subtitle1\" scope=\"col\">Motor<\/th>\n<th class=\"hbd-spec-table__article hui-text-body2 hbd-spec-table__article--active\" scope=\"col\" aria-current=\"true\">\n<div class=\"hbd-spec-table__article-number\"><\/div>\n<\/th>\n<\/tr>\n<\/thead>\n<tbody>\n<tr class=\"hbd-spec-table__spec-row hbd-spec-table__column-sticky\">\n<th class=\"hbd-spec-table__spec-name hui-text-body2\" scope=\"row\">\n<h4 class=\"ugRU3HGQ uX34qNS-\">Kettengeschwindigkeit bei max. Leistung<\/h4>\n<\/th>\n<td class=\"hbd-spec-table__spec-value hui-text-body2 hbd-spec-table__spec-value--active\">16,8 m\/s<\/td>\n<\/tr>\n<tr class=\"hbd-spec-table__spec-row hbd-spec-table__column-sticky\">\n<th class=\"hbd-spec-table__spec-name hui-text-body2\" scope=\"row\">\n<h4 class=\"ugRU3HGQ uX34qNS-\">Hubraum<\/h4>\n<\/th>\n<td class=\"hbd-spec-table__spec-value hui-text-body2 hbd-spec-table__spec-value--active\">38 cm\u00b3<\/td>\n<\/tr>\n<tr class=\"hbd-spec-table__spec-row hbd-spec-table__column-sticky\">\n<th class=\"hbd-spec-table__spec-name hui-text-body2\" scope=\"row\">\n<div>\n<h4 class=\"ugRU3HGQ uX34qNS-\">Ausgangsleistung<\/h4>\n<p><sup>1<\/sup>\u00a0<button class=\"uo9X32Bd\" type=\"button\" aria-label=\"&quot;Benzinger\u00e4te\u00a0\u2013 Nettoleistung gem\u00e4\u00df ISO\u00a07293. Akkuger\u00e4te\u00a0\u2013 gemessene Nettoleistung vergleichbar mit Benzinger\u00e4ten.&quot;\"><\/button><\/p>\n<\/div>\n<\/th>\n<td class=\"hbd-spec-table__spec-value hui-text-body2 hbd-spec-table__spec-value--active\">1,6 kW<\/td>\n<\/tr>\n<\/tbody>\n<\/table>\n<table class=\"hbd-table hbd-spec-table\" style=\"height: 445px;\" role=\"table\" width=\"329\" aria-label=\"Ausr\u00fcstung specifications comparison table\">\n<caption class=\"sr-only\">\u00a0<\/caption>\n<thead>\n<tr class=\"hbd-spec-table__group-start hbd-spec-table__column-sticky\">\n<th class=\"hbd-spec-table__group-name hui-text-subtitle1\" scope=\"col\">Ausr\u00fcstung<\/th>\n<th class=\"hbd-spec-table__article hui-text-body2 hbd-spec-table__article--active\" scope=\"col\" aria-current=\"true\">\n<div class=\"hbd-spec-table__article-number\"><\/div>\n<\/th>\n<\/tr>\n<\/thead>\n<tbody>\n<tr class=\"hbd-spec-table__spec-row hbd-spec-table__column-sticky\">\n<th class=\"hbd-spec-table__spec-name hui-text-body2\" scope=\"row\">\n<h4 class=\"ugRU3HGQ uX34qNS-\">Empfohlene Schienenl\u00e4nge, min. (cm)<\/h4>\n<\/th>\n<td class=\"hbd-spec-table__spec-value hui-text-body2 hbd-spec-table__spec-value--active\">35 cm<\/td>\n<\/tr>\n<tr class=\"hbd-spec-table__spec-row hbd-spec-table__column-sticky\">\n<th class=\"hbd-spec-table__spec-name hui-text-body2\" scope=\"row\">\n<h4 class=\"ugRU3HGQ uX34qNS-\">Teilung<\/h4>\n<\/th>\n<td class=\"hbd-spec-table__spec-value hui-text-body2 hbd-spec-table__spec-value--active\">3\/8&#8243; mini<\/td>\n<\/tr>\n<tr class=\"hbd-spec-table__spec-row hbd-spec-table__column-sticky\">\n<th class=\"hbd-spec-table__spec-name hui-text-body2\" scope=\"row\">\n<h4 class=\"ugRU3HGQ uX34qNS-\">Empfohlene Schienenl\u00e4nge, max. (cm)<\/h4>\n<\/th>\n<td class=\"hbd-spec-table__spec-value hui-text-body2 hbd-spec-table__spec-value--active\">40 cm<\/td>\n<\/tr>\n<tr class=\"hbd-spec-table__spec-row hbd-spec-table__column-sticky\">\n<th class=\"hbd-spec-table__spec-name hui-text-body2\" scope=\"row\">\n<h4 class=\"ugRU3HGQ uX34qNS-\">Kettentyp<\/h4>\n<\/th>\n<td class=\"hbd-spec-table__spec-value hui-text-body2 hbd-spec-table__spec-value--active\">S93G<\/td>\n<\/tr>\n<tr class=\"hbd-spec-table__spec-row hbd-spec-table__column-sticky\">\n<th class=\"hbd-spec-table__spec-name hui-text-body2\" scope=\"row\">\n<h4 class=\"ugRU3HGQ uX34qNS-\">Schienenl\u00e4nge<\/h4>\n<\/th>\n<td class=\"hbd-spec-table__spec-value hui-text-body2 hbd-spec-table__spec-value--active\">35 cm<\/td>\n<\/tr>\n<tr class=\"hbd-spec-table__spec-row hbd-spec-table__column-sticky\">\n<th class=\"hbd-spec-table__spec-name hui-text-body2\" scope=\"row\">\n<h4 class=\"ugRU3HGQ uX34qNS-\">Schienenl\u00e4nge (Zoll)<\/h4>\n<\/th>\n<td class=\"hbd-spec-table__spec-value hui-text-body2 hbd-spec-table__spec-value--active\">14 in<\/td>\n<\/tr>\n<\/tbody>\n<\/table>\n<table class=\"hbd-table hbd-spec-table\" style=\"height: 124px;\" role=\"table\" width=\"328\" aria-label=\"Abmessungen specifications comparison table\">\n<caption class=\"sr-only\">\u00a0<\/caption>\n<thead>\n<tr class=\"hbd-spec-table__group-start hbd-spec-table__column-sticky\">\n<th class=\"hbd-spec-table__group-name hui-text-subtitle1\" scope=\"col\">Abmessungen<\/th>\n<th class=\"hbd-spec-table__article hui-text-body2 hbd-spec-table__article--active\" scope=\"col\" aria-current=\"true\">\n<div class=\"hbd-spec-table__article-number\"><\/div>\n<\/th>\n<\/tr>\n<\/thead>\n<tbody>\n<tr class=\"hbd-spec-table__spec-row hbd-spec-table__column-sticky\">\n<th class=\"hbd-spec-table__spec-name hui-text-body2\" scope=\"row\">\n<h4 class=\"ugRU3HGQ uX34qNS-\">Gewicht (exkl. Schneidausr\u00fcstung)<\/h4>\n<\/th>\n<td class=\"hbd-spec-table__spec-value hui-text-body2 hbd-spec-table__spec-value--active\">4,68 kg<\/td>\n<\/tr>\n<\/tbody>\n<\/table>\n<table class=\"hbd-table hbd-spec-table\" style=\"height: 184px;\" role=\"table\" width=\"327\" aria-label=\"Ger\u00e4uschemissionen specifications comparison table\">\n<caption class=\"sr-only\">\u00a0<\/caption>\n<thead>\n<tr class=\"hbd-spec-table__group-start hbd-spec-table__column-sticky\">\n<th class=\"hbd-spec-table__group-name hui-text-subtitle1\" scope=\"col\">Ger\u00e4uschemissionen<\/th>\n<th class=\"hbd-spec-table__article hui-text-body2 hbd-spec-table__article--active\" scope=\"col\" aria-current=\"true\">\n<div class=\"hbd-spec-table__article-number\"><\/div>\n<\/th>\n<\/tr>\n<\/thead>\n<tbody>\n<tr class=\"hbd-spec-table__spec-row hbd-spec-table__column-sticky\">\n<th class=\"hbd-spec-table__spec-name hui-text-body2\" scope=\"row\">\n<h4 class=\"ugRU3HGQ uX34qNS-\">Schalldruckpegel am Ohr der Bedienperson<\/h4>\n<\/th>\n<td class=\"hbd-spec-table__spec-value hui-text-body2 hbd-spec-table__spec-value--active\">102 dB(A)<\/td>\n<\/tr>\n<tr class=\"hbd-spec-table__spec-row hbd-spec-table__column-sticky\">\n<th class=\"hbd-spec-table__spec-name hui-text-body2\" scope=\"row\">\n<h4 class=\"ugRU3HGQ uX34qNS-\">Schallleistungspegel, LWA<\/h4>\n<\/th>\n<td class=\"hbd-spec-table__spec-value hui-text-body2 hbd-spec-table__spec-value--active\">116 dB(A)<\/td>\n<\/tr>\n<\/tbody>\n<\/table>\n<table class=\"hbd-table hbd-spec-table\" style=\"height: 179px;\" role=\"table\" width=\"326\" aria-label=\"Vibrationen specifications comparison table\">\n<caption class=\"sr-only\">\u00a0<\/caption>\n<thead>\n<tr class=\"hbd-spec-table__group-start hbd-spec-table__column-sticky\">\n<th class=\"hbd-spec-table__group-name hui-text-subtitle1\" scope=\"col\">Vibrationen<\/th>\n<th class=\"hbd-spec-table__article hui-text-body2 hbd-spec-table__article--active\" scope=\"col\" aria-current=\"true\">\n<div class=\"hbd-spec-table__article-number\"><\/div>\n<\/th>\n<\/tr>\n<\/thead>\n<tbody>\n<tr class=\"hbd-spec-table__spec-row hbd-spec-table__column-sticky\">\n<th class=\"hbd-spec-table__spec-name hui-text-body2\" scope=\"row\">\n<h4 class=\"ugRU3HGQ uX34qNS-\">Vibrationswert (ahv, eq), hinterer Handgriff<\/h4>\n<\/th>\n<td class=\"hbd-spec-table__spec-value hui-text-body2 hbd-spec-table__spec-value--active\">5,5 m\/s\u00b2<\/td>\n<\/tr>\n<tr class=\"hbd-spec-table__spec-row hbd-spec-table__column-sticky\">\n<th class=\"hbd-spec-table__spec-name hui-text-body2\" scope=\"row\">\n<h4 class=\"ugRU3HGQ uX34qNS-\">\u00c4quivalenter Vibrationswert (ahv, eq) vorderer\/ hinterer Handgriff<\/h4>\n<\/th>\n<td class=\"hbd-spec-table__spec-value hui-text-body2 hbd-spec-table__spec-value--active\">3,72 m\/s\u00b2<\/td>\n<\/tr>\n<\/tbody>\n<\/table>\n<table class=\"hbd-table hbd-spec-table\" style=\"height: 144px;\" role=\"table\" width=\"325\" aria-label=\"Emissionen specifications comparison table\">\n<caption class=\"sr-only\">\u00a0<\/caption>\n<thead>\n<tr class=\"hbd-spec-table__group-start hbd-spec-table__column-sticky\">\n<th class=\"hbd-spec-table__group-name hui-text-subtitle1\" scope=\"col\">Emissionen<\/th>\n<th class=\"hbd-spec-table__article hui-text-body2 hbd-spec-table__article--active\" scope=\"col\" aria-current=\"true\">\n<div class=\"hbd-spec-table__article-number\"><\/div>\n<\/th>\n<\/tr>\n<\/thead>\n<tbody>\n<tr class=\"hbd-spec-table__spec-row hbd-spec-table__column-sticky\">\n<th class=\"hbd-spec-table__spec-name hui-text-body2\" scope=\"row\">\n<div>\n<h4 class=\"ugRU3HGQ uX34qNS-\">Abgasemissionen (CO2 EU V)<\/h4>\n<p><sup>2<\/sup>\u00a0<button class=\"uo9X32Bd\" type=\"button\" aria-label=\"Diese CO2-Messung ergibt sich aus Tests \u00fcber einen festen Testzyklus unter Laborbedingungen eines (Ur)Motors, der f\u00fcr den Motortyp (Motorfamilie) repr\u00e4sentativ ist, und stellt keine Garantie f\u00fcr die Leistung eines bestimmten Motors dar oder gibt diese ausdr\u00fccklich wieder.\"><\/button><\/p>\n<\/div>\n<\/th>\n<td class=\"hbd-spec-table__spec-value hui-text-body2 hbd-spec-table__spec-value--active\">804 g\/kWh<\/td>\n<\/tr>\n<\/tbody>\n<\/table>\n","protected":false},"excerpt":{"rendered":"<h3>Beschreibung<\/h3>\n<p>Leicht und benutzerfreundlich \u2013 die Husqvarna 135 Mark II ist eine Motors\u00e4ge, die sich ideal f\u00fcr S\u00e4gearbeiten im Garten, etwa das Schneiden von Brennholz und das F\u00e4llen kleiner B\u00e4ume, eignet. Sie verf\u00fcgt \u00fcber einen X-Torq\u00ae-Motor, der dank hocheffizienter Verbrennung eine hervorragende Leistung und ein hohes Drehmoment liefert. Leicht zu starten und mit Schwingungsd\u00e4mpfern ausgestattet, wodurch Arme und H\u00e4nde des Benutzers geschont werden. Die Tr\u00e4gheitskettenbremse sorgt f\u00fcr zus\u00e4tzliche Sicherheit und die Kette l\u00e4sst sich mit dem seitlich montierten Kettenspanner leicht einstellen.<\/p>\n<ul>\n<li>Unsere X-TORQ\u00ae Motoren liefern starke Leistung und Drehmoment dank h\u00f6chst effizienter Verbrennung.<\/li>\n<li>Effektive LowVib-D\u00e4mpfer absorbieren Vibrationen und schonen Arme und H\u00e4nde des Benutzers.<\/li>\n<li>Speziell entwickelter Motor und Anlasser f\u00fcr einfaches und schnelles Starten mit minimalem Kraftaufwand. Der Widerstand im Startseil wird um bis zu 40\u00a0% reduziert.<\/li>\n<li>Stop switch automatically resets to ON so chainsaw is ready for next use<\/li>\n<li>Das Zentrifugal-Luftreinigungssystem entfernt gr\u00f6\u00dfere Staub- und Schmutzpartikel, bevor sie den Luftfilter erreichen, um die Lebensdauer des Motors zu verbessern und eine l\u00e4ngere Betriebszeit zwischen den Filterreinigungen zu gew\u00e4hrleisten.<\/li>\n<li>Der kombinierte Choke-\/Stoppschalter erm\u00f6glicht ein einfaches Starten der S\u00e4ge und verhindert ein \u00dcberfluten des Motors.<\/li>\n<li>Bei einem R\u00fccksto\u00df stoppt die wirksame, durch Tr\u00e4gheit aktivierte Kettenbremse sofort die Kette, um die Verletzungsgefahr zu verringern.<\/li>\n<\/ul>\n","protected":false},"featured_media":13909,"comment_status":"open","ping_status":"closed","template":"","meta":[],"product_brand":[299],"product_cat":[134,130],"product_tag":[481,482,476,328],"class_list":{"0":"post-13908","1":"product","2":"type-product","3":"status-publish","4":"has-post-thumbnail","6":"product_brand-husqvarna","7":"product_cat-gartenbau","8":"product_cat-motorsaegen","9":"product_tag-481","10":"product_tag-482","11":"product_tag-husqvarna","12":"product_tag-motorsaegen","14":"first","15":"outofstock","16":"taxable","17":"shipping-taxable","18":"purchasable","19":"product-type-simple"},"_links":{"self":[{"href":"https:\/\/benimarkt.at\/index.php?rest_route=\/wp\/v2\/product\/13908","targetHints":{"allow":["GET"]}}],"collection":[{"href":"https:\/\/benimarkt.at\/index.php?rest_route=\/wp\/v2\/product"}],"about":[{"href":"https:\/\/benimarkt.at\/index.php?rest_route=\/wp\/v2\/types\/product"}],"replies":[{"embeddable":true,"href":"https:\/\/benimarkt.at\/index.php?rest_route=%2Fwp%2Fv2%2Fcomments&post=13908"}],"version-history":[{"count":1,"href":"https:\/\/benimarkt.at\/index.php?rest_route=\/wp\/v2\/product\/13908\/revisions"}],"predecessor-version":[{"id":13912,"href":"https:\/\/benimarkt.at\/index.php?rest_route=\/wp\/v2\/product\/13908\/revisions\/13912"}],"wp:featuredmedia":[{"embeddable":true,"href":"https:\/\/benimarkt.at\/index.php?rest_route=\/wp\/v2\/media\/13909"}],"wp:attachment":[{"href":"https:\/\/benimarkt.at\/index.php?rest_route=%2Fwp%2Fv2%2Fmedia&parent=13908"}],"wp:term":[{"taxonomy":"product_brand","embeddable":true,"href":"https:\/\/benimarkt.at\/index.php?rest_route=%2Fwp%2Fv2%2Fproduct_brand&post=13908"},{"taxonomy":"product_cat","embeddable":true,"href":"https:\/\/benimarkt.at\/index.php?rest_route=%2Fwp%2Fv2%2Fproduct_cat&post=13908"},{"taxonomy":"product_tag","embeddable":true,"href":"https:\/\/benimarkt.at\/index.php?rest_route=%2Fwp%2Fv2%2Fproduct_tag&post=13908"}],"curies":[{"name":"wp","href":"https:\/\/api.w.org\/{rel}","templated":true}]}}