{"id":13874,"date":"2025-12-16T11:33:22","date_gmt":"2025-12-16T11:33:22","guid":{"rendered":"https:\/\/benimarkt.at\/?post_type=product&#038;p=13874"},"modified":"2026-01-15T10:12:52","modified_gmt":"2026-01-15T10:12:52","slug":"ego-cs1800e-45cm-akku-kettensaege-ohne-akku-und-ladegeraet","status":"publish","type":"product","link":"https:\/\/benimarkt.at\/?product=ego-cs1800e-45cm-akku-kettensaege-ohne-akku-und-ladegeraet","title":{"rendered":"EGO CS1800E 45cm Akku-Kettens\u00e4ge (ohne Akku und Ladeger\u00e4t)"},"content":{"rendered":"<h3 class=\"single-product-specification__title\">PRODUKTSPEZIFIKATION<\/h3>\n<table class=\"product-accordion__specification-table\">\n<tbody>\n<tr>\n<th class=\"product-accordion__specification-row-heading\">Antriebsglieder Der Kette<\/th>\n<td class=\"product-accordion__specification-row-value\">62<\/td>\n<\/tr>\n<tr>\n<th class=\"product-accordion__specification-row-heading\">\u00d6lzufuhrtyp<\/th>\n<td class=\"product-accordion__specification-row-value\">Auto<\/td>\n<\/tr>\n<tr>\n<th class=\"product-accordion__specification-row-heading\">\u00d6lstandsanzeiger Typ<\/th>\n<td class=\"product-accordion__specification-row-value\">\u00d6lfenster<\/td>\n<\/tr>\n<tr>\n<th class=\"product-accordion__specification-row-heading\">LED<\/th>\n<td class=\"product-accordion__specification-row-value\">Ja<\/td>\n<\/tr>\n<tr>\n<th class=\"product-accordion__specification-row-heading\">Variable Geschwindigkeitsregelung<\/th>\n<td class=\"product-accordion__specification-row-value\">Ja<\/td>\n<\/tr>\n<tr>\n<th class=\"product-accordion__specification-row-heading\">Stabl\u00e4nge (cm)<\/th>\n<td class=\"product-accordion__specification-row-value\">45<\/td>\n<\/tr>\n<tr>\n<th class=\"product-accordion__specification-row-heading\">Ketten- Und Schienenst\u00e4rke (mm)<\/th>\n<td class=\"product-accordion__specification-row-value\">1.3<\/td>\n<\/tr>\n<tr>\n<th class=\"product-accordion__specification-row-heading\">Kette Und Schiene (mm)<\/th>\n<td class=\"product-accordion__specification-row-value\">9.5<\/td>\n<\/tr>\n<tr>\n<th class=\"product-accordion__specification-row-heading\">Feilengr\u00f6\u00dfe (mm)<\/th>\n<td class=\"product-accordion__specification-row-value\">4<\/td>\n<\/tr>\n<tr>\n<th class=\"product-accordion__specification-row-heading\">Fassungsverm\u00f6gen des Ketten\u00f6ltanks (ml)<\/th>\n<td class=\"product-accordion__specification-row-value\">200<\/td>\n<\/tr>\n<tr>\n<th class=\"product-accordion__specification-row-heading\">Batterieanschluss<\/th>\n<td class=\"product-accordion__specification-row-value\">Einzelanschluss<\/td>\n<\/tr>\n<\/tbody>\n<\/table>\n","protected":false},"excerpt":{"rendered":"<ul>\n<li>Mit einer Kettengeschwindigkeit von 20 m\/s ist die EGO CS1800E die beste ihrer Branche. Die F\u00fchrungsschiene von 45 cm s\u00e4gt dickere St\u00e4mme und \u00c4ste im Handumdrehen durch. Durch die automatische Kettenspannung und \u00d6lschmierung fallen diese Kontrollen flach und m\u00fcssen Sie nur noch \u00d6l nachf\u00fcllen.<\/li>\n<li>Mit 20 m\/s besitzt die Akku-Kettens\u00e4ge CS1800E von EGO Power+ die h\u00f6chste Kettengeschwindigkeit der Branche. Damit verf\u00fcgen Sie \u00fcber die Leistung und das Drehmoment, um dicke \u00c4ste und gr\u00f6\u00dfere St\u00e4mme von bis zu 45 cm schnell zu durchtrennen. Mit einem automatischen Kettenspannsystem entf\u00e4llt das l\u00e4stige Nachspannen. Daf\u00fcr sorgt eine Federung, die durch einfaches Drehen des Griffs um 90 Grad aktiviert wird. F\u00fcr zus\u00e4tzliche Sicherheit sorgt die Kettenbremse, die einen eventuellen R\u00fcckschlag beim Schneiden verhindert und den Motor im Bruchteil einer Sekunde stoppt. Ebenfalls hilfreich sind die LED-Scheinwerfer der Akku-Kettens\u00e4ge CS1800E, die Ihr Sichtfeld bei Arbeiten in der D\u00e4mmerung oder in schattigen Bereichen verbessern, die Sto\u00dfstangenspitzen, die das F\u00e4llen von B\u00e4umen und S\u00e4gen gr\u00f6\u00dferer \u00c4ste erleichtern, sowie ein 200-ml-\u00d6lbeh\u00e4lter mit automatischer Schmierung, damit die Kette reibungslos l\u00e4uft. Verwenden Sie einen unseren einzigartigen, patentierten Lithium-Ionen-Akkus in diesem Ger\u00e4t und freuen Sie sich \u00fcber effizientes, leichtes und kraftvolles Arbeiten.<\/li>\n<\/ul>\n<h4 class=\"kit-breakdown__title\">ENTH\u00c4LT<\/h4>\n<ul class=\"kit-breakdown__products\">\n<li class=\"kit-breakdown__product\">45 CM KETTENS\u00c4GE<\/li>\n<\/ul>\n","protected":false},"featured_media":13875,"comment_status":"open","ping_status":"closed","template":"","meta":[],"product_brand":[297],"product_cat":[134,130],"product_tag":[538,330,152],"class_list":{"0":"post-13874","1":"product","2":"type-product","3":"status-publish","4":"has-post-thumbnail","6":"product_brand-ego","7":"product_cat-gartenbau","8":"product_cat-motorsaegen","9":"product_tag-538","10":"product_tag-akku-kettensaege","11":"product_tag-ego","13":"first","14":"instock","15":"taxable","16":"shipping-taxable","17":"purchasable","18":"product-type-simple"},"_links":{"self":[{"href":"https:\/\/benimarkt.at\/index.php?rest_route=\/wp\/v2\/product\/13874","targetHints":{"allow":["GET"]}}],"collection":[{"href":"https:\/\/benimarkt.at\/index.php?rest_route=\/wp\/v2\/product"}],"about":[{"href":"https:\/\/benimarkt.at\/index.php?rest_route=\/wp\/v2\/types\/product"}],"replies":[{"embeddable":true,"href":"https:\/\/benimarkt.at\/index.php?rest_route=%2Fwp%2Fv2%2Fcomments&post=13874"}],"version-history":[{"count":1,"href":"https:\/\/benimarkt.at\/index.php?rest_route=\/wp\/v2\/product\/13874\/revisions"}],"predecessor-version":[{"id":13882,"href":"https:\/\/benimarkt.at\/index.php?rest_route=\/wp\/v2\/product\/13874\/revisions\/13882"}],"wp:featuredmedia":[{"embeddable":true,"href":"https:\/\/benimarkt.at\/index.php?rest_route=\/wp\/v2\/media\/13875"}],"wp:attachment":[{"href":"https:\/\/benimarkt.at\/index.php?rest_route=%2Fwp%2Fv2%2Fmedia&parent=13874"}],"wp:term":[{"taxonomy":"product_brand","embeddable":true,"href":"https:\/\/benimarkt.at\/index.php?rest_route=%2Fwp%2Fv2%2Fproduct_brand&post=13874"},{"taxonomy":"product_cat","embeddable":true,"href":"https:\/\/benimarkt.at\/index.php?rest_route=%2Fwp%2Fv2%2Fproduct_cat&post=13874"},{"taxonomy":"product_tag","embeddable":true,"href":"https:\/\/benimarkt.at\/index.php?rest_route=%2Fwp%2Fv2%2Fproduct_tag&post=13874"}],"curies":[{"name":"wp","href":"https:\/\/api.w.org\/{rel}","templated":true}]}}