{"id":13847,"date":"2025-12-16T10:28:24","date_gmt":"2025-12-16T10:28:24","guid":{"rendered":"https:\/\/benimarkt.at\/?post_type=product&#038;p=13847"},"modified":"2025-12-16T10:44:06","modified_gmt":"2025-12-16T10:44:06","slug":"ego-st1530e-38-cm-rasentrimmer","status":"publish","type":"product","link":"https:\/\/benimarkt.at\/?product=ego-st1530e-38-cm-rasentrimmer","title":{"rendered":"EGO ST1530E 38 CM RASENTRIMMER"},"content":{"rendered":"<h2 class=\"single-product-specification__title\">PRODUKTSPEZIFIKATION<\/h2>\n<table class=\"product-accordion__specification-table\">\n<tbody>\n<tr>\n<th class=\"product-accordion__specification-row-heading\">SPANNUNG<\/th>\n<td class=\"product-accordion__specification-row-value\">56 V<\/td>\n<\/tr>\n<tr>\n<th class=\"product-accordion__specification-row-heading\">AKKU-ANSCHLUSS<\/th>\n<td class=\"product-accordion__specification-row-value\">Einzelner Anschluss<\/td>\n<\/tr>\n<tr>\n<th class=\"product-accordion__specification-row-heading\">BRUSHLESS MOTOR<\/th>\n<td class=\"product-accordion__specification-row-value\">B\u00fcrstenloser Motor<\/td>\n<\/tr>\n<tr>\n<th class=\"product-accordion__specification-row-heading\">LINE FEED OPERATIONS<\/th>\n<td class=\"product-accordion__specification-row-value\">Tipp-Automatik<\/td>\n<\/tr>\n<tr>\n<th class=\"product-accordion__specification-row-heading\">FADENLADUNG<\/th>\n<td class=\"product-accordion__specification-row-value\">Rapid reload<\/td>\n<\/tr>\n<tr>\n<th class=\"product-accordion__specification-row-heading\">STANDARDFADENDURCHMESSER<\/th>\n<td class=\"product-accordion__specification-row-value\">2.4<\/td>\n<\/tr>\n<tr>\n<th class=\"product-accordion__specification-row-heading\">SCHAFTART<\/th>\n<td class=\"product-accordion__specification-row-value\">Gerade<\/td>\n<\/tr>\n<tr>\n<th class=\"product-accordion__specification-row-heading\">ANTRIEBSWELLENMATERIAL<\/th>\n<td class=\"product-accordion__specification-row-value\">Alluminio<\/td>\n<\/tr>\n<tr>\n<th class=\"product-accordion__specification-row-heading\">DREHRICHTUNG<\/th>\n<td class=\"product-accordion__specification-row-value\">Im Gegenuhrzeigersinn<\/td>\n<\/tr>\n<tr>\n<th class=\"product-accordion__specification-row-heading\">SINGLE\/DUAL SIDE STRING<\/th>\n<td class=\"product-accordion__specification-row-value\">Gegenl\u00e4ufig<\/td>\n<\/tr>\n<tr>\n<th class=\"product-accordion__specification-row-heading\">AUXILIARY HANDLE ADJUSTING TYPE<\/th>\n<td class=\"product-accordion__specification-row-value\">Schnell-Einstellung<\/td>\n<\/tr>\n<tr>\n<th class=\"product-accordion__specification-row-heading\">IP-KLASSE<\/th>\n<td class=\"product-accordion__specification-row-value\">IPX4<\/td>\n<\/tr>\n<tr>\n<th class=\"product-accordion__specification-row-heading\">GURT<\/th>\n<td class=\"product-accordion__specification-row-value\">Einzelner Schultergurt<\/td>\n<\/tr>\n<tr>\n<th class=\"product-accordion__specification-row-heading\">LEERLAUFDREHZAHL (U\/MIN)<\/th>\n<td class=\"product-accordion__specification-row-value\">5000\/6000<\/td>\n<\/tr>\n<tr>\n<th class=\"product-accordion__specification-row-heading\">L\u00c4NGE DES WERKZEUGS (MM)<\/th>\n<td class=\"product-accordion__specification-row-value\">1670<\/td>\n<\/tr>\n<\/tbody>\n<\/table>\n<p>(Ohne Akku und Ladeger\u00e4t)<\/p>\n","protected":false},"excerpt":{"rendered":"<p>Dieser Akku-Rasentrimmer (38 cm) aus unserem Professional-Sortiment ist mit einem automatischen Fadenaufwicklungssystem und Schnellwechselkopf ausgestattet, damit Sie schneller vorankommen. Mit zwei Geschwindigkeiten l\u00e4sst sich die Leistung bei Bedarf erh\u00f6hen, ohne Strom zu verschwenden.<\/p>\n<p>Mit einer Schnittbreite von 38 cm ist dieses Werkzeug ideal f\u00fcr professionelle Anwender, da es auch mit unserem Rotocutaufsatz verwendbar ist und also mehr Flexibilit\u00e4t mit einem einzigen Werkzeug bietet. Es wird mit einem 2,4 mm dicken Faden geliefert, der in den Schnellwechselkopf eingef\u00e4delt wird. Zum Nachladen f\u00fchren Sie den neuen Faden in den Wechselkopf ein, achten auf die gleiche L\u00e4nge der Enden, halten den Kopf und drehen ihn, bis nur noch ein kleines St\u00fcck Faden herausragt &#8211; das geht in Sekundenschnelle! Mit dem Schnellwechselkopf k\u00f6nnen Sie neuen Faden in Windeseile einf\u00fchren und verlieren keine Zeit. Wenn Sie eine besonders schwierige oder unebene Stelle mit Gras oder Unkraut trimmen sollen, w\u00e4hlen Sie die erforderliche Geschwindigkeit, um diese Arbeit optimal auszuf\u00fchren. Die Drehung erfolgt im Uhrzeigersinn. Das Ger\u00e4t ist mit einer Vorrichtung versehen, die Sie vor aufgewirbelten Elementen sch\u00fctzt. Dank des verstellbaren Schlaufengriffs k\u00f6nnen Sie Ihre Position und die Balance des Ger\u00e4ts anpassen. Ein praktischer Einschultergurt bietet zus\u00e4tzlichen Komfort und Kontrolle. Auf diesem Ger\u00e4t aus unserer Pro X Serie erhalten Sie eine 2-Jahre-Garantie bei professionellem Einsatz, sofern Sie das Ger\u00e4t 30 Tage nach dem Kauf registrieren. Zum Vergleich: Ger\u00e4te der Power+-Reihe haben eine 1-Jahr-Garantie bei professionellem Einsatz und Ger\u00e4te der Pro X Serie eine 3-Jahre-Garantie.<\/p>\n","protected":false},"featured_media":13850,"comment_status":"open","ping_status":"closed","template":"","meta":[],"product_brand":[297],"product_cat":[134,534],"product_tag":[533,153,157],"class_list":{"0":"post-13847","1":"product","2":"type-product","3":"status-publish","4":"has-post-thumbnail","6":"product_brand-ego","7":"product_cat-gartenbau","8":"product_cat-rasentrimmer-gartenbau","9":"product_tag-533","10":"product_tag-ego-power-tools","11":"product_tag-rasentrimmer","13":"first","14":"instock","15":"taxable","16":"shipping-taxable","17":"purchasable","18":"product-type-simple"},"_links":{"self":[{"href":"https:\/\/benimarkt.at\/index.php?rest_route=\/wp\/v2\/product\/13847","targetHints":{"allow":["GET"]}}],"collection":[{"href":"https:\/\/benimarkt.at\/index.php?rest_route=\/wp\/v2\/product"}],"about":[{"href":"https:\/\/benimarkt.at\/index.php?rest_route=\/wp\/v2\/types\/product"}],"replies":[{"embeddable":true,"href":"https:\/\/benimarkt.at\/index.php?rest_route=%2Fwp%2Fv2%2Fcomments&post=13847"}],"version-history":[{"count":1,"href":"https:\/\/benimarkt.at\/index.php?rest_route=\/wp\/v2\/product\/13847\/revisions"}],"predecessor-version":[{"id":13851,"href":"https:\/\/benimarkt.at\/index.php?rest_route=\/wp\/v2\/product\/13847\/revisions\/13851"}],"wp:featuredmedia":[{"embeddable":true,"href":"https:\/\/benimarkt.at\/index.php?rest_route=\/wp\/v2\/media\/13850"}],"wp:attachment":[{"href":"https:\/\/benimarkt.at\/index.php?rest_route=%2Fwp%2Fv2%2Fmedia&parent=13847"}],"wp:term":[{"taxonomy":"product_brand","embeddable":true,"href":"https:\/\/benimarkt.at\/index.php?rest_route=%2Fwp%2Fv2%2Fproduct_brand&post=13847"},{"taxonomy":"product_cat","embeddable":true,"href":"https:\/\/benimarkt.at\/index.php?rest_route=%2Fwp%2Fv2%2Fproduct_cat&post=13847"},{"taxonomy":"product_tag","embeddable":true,"href":"https:\/\/benimarkt.at\/index.php?rest_route=%2Fwp%2Fv2%2Fproduct_tag&post=13847"}],"curies":[{"name":"wp","href":"https:\/\/api.w.org\/{rel}","templated":true}]}}