{"id":13824,"date":"2025-12-16T08:55:53","date_gmt":"2025-12-16T08:55:53","guid":{"rendered":"https:\/\/benimarkt.at\/?post_type=product&#038;p=13824"},"modified":"2025-12-16T09:11:05","modified_gmt":"2025-12-16T09:11:05","slug":"ego-lbpx8000-ruecken-blaeser-ohne-akku-und-ladegeraet","status":"publish","type":"product","link":"https:\/\/benimarkt.at\/?product=ego-lbpx8000-ruecken-blaeser-ohne-akku-und-ladegeraet","title":{"rendered":"EGO LBPX8000 R\u00dcCKEN-BL\u00c4SER (ohne Akku und Ladeger\u00e4t)"},"content":{"rendered":"<h3>Technische Daten<\/h3>\n<p>(Ohne Akku und Ladeger\u00e4t)<\/p>\n<table class=\"product-accordion__specification-table\">\n<tbody>\n<tr>\n<th class=\"product-accordion__specification-row-heading\" style=\"text-align: left;\">Akkuanschluss<\/th>\n<td class=\"product-accordion__specification-row-value\">Doppelter Anschluss<\/td>\n<\/tr>\n<tr>\n<th class=\"product-accordion__specification-row-heading\" style=\"text-align: left;\">Max. Antriebskraft (N)<\/th>\n<td class=\"product-accordion__specification-row-value\">26<\/td>\n<\/tr>\n<tr>\n<th class=\"product-accordion__specification-row-heading\" style=\"text-align: left;\">Gebl\u00e4setyp<\/th>\n<td class=\"product-accordion__specification-row-value\">Axial<\/td>\n<\/tr>\n<tr>\n<th class=\"product-accordion__specification-row-heading\" style=\"text-align: left;\">Brustgurt<\/th>\n<td class=\"product-accordion__specification-row-value\">Ja<\/td>\n<\/tr>\n<tr>\n<th class=\"product-accordion__specification-row-heading\" style=\"text-align: left;\">Verstellbarer Griff<\/th>\n<td class=\"product-accordion__specification-row-value\">1<\/td>\n<\/tr>\n<tr>\n<th class=\"product-accordion__specification-row-heading\" style=\"text-align: left;\">Max. Luftvolumen (m\u00b3\/h)<\/th>\n<td class=\"product-accordion__specification-row-value\">1360<\/td>\n<\/tr>\n<tr>\n<th class=\"product-accordion__specification-row-heading\" style=\"text-align: left;\">Max. Luftgeschwindigkeit (m\/s)<\/th>\n<td class=\"product-accordion__specification-row-value\">71<\/td>\n<\/tr>\n<tr>\n<th class=\"product-accordion__specification-row-heading\">Max. Luftgeschwindigkeit mit Kegeld\u00fcse (m\/s)<\/th>\n<td class=\"product-accordion__specification-row-value\">85<\/td>\n<\/tr>\n<tr>\n<th class=\"product-accordion__specification-row-heading\" style=\"text-align: left;\">Werkzeuggewicht (kg)<\/th>\n<td class=\"product-accordion__specification-row-value\">7.2<\/td>\n<\/tr>\n<\/tbody>\n<\/table>\n<h2><\/h2>\n","protected":false},"excerpt":{"rendered":"<h3>Beschreibung<\/h3>\n<p>Die Peak Power\u2122 Technologie aktiviert die kombinierte Leistung von zwei EGO Akkus f\u00fcr maximale Kraft und Laufzeit und beschleunigt so alle Aufr\u00e4umarbeiten. Der LBP8000E kommt mit einem innovativen Display mit komfortablen Steuersystem und einem neuen, noch leistungsf\u00e4higeren Motor. Das alles hebt komfortables, effizientes Arbeiten auf ein neues Level.<\/p>\n<p>Schwierige Aufgaben brauchen leistungsf\u00e4hige Werkzeuge. Und das ist genau das, was EGOs r\u00fcckentragbare Laubbl\u00e4ser bieten. Im Boost-Modus haben Laub und Unrat keine Chance. Unsere Laubbl\u00e4ser sind nicht nur leistungsstark, sondern verf\u00fcgen auch \u00fcber zahlreiche intelligente Funktionen. Die b\u00fcrstenlosen Motoren reduzieren Vibrationen und L\u00e4rm, w\u00e4hrend die komfortablen R\u00fcckentragegestelle das Gewicht des Ger\u00e4ts ergonomisch verteilen. Eine Laufzeit von f\u00fcnf Stunden* reicht auch f\u00fcr wirklich gro\u00dfe Fl\u00e4chen.<\/p>\n","protected":false},"featured_media":13827,"comment_status":"open","ping_status":"closed","template":"","meta":[],"product_brand":[297],"product_cat":[134,140],"product_tag":[530,152,209],"class_list":{"0":"post-13824","1":"product","2":"type-product","3":"status-publish","4":"has-post-thumbnail","6":"product_brand-ego","7":"product_cat-gartenbau","8":"product_cat-laubblaeser","9":"product_tag-530","10":"product_tag-ego","11":"product_tag-laubblaeser","13":"first","14":"instock","15":"taxable","16":"shipping-taxable","17":"purchasable","18":"product-type-simple"},"_links":{"self":[{"href":"https:\/\/benimarkt.at\/index.php?rest_route=\/wp\/v2\/product\/13824","targetHints":{"allow":["GET"]}}],"collection":[{"href":"https:\/\/benimarkt.at\/index.php?rest_route=\/wp\/v2\/product"}],"about":[{"href":"https:\/\/benimarkt.at\/index.php?rest_route=\/wp\/v2\/types\/product"}],"replies":[{"embeddable":true,"href":"https:\/\/benimarkt.at\/index.php?rest_route=%2Fwp%2Fv2%2Fcomments&post=13824"}],"version-history":[{"count":1,"href":"https:\/\/benimarkt.at\/index.php?rest_route=\/wp\/v2\/product\/13824\/revisions"}],"predecessor-version":[{"id":13829,"href":"https:\/\/benimarkt.at\/index.php?rest_route=\/wp\/v2\/product\/13824\/revisions\/13829"}],"wp:featuredmedia":[{"embeddable":true,"href":"https:\/\/benimarkt.at\/index.php?rest_route=\/wp\/v2\/media\/13827"}],"wp:attachment":[{"href":"https:\/\/benimarkt.at\/index.php?rest_route=%2Fwp%2Fv2%2Fmedia&parent=13824"}],"wp:term":[{"taxonomy":"product_brand","embeddable":true,"href":"https:\/\/benimarkt.at\/index.php?rest_route=%2Fwp%2Fv2%2Fproduct_brand&post=13824"},{"taxonomy":"product_cat","embeddable":true,"href":"https:\/\/benimarkt.at\/index.php?rest_route=%2Fwp%2Fv2%2Fproduct_cat&post=13824"},{"taxonomy":"product_tag","embeddable":true,"href":"https:\/\/benimarkt.at\/index.php?rest_route=%2Fwp%2Fv2%2Fproduct_tag&post=13824"}],"curies":[{"name":"wp","href":"https:\/\/api.w.org\/{rel}","templated":true}]}}