{"id":13821,"date":"2025-12-16T08:50:25","date_gmt":"2025-12-16T08:50:25","guid":{"rendered":"https:\/\/benimarkt.at\/?post_type=product&#038;p=13821"},"modified":"2026-01-09T11:01:34","modified_gmt":"2026-01-09T11:01:34","slug":"ego-ht2001e-51-cm-heckenschere-kit","status":"publish","type":"product","link":"https:\/\/benimarkt.at\/?product=ego-ht2001e-51-cm-heckenschere-kit","title":{"rendered":"EGO HT2001E &#8211; 51 CM HECKENSCHERE (KIT)"},"content":{"rendered":"<h3>Technische Daten<\/h3>\n<table class=\"product-accordion__specification-table\">\n<tbody>\n<tr>\n<th class=\"product-accordion__specification-row-heading\">Akkuanschluss<\/th>\n<td class=\"product-accordion__specification-row-value\">Einzelanschluss<\/td>\n<\/tr>\n<tr>\n<th class=\"product-accordion__specification-row-heading\">Klingenbehandlung<\/th>\n<td class=\"product-accordion__specification-row-value\">Lasergeschnitten<\/td>\n<\/tr>\n<tr>\n<th class=\"product-accordion__specification-row-heading\">Duale Funktion<\/th>\n<td class=\"product-accordion__specification-row-value\">Ja<\/td>\n<\/tr>\n<tr>\n<th class=\"product-accordion__specification-row-heading\">Klingenspitzenschutz<\/th>\n<td class=\"product-accordion__specification-row-value\">Ja<\/td>\n<\/tr>\n<tr>\n<th class=\"product-accordion__specification-row-heading\">Hauptgriff mit Drehfunktion<\/th>\n<td class=\"product-accordion__specification-row-value\">Nein<\/td>\n<\/tr>\n<tr>\n<th class=\"product-accordion__specification-row-heading\">Geschwindigkeitsauswahl<\/th>\n<td class=\"product-accordion__specification-row-value\">Nein<\/td>\n<\/tr>\n<tr>\n<th class=\"product-accordion__specification-row-heading\">Vorderer Griffausl\u00f6ser<\/th>\n<td class=\"product-accordion__specification-row-value\">Ja<\/td>\n<\/tr>\n<tr>\n<th class=\"product-accordion__specification-row-heading\">Wartbares Geh\u00e4use<\/th>\n<td class=\"product-accordion__specification-row-value\">Ja<\/td>\n<\/tr>\n<tr>\n<th class=\"product-accordion__specification-row-heading\">Leerlaufgeschwindigkeit (Schl\u00e4ge pro Minute)<\/th>\n<td class=\"product-accordion__specification-row-value\">3,000<\/td>\n<\/tr>\n<tr>\n<th class=\"product-accordion__specification-row-heading\">Klingenl\u00e4nge (cm)<\/th>\n<td class=\"product-accordion__specification-row-value\">51<\/td>\n<\/tr>\n<tr>\n<th class=\"product-accordion__specification-row-heading\">Schneidekapazit\u00e4t (mm)<\/th>\n<td class=\"product-accordion__specification-row-value\">25<\/td>\n<\/tr>\n<tr>\n<th class=\"product-accordion__specification-row-heading\">Werkzeuggewicht (kg)<\/th>\n<td class=\"product-accordion__specification-row-value\">2<\/td>\n<\/tr>\n<tr>\n<th class=\"product-accordion__specification-row-heading\">Zahntiefe der Klinge (mm)<\/th>\n<td class=\"product-accordion__specification-row-value\">20<\/td>\n<\/tr>\n<\/tbody>\n<\/table>\n<h3><\/h3>\n","protected":false},"excerpt":{"rendered":"<h3>Beschreibung<\/h3>\n<p>Mit einer Schnittl\u00e4nge von 51 cm ist die Heckenschere HT2001E aus dem dazugeh\u00f6rige Kit ideal f\u00fcr die Bearbeitung schmaler Hecken mit kleinen bis mittelgro\u00dfen St\u00e4mmen. Dank der Kombination eines Zahnabstands von 25 mm und einer Zahntiefe von 20 mm meistert die Heckenschere auch widerspenstige \u00c4ste. Die einstufige Geschwindigkeit und die lasergeschnittenen, diamantgeschliffenen Messer vereinfachen die Arbeit zus\u00e4tzlich.<\/p>\n<p>Wachsen in Ihrem Garten auch lauter schmale, kleine bis mittelgro\u00dfe Hecken? Wenn ja, k\u00f6nnte dieser Freischneider perfekt zu Ihrer Gartenger\u00e4teausr\u00fcstung passen. Mit einer Schnittl\u00e4nge von 51 cm ist dieses Ger\u00e4t perfekt f\u00fcr pr\u00e4zise Schnittformen, sodass Ihre Hecke sich sehen lassen kann. Das Kit beinhaltet einen 2,5-Ah-Akku und ein Standard-Ladeger\u00e4t, sodass Sie l\u00e4nger arbeiten k\u00f6nnen und mehr Zeit haben, um Ihre Hecke mit Sorgfalt und Pr\u00e4zision zu schneiden. Mit dem eingesetzten Akku wiegt das Ger\u00e4t 4 kg und arbeitet, voll geladen, bis zu 75 Minuten lang. Das Ger\u00e4t wiegt nicht nur leicht in der Hand und arbeitet l\u00e4nger. Es ist auch mit einem b\u00fcrstenlosen Motor ausgestattet, der beim Einsatz &#8211; und im Vergleich mit einem \u00e4hnlichen benzinbetriebenen Ger\u00e4t &#8211; weniger Vibrationen produziert. Mit einem doppell\u00e4ufigen, einseitigen Schneidmesser und seinen lasergeschnittenen diamantgeschliffenen Klingen sinkt auch die Reibung beim Schneiden.<\/p>\n<p>&nbsp;<\/p>\n<p><strong>KIT:<\/strong><\/p>\n<ul>\n<li>HT2000E 51 CM HECKENSCHERE<\/li>\n<li>CH2100E STANDRD LADEGER\u00c4T<\/li>\n<li>BA1400T 2,5Ah AKKU<\/li>\n<\/ul>\n","protected":false},"featured_media":13905,"comment_status":"open","ping_status":"closed","template":"","meta":[],"product_brand":[297],"product_cat":[143,174],"product_tag":[528,152,529],"class_list":{"0":"post-13821","1":"product","2":"type-product","3":"status-publish","4":"has-post-thumbnail","6":"product_brand-ego","7":"product_cat-bautechnik","8":"product_cat-heckenscheren","9":"product_tag-528","10":"product_tag-ego","11":"product_tag-heckenschere","13":"first","14":"instock","15":"taxable","16":"shipping-taxable","17":"purchasable","18":"product-type-simple"},"_links":{"self":[{"href":"https:\/\/benimarkt.at\/index.php?rest_route=\/wp\/v2\/product\/13821","targetHints":{"allow":["GET"]}}],"collection":[{"href":"https:\/\/benimarkt.at\/index.php?rest_route=\/wp\/v2\/product"}],"about":[{"href":"https:\/\/benimarkt.at\/index.php?rest_route=\/wp\/v2\/types\/product"}],"replies":[{"embeddable":true,"href":"https:\/\/benimarkt.at\/index.php?rest_route=%2Fwp%2Fv2%2Fcomments&post=13821"}],"version-history":[{"count":2,"href":"https:\/\/benimarkt.at\/index.php?rest_route=\/wp\/v2\/product\/13821\/revisions"}],"predecessor-version":[{"id":13906,"href":"https:\/\/benimarkt.at\/index.php?rest_route=\/wp\/v2\/product\/13821\/revisions\/13906"}],"wp:featuredmedia":[{"embeddable":true,"href":"https:\/\/benimarkt.at\/index.php?rest_route=\/wp\/v2\/media\/13905"}],"wp:attachment":[{"href":"https:\/\/benimarkt.at\/index.php?rest_route=%2Fwp%2Fv2%2Fmedia&parent=13821"}],"wp:term":[{"taxonomy":"product_brand","embeddable":true,"href":"https:\/\/benimarkt.at\/index.php?rest_route=%2Fwp%2Fv2%2Fproduct_brand&post=13821"},{"taxonomy":"product_cat","embeddable":true,"href":"https:\/\/benimarkt.at\/index.php?rest_route=%2Fwp%2Fv2%2Fproduct_cat&post=13821"},{"taxonomy":"product_tag","embeddable":true,"href":"https:\/\/benimarkt.at\/index.php?rest_route=%2Fwp%2Fv2%2Fproduct_tag&post=13821"}],"curies":[{"name":"wp","href":"https:\/\/api.w.org\/{rel}","templated":true}]}}