{"id":13806,"date":"2025-12-16T07:04:04","date_gmt":"2025-12-16T07:04:04","guid":{"rendered":"https:\/\/benimarkt.at\/?post_type=product&#038;p=13806"},"modified":"2025-12-16T07:36:25","modified_gmt":"2025-12-16T07:36:25","slug":"ego-pha7404e-erd-eisbohrer-antriebseinheit-kit-5ah-schnellladegeraet","status":"publish","type":"product","link":"https:\/\/benimarkt.at\/?product=ego-pha7404e-erd-eisbohrer-antriebseinheit-kit-5ah-schnellladegeraet","title":{"rendered":"EGO PHA7404E ERD- &#038; EISBOHRER-ANTRIEBSEINHEIT (KIT: 5Ah Akku + Schnellladeger\u00e4t)"},"content":{"rendered":"<h3>Technische Daten<\/h3>\n<table class=\"product-accordion__specification-table\">\n<tbody>\n<tr>\n<th class=\"product-accordion__specification-row-heading\">Werkzeuggewicht (kg)<\/th>\n<td class=\"product-accordion__specification-row-value\">10.2<\/td>\n<\/tr>\n<tr>\n<th class=\"product-accordion__specification-row-heading\">Akkuanschluss<\/th>\n<td class=\"product-accordion__specification-row-value\">Einzelanschluss<\/td>\n<\/tr>\n<\/tbody>\n<\/table>\n","protected":false},"excerpt":{"rendered":"<h2>Beschreibung:<\/h2>\n<p>M\u00fcheloses Bohren ist mit der EGO PHA7400E Erdbohrer-Antriebseinheit eine Selbstverst\u00e4ndlichkeit. Genie\u00dfen Sie ma\u00dfgeschneiderte Kontrolle mit seinen zwei Geschwindigkeiten, dem variablen Geschwindigkeitsausl\u00f6ser und dem R\u00fcckw\u00e4rtsgang. Erleben Sie mehr Komfort und Sicherheit mit dem ergonomischen Griff und dem Anti-R\u00fcckschlag-System. Die Antriebseinheit ist mit Quick-Connect-Schneckenbohrern kompatibel und bietet Vielseitigkeit f\u00fcr verschiedene Aufgaben. Das Kit enth\u00e4lt einen 5-Ah-Akku (BA2800T) und ein 550-W-Schnellladeger\u00e4t (CH5500E).<\/p>\n<div class=\"pt-1 pb-4 px-4 styled-contents\">\n<div>\n<div class=\"relative\">\n<div>\n<p>Diese leistungsstarke Erdbohrer-Antriebseinheit verf\u00fcgt \u00fcber ein Drehmoment von bis zu 74 Nm. In Kombination mit dem entsprechenden Bohrer (separat erh\u00e4ltlich) wird das Bohren durch Boden und Eis zum Kinderspiel. Das nahtlose Stahlrohr bietet eine gute Balance, hohe Stabilit\u00e4t und enorme Zuverl\u00e4ssigkeit.<br \/>\nDie robuste Antriebseinheit ist mit zwei Vorw\u00e4rts- und einem R\u00fcckw\u00e4rtsgang sowie einer variablen Geschwindigkeitsfunktion sehr einfach zu bedienen. Die ergonomisch geformten Griffe sorgen f\u00fcr ein angenehmes Arbeiten und Sicherheit.<\/p>\n<p>Der Wechsel zwischen Erd- und Eisbohrer ist dank eines Schnell-Verschlusses sehr einfach.<\/p>\n<p>Mit dem mitgelieferten 5-Ah-Akku von EGO bohrt dieser Akku-Bohrer bis zu 30 L\u00f6cher mit einer einzigen Akkuladung.<\/p>\n<p><strong>Lieferumfang:<\/strong><\/p>\n<div class=\"pt-1 pb-4 px-4 styled-contents\">\n<ul>\n<li>Erdbohrer-Antriebseinheit PHA7400E<\/li>\n<li>Akku BA2800T 5.0 AH<\/li>\n<li>Schnelllader CH5500E<\/li>\n<\/ul>\n<\/div>\n<\/div>\n<\/div>\n<\/div>\n<\/div>\n","protected":false},"featured_media":13807,"comment_status":"open","ping_status":"closed","template":"","meta":[],"product_brand":[297],"product_cat":[143,525],"product_tag":[524,152,527,526],"class_list":{"0":"post-13806","1":"product","2":"type-product","3":"status-publish","4":"has-post-thumbnail","6":"product_brand-ego","7":"product_cat-bautechnik","8":"product_cat-erdbohrer-eisbohrer","9":"product_tag-524","10":"product_tag-ego","11":"product_tag-eisbohrer","12":"product_tag-erdbohrer","14":"first","15":"instock","16":"taxable","17":"shipping-taxable","18":"purchasable","19":"product-type-simple"},"_links":{"self":[{"href":"https:\/\/benimarkt.at\/index.php?rest_route=\/wp\/v2\/product\/13806","targetHints":{"allow":["GET"]}}],"collection":[{"href":"https:\/\/benimarkt.at\/index.php?rest_route=\/wp\/v2\/product"}],"about":[{"href":"https:\/\/benimarkt.at\/index.php?rest_route=\/wp\/v2\/types\/product"}],"replies":[{"embeddable":true,"href":"https:\/\/benimarkt.at\/index.php?rest_route=%2Fwp%2Fv2%2Fcomments&post=13806"}],"version-history":[{"count":3,"href":"https:\/\/benimarkt.at\/index.php?rest_route=\/wp\/v2\/product\/13806\/revisions"}],"predecessor-version":[{"id":13819,"href":"https:\/\/benimarkt.at\/index.php?rest_route=\/wp\/v2\/product\/13806\/revisions\/13819"}],"wp:featuredmedia":[{"embeddable":true,"href":"https:\/\/benimarkt.at\/index.php?rest_route=\/wp\/v2\/media\/13807"}],"wp:attachment":[{"href":"https:\/\/benimarkt.at\/index.php?rest_route=%2Fwp%2Fv2%2Fmedia&parent=13806"}],"wp:term":[{"taxonomy":"product_brand","embeddable":true,"href":"https:\/\/benimarkt.at\/index.php?rest_route=%2Fwp%2Fv2%2Fproduct_brand&post=13806"},{"taxonomy":"product_cat","embeddable":true,"href":"https:\/\/benimarkt.at\/index.php?rest_route=%2Fwp%2Fv2%2Fproduct_cat&post=13806"},{"taxonomy":"product_tag","embeddable":true,"href":"https:\/\/benimarkt.at\/index.php?rest_route=%2Fwp%2Fv2%2Fproduct_tag&post=13806"}],"curies":[{"name":"wp","href":"https:\/\/api.w.org\/{rel}","templated":true}]}}